{"id":1201,"date":"2018-10-19T14:02:27","date_gmt":"2018-10-19T19:02:27","guid":{"rendered":"http:\/\/www.deportes.oaxaca.gob.mx\/?page_id=1201"},"modified":"2024-10-11T14:55:35","modified_gmt":"2024-10-11T20:55:35","slug":"normatividad","status":"publish","type":"page","link":"https:\/\/www.oaxaca.gob.mx\/deporte\/normatividad\/","title":{"rendered":"Marco Jur\u00eddico"},"content":{"rendered":"\n<table id=\"tablepress-3\" class=\"tablepress tablepress-id-3\">\n<thead>\n<tr class=\"row-1\">\n\t<th class=\"column-1\">No.<\/th><th class=\"column-2\">Descripci\u00f3n<\/th><th class=\"column-3\">Consultar<\/th>\n<\/tr>\n<\/thead>\n<tbody class=\"row-striping row-hover\">\n<tr class=\"row-2\">\n\t<td class=\"column-1\">01<\/td><td class=\"column-2\">Constituci\u00f3n Pol\u00edtica de los Estados Unidos Mexicanos<\/td><td class=\"column-3\"><a href=\"\/incude\/wp-content\/uploads\/sites\/76\/2022\/08\/Constitucion-Politica-del-Estado-Libre-y-Soberano-de-Oaxaca.pdf\" rel=\"noopener noreferrer\" target=\"_blank\"><img loading=\"lazy\" decoding=\"async\" src=\"\/cecude\/wp-content\/uploads\/sites\/36\/2018\/10\/pdf-e1539910258591.png\" alt=\"\" width=\"35\" height=\"38\" class=\"alignnone size-full wp-image-1189\" \/><\/a><\/td>\n<\/tr>\n<tr class=\"row-3\">\n\t<td class=\"column-1\">02<\/td><td class=\"column-2\">Ley Federal del Trabajo<\/td><td class=\"column-3\"><a href=\"\/cecude\/wp-content\/uploads\/sites\/36\/docs\/normatividad\/federal\/leyes\/lft.pdf\" rel=\"noopener noreferrer\" target=\"_blank\"><img loading=\"lazy\" decoding=\"async\" src=\"\/cecude\/wp-content\/uploads\/sites\/36\/2018\/10\/pdf-e1539910258591.png\" alt=\"\" width=\"35\" height=\"38\" class=\"alignnone size-full wp-image-1189\" \/><\/a><\/td>\n<\/tr>\n<tr class=\"row-4\">\n\t<td class=\"column-1\">03<\/td><td class=\"column-2\">Ley General de Cultura F\u00edsica y Deporte<\/td><td class=\"column-3\"><a href=\"\/cecude\/wp-content\/uploads\/sites\/36\/docs\/normatividad\/federal\/leyes\/lgcfd.pdf\" rel=\"noopener noreferrer\" target=\"_blank\"><img loading=\"lazy\" decoding=\"async\" src=\"\/cecude\/wp-content\/uploads\/sites\/36\/2018\/10\/pdf-e1539910258591.png\" alt=\"\" width=\"35\" height=\"38\" class=\"alignnone size-full wp-image-1189\" \/><\/a><\/td>\n<\/tr>\n<tr class=\"row-5\">\n\t<td class=\"column-1\">04<\/td><td class=\"column-2\">Ley de Cultura F\u00edsica para el Estado de Oaxaca<\/td><td class=\"column-3\"><a href=\"\/incude\/wp-content\/uploads\/sites\/76\/2020\/03\/lcfydeo191022.pdf\" rel=\"noopener noreferrer\" target=\"_blank\"><img loading=\"lazy\" decoding=\"async\" src=\"\/cecude\/wp-content\/uploads\/sites\/36\/2018\/10\/pdf-e1539910258591.png\" alt=\"\" width=\"35\" height=\"38\" class=\"alignnone size-full wp-image-1189\" \/><\/a><\/td>\n<\/tr>\n<tr class=\"row-6\">\n\t<td class=\"column-1\">05<\/td><td class=\"column-2\">Reforma a diversas disposiciones de la Ley de Cultura F\u00edsica y Deporte para el Estado de Oaxaca<\/td><td class=\"column-3\"><a href=\"\/deporte\/wp-content\/uploads\/sites\/76\/2023\/06\/refdisplcfydeo20230105.pdf\" rel=\"noopener noreferrer\" target=\"_blank\"><img loading=\"lazy\" decoding=\"async\" src=\"\/cecude\/wp-content\/uploads\/sites\/36\/2018\/10\/pdf-e1539910258591.png\" alt=\"\" width=\"35\" height=\"38\" class=\"alignnone size-full wp-image-1189\" \/><\/a><\/td>\n<\/tr>\n<tr class=\"row-7\">\n\t<td class=\"column-1\">06<\/td><td class=\"column-2\">Ley General de Transparencia y Acceso a la Informaci\u00f3n P\u00fablica<\/td><td class=\"column-3\"><a href=\"\/cecude\/wp-content\/uploads\/sites\/36\/docs\/normatividad\/federal\/leyes\/lgtaip.pdf\" rel=\"noopener noreferrer\" target=\"_blank\"><img loading=\"lazy\" decoding=\"async\" src=\"\/cecude\/wp-content\/uploads\/sites\/36\/2018\/10\/pdf-e1539910258591.png\" alt=\"\" width=\"35\" height=\"38\" class=\"alignnone size-full wp-image-1189\" \/><\/a><\/td>\n<\/tr>\n<tr class=\"row-8\">\n\t<td class=\"column-1\">07<\/td><td class=\"column-2\">Ley de Adquisiciones, Arrendamientos y Servicios del Sector P\u00fablico<\/td><td class=\"column-3\"><a href=\"\/cecude\/wp-content\/uploads\/sites\/36\/docs\/normatividad\/federal\/leyes\/laassp.pdf\" rel=\"noopener noreferrer\" target=\"_blank\"><img loading=\"lazy\" decoding=\"async\" src=\"\/cecude\/wp-content\/uploads\/sites\/36\/2018\/10\/pdf-e1539910258591.png\" alt=\"\" width=\"35\" height=\"38\" class=\"alignnone size-full wp-image-1189\" \/><\/a><\/td>\n<\/tr>\n<tr class=\"row-9\">\n\t<td class=\"column-1\">08<\/td><td class=\"column-2\">Constituci\u00f3n Pol\u00edtica del Estado Libre y Soberano de Oaxaca<\/td><td class=\"column-3\"><a href=\"\/cecude\/wp-content\/uploads\/sites\/36\/docs\/normatividad\/estatal\/leyes_estatales\/cpeo.pdf\" rel=\"noopener noreferrer\" target=\"_blank\"><img loading=\"lazy\" decoding=\"async\" src=\"\/cecude\/wp-content\/uploads\/sites\/36\/2018\/10\/pdf-e1539910258591.png\" alt=\"\" width=\"35\" height=\"38\" class=\"alignnone size-full wp-image-1189\" \/><\/a><\/td>\n<\/tr>\n<tr class=\"row-10\">\n\t<td class=\"column-1\">09<\/td><td class=\"column-2\">Ley Org\u00e1nica del Poder Ejecutivo del Estado de Oaxaca<\/td><td class=\"column-3\"><a href=\"\/incude\/wp-content\/uploads\/sites\/76\/2022\/08\/Ley-Organica-del-Poder-Ejecutivo-del-Estado-de-Oaxaca.pdf\" rel=\"noopener noreferrer\" target=\"_blank\"><img loading=\"lazy\" decoding=\"async\" src=\"\/cecude\/wp-content\/uploads\/sites\/36\/2018\/10\/pdf-e1539910258591.png\" alt=\"\" width=\"35\" height=\"38\" class=\"alignnone size-full wp-image-1189\" \/><\/a><\/td>\n<\/tr>\n<tr class=\"row-11\">\n\t<td class=\"column-1\">10<\/td><td class=\"column-2\">Ley de Entidades Paraestatales del Estado de Oaxaca<\/td><td class=\"column-3\"><a href=\"\/incude\/wp-content\/uploads\/sites\/76\/2022\/08\/Ley-de-Entidades-Paraestatales-del-Estado-de-Oaxaca.pdf\" rel=\"noopener noreferrer\" target=\"_blank\"><img loading=\"lazy\" decoding=\"async\" src=\"\/cecude\/wp-content\/uploads\/sites\/36\/2018\/10\/pdf-e1539910258591.png\" alt=\"\" width=\"35\" height=\"38\" class=\"alignnone size-full wp-image-1189\" \/><\/a><\/td>\n<\/tr>\n<tr class=\"row-12\">\n\t<td class=\"column-1\">11<\/td><td class=\"column-2\">Ley de Responsabilidades de los Servidores P\u00fablicos del Estado y Municipios de Oaxaca<\/td><td class=\"column-3\"><a href=\"\/cecude\/wp-content\/uploads\/sites\/36\/docs\/normatividad\/estatal\/leyes\/lrspemo.pdf\" rel=\"noopener noreferrer\" target=\"_blank\"><img loading=\"lazy\" decoding=\"async\" src=\"\/cecude\/wp-content\/uploads\/sites\/36\/2018\/10\/pdf-e1539910258591.png\" alt=\"\" width=\"35\" height=\"38\" class=\"alignnone size-full wp-image-1189\" \/><\/a><\/td>\n<\/tr>\n<tr class=\"row-13\">\n\t<td class=\"column-1\">12<\/td><td class=\"column-2\">Ley del Servicio Civil para los Empleados del Gobierno del Estado<\/td><td class=\"column-3\"><a href=\"\/cecude\/wp-content\/uploads\/sites\/36\/docs\/normatividad\/estatal\/leyes\/lscege.pdf\" rel=\"noopener noreferrer\" target=\"_blank\"><img loading=\"lazy\" decoding=\"async\" src=\"\/cecude\/wp-content\/uploads\/sites\/36\/2018\/10\/pdf-e1539910258591.png\" alt=\"\" width=\"35\" height=\"38\" class=\"alignnone size-full wp-image-1189\" \/><\/a><\/td>\n<\/tr>\n<tr class=\"row-14\">\n\t<td class=\"column-1\">13<\/td><td class=\"column-2\">Ley de Adquisiciones, Enajenaciones, Arrendamientos, Prestaci\u00f3n de Servicios y Administraci\u00f3n de Bienes Muebles e Inmuebles del Estado de Oaxaca<\/td><td class=\"column-3\"><a href=\"\/cecude\/wp-content\/uploads\/sites\/36\/docs\/normatividad\/estatal\/leyes\/laeapsabmieo.pdf\" rel=\"noopener noreferrer\" target=\"_blank\"><img loading=\"lazy\" decoding=\"async\" src=\"\/cecude\/wp-content\/uploads\/sites\/36\/2018\/10\/pdf-e1539910258591.png\" alt=\"\" width=\"35\" height=\"38\" class=\"alignnone size-full wp-image-1189\" \/><\/a><\/td>\n<\/tr>\n<tr class=\"row-15\">\n\t<td class=\"column-1\">14<\/td><td class=\"column-2\">Ley de la Cultura F\u00edsica y el Deporte para el Estado de Oaxaca [Derogada]<\/td><td class=\"column-3\"><a href=\"\/cecude\/wp-content\/uploads\/sites\/36\/docs\/normatividad\/estatal\/leyes\/lcfdeo.pdf\" rel=\"noopener noreferrer\" target=\"_blank\"><img loading=\"lazy\" decoding=\"async\" src=\"\/cecude\/wp-content\/uploads\/sites\/36\/2018\/10\/pdf-e1539910258591.png\" alt=\"\" width=\"35\" height=\"38\" class=\"alignnone size-full wp-image-1189\" \/><\/a><\/td>\n<\/tr>\n<tr class=\"row-16\">\n\t<td class=\"column-1\">15<\/td><td class=\"column-2\">Ley de Justicia Administrativa para el Estado de Oaxaca<\/td><td class=\"column-3\"><a href=\"\/cecude\/wp-content\/uploads\/sites\/36\/docs\/normatividad\/estatal\/leyes\/ljaeo.pdf\" rel=\"noopener noreferrer\" target=\"_blank\"><img loading=\"lazy\" decoding=\"async\" src=\"\/cecude\/wp-content\/uploads\/sites\/36\/2018\/10\/pdf-e1539910258591.png\" alt=\"\" width=\"35\" height=\"38\" class=\"alignnone size-full wp-image-1189\" \/><\/a><\/td>\n<\/tr>\n<tr class=\"row-17\">\n\t<td class=\"column-1\">16<\/td><td class=\"column-2\">Ley de Transparencia y Acceso a la Informaci\u00f3n P\u00fablica y Buen Gobierno del Estado de Oaxaca<\/td><td class=\"column-3\"><a href=\"\/incude\/wp-content\/uploads\/sites\/76\/2022\/08\/Ley-de-Transparencia-y-Acceso-a-la-Informacion-Publica-y-Buen-Gobierno-del-Estado-de-Oaxaca.pdf\" rel=\"noopener noreferrer\" target=\"_blank\"><img loading=\"lazy\" decoding=\"async\" src=\"\/cecude\/wp-content\/uploads\/sites\/36\/2018\/10\/pdf-e1539910258591.png\" alt=\"\" width=\"35\" height=\"38\" class=\"alignnone size-full wp-image-1189\" \/><\/a><\/td>\n<\/tr>\n<tr class=\"row-18\">\n\t<td class=\"column-1\">17<\/td><td class=\"column-2\">Ley de Archivos del Estado de Oaxaca<\/td><td class=\"column-3\"><a href=\"\/cecude\/wp-content\/uploads\/sites\/36\/docs\/normatividad\/estatal\/leyes\/laeo.pdf\" rel=\"noopener noreferrer\" target=\"_blank\"><img loading=\"lazy\" decoding=\"async\" src=\"\/cecude\/wp-content\/uploads\/sites\/36\/2018\/10\/pdf-e1539910258591.png\" alt=\"\" width=\"35\" height=\"38\" class=\"alignnone size-full wp-image-1189\" \/><\/a><\/td>\n<\/tr>\n<tr class=\"row-19\">\n\t<td class=\"column-1\">18<\/td><td class=\"column-2\">Ley Estatal de Asociaciones P\u00fablico Privadas<\/td><td class=\"column-3\"><a href=\"\/cecude\/wp-content\/uploads\/sites\/36\/docs\/normatividad\/estatal\/leyes\/leapp.pdf\" rel=\"noopener noreferrer\" target=\"_blank\"><img loading=\"lazy\" decoding=\"async\" src=\"\/cecude\/wp-content\/uploads\/sites\/36\/2018\/10\/pdf-e1539910258591.png\" alt=\"\" width=\"35\" height=\"38\" class=\"alignnone size-full wp-image-1189\" \/><\/a><\/td>\n<\/tr>\n<tr class=\"row-20\">\n\t<td class=\"column-1\">19<\/td><td class=\"column-2\">Ley de Protecci\u00f3n de Datos Personales en Posesi\u00f3n de Sujetos Obligados del Estado de Oaxaca<\/td><td class=\"column-3\"><a href=\"\/cecude\/wp-content\/uploads\/sites\/36\/docs\/normatividad\/estatal\/leyes\/lpdppsoeo.pdf\" rel=\"noopener noreferrer\" target=\"_blank\"><img loading=\"lazy\" decoding=\"async\" src=\"\/cecude\/wp-content\/uploads\/sites\/36\/2018\/10\/pdf-e1539910258591.png\" alt=\"\" width=\"35\" height=\"38\" class=\"alignnone size-full wp-image-1189\" \/><\/a><\/td>\n<\/tr>\n<tr class=\"row-21\">\n\t<td class=\"column-1\">20<\/td><td class=\"column-2\">Ley Estatal de Derechos de Oaxaca<\/td><td class=\"column-3\"><a href=\"\/cecude\/wp-content\/uploads\/sites\/36\/docs\/normatividad\/estatal\/leyes\/ledo.pdf\" rel=\"noopener noreferrer\" target=\"_blank\"><img loading=\"lazy\" decoding=\"async\" src=\"\/cecude\/wp-content\/uploads\/sites\/36\/2018\/10\/pdf-e1539910258591.png\" alt=\"\" width=\"35\" height=\"38\" class=\"alignnone size-full wp-image-1189\" \/><\/a><\/td>\n<\/tr>\n<tr class=\"row-22\">\n\t<td class=\"column-1\">21<\/td><td class=\"column-2\">Plan Estatal de Desarrollo 2016-2022<\/td><td class=\"column-3\"><a href=\"\/cecude\/wp-content\/uploads\/sites\/36\/docs\/normatividad\/estatal\/decretos\/ped1622.pdf\" rel=\"noopener noreferrer\" target=\"_blank\"><img loading=\"lazy\" decoding=\"async\" src=\"\/cecude\/wp-content\/uploads\/sites\/36\/2018\/10\/pdf-e1539910258591.png\" alt=\"\" width=\"35\" height=\"38\" class=\"alignnone size-full wp-image-1189\" \/><\/a><\/td>\n<\/tr>\n<tr class=\"row-23\">\n\t<td class=\"column-1\">22<\/td><td class=\"column-2\">Decreto de Creaci\u00f3n de la Comisi\u00f3n Estatal del Deporte<\/td><td class=\"column-3\"><a href=\"\/cecude\/wp-content\/uploads\/sites\/36\/docs\/normatividad\/estatal\/decretos\/dcced.pdf\" rel=\"noopener noreferrer\" target=\"_blank\"><img loading=\"lazy\" decoding=\"async\" src=\"\/cecude\/wp-content\/uploads\/sites\/36\/2018\/10\/pdf-e1539910258591.png\" alt=\"\" width=\"35\" height=\"38\" class=\"alignnone size-full wp-image-1189\" \/><\/a><\/td>\n<\/tr>\n<tr class=\"row-24\">\n\t<td class=\"column-1\">23<\/td><td class=\"column-2\">Reforma al Art\u00edculo 18 del Decreto que crea el Organismo P\u00fablico Descentralizado denominado \u201cComisi\u00f3n Estatal del Deporte\u201d<\/td><td class=\"column-3\"><a href=\"\/cecude\/wp-content\/uploads\/sites\/36\/docs\/normatividad\/estatal\/decretos\/ra18dcced.pdf\" rel=\"noopener noreferrer\" target=\"_blank\"><img loading=\"lazy\" decoding=\"async\" src=\"\/cecude\/wp-content\/uploads\/sites\/36\/2018\/10\/pdf-e1539910258591.png\" alt=\"\" width=\"35\" height=\"38\" class=\"alignnone size-full wp-image-1189\" \/><\/a><\/td>\n<\/tr>\n<tr class=\"row-25\">\n\t<td class=\"column-1\">24<\/td><td class=\"column-2\">Decreto de Cambio de Nombre a Comisi\u00f3n Estatal de Cultura F\u00edsica y Deporte<\/td><td class=\"column-3\"><a href=\"\/cecude\/wp-content\/uploads\/sites\/36\/docs\/normatividad\/estatal\/decretos\/dcncecfd.pdf\" rel=\"noopener noreferrer\" target=\"_blank\"><img loading=\"lazy\" decoding=\"async\" src=\"\/cecude\/wp-content\/uploads\/sites\/36\/2018\/10\/pdf-e1539910258591.png\" alt=\"\" width=\"35\" height=\"38\" class=\"alignnone size-full wp-image-1189\" \/><\/a><\/td>\n<\/tr>\n<tr class=\"row-26\">\n\t<td class=\"column-1\">25<\/td><td class=\"column-2\">Decreto 2057 Reforma y Adici\u00f3n de diversas Disposiciones a la Ley de Cultura F\u00edsica y el Deporte<\/td><td class=\"column-3\"><a href=\"\/cecude\/wp-content\/uploads\/sites\/36\/docs\/normatividad\/estatal\/decretos\/d2057raddlcfd.pdf\" rel=\"noopener noreferrer\" target=\"_blank\"><img loading=\"lazy\" decoding=\"async\" src=\"\/cecude\/wp-content\/uploads\/sites\/36\/2018\/10\/pdf-e1539910258591.png\" alt=\"\" width=\"35\" height=\"38\" class=\"alignnone size-full wp-image-1189\" \/><\/a><\/td>\n<\/tr>\n<tr class=\"row-27\">\n\t<td class=\"column-1\">26<\/td><td class=\"column-2\">Decreto 2003 Adici\u00f3n al P\u00e1rrafo Segundo Art\u00edculo 67 de la Ley de Cultura F\u00edsica y el Deporte para el Estado de Oaxaca<\/td><td class=\"column-3\"><a href=\"\/cecude\/wp-content\/uploads\/sites\/36\/docs\/normatividad\/estatal\/decretos\/d2003apsa67lcfdeo.pdf\" rel=\"noopener noreferrer\" target=\"_blank\"><img loading=\"lazy\" decoding=\"async\" src=\"\/cecude\/wp-content\/uploads\/sites\/36\/2018\/10\/pdf-e1539910258591.png\" alt=\"\" width=\"35\" height=\"38\" class=\"alignnone size-full wp-image-1189\" \/><\/a><\/td>\n<\/tr>\n<tr class=\"row-28\">\n\t<td class=\"column-1\">27<\/td><td class=\"column-2\">Ley de Participaci\u00f3n Ciudadana para el Estado de Oaxaca<\/td><td class=\"column-3\"><a href=\"\/cecude\/wp-content\/uploads\/sites\/36\/docs\/normatividad\/estatal\/decretos\/lpceo.pdf\" rel=\"noopener noreferrer\" target=\"_blank\"><img loading=\"lazy\" decoding=\"async\" src=\"\/cecude\/wp-content\/uploads\/sites\/36\/2018\/10\/pdf-e1539910258591.png\" alt=\"\" width=\"35\" height=\"38\" class=\"alignnone size-full wp-image-1189\" \/><\/a><\/td>\n<\/tr>\n<tr class=\"row-29\">\n\t<td class=\"column-1\">28<\/td><td class=\"column-2\">Reglamento de la Ley General de Cultura F\u00edsica y Deporte<\/td><td class=\"column-3\"><a href=\"\/cecude\/wp-content\/uploads\/sites\/36\/docs\/normatividad\/reglamentos\/rlgcfd.pdf\" rel=\"noopener noreferrer\" target=\"_blank\"><img loading=\"lazy\" decoding=\"async\" src=\"\/cecude\/wp-content\/uploads\/sites\/36\/2018\/10\/pdf-e1539910258591.png\" alt=\"\" width=\"35\" height=\"38\" class=\"alignnone size-full wp-image-1189\" \/><\/a><\/td>\n<\/tr>\n<tr class=\"row-30\">\n\t<td class=\"column-1\">29<\/td><td class=\"column-2\">Reglamento de la Ley de Adquisiciones, Arrendamientos y Servicios del Sector P\u00fablico<\/td><td class=\"column-3\"><a href=\"\/cecude\/wp-content\/uploads\/sites\/36\/docs\/normatividad\/reglamentos\/rlaassp.pdf\" rel=\"noopener noreferrer\" target=\"_blank\"><img loading=\"lazy\" decoding=\"async\" src=\"\/cecude\/wp-content\/uploads\/sites\/36\/2018\/10\/pdf-e1539910258591.png\" alt=\"\" width=\"35\" height=\"38\" class=\"alignnone size-full wp-image-1189\" \/><\/a><\/td>\n<\/tr>\n<tr class=\"row-31\">\n\t<td class=\"column-1\">30<\/td><td class=\"column-2\">Reglamento Interno de la Comisi\u00f3n Estatal de Cultura F\u00edsica y Deporte<\/td><td class=\"column-3\"><a href=\"\/cecude\/wp-content\/uploads\/sites\/36\/docs\/normatividad\/reglamentos\/ricecfd.pdf\" rel=\"noopener noreferrer\" target=\"_blank\"><img loading=\"lazy\" decoding=\"async\" src=\"\/cecude\/wp-content\/uploads\/sites\/36\/2018\/10\/pdf-e1539910258591.png\" alt=\"\" width=\"35\" height=\"38\" class=\"alignnone size-full wp-image-1189\" \/><\/a><\/td>\n<\/tr>\n<tr class=\"row-32\">\n\t<td class=\"column-1\">31<\/td><td class=\"column-2\">Reglamento para Otorgamiento de Becas para Deportistas<\/td><td class=\"column-3\"><a href=\"\/cecude\/wp-content\/uploads\/sites\/36\/docs\/normatividad\/reglamentos\/robd.pdf\" rel=\"noopener noreferrer\" target=\"_blank\"><img loading=\"lazy\" decoding=\"async\" src=\"\/cecude\/wp-content\/uploads\/sites\/36\/2018\/10\/pdf-e1539910258591.png\" alt=\"\" width=\"35\" height=\"38\" class=\"alignnone size-full wp-image-1189\" \/><\/a><\/td>\n<\/tr>\n<tr class=\"row-33\">\n\t<td class=\"column-1\">32<\/td><td class=\"column-2\">Acuerdo que establece los Lineamientos que deber\u00e1n observar, las Dependencias, Entidades y Ayuntamientos Ejecutores del Gasto P\u00fablico en el Estado, para la revisi\u00f3n, opini\u00f3n normativa y seguimiento de la Secretaria de la Contralor\u00eda y Transparencia Gubernamental, en relaci\u00f3n a los Procedimientos de Contrataci\u00f3n de Adquisiciones, Arrendamientos, Servicios, Obras P\u00fablicas y Servicios relacionados con las mismas.<\/td><td class=\"column-3\"><a href=\"\/cecude\/wp-content\/uploads\/sites\/36\/docs\/normatividad\/acuerdos\/aldeagp.pdf\" rel=\"noopener noreferrer\" target=\"_blank\"><img loading=\"lazy\" decoding=\"async\" src=\"\/cecude\/wp-content\/uploads\/sites\/36\/2018\/10\/pdf-e1539910258591.png\" alt=\"\" width=\"35\" height=\"38\" class=\"alignnone size-full wp-image-1189\" \/><\/a><\/td>\n<\/tr>\n<tr class=\"row-34\">\n\t<td class=\"column-1\">33<\/td><td class=\"column-2\">Acuerdo de Sectorizaci\u00f3n de las Entidades de la Administraci\u00f3n P\u00fablica Paraestatal del Estado de Oaxaca<\/td><td class=\"column-3\"><a href=\"\/cecude\/wp-content\/uploads\/sites\/36\/docs\/normatividad\/acuerdos\/aseappeo.pdf\" rel=\"noopener noreferrer\" target=\"_blank\"><img loading=\"lazy\" decoding=\"async\" src=\"\/cecude\/wp-content\/uploads\/sites\/36\/2018\/10\/pdf-e1539910258591.png\" alt=\"\" width=\"35\" height=\"38\" class=\"alignnone size-full wp-image-1189\" \/><\/a><\/td>\n<\/tr>\n<tr class=\"row-35\">\n\t<td class=\"column-1\">34<\/td><td class=\"column-2\">Manual de Organizaci\u00f3n de la Comisi\u00f3n Estatal de Cultura F\u00edsica y Deporte<\/td><td class=\"column-3\"><a href=\"\/cecude\/wp-content\/uploads\/sites\/36\/docs\/normatividad\/manuales\/mocecfd.pdf\" rel=\"noopener noreferrer\" target=\"_blank\"><img loading=\"lazy\" decoding=\"async\" src=\"\/cecude\/wp-content\/uploads\/sites\/36\/2018\/10\/pdf-e1539910258591.png\" alt=\"\" width=\"35\" height=\"38\" class=\"alignnone size-full wp-image-1189\" \/><\/a><\/td>\n<\/tr>\n<tr class=\"row-36\">\n\t<td class=\"column-1\">35<\/td><td class=\"column-2\">Manual de Procedimientos de la Comisi\u00f3n Estatal de Cultura F\u00edsica y Deporte<\/td><td class=\"column-3\"><a href=\"\/cecude\/wp-content\/uploads\/sites\/36\/docs\/normatividad\/manuales\/mpcecfd.pdf\" rel=\"noopener noreferrer\" target=\"_blank\"><img loading=\"lazy\" decoding=\"async\" src=\"\/cecude\/wp-content\/uploads\/sites\/36\/2018\/10\/pdf-e1539910258591.png\" alt=\"\" width=\"35\" height=\"38\" class=\"alignnone size-full wp-image-1189\" \/><\/a><\/td>\n<\/tr>\n<tr class=\"row-37\">\n\t<td class=\"column-1\">36<\/td><td class=\"column-2\">Normatividad en Materia de Recursos Humanos para las Dependencias y Entidades de la Administraci\u00f3n P\u00fablica de Oaxaca<\/td><td class=\"column-3\"><a href=\"\/cecude\/wp-content\/uploads\/sites\/36\/docs\/normatividad\/acuerdos\/nmrhdeapo.pdf\" rel=\"noopener noreferrer\" target=\"_blank\"><img loading=\"lazy\" decoding=\"async\" src=\"\/cecude\/wp-content\/uploads\/sites\/36\/2018\/10\/pdf-e1539910258591.png\" alt=\"\" width=\"35\" height=\"38\" class=\"alignnone size-full wp-image-1189\" \/><\/a><\/td>\n<\/tr>\n<tr class=\"row-38\">\n\t<td class=\"column-1\">37<\/td><td class=\"column-2\">Manual de Vi\u00e1ticos y Gastos de Traslado para los Servidores P\u00fablicos<\/td><td class=\"column-3\"><a href=\"\/cecude\/wp-content\/uploads\/sites\/36\/docs\/normatividad\/manuales\/mvgtsp.pdf\" rel=\"noopener noreferrer\" target=\"_blank\"><img loading=\"lazy\" decoding=\"async\" src=\"\/cecude\/wp-content\/uploads\/sites\/36\/2018\/10\/pdf-e1539910258591.png\" alt=\"\" width=\"35\" height=\"38\" class=\"alignnone size-full wp-image-1189\" \/><\/a><\/td>\n<\/tr>\n<tr class=\"row-39\">\n\t<td class=\"column-1\">38<\/td><td class=\"column-2\">Acuerdo por el que se emiten los Lineamientos Generales del C\u00f3digo de \u00c9tica para Servidoras y Servidores P\u00fablicos del Poder Ejecutivo del Estado de Oaxaca<\/td><td class=\"column-3\"><a href=\"https:\/\/sisei.oaxaca.gob.mx:8081\/juridico\/Lineamientos-Generales-del-C%C3%B3digo-de-%C3%89tica-para-Servidoras-y-Servidores-P%C3%BAblicos.pdf\" rel=\"noopener noreferrer\" target=\"_blank\"><img loading=\"lazy\" decoding=\"async\" src=\"\/cecude\/wp-content\/uploads\/sites\/36\/2018\/10\/pdf-e1539910258591.png\" alt=\"\" width=\"35\" height=\"38\" class=\"alignnone size-full wp-image-1189\" \/><\/a><\/td>\n<\/tr>\n<tr class=\"row-40\">\n\t<td class=\"column-1\">39<\/td><td class=\"column-2\">Ley de Ingresos del Estado de Oaxaca<\/td><td class=\"column-3\"><a href=\"\/incude\/wp-content\/uploads\/sites\/76\/2022\/08\/Ley-de-Ingresos-del-Estado-de-Oaxaca.pdf\" rel=\"noopener noreferrer\" target=\"_blank\"><img loading=\"lazy\" decoding=\"async\" src=\"\/cecude\/wp-content\/uploads\/sites\/36\/2018\/10\/pdf-e1539910258591.png\" alt=\"\" width=\"35\" height=\"38\" class=\"alignnone size-full wp-image-1189\" \/><\/a><\/td>\n<\/tr>\n<tr class=\"row-41\">\n\t<td class=\"column-1\">40<\/td><td class=\"column-2\">Ley Estatal de Presupuesto y Responsabilidad Hacendaria<\/td><td class=\"column-3\"><a href=\"\/incude\/wp-content\/uploads\/sites\/76\/2022\/08\/Ley-Estatal-de-Presupuesto-y-Responsabilidad-Hacendaria.pdf\" rel=\"noopener noreferrer\" target=\"_blank\"><img loading=\"lazy\" decoding=\"async\" src=\"\/cecude\/wp-content\/uploads\/sites\/36\/2018\/10\/pdf-e1539910258591.png\" alt=\"\" width=\"35\" height=\"38\" class=\"alignnone size-full wp-image-1189\" \/><\/a><\/td>\n<\/tr>\n<tr class=\"row-42\">\n\t<td class=\"column-1\">41<\/td><td class=\"column-2\">Plan Estr\u00e1tegico Sectorial<\/td><td class=\"column-3\"><a href=\"\/incude\/wp-content\/uploads\/sites\/76\/2022\/10\/planestrategicosectorial_desarrollosocial.pdf\" rel=\"noopener noreferrer\" target=\"_blank\"><img loading=\"lazy\" decoding=\"async\" src=\"\/cecude\/wp-content\/uploads\/sites\/36\/2018\/10\/pdf-e1539910258591.png\" alt=\"\" width=\"35\" height=\"38\" class=\"alignnone size-full wp-image-1189\" \/><\/a><\/td>\n<\/tr>\n<tr class=\"row-43\">\n\t<td class=\"column-1\">42<\/td><td class=\"column-2\">Plan Estrat\u00e9gico Institucional<\/td><td class=\"column-3\"><a href=\"\/incude\/wp-content\/uploads\/sites\/76\/2022\/10\/planestrategicoinstitucional_incudeoaxaca.pdf\" rel=\"noopener noreferrer\" target=\"_blank\"><img loading=\"lazy\" decoding=\"async\" src=\"\/cecude\/wp-content\/uploads\/sites\/36\/2018\/10\/pdf-e1539910258591.png\" alt=\"\" width=\"35\" height=\"38\" class=\"alignnone size-full wp-image-1189\" \/><\/a><\/td>\n<\/tr>\n<tr class=\"row-44\">\n\t<td class=\"column-1\">43<\/td><td class=\"column-2\">Reglamento Interno del Instituto de Cultura F\u00edsica y Deporte de Oaxaca<\/td><td class=\"column-3\"><a href=\"\/incude\/wp-content\/uploads\/sites\/76\/2022\/11\/reglamentointernoincudeoaxaca.pdf\" rel=\"noopener noreferrer\" target=\"_blank\"><img loading=\"lazy\" decoding=\"async\" src=\"\/cecude\/wp-content\/uploads\/sites\/36\/2018\/10\/pdf-e1539910258591.png\" alt=\"\" width=\"35\" height=\"38\" class=\"alignnone size-full wp-image-1189\" \/><\/a><\/td>\n<\/tr>\n<tr class=\"row-45\">\n\t<td class=\"column-1\"><\/td><td class=\"column-2\"><\/td><td class=\"column-3\"><\/td>\n<\/tr>\n<\/tbody>\n<tfoot>\n<tr class=\"row-46\">\n\t<td class=\"column-1\"><\/td><td class=\"column-2\"><\/td><td class=\"column-3\"><\/td>\n<\/tr>\n<\/tfoot>\n<\/table>\n<!-- #tablepress-3 from cache -->\n","protected":false},"excerpt":{"rendered":"","protected":false},"author":1,"featured_media":0,"parent":0,"menu_order":0,"comment_status":"closed","ping_status":"closed","template":"","meta":{"episode_type":"","audio_file":"","podmotor_file_id":"","podmotor_episode_id":"","cover_image":"","cover_image_id":"","duration":"","filesize":"","filesize_raw":"","date_recorded":"","explicit":"","block":"","itunes_episode_number":"","itunes_title":"","itunes_season_number":"","itunes_episode_type":"","footnotes":""},"categories":[],"tags":[],"class_list":["post-1201","page","type-page","status-publish","hentry"],"acf":[],"publishpress_future_action":{"enabled":false,"date":"2026-05-04 18:34:45","action":"change-status","newStatus":"draft","terms":[],"taxonomy":"category","extraData":[]},"publishpress_future_workflow_manual_trigger":{"enabledWorkflows":[]},"_links":{"self":[{"href":"https:\/\/www.oaxaca.gob.mx\/deporte\/wp-json\/wp\/v2\/pages\/1201","targetHints":{"allow":["GET"]}}],"collection":[{"href":"https:\/\/www.oaxaca.gob.mx\/deporte\/wp-json\/wp\/v2\/pages"}],"about":[{"href":"https:\/\/www.oaxaca.gob.mx\/deporte\/wp-json\/wp\/v2\/types\/page"}],"author":[{"embeddable":true,"href":"https:\/\/www.oaxaca.gob.mx\/deporte\/wp-json\/wp\/v2\/users\/1"}],"replies":[{"embeddable":true,"href":"https:\/\/www.oaxaca.gob.mx\/deporte\/wp-json\/wp\/v2\/comments?post=1201"}],"version-history":[{"count":2,"href":"https:\/\/www.oaxaca.gob.mx\/deporte\/wp-json\/wp\/v2\/pages\/1201\/revisions"}],"predecessor-version":[{"id":7833,"href":"https:\/\/www.oaxaca.gob.mx\/deporte\/wp-json\/wp\/v2\/pages\/1201\/revisions\/7833"}],"wp:attachment":[{"href":"https:\/\/www.oaxaca.gob.mx\/deporte\/wp-json\/wp\/v2\/media?parent=1201"}],"wp:term":[{"taxonomy":"category","embeddable":true,"href":"https:\/\/www.oaxaca.gob.mx\/deporte\/wp-json\/wp\/v2\/categories?post=1201"},{"taxonomy":"post_tag","embeddable":true,"href":"https:\/\/www.oaxaca.gob.mx\/deporte\/wp-json\/wp\/v2\/tags?post=1201"}],"curies":[{"name":"wp","href":"https:\/\/api.w.org\/{rel}","templated":true}]}}