{"id":865,"date":"2018-03-02T18:24:52","date_gmt":"2018-03-02T18:24:52","guid":{"rendered":"https:\/\/www.oaxaca.gob.mx\/defensoria\/?page_id=865"},"modified":"2018-03-02T18:24:52","modified_gmt":"2018-03-02T18:24:52","slug":"nota-2","status":"publish","type":"page","link":"https:\/\/www.oaxaca.gob.mx\/defensoria\/nota-2\/","title":{"rendered":"gira de #Juntos en la Costa"},"content":{"rendered":"<div style=\"padding:50px;padding-top:20px;padding-bottom:20px\">\n<h2><strong>Defensor\u00eda participa en gira de #Juntos en la Costa, llevando servicios gratuitos a las comunidades. <\/strong><\/h2>\n<p>&nbsp;<\/p>\n<h3>La Defensor\u00eda P\u00fablica, forma parte del Gabinete Social del gobernador, por lo que a trav\u00e9s del programa #Juntos realiza giras de trabajo con otras dependencias, a fin de acercar los servicios a quienes m\u00e1s lo necesitan.<\/h3>\n<p>&nbsp;<\/p>\n<p>A trav\u00e9s del liderazgo de Sra. Ivette Moran, el Gobierno del estado ha creado un gobierno itinerante, un gobierno que no atiende solamente desde la capital del estado, sino que acerca sus servicios a las diversas regiones y comunidades alejadas.<br \/>\nPor ello, este viernes 9 de febrero, el Director de la Defensor\u00eda P\u00fablica, Mtro. Jes\u00fas Herrera, en compa\u00f1\u00eda de la Sra. Ivette Moran de Murat y miembros del gabinete social, entregaron apoyos en Santa Catarina Juquila y en Cacalotepec, agencia perteneciente al Municipio de Villa de Tututepec.<br \/>\nEn cada uno de los municipios se brindaron apoyos m\u00e9dicos con especialidad en Ginecolog\u00eda, Oftalmolog\u00eda, odontolog\u00eda y medicina general, adem\u00e1s de la instalaci\u00f3n de unidades m\u00f3viles del Servicio Nacional del Empleo, DICONSA, Secretaria de Asuntos Ind\u00edgenas, COESIDA, Instituto Oaxaque\u00f1o de Atenci\u00f3n al Migrante y SEDESOL<br \/>\nEl programa Juntos busca alinear esfuerzos de los tres \u00f3rdenes de gobierno (federal, estatal y municipal) para mejorar la eficiencia de los programas sociales. <\/p>\n<p>&nbsp;\n<\/p><\/div>\n<h2><strong>[metaslider id=859]<\/strong><\/h2>\n","protected":false},"excerpt":{"rendered":"<p>Defensor\u00eda participa en gira de #Juntos en la Costa, llevando servicios gratuitos a las comunidades. &nbsp; La Defensor\u00eda P\u00fablica, forma parte del Gabinete Social del gobernador, por lo que a trav\u00e9s del programa #Juntos realiza giras de trabajo con otras dependencias, a fin de acercar los servicios a quienes m\u00e1s lo necesitan. &nbsp; A trav\u00e9s [&hellip;]<\/p>\n","protected":false},"author":1,"featured_media":0,"parent":0,"menu_order":0,"comment_status":"closed","ping_status":"closed","template":"","meta":{"episode_type":"","audio_file":"","podmotor_file_id":"","podmotor_episode_id":"","cover_image":"","cover_image_id":"","duration":"","filesize":"","filesize_raw":"","date_recorded":"","explicit":"","block":"","itunes_episode_number":"","itunes_title":"","itunes_season_number":"","itunes_episode_type":"","footnotes":""},"categories":[],"tags":[],"class_list":["post-865","page","type-page","status-publish","hentry"],"acf":[],"publishpress_future_action":{"enabled":false,"date":"2026-05-09 23:14:32","action":"change-status","newStatus":"draft","terms":[],"taxonomy":"category","extraData":[]},"publishpress_future_workflow_manual_trigger":{"enabledWorkflows":[]},"_links":{"self":[{"href":"https:\/\/www.oaxaca.gob.mx\/defensoria\/wp-json\/wp\/v2\/pages\/865","targetHints":{"allow":["GET"]}}],"collection":[{"href":"https:\/\/www.oaxaca.gob.mx\/defensoria\/wp-json\/wp\/v2\/pages"}],"about":[{"href":"https:\/\/www.oaxaca.gob.mx\/defensoria\/wp-json\/wp\/v2\/types\/page"}],"author":[{"embeddable":true,"href":"https:\/\/www.oaxaca.gob.mx\/defensoria\/wp-json\/wp\/v2\/users\/1"}],"replies":[{"embeddable":true,"href":"https:\/\/www.oaxaca.gob.mx\/defensoria\/wp-json\/wp\/v2\/comments?post=865"}],"version-history":[{"count":0,"href":"https:\/\/www.oaxaca.gob.mx\/defensoria\/wp-json\/wp\/v2\/pages\/865\/revisions"}],"wp:attachment":[{"href":"https:\/\/www.oaxaca.gob.mx\/defensoria\/wp-json\/wp\/v2\/media?parent=865"}],"wp:term":[{"taxonomy":"category","embeddable":true,"href":"https:\/\/www.oaxaca.gob.mx\/defensoria\/wp-json\/wp\/v2\/categories?post=865"},{"taxonomy":"post_tag","embeddable":true,"href":"https:\/\/www.oaxaca.gob.mx\/defensoria\/wp-json\/wp\/v2\/tags?post=865"}],"curies":[{"name":"wp","href":"https:\/\/api.w.org\/{rel}","templated":true}]}}