{"id":2989,"date":"2024-12-11T15:54:38","date_gmt":"2024-12-11T21:54:38","guid":{"rendered":"https:\/\/www.oaxaca.gob.mx\/defensoria\/?page_id=2989"},"modified":"2024-12-11T15:54:38","modified_gmt":"2024-12-11T21:54:38","slug":"manual-de-organizacion","status":"publish","type":"page","link":"https:\/\/www.oaxaca.gob.mx\/defensoria\/manual-de-organizacion\/","title":{"rendered":"Manual de Organizaci\u00f3n"},"content":{"rendered":"<p><em>NOTA: El Manual de Organizaci\u00f3n de la Defensor\u00eda est\u00e1 en proceso de integraci\u00f3n, para la modernizaci\u00f3n del marco normativo y los lineamientos de integraci\u00f3n del manual de organizaci\u00f3n<\/em><\/p>\n","protected":false},"excerpt":{"rendered":"<p>NOTA: El Manual de Organizaci\u00f3n de la Defensor\u00eda est\u00e1 en proceso de integraci\u00f3n, para la modernizaci\u00f3n del marco normativo y los lineamientos de integraci\u00f3n del manual de organizaci\u00f3n<\/p>\n","protected":false},"author":74,"featured_media":0,"parent":0,"menu_order":0,"comment_status":"closed","ping_status":"closed","template":"","meta":{"episode_type":"","audio_file":"","podmotor_file_id":"","podmotor_episode_id":"","cover_image":"","cover_image_id":"","duration":"","filesize":"","filesize_raw":"","date_recorded":"","explicit":"","block":"","itunes_episode_number":"","itunes_title":"","itunes_season_number":"","itunes_episode_type":"","footnotes":""},"categories":[],"tags":[],"class_list":["post-2989","page","type-page","status-publish","hentry"],"acf":[],"publishpress_future_action":{"enabled":false,"date":"2026-04-27 14:59:56","action":"change-status","newStatus":"draft","terms":[],"taxonomy":"category","extraData":[]},"publishpress_future_workflow_manual_trigger":{"enabledWorkflows":[]},"_links":{"self":[{"href":"https:\/\/www.oaxaca.gob.mx\/defensoria\/wp-json\/wp\/v2\/pages\/2989","targetHints":{"allow":["GET"]}}],"collection":[{"href":"https:\/\/www.oaxaca.gob.mx\/defensoria\/wp-json\/wp\/v2\/pages"}],"about":[{"href":"https:\/\/www.oaxaca.gob.mx\/defensoria\/wp-json\/wp\/v2\/types\/page"}],"author":[{"embeddable":true,"href":"https:\/\/www.oaxaca.gob.mx\/defensoria\/wp-json\/wp\/v2\/users\/74"}],"replies":[{"embeddable":true,"href":"https:\/\/www.oaxaca.gob.mx\/defensoria\/wp-json\/wp\/v2\/comments?post=2989"}],"version-history":[{"count":1,"href":"https:\/\/www.oaxaca.gob.mx\/defensoria\/wp-json\/wp\/v2\/pages\/2989\/revisions"}],"predecessor-version":[{"id":2990,"href":"https:\/\/www.oaxaca.gob.mx\/defensoria\/wp-json\/wp\/v2\/pages\/2989\/revisions\/2990"}],"wp:attachment":[{"href":"https:\/\/www.oaxaca.gob.mx\/defensoria\/wp-json\/wp\/v2\/media?parent=2989"}],"wp:term":[{"taxonomy":"category","embeddable":true,"href":"https:\/\/www.oaxaca.gob.mx\/defensoria\/wp-json\/wp\/v2\/categories?post=2989"},{"taxonomy":"post_tag","embeddable":true,"href":"https:\/\/www.oaxaca.gob.mx\/defensoria\/wp-json\/wp\/v2\/tags?post=2989"}],"curies":[{"name":"wp","href":"https:\/\/api.w.org\/{rel}","templated":true}]}}