{"id":2931,"date":"2024-03-25T16:10:24","date_gmt":"2024-03-25T22:10:24","guid":{"rendered":"https:\/\/www.oaxaca.gob.mx\/defensoria\/?page_id=2931"},"modified":"2024-03-25T16:35:59","modified_gmt":"2024-03-25T22:35:59","slug":"normatividad","status":"publish","type":"page","link":"https:\/\/www.oaxaca.gob.mx\/defensoria\/normatividad\/","title":{"rendered":"Normatividad"},"content":{"rendered":"<p><a href=\"https:\/\/www.oaxaca.gob.mx\/defensoria\/wp-content\/uploads\/sites\/68\/2024\/03\/Ley_de_la_Defensoria_Publica_del_Estado_de_Oaxaca_Ref_dto_2889_aprob_LXIV_Legis_22_oct_2021_PO_49_6a_secc_4_dic_2021.pdf\">Ley Organica de la Defensor\u00eda P\u00fablica del Estado de Oaxaca<\/a><\/p>\n<p><a href=\"https:\/\/www.oaxaca.gob.mx\/defensoria\/wp-content\/uploads\/sites\/68\/2024\/03\/REGLAMENTO-INTERNO.pdf\">Reglamento Interno de la Defensor\u00eda P\u00fablica del Estado de Oaxaca<\/a><\/p>\n","protected":false},"excerpt":{"rendered":"<p>Ley Organica de la Defensor\u00eda P\u00fablica del Estado de Oaxaca Reglamento Interno de la Defensor\u00eda P\u00fablica del Estado de Oaxaca<\/p>\n","protected":false},"author":74,"featured_media":0,"parent":0,"menu_order":0,"comment_status":"closed","ping_status":"closed","template":"","meta":{"episode_type":"","audio_file":"","podmotor_file_id":"","podmotor_episode_id":"","cover_image":"","cover_image_id":"","duration":"","filesize":"","filesize_raw":"","date_recorded":"","explicit":"","block":"","itunes_episode_number":"","itunes_title":"","itunes_season_number":"","itunes_episode_type":"","footnotes":""},"categories":[],"tags":[],"class_list":["post-2931","page","type-page","status-publish","hentry"],"acf":[],"publishpress_future_action":{"enabled":false,"date":"2026-04-27 16:36:35","action":"change-status","newStatus":"draft","terms":[],"taxonomy":"category","extraData":[]},"publishpress_future_workflow_manual_trigger":{"enabledWorkflows":[]},"_links":{"self":[{"href":"https:\/\/www.oaxaca.gob.mx\/defensoria\/wp-json\/wp\/v2\/pages\/2931","targetHints":{"allow":["GET"]}}],"collection":[{"href":"https:\/\/www.oaxaca.gob.mx\/defensoria\/wp-json\/wp\/v2\/pages"}],"about":[{"href":"https:\/\/www.oaxaca.gob.mx\/defensoria\/wp-json\/wp\/v2\/types\/page"}],"author":[{"embeddable":true,"href":"https:\/\/www.oaxaca.gob.mx\/defensoria\/wp-json\/wp\/v2\/users\/74"}],"replies":[{"embeddable":true,"href":"https:\/\/www.oaxaca.gob.mx\/defensoria\/wp-json\/wp\/v2\/comments?post=2931"}],"version-history":[{"count":2,"href":"https:\/\/www.oaxaca.gob.mx\/defensoria\/wp-json\/wp\/v2\/pages\/2931\/revisions"}],"predecessor-version":[{"id":2937,"href":"https:\/\/www.oaxaca.gob.mx\/defensoria\/wp-json\/wp\/v2\/pages\/2931\/revisions\/2937"}],"wp:attachment":[{"href":"https:\/\/www.oaxaca.gob.mx\/defensoria\/wp-json\/wp\/v2\/media?parent=2931"}],"wp:term":[{"taxonomy":"category","embeddable":true,"href":"https:\/\/www.oaxaca.gob.mx\/defensoria\/wp-json\/wp\/v2\/categories?post=2931"},{"taxonomy":"post_tag","embeddable":true,"href":"https:\/\/www.oaxaca.gob.mx\/defensoria\/wp-json\/wp\/v2\/tags?post=2931"}],"curies":[{"name":"wp","href":"https:\/\/api.w.org\/{rel}","templated":true}]}}