{"id":2871,"date":"2023-12-07T10:59:46","date_gmt":"2023-12-07T16:59:46","guid":{"rendered":"https:\/\/www.oaxaca.gob.mx\/defensoria\/?page_id=2871"},"modified":"2023-12-07T10:59:46","modified_gmt":"2023-12-07T16:59:46","slug":"mapa-del-sitio","status":"publish","type":"page","link":"https:\/\/www.oaxaca.gob.mx\/defensoria\/mapa-del-sitio\/","title":{"rendered":"Mapa del Sitio"},"content":{"rendered":"<div class=\"wsp-container\"><h2 class=\"wsp-pages-title\">P\u00e1ginas<\/h2>\n<ul class=\"wsp-pages-list\">\n<li class=\"page_item page-item-667\"><a href=\"https:\/\/www.oaxaca.gob.mx\/defensoria\/atencion-a-personas-indigenas-y-afrodescendinetes\/\">ATENCI\u00d3N A PERSONAS IND\u00cdGENAS Y AFRODESCENDINETES<\/a><\/li>\n<li class=\"page_item page-item-2433\"><a href=\"https:\/\/www.oaxaca.gob.mx\/defensoria\/avisos-de-privacidad\/\">Avisos de Privacidad<\/a><\/li>\n<li class=\"page_item page-item-3\"><a href=\"https:\/\/www.oaxaca.gob.mx\/defensoria\/calendar\/\">Calendar<\/a><\/li>\n<li class=\"page_item page-item-2142\"><a href=\"https:\/\/www.oaxaca.gob.mx\/defensoria\/calendar-2\/\">Calendar<\/a><\/li>\n<li class=\"page_item page-item-1674\"><a href=\"https:\/\/www.oaxaca.gob.mx\/defensoria\/comite-de-etica\/\">Comit\u00e9 de \u00e9tica<\/a><\/li>\n<li class=\"page_item page-item-54\"><a href=\"https:\/\/www.oaxaca.gob.mx\/defensoria\/contacto\/\">CONTACTO<\/a><\/li>\n<li class=\"page_item page-item-1782\"><a href=\"https:\/\/www.oaxaca.gob.mx\/defensoria\/cumplimiento-obligaciones-lgtaip\/\">CUMPLIMIENTO DE OBLIGACIONES DE TRANSPARENCIA<\/a><\/li>\n<li class=\"page_item page-item-616\"><a href=\"https:\/\/www.oaxaca.gob.mx\/defensoria\/defensa-penal-y-justicia-para-adolescentes\/\">DEFENSA PENAL Y JUSTICIA PARA ADOLESCENTES<\/a><\/li>\n<li class=\"page_item page-item-50\"><a href=\"https:\/\/www.oaxaca.gob.mx\/defensoria\/directorio\/\">DIRECTORIO<\/a><\/li>\n<li class=\"page_item page-item-1027\"><a href=\"https:\/\/www.oaxaca.gob.mx\/defensoria\/estructura\/\">Estructura<\/a><\/li>\n<li class=\"page_item page-item-2747 page_item_has_children\"><a href=\"https:\/\/www.oaxaca.gob.mx\/defensoria\/eventos\/\">Eventos<\/a>\n<ul class='children'>\n\t<li class=\"page_item page-item-2749\"><a href=\"https:\/\/www.oaxaca.gob.mx\/defensoria\/eventos\/categorias\/\">Categor\u00edas<\/a><\/li>\n<\/ul>\n<\/li>\n<li class=\"page_item page-item-1030\"><a href=\"https:\/\/www.oaxaca.gob.mx\/defensoria\/federal\/\">Federal<\/a><\/li>\n<li class=\"page_item page-item-2093\"><a href=\"https:\/\/www.oaxaca.gob.mx\/defensoria\/funciones\/\">Funciones<\/a><\/li>\n<li class=\"page_item page-item-865\"><a href=\"https:\/\/www.oaxaca.gob.mx\/defensoria\/nota-2\/\">gira de #Juntos en la Costa<\/a><\/li>\n<li class=\"page_item page-item-1537\"><a href=\"https:\/\/www.oaxaca.gob.mx\/defensoria\/iecr\/\">IECR<\/a><\/li>\n<li class=\"page_item page-item-2306\"><a href=\"https:\/\/www.oaxaca.gob.mx\/defensoria\/iecr-3\/\">IECR<\/a><\/li>\n<li class=\"page_item page-item-3090\"><a href=\"https:\/\/www.oaxaca.gob.mx\/defensoria\/diario\/\">Informaci\u00f3n de Inter\u00e9s P\u00fablico<\/a><\/li>\n<li class=\"page_item page-item-2917\"><a href=\"https:\/\/www.oaxaca.gob.mx\/defensoria\/informacion-de-interes-publico\/\">Informaci\u00f3n de Inter\u00e9s P\u00fablico<\/a><\/li>\n<li class=\"page_item page-item-3017\"><a href=\"https:\/\/www.oaxaca.gob.mx\/defensoria\/informacion-tramite\/\">Informaci\u00f3n del Tr\u00e1mite<\/a><\/li>\n<li class=\"page_item page-item-48\"><a href=\"https:\/\/www.oaxaca.gob.mx\/defensoria\/inicio\/\">INICIO<\/a><\/li>\n<li class=\"page_item page-item-2141\"><a href=\"https:\/\/www.oaxaca.gob.mx\/defensoria\/loginpress\/\">LoginPress<\/a><\/li>\n<li class=\"page_item page-item-1036\"><a href=\"https:\/\/www.oaxaca.gob.mx\/defensoria\/m-i-c-i\/\">M.I.C.I<\/a><\/li>\n<li class=\"page_item page-item-2989\"><a href=\"https:\/\/www.oaxaca.gob.mx\/defensoria\/manual-de-organizacion\/\">Manual de Organizaci\u00f3n<\/a><\/li>\n<li class=\"page_item page-item-2871\"><a href=\"https:\/\/www.oaxaca.gob.mx\/defensoria\/mapa-del-sitio\/\">Mapa del Sitio<\/a><\/li>\n<li class=\"page_item page-item-2110\"><a href=\"https:\/\/www.oaxaca.gob.mx\/defensoria\/marco-juridico\/\">Marco Jur\u00eddico<\/a><\/li>\n<li class=\"page_item page-item-2229\"><a href=\"https:\/\/www.oaxaca.gob.mx\/defensoria\/mensaje-director-2\/\">Mensaje del Director<\/a><\/li>\n<li class=\"page_item page-item-917\"><a href=\"https:\/\/www.oaxaca.gob.mx\/defensoria\/identidad\/\">Misi\u00f3n<\/a><\/li>\n<li class=\"page_item page-item-2931\"><a href=\"https:\/\/www.oaxaca.gob.mx\/defensoria\/normatividad\/\">Normatividad<\/a><\/li>\n<li class=\"page_item page-item-2144\"><a href=\"https:\/\/www.oaxaca.gob.mx\/defensoria\/noticias\/\">Noticias<\/a><\/li>\n<li class=\"page_item page-item-2998\"><a href=\"https:\/\/www.oaxaca.gob.mx\/defensoria\/objetivos\/\">Objetivos<\/a><\/li>\n<li class=\"page_item page-item-1131\"><a href=\"https:\/\/www.oaxaca.gob.mx\/defensoria\/obligaciones-de-transparencia\/\">Obligaciones de transparencia<\/a><\/li>\n<li class=\"page_item page-item-1615\"><a href=\"https:\/\/www.oaxaca.gob.mx\/defensoria\/obligaciones-de-transparencia-2015-2017\/\">Obligaciones de Transparencia 2015-2017<\/a><\/li>\n<li class=\"page_item page-item-1839\"><a href=\"https:\/\/www.oaxaca.gob.mx\/defensoria\/obligaciones-de-transparencia-2019\/\">Obligaciones de transparencia 2019<\/a><\/li>\n<li class=\"page_item page-item-2758\"><a href=\"https:\/\/www.oaxaca.gob.mx\/defensoria\/organigrama\/\">Organigrama<\/a><\/li>\n<li class=\"page_item page-item-2815\"><a href=\"https:\/\/www.oaxaca.gob.mx\/defensoria\/organigrama-2\/\">Organigrama<\/a><\/li>\n<li class=\"page_item page-item-3075\"><a href=\"https:\/\/www.oaxaca.gob.mx\/defensoria\/paaas\/\">PAAAS<\/a><\/li>\n<li class=\"page_item page-item-3208\"><a href=\"https:\/\/www.oaxaca.gob.mx\/defensoria\/pada\/\">PADA<\/a><\/li>\n<li class=\"page_item page-item-2\"><a href=\"https:\/\/www.oaxaca.gob.mx\/defensoria\/pagina-ejemplo\/\">P\u00e1gina de ejemplo<\/a><\/li>\n<li class=\"page_item page-item-2269\"><a href=\"https:\/\/www.oaxaca.gob.mx\/defensoria\/pagina-ejemplo-2\/\">P\u00e1gina de ejemplo<\/a><\/li>\n<li class=\"page_item page-item-3071\"><a href=\"https:\/\/www.oaxaca.gob.mx\/defensoria\/poa\/\">POA<\/a><\/li>\n<li class=\"page_item page-item-1627\"><a href=\"https:\/\/www.oaxaca.gob.mx\/defensoria\/promotor-intercultural\/\">promotor-intercultural<\/a><\/li>\n<li class=\"page_item page-item-1033\"><a href=\"https:\/\/www.oaxaca.gob.mx\/defensoria\/estatal\/\">Servicios<\/a><\/li>\n<li class=\"page_item page-item-51\"><a href=\"https:\/\/www.oaxaca.gob.mx\/defensoria\/servicios\/\">SERVICIOS<\/a><\/li>\n<li class=\"page_item page-item-1124\"><a href=\"https:\/\/www.oaxaca.gob.mx\/defensoria\/solicitudes-de-acceso-a-la-informacion\/\">Solicitudes de acceso a la informaci\u00f3n<\/a><\/li>\n<li class=\"page_item page-item-1022\"><a href=\"https:\/\/www.oaxaca.gob.mx\/defensoria\/mensaje-director\/\">Titular de la Dependencia<\/a><\/li>\n<li class=\"page_item page-item-1292\"><a href=\"https:\/\/www.oaxaca.gob.mx\/defensoria\/transparencia-presupuestaria\/\">Transparencia Presupuestaria<\/a><\/li>\n<li class=\"page_item page-item-1117\"><a href=\"https:\/\/www.oaxaca.gob.mx\/defensoria\/unidad-de-transparencia\/\">Unidad de transparencia<\/a><\/li>\n<li class=\"page_item page-item-2996\"><a href=\"https:\/\/www.oaxaca.gob.mx\/defensoria\/vision\/\">Visi\u00f3n<\/a><\/li>\n<\/ul>\n<\/div>\n","protected":false},"excerpt":{"rendered":"","protected":false},"author":1,"featured_media":0,"parent":0,"menu_order":0,"comment_status":"closed","ping_status":"closed","template":"","meta":{"episode_type":"","audio_file":"","podmotor_file_id":"","podmotor_episode_id":"","cover_image":"","cover_image_id":"","duration":"","filesize":"","filesize_raw":"","date_recorded":"","explicit":"","block":"","itunes_episode_number":"","itunes_title":"","itunes_season_number":"","itunes_episode_type":"","footnotes":""},"categories":[],"tags":[],"class_list":["post-2871","page","type-page","status-publish","hentry"],"acf":[],"publishpress_future_action":{"enabled":false,"date":"2026-05-09 21:39:27","action":"change-status","newStatus":"draft","terms":[],"taxonomy":"category","extraData":[]},"publishpress_future_workflow_manual_trigger":{"enabledWorkflows":[]},"_links":{"self":[{"href":"https:\/\/www.oaxaca.gob.mx\/defensoria\/wp-json\/wp\/v2\/pages\/2871","targetHints":{"allow":["GET"]}}],"collection":[{"href":"https:\/\/www.oaxaca.gob.mx\/defensoria\/wp-json\/wp\/v2\/pages"}],"about":[{"href":"https:\/\/www.oaxaca.gob.mx\/defensoria\/wp-json\/wp\/v2\/types\/page"}],"author":[{"embeddable":true,"href":"https:\/\/www.oaxaca.gob.mx\/defensoria\/wp-json\/wp\/v2\/users\/1"}],"replies":[{"embeddable":true,"href":"https:\/\/www.oaxaca.gob.mx\/defensoria\/wp-json\/wp\/v2\/comments?post=2871"}],"version-history":[{"count":1,"href":"https:\/\/www.oaxaca.gob.mx\/defensoria\/wp-json\/wp\/v2\/pages\/2871\/revisions"}],"predecessor-version":[{"id":2872,"href":"https:\/\/www.oaxaca.gob.mx\/defensoria\/wp-json\/wp\/v2\/pages\/2871\/revisions\/2872"}],"wp:attachment":[{"href":"https:\/\/www.oaxaca.gob.mx\/defensoria\/wp-json\/wp\/v2\/media?parent=2871"}],"wp:term":[{"taxonomy":"category","embeddable":true,"href":"https:\/\/www.oaxaca.gob.mx\/defensoria\/wp-json\/wp\/v2\/categories?post=2871"},{"taxonomy":"post_tag","embeddable":true,"href":"https:\/\/www.oaxaca.gob.mx\/defensoria\/wp-json\/wp\/v2\/tags?post=2871"}],"curies":[{"name":"wp","href":"https:\/\/api.w.org\/{rel}","templated":true}]}}