{"id":2110,"date":"2019-05-28T18:15:54","date_gmt":"2019-05-28T16:15:54","guid":{"rendered":"https:\/\/www.oaxaca.gob.mx\/defensoria\/?page_id=2110"},"modified":"2024-12-11T16:31:25","modified_gmt":"2024-12-11T22:31:25","slug":"marco-juridico","status":"publish","type":"page","link":"https:\/\/www.oaxaca.gob.mx\/defensoria\/marco-juridico\/","title":{"rendered":"Marco Jur\u00eddico"},"content":{"rendered":"<div class=\"text-center\"><\/div>\n<div class=\"text-center\">\n<p style=\"text-align: left\"><em>CONSTITUCI\u00d3N POL\u00cdTICA DE LOS ESTADOS UNIDOS MEXICANOS.<\/em><\/p>\n<p style=\"text-align: left\"><em>CONSTITUCI\u00d3N DEL ESTADO LIBRE Y SOBERANO DE OAXACA.<\/em><\/p>\n<p style=\"text-align: left\"><em>C\u00d3DIGO DE \u00c9TICA PARA LAS PERSONAS SERVIDORAS P\u00daBLICAS DE LA ADMINISTRACI\u00d3N P\u00daBLICA ESTATAL. <\/em><\/p>\n<p style=\"text-align: left\"><em>LEY DE LA DEFENSOR\u00cdA P\u00daBLICA DEL ESTADO DE OAXACA.<\/em><\/p>\n<p style=\"text-align: left\"><em>REGLAMENTO INTERNO DE LA DEFENSOR\u00cdA P\u00daBLICA DEL ESTADO DE OAXACA.<\/em><\/p>\n<p style=\"text-align: left\"><em>C\u00d3DIGO DE CONDUCTA DE LA DEFENSOR\u00cdA P\u00daBLICA DEL ESTADO DE OAXACA.<\/em><\/p>\n<p style=\"text-align: left\"><em>LEY DE RESPONSABILIDADES ADMINISTRATIVAS DEL ESTADO Y MUNICIPIOS DE OAXACA.<\/em><\/p>\n<p style=\"text-align: left\"><em>LEY ORG\u00c1NICA DEL PODER EJECUTIVO DEL ESTADO DE OAXACA.<\/em><\/p>\n<p style=\"text-align: left\"><em>LEY DE ENTIDADES PARAESTATALES DEL ESTADO DE OAXACA.<\/em><\/p>\n<p style=\"text-align: left\"><em>LEY DEL SERVICIO CIVIL PARA LOS EMPLEADOS DEL GOBIERNO DEL ESTADO.<\/em><\/p>\n<p style=\"text-align: left\"><em>LEY PARA EL RECONOCIMIENTO Y ATENCI\u00d3N DE LOS DERECHOS DE LOS MIGRANTES Y SUS FAMILIAS PARA EL ESTADO DE OAXACA.<\/em><\/p>\n<p style=\"text-align: left\"><em>LEY GENERAL DE RESPONSABILIDADES ADMINISTRATIVAS.<\/em><\/p>\n<p style=\"text-align: left\">\n<\/div>\n","protected":false},"excerpt":{"rendered":"<p>CONSTITUCI\u00d3N POL\u00cdTICA DE LOS ESTADOS UNIDOS MEXICANOS. CONSTITUCI\u00d3N DEL ESTADO LIBRE Y SOBERANO DE OAXACA. C\u00d3DIGO DE \u00c9TICA PARA LAS PERSONAS SERVIDORAS P\u00daBLICAS DE LA ADMINISTRACI\u00d3N P\u00daBLICA ESTATAL. LEY DE LA DEFENSOR\u00cdA P\u00daBLICA DEL ESTADO DE OAXACA. REGLAMENTO INTERNO DE LA DEFENSOR\u00cdA P\u00daBLICA DEL ESTADO DE OAXACA. C\u00d3DIGO DE CONDUCTA DE LA DEFENSOR\u00cdA P\u00daBLICA DEL [&hellip;]<\/p>\n","protected":false},"author":1,"featured_media":0,"parent":0,"menu_order":0,"comment_status":"closed","ping_status":"closed","template":"","meta":{"episode_type":"","audio_file":"","podmotor_file_id":"","podmotor_episode_id":"","cover_image":"","cover_image_id":"","duration":"","filesize":"","filesize_raw":"","date_recorded":"","explicit":"","block":"","itunes_episode_number":"","itunes_title":"","itunes_season_number":"","itunes_episode_type":"","footnotes":""},"categories":[],"tags":[],"class_list":["post-2110","page","type-page","status-publish","hentry"],"acf":[],"publishpress_future_action":{"enabled":false,"date":"2026-05-09 23:08:03","action":"change-status","newStatus":"draft","terms":[],"taxonomy":"category","extraData":[]},"publishpress_future_workflow_manual_trigger":{"enabledWorkflows":[]},"_links":{"self":[{"href":"https:\/\/www.oaxaca.gob.mx\/defensoria\/wp-json\/wp\/v2\/pages\/2110","targetHints":{"allow":["GET"]}}],"collection":[{"href":"https:\/\/www.oaxaca.gob.mx\/defensoria\/wp-json\/wp\/v2\/pages"}],"about":[{"href":"https:\/\/www.oaxaca.gob.mx\/defensoria\/wp-json\/wp\/v2\/types\/page"}],"author":[{"embeddable":true,"href":"https:\/\/www.oaxaca.gob.mx\/defensoria\/wp-json\/wp\/v2\/users\/1"}],"replies":[{"embeddable":true,"href":"https:\/\/www.oaxaca.gob.mx\/defensoria\/wp-json\/wp\/v2\/comments?post=2110"}],"version-history":[{"count":3,"href":"https:\/\/www.oaxaca.gob.mx\/defensoria\/wp-json\/wp\/v2\/pages\/2110\/revisions"}],"predecessor-version":[{"id":3013,"href":"https:\/\/www.oaxaca.gob.mx\/defensoria\/wp-json\/wp\/v2\/pages\/2110\/revisions\/3013"}],"wp:attachment":[{"href":"https:\/\/www.oaxaca.gob.mx\/defensoria\/wp-json\/wp\/v2\/media?parent=2110"}],"wp:term":[{"taxonomy":"category","embeddable":true,"href":"https:\/\/www.oaxaca.gob.mx\/defensoria\/wp-json\/wp\/v2\/categories?post=2110"},{"taxonomy":"post_tag","embeddable":true,"href":"https:\/\/www.oaxaca.gob.mx\/defensoria\/wp-json\/wp\/v2\/tags?post=2110"}],"curies":[{"name":"wp","href":"https:\/\/api.w.org\/{rel}","templated":true}]}}