{"id":1839,"date":"2019-05-07T18:14:19","date_gmt":"2019-05-07T18:14:19","guid":{"rendered":"https:\/\/www.oaxaca.gob.mx\/defensoria\/?page_id=1839"},"modified":"2019-05-07T18:14:19","modified_gmt":"2019-05-07T18:14:19","slug":"obligaciones-de-transparencia-2019","status":"publish","type":"page","link":"https:\/\/www.oaxaca.gob.mx\/defensoria\/obligaciones-de-transparencia-2019\/","title":{"rendered":"Obligaciones de transparencia 2019"},"content":{"rendered":"<hr \/>\n<h2 style=\"text-align: center\"><strong>BIENVENIDO AL PORTAL DE <\/strong><\/h2>\n<h2 style=\"text-align: center\"><strong>OBLIGACIONES DE TRANSPARENCIA<\/strong><\/h2>\n<hr \/>\n<h4 style=\"text-align: justify\">En este portal se encuentran la informaci\u00f3n p\u00fablica de la DEFENSOR\u00cdA P\u00daBLICA DEL ESTADO DE OAXACA (DPEO), en apego a la Ley General de Transparencia y Acceso a la Informaci\u00f3n P\u00fablica, as\u00ed como a la Ley de Transparencia y Acceso a la Informaci\u00f3n P\u00fablica para el Estado de Oaxaca.<\/h4>\n<h4><\/h4>\n<h3 style=\"text-align: left\"><strong>\u00bfQu\u00e9 es el Derecho de Acceso a la Informaci\u00f3n P\u00fablica?<\/strong><\/h3>\n<h4 style=\"text-align: justify\">Es el derecho de toda persona de solicitar gratuitamente la informaci\u00f3n generada, administrada o en posesi\u00f3n de las autoridades p\u00fablicas, quienes tienen la obligaci\u00f3n de entregarla sin que la persona necesite acreditar inter\u00e9s alguno ni justificar su uso.<\/h4>\n<h4><\/h4>\n<h3 style=\"text-align: left\"><strong>\u00bfPara qu\u00e9 me sirve?<\/strong><\/h3>\n<h4 style=\"text-align: justify\">La informaci\u00f3n p\u00fablica es \u00fatil para conocer el desempe\u00f1o de tu gobierno, su organizaci\u00f3n interna y su manejo de los recursos p\u00fablicos.<\/h4>\n<h4 style=\"text-align: justify\">Conocer la informaci\u00f3n p\u00fablica te permite discutir, criticar, evaluar y tener los argumentos para poder exigir al gobierno la rendici\u00f3n de cuentas sobre sus actos y gesti\u00f3n, y poder denunciar cualquier arbitrariedad al respecto, as\u00ed como tambi\u00e9n poder reconocer lo que se est\u00e1 haciendo bien.<\/h4>\n<h4 style=\"text-align: justify\">Recuerda que no basta la apertura de la informaci\u00f3n p\u00fablica para lograr un gobierno transparente. Es necesaria tu participaci\u00f3n en la discusi\u00f3n de sus acciones y decisiones para legitimar y controlar el ejercicio del poder p\u00fablico.<\/h4>\n<div class=\"text-center\">\n<h4 class=\"text-center\"><strong>Si deseas consultar que fracciones le aplican al Sujeto Obligado, consulta la Tabla de Aplicabilidad, aprobada.<\/strong><\/h4>\n<p><a class=\"btn btn-default\" title=\"DESCARGAR\" href=\"http:\/\/www.defensoriapublicaoaxaca.com\/transparencia\/TABLA%20DE%20APLICABILIDAD%20APROBADA.pdf\">Tabla de Aplicabilidad<\/a><\/p>\n<\/div>\n<div role=\"tabpanel\">\n<ul class=\"nav nav-tabs\">\n<li class=\"active\" role=\"presentation\"><a role=\"tab\" href=\"#lgtap\" data-toggle=\"tab\">LGTAIP<\/a><\/li>\n<li role=\"presentation\"><a role=\"tab\" href=\"#ltaipo\" data-toggle=\"tab\">LTAIPO<\/a><\/li>\n<\/ul>\n<p><!-- Tab panes --><\/p>\n<div class=\"tab-content\">\n<div id=\"lgtap\" class=\"tab-pane active\" role=\"tabpanellgtap\">\n<h3 class=\"text-center\">LEY GENERAL DE TRANSPARENCIA Y ACCESO A LA INFORMACI\u00d3N P\u00daBLICA<\/h3>\n<div role=\"tabpanel2\">\n<ul class=\"nav nav-tabs\">\n<li class=\"active\" role=\"presentation\"><a role=\"tab\" href=\"#art70\" data-toggle=\"tab\">ART\u00cdCULO 70.<\/a><\/li>\n<li role=\"presentation\"><a role=\"tab\" href=\"#art71\" data-toggle=\"tab\">ART\u00cdCULO 71.<\/a><\/li>\n<li role=\"presentation\"><a role=\"tab\" href=\"#art80\" data-toggle=\"tab\">ART\u00cdCULO 80.<\/a><\/li>\n<\/ul>\n<div class=\"tab-content\">\n<div id=\"art70\" class=\"tab-pane active\" role=\"art70\">\n<strong>Art\u00edculo 70.<\/strong> En la Ley General y de las Entidades Federativas se contemplar\u00e1 que los sujetos obligados pongan a disposici\u00f3n del p\u00fablico y mantengan actualizada, en los respectivos medios electr\u00f3nicos, de acuerdo con sus facultades, atribuciones, funciones u objeto social, seg\u00fan corresponda, la informaci\u00f3n, por lo menos, de los temas, documentos y pol\u00edticas que a continuaci\u00f3n se se\u00f1alan:<\/p>\n[table \u201c3\u201d not found \/]<br \/>\n<\/div>\n<div id=\"art71\" class=\"tab-pane \" role=\"art71\">\n<strong>Art\u00edculo 71.<\/strong> Adem\u00e1s de lo se\u00f1alado en el art\u00edculo anterior de la presente Ley, los sujetos obligados de los Poderes Ejecutivos Federal, de las Entidades Federativas y municipales, deber\u00e1n poner a disposici\u00f3n del p\u00fablico y actualizar la siguiente informaci\u00f3n:<\/p>\n[table \u201c4\u201d not found \/]<br \/>\n\n<\/div>\n<div id=\"art80\" class=\"tab-pane \" role=\"art80\">\n<strong>Art\u00edculo 80.<\/strong> Para determinar la informaci\u00f3n adicional que publicar\u00e1n todos los sujetos obligados de manera obligatoria, los Organismos garantes deber\u00e1n presentar:<\/p>\n\n<table id=\"tablepress-5\" class=\"tablepress tablepress-id-5\">\n<thead>\n<tr class=\"row-1\">\n\t<th class=\"column-1\">FRACCI\u00d3N<\/th><th class=\"column-2\">FRACCI\u00d3N<\/th><th class=\"column-3\">TEMA<\/th><th class=\"column-4\">1 SEMESTRE<\/th><th class=\"column-5\">2 SEMESTRE<\/th>\n<\/tr>\n<\/thead>\n<tbody class=\"row-striping row-hover\">\n<\/tbody>\n<\/table>\n<!-- #tablepress-5 from cache --><\/div>\n<\/div>\n<\/div>\n<\/div>\n<div id=\"ltaipo\" class=\"tab-pane\" role=\"tabpanellgtap\">\n<h3 class=\"text-center\">LEY DE TRANSPARENCIA Y ACCESO A LA INFORMACI\u00d3N P\u00daBLICA PARA EL ESTADO DE OAXACA<\/h3>\n<div role=\"tabpanel3\">\n<ul class=\"nav nav-tabs\">\n<li class=\"active\" role=\"presentation\"><a role=\"tab\" href=\"#art21\" data-toggle=\"tab\">ART\u00cdCULO 21.<\/a><\/li>\n<li role=\"presentation\"><a role=\"tab\" href=\"#art36\" data-toggle=\"tab\">ART\u00cdCULO 36.<\/a><\/li>\n<\/ul>\n<div class=\"tab-content\">\n<div id=\"art21\" class=\"tab-pane active\" role=\"art21\">\n<strong>Art\u00edculo 21.<\/strong> Los sujetos obligados, a trav\u00e9s de su titular o de su \u00f3rgano de gobierno, ser\u00e1n responsables de clasificar la informaci\u00f3n de conformidad con los criterios establecidos en esta ley y los lineamientos expendidos por el Instituto.<\/p>\n[table \u201c6\u201d not found \/]<br \/>\n<\/div>\n<div id=\"art36\" class=\"tab-pane \" role=\"art36\">\n<strong>Art\u00edculo 36.<\/strong> Los sujetos obligados que realicen obra p\u00fablica, deber\u00e1n difundir f\u00edsicamente en el lugar de la obra, una placa o inscripci\u00f3n que se\u00f1ale que fue realizada con recursos p\u00fablicos y el costo de la misma.<\/p>\n[table \u201c7\u201d not found \/]<br \/>\n<\/div>\n<\/div>\n<\/div>\n<\/div>\n<\/div>\n<\/div>\n<p>&nbsp;<\/p>\n","protected":false},"excerpt":{"rendered":"<p>BIENVENIDO AL PORTAL DE OBLIGACIONES DE TRANSPARENCIA En este portal se encuentran la informaci\u00f3n p\u00fablica de la DEFENSOR\u00cdA P\u00daBLICA DEL ESTADO DE OAXACA (DPEO), en apego a la Ley General de Transparencia y Acceso a la Informaci\u00f3n P\u00fablica, as\u00ed como a la Ley de Transparencia y Acceso a la Informaci\u00f3n P\u00fablica para el Estado de [&hellip;]<\/p>\n","protected":false},"author":1,"featured_media":0,"parent":0,"menu_order":0,"comment_status":"closed","ping_status":"closed","template":"","meta":{"episode_type":"","audio_file":"","podmotor_file_id":"","podmotor_episode_id":"","cover_image":"","cover_image_id":"","duration":"","filesize":"","filesize_raw":"","date_recorded":"","explicit":"","block":"","itunes_episode_number":"","itunes_title":"","itunes_season_number":"","itunes_episode_type":"","footnotes":""},"categories":[],"tags":[],"class_list":["post-1839","page","type-page","status-publish","hentry"],"acf":[],"publishpress_future_action":{"enabled":false,"date":"2026-04-29 12:02:26","action":"change-status","newStatus":"draft","terms":[],"taxonomy":"category","extraData":[]},"publishpress_future_workflow_manual_trigger":{"enabledWorkflows":[]},"_links":{"self":[{"href":"https:\/\/www.oaxaca.gob.mx\/defensoria\/wp-json\/wp\/v2\/pages\/1839","targetHints":{"allow":["GET"]}}],"collection":[{"href":"https:\/\/www.oaxaca.gob.mx\/defensoria\/wp-json\/wp\/v2\/pages"}],"about":[{"href":"https:\/\/www.oaxaca.gob.mx\/defensoria\/wp-json\/wp\/v2\/types\/page"}],"author":[{"embeddable":true,"href":"https:\/\/www.oaxaca.gob.mx\/defensoria\/wp-json\/wp\/v2\/users\/1"}],"replies":[{"embeddable":true,"href":"https:\/\/www.oaxaca.gob.mx\/defensoria\/wp-json\/wp\/v2\/comments?post=1839"}],"version-history":[{"count":0,"href":"https:\/\/www.oaxaca.gob.mx\/defensoria\/wp-json\/wp\/v2\/pages\/1839\/revisions"}],"wp:attachment":[{"href":"https:\/\/www.oaxaca.gob.mx\/defensoria\/wp-json\/wp\/v2\/media?parent=1839"}],"wp:term":[{"taxonomy":"category","embeddable":true,"href":"https:\/\/www.oaxaca.gob.mx\/defensoria\/wp-json\/wp\/v2\/categories?post=1839"},{"taxonomy":"post_tag","embeddable":true,"href":"https:\/\/www.oaxaca.gob.mx\/defensoria\/wp-json\/wp\/v2\/tags?post=1839"}],"curies":[{"name":"wp","href":"https:\/\/api.w.org\/{rel}","templated":true}]}}