{"id":1124,"date":"2018-04-27T14:52:57","date_gmt":"2018-04-27T14:52:57","guid":{"rendered":"https:\/\/www.oaxaca.gob.mx\/defensoria\/?page_id=1124"},"modified":"2018-04-27T14:52:57","modified_gmt":"2018-04-27T14:52:57","slug":"solicitudes-de-acceso-a-la-informacion","status":"publish","type":"page","link":"https:\/\/www.oaxaca.gob.mx\/defensoria\/solicitudes-de-acceso-a-la-informacion\/","title":{"rendered":"Solicitudes de acceso a la informaci\u00f3n"},"content":{"rendered":"<hr \/>\n<h2 style=\"text-align: center\"><strong>TR\u00c1MITE PARA SOLICITUDES DE ACCESO A LA INFORMACI\u00d3N<\/strong><\/h2>\n<hr \/>\n<h3 style=\"text-align: left\">Presenta tu solicitud de informaci\u00f3n en alguna de las siguientes formas:<\/h3>\n<ul>\n<li style=\"text-align: left\">\n<h4><i class=\"fa fa-check-circle-o\" aria-hidden=\"true\"><\/i>\u00a0De manera verbal, en la Unidad de Transparencia;<\/h4>\n<\/li>\n<li style=\"text-align: left\">\n<h4><i class=\"fa fa-check-circle-o\" aria-hidden=\"true\"><\/i>\u00a0Mediante escrito libre o en los formatos que para el efecto se aprueben, presentado en las oficinas del sujeto obligado o por correo electr\u00f3nico oficial de la Unidad de Transparencia (transparencia.defensoria@gmail.com) o por correo postal. <a href=\"https:\/\/www.oaxaca.gob.mx\/defensoria\/wp-content\/uploads\/sites\/68\/2018\/04\/Formato-de-Solicitud-de-informaci\u00f3n-de-Transparencia.docx\" target=\"_blank\" rel=\"noopener noreferrer\"><strong>Descargar formato<\/strong><\/a><\/h4>\n<\/li>\n<li style=\"text-align: left\">\n<h4><i class=\"fa fa-check-circle-o\" aria-hidden=\"true\"><\/i>\u00a0A trav\u00e9s de la Plataforma Nacional de Transparencia, por medio de su sistema de solicitudes de acceso a la informaci\u00f3n.\u00a0<a href=\"http:\/\/oaxaca.infomex.org.mx\/\" target=\"_blank\" rel=\"noopener noreferrer\"><strong>Ir a la p\u00e1gina<\/strong><\/a><\/h4>\n<\/li>\n<li style=\"text-align: left\">\n<h4><i class=\"fa fa-check-circle-o\" aria-hidden=\"true\"><\/i>\u00a0Cualquier medio aprobado por el Sistema Nacional de Transparencia.<\/h4>\n<\/li>\n<\/ul>\n","protected":false},"excerpt":{"rendered":"<p>TR\u00c1MITE PARA SOLICITUDES DE ACCESO A LA INFORMACI\u00d3N Presenta tu solicitud de informaci\u00f3n en alguna de las siguientes formas: \u00a0De manera verbal, en la Unidad de Transparencia; \u00a0Mediante escrito libre o en los formatos que para el efecto se aprueben, presentado en las oficinas del sujeto obligado o por correo electr\u00f3nico oficial de la Unidad [&hellip;]<\/p>\n","protected":false},"author":1,"featured_media":0,"parent":0,"menu_order":0,"comment_status":"closed","ping_status":"closed","template":"","meta":{"episode_type":"","audio_file":"","podmotor_file_id":"","podmotor_episode_id":"","cover_image":"","cover_image_id":"","duration":"","filesize":"","filesize_raw":"","date_recorded":"","explicit":"","block":"","itunes_episode_number":"","itunes_title":"","itunes_season_number":"","itunes_episode_type":"","footnotes":""},"categories":[],"tags":[],"class_list":["post-1124","page","type-page","status-publish","hentry"],"acf":[],"publishpress_future_action":{"enabled":false,"date":"2026-05-09 23:13:11","action":"change-status","newStatus":"draft","terms":[],"taxonomy":"category","extraData":[]},"publishpress_future_workflow_manual_trigger":{"enabledWorkflows":[]},"_links":{"self":[{"href":"https:\/\/www.oaxaca.gob.mx\/defensoria\/wp-json\/wp\/v2\/pages\/1124","targetHints":{"allow":["GET"]}}],"collection":[{"href":"https:\/\/www.oaxaca.gob.mx\/defensoria\/wp-json\/wp\/v2\/pages"}],"about":[{"href":"https:\/\/www.oaxaca.gob.mx\/defensoria\/wp-json\/wp\/v2\/types\/page"}],"author":[{"embeddable":true,"href":"https:\/\/www.oaxaca.gob.mx\/defensoria\/wp-json\/wp\/v2\/users\/1"}],"replies":[{"embeddable":true,"href":"https:\/\/www.oaxaca.gob.mx\/defensoria\/wp-json\/wp\/v2\/comments?post=1124"}],"version-history":[{"count":0,"href":"https:\/\/www.oaxaca.gob.mx\/defensoria\/wp-json\/wp\/v2\/pages\/1124\/revisions"}],"wp:attachment":[{"href":"https:\/\/www.oaxaca.gob.mx\/defensoria\/wp-json\/wp\/v2\/media?parent=1124"}],"wp:term":[{"taxonomy":"category","embeddable":true,"href":"https:\/\/www.oaxaca.gob.mx\/defensoria\/wp-json\/wp\/v2\/categories?post=1124"},{"taxonomy":"post_tag","embeddable":true,"href":"https:\/\/www.oaxaca.gob.mx\/defensoria\/wp-json\/wp\/v2\/tags?post=1124"}],"curies":[{"name":"wp","href":"https:\/\/api.w.org\/{rel}","templated":true}]}}