{"id":2990,"date":"2021-03-23T13:57:43","date_gmt":"2021-03-23T19:57:43","guid":{"rendered":"https:\/\/www.oaxaca.gob.mx\/csneo\/?page_id=2990"},"modified":"2021-04-08T12:57:12","modified_gmt":"2021-04-08T17:57:12","slug":"resumenes-estadisticos","status":"publish","type":"page","link":"https:\/\/www.oaxaca.gob.mx\/csneo\/resumenes-estadisticos\/","title":{"rendered":"Res\u00famenes Estad\u00edsticos de la Coordinaci\u00f3n del Servicio Nacional de Empleo Oaxaca"},"content":{"rendered":"<div class=\"row\">\n<div class=\"col-md-12 mb-4\">\n<div class=\"card\" style=\"border-color: #622779\">\n<div class=\"card-header uppercase\" style=\"font-weight: bold;color: #622779\">Resumen de Intermediaci\u00f3n Laboral (antes Servicios de Vinculaci\u00f3n Laboral) y del Programa de Apoyo al Empleo.<\/div>\n<div class=\"card-body\">\n<div class=\"table-responsive\">\n<table class=\"table table-bordered table-sm tablepress mb-0 table-hover\">\n<thead>\n<tr>\n<th>Nombre<\/th>\n<th class=\"text-center\">Descargar xlsx<\/th>\n<th class=\"text-center\">Descargar pdf<\/th>\n<\/tr>\n<\/thead>\n<tbody>\n<tr>\n<td>\n<h5>Resumen 2017<\/h5>\n<\/td>\n<td class=\"text-center\"><a href=\"https:\/\/www.oaxaca.gob.mx\/csneo\/wp-content\/uploads\/sites\/9\/2021\/04\/Resumen-2017.xlsx\" target=\"_blank\" rel=\"noopener\"><i class=\"fa-2x far fa-file-excel\"><\/i><\/a><\/td>\n<td class=\"text-center\"><a href=\"https:\/\/www.oaxaca.gob.mx\/csneo\/wp-content\/uploads\/sites\/9\/2021\/04\/Resumen-2017.pdf\" target=\"_blank\" rel=\"noopener\"><i class=\"fa-2x far fa-file-pdf\"><\/i> <\/a><\/td>\n<\/tr>\n<tr>\n<td>\n<h5>Resumen 2018<\/h5>\n<\/td>\n<td class=\"text-center\"><a href=\"https:\/\/www.oaxaca.gob.mx\/csneo\/wp-content\/uploads\/sites\/9\/2021\/04\/Resumen-2018.xlsx\" target=\"_blank\" rel=\"noopener\"><i class=\"fa-2x far fa-file-excel\"><\/i> <\/a><\/td>\n<td class=\"text-center\"><a href=\"https:\/\/www.oaxaca.gob.mx\/csneo\/wp-content\/uploads\/sites\/9\/2021\/04\/Resumen-2018.pdf\" target=\"_blank\" rel=\"noopener\"><i class=\"fa-2x far fa-file-pdf\"><\/i> <\/a><\/td>\n<\/tr>\n<tr>\n<td>\n<h5>Resumen 2019<\/h5>\n<\/td>\n<td class=\"text-center\"><a href=\"https:\/\/www.oaxaca.gob.mx\/csneo\/wp-content\/uploads\/sites\/9\/2021\/04\/Resumen-2019.xlsx\" target=\"_blank\" rel=\"noopener\"><i class=\"fa-2x far fa-file-excel\"><\/i> <\/a><\/td>\n<td class=\"text-center\"><a href=\"https:\/\/www.oaxaca.gob.mx\/csneo\/wp-content\/uploads\/sites\/9\/2021\/04\/Resumen-2019.pdf\" target=\"_blank\" rel=\"noopener\"><i class=\"fa-2x far fa-file-pdf\"><\/i> <\/a><\/td>\n<\/tr>\n<tr>\n<td>\n<h5>Resumen 2020<\/h5>\n<\/td>\n<td class=\"text-center\"><a href=\"https:\/\/www.oaxaca.gob.mx\/csneo\/wp-content\/uploads\/sites\/9\/2021\/04\/Resumen-2020.xlsx\" target=\"_blank\" rel=\"noopener\"><i class=\"fa-2x far fa-file-excel\"><\/i> <\/a><\/td>\n<td class=\"text-center\"><a href=\"https:\/\/www.oaxaca.gob.mx\/csneo\/wp-content\/uploads\/sites\/9\/2021\/04\/Resumen-2020.pdf\" target=\"_blank\" rel=\"noopener\"><i class=\"fa-2x far fa-file-pdf\"><\/i> <\/a><\/td>\n<\/tr>\n<\/tbody>\n<\/table><\/div>\n<\/p><\/div>\n<\/p><\/div>\n<\/p><\/div>\n<div class=\"col-md-12 mb-4\">\n<div class=\"card\" style=\"border-color: #622779\">\n<div class=\"card-header uppercase\" style=\"font-weight: bold;color: #622779\">Padr\u00f3n de beneficiarios<\/div>\n<div class=\"card-body\">\n<div class=\"table-responsive\">\n<table class=\"table table-bordered table-sm tablepress mb-0 table-hover\">\n<thead>\n<tr>\n<th>Nombre<\/th>\n<th class=\"text-center\">Descargar xlsx<\/th>\n<th class=\"text-center\">Descargar pdf<\/th>\n<\/tr>\n<\/thead>\n<tbody>\n<tr>\n<td>\n<h5>Padr\u00f3n de beneficiarios 2020<\/h5>\n<\/td>\n<td class=\"text-center\"><a href=\"https:\/\/www.oaxaca.gob.mx\/csneo\/wp-content\/uploads\/sites\/9\/2021\/04\/Padron-de-beneficiarios-2020.xlsx\" target=\"_blank\" rel=\"noopener\"><i class=\"fa-2x far fa-file-excel\"><\/i><\/a><\/td>\n<td class=\"text-center\"><a href=\"https:\/\/www.oaxaca.gob.mx\/csneo\/wp-content\/uploads\/sites\/9\/2021\/04\/Padron-de-beneficiarios-2020.pdf\" target=\"_blank\" rel=\"noopener\"><i class=\"fa-2x far fa-file-pdf\"><\/i> <\/a><\/td>\n<\/tr>\n<\/tbody>\n<\/table><\/div>\n<\/p><\/div>\n<\/p><\/div>\n<\/p><\/div>\n<\/div>\n","protected":false},"excerpt":{"rendered":"<p>Resumen de Intermediaci\u00f3n Laboral (antes Servicios de Vinculaci\u00f3n Laboral) y del Programa de Apoyo al Empleo. Nombre Descargar xlsx Descargar pdf Resumen 2017 Resumen 2018 Resumen 2019 Resumen 2020 Padr\u00f3n de beneficiarios Nombre Descargar xlsx Descargar pdf Padr\u00f3n de beneficiarios 2020<\/p>\n","protected":false},"author":9,"featured_media":0,"parent":0,"menu_order":0,"comment_status":"closed","ping_status":"closed","template":"","meta":{"episode_type":"","audio_file":"","podmotor_file_id":"","podmotor_episode_id":"","cover_image":"","cover_image_id":"","duration":"","filesize":"","filesize_raw":"","date_recorded":"","explicit":"","block":"","itunes_episode_number":"","itunes_title":"","itunes_season_number":"","itunes_episode_type":"","footnotes":""},"categories":[],"tags":[],"class_list":["post-2990","page","type-page","status-publish","hentry"],"acf":[],"publishpress_future_action":{"enabled":false,"date":"2026-05-07 11:16:21","action":"change-status","newStatus":"draft","terms":[],"taxonomy":"category","extraData":[]},"publishpress_future_workflow_manual_trigger":{"enabledWorkflows":[]},"_links":{"self":[{"href":"https:\/\/www.oaxaca.gob.mx\/csneo\/wp-json\/wp\/v2\/pages\/2990","targetHints":{"allow":["GET"]}}],"collection":[{"href":"https:\/\/www.oaxaca.gob.mx\/csneo\/wp-json\/wp\/v2\/pages"}],"about":[{"href":"https:\/\/www.oaxaca.gob.mx\/csneo\/wp-json\/wp\/v2\/types\/page"}],"author":[{"embeddable":true,"href":"https:\/\/www.oaxaca.gob.mx\/csneo\/wp-json\/wp\/v2\/users\/9"}],"replies":[{"embeddable":true,"href":"https:\/\/www.oaxaca.gob.mx\/csneo\/wp-json\/wp\/v2\/comments?post=2990"}],"version-history":[{"count":15,"href":"https:\/\/www.oaxaca.gob.mx\/csneo\/wp-json\/wp\/v2\/pages\/2990\/revisions"}],"predecessor-version":[{"id":3021,"href":"https:\/\/www.oaxaca.gob.mx\/csneo\/wp-json\/wp\/v2\/pages\/2990\/revisions\/3021"}],"wp:attachment":[{"href":"https:\/\/www.oaxaca.gob.mx\/csneo\/wp-json\/wp\/v2\/media?parent=2990"}],"wp:term":[{"taxonomy":"category","embeddable":true,"href":"https:\/\/www.oaxaca.gob.mx\/csneo\/wp-json\/wp\/v2\/categories?post=2990"},{"taxonomy":"post_tag","embeddable":true,"href":"https:\/\/www.oaxaca.gob.mx\/csneo\/wp-json\/wp\/v2\/tags?post=2990"}],"curies":[{"name":"wp","href":"https:\/\/api.w.org\/{rel}","templated":true}]}}