{"id":289,"date":"2017-10-16T14:18:13","date_gmt":"2017-10-16T19:18:13","guid":{"rendered":"http:\/\/www.sne.oaxaca.gob.mx\/?page_id=289"},"modified":"2017-10-16T14:18:13","modified_gmt":"2017-10-16T19:18:13","slug":"capacitacion-para-tecnicos-y-profesionistas","status":"publish","type":"page","link":"https:\/\/www.oaxaca.gob.mx\/csneo\/capacitacion-para-tecnicos-y-profesionistas\/","title":{"rendered":"Capacitaci\u00f3n Para T\u00e9cnicos y Profesionistas"},"content":{"rendered":"<p>\t\t\t\t<img loading=\"lazy\" decoding=\"async\" class=\"alignnone size-full wp-image-560\" src=\"https:\/\/www.oaxaca.gob.mx\/csneo\/wp-content\/uploads\/sites\/9\/2017\/10\/capacitacion-para-tecnicos-y-profesionistas.jpg\" alt=\"capacitacion para profesionistas oaxaca\" width=\"1140\" height=\"320\" srcset=\"https:\/\/www.oaxaca.gob.mx\/csneo\/wp-content\/uploads\/sites\/9\/2017\/10\/capacitacion-para-tecnicos-y-profesionistas.jpg 1140w, https:\/\/www.oaxaca.gob.mx\/csneo\/wp-content\/uploads\/sites\/9\/2017\/10\/capacitacion-para-tecnicos-y-profesionistas-300x84.jpg 300w, https:\/\/www.oaxaca.gob.mx\/csneo\/wp-content\/uploads\/sites\/9\/2017\/10\/capacitacion-para-tecnicos-y-profesionistas-768x216.jpg 768w, https:\/\/www.oaxaca.gob.mx\/csneo\/wp-content\/uploads\/sites\/9\/2017\/10\/capacitacion-para-tecnicos-y-profesionistas-1024x287.jpg 1024w\" sizes=\"auto, (max-width: 1140px) 100vw, 1140px\" \/><\/p>\n<p><a style=\"font-size: 12px\" href=\"..\/\"><img loading=\"lazy\" decoding=\"async\" class=\"alignnone size-full wp-image-521\" src=\"https:\/\/www.oaxaca.gob.mx\/csneo\/wp-content\/uploads\/sites\/9\/2017\/10\/return.png\" alt=\"return\" width=\"16\" height=\"16\" \/> B\u00c9CATE<\/a><\/p>\n<p>Cursos que se imparten en Instituciones Educativas o Centros Capacitadores, ya sea de manera presencial o en l\u00ednea, enfocados a j\u00f3venes, egresados de escuelas t\u00e9cnicas terminales2 o de instituciones de educaci\u00f3n media y superior, que se encuentran en b\u00fasqueda de empleo, o que hayan abandonado cualquiera de los subsistemas; pero que debido a la falta de experiencia laboral y\/o de conocimientos t\u00e9cnicos, habilidades b\u00e1sicas y transversales, enfrentan dificultades para su incorporaci\u00f3n al mercado laboral.<br \/>\nMediante los cursos de capacitaci\u00f3n, el Solicitante de empleo seleccionado podr\u00e1 actualizar y reforzar los conocimientos adquiridos en su formaci\u00f3n escolar, as\u00ed como lo relativo a temas transversales como liderazgo, trabajo en equipo, comunicaci\u00f3n oral y escrita, etc. Durante la capacitaci\u00f3n el Beneficiario podr\u00e1 ser enviado a una empresa para realizar pr\u00e1cticas orientadas a su formaci\u00f3n.<br \/>\nCon esta modalidad se busca que los j\u00f3venes que terminaron o abandonaron sus estudios formales, de nivel medio o superior, transiten de la escuela al mundo del trabajo.<\/p>\n<p>&nbsp;<\/p>\n<h4>Requisitos<\/h4>\n<p class=\"mb-1\" style=\"padding-left: 30px\">\u2022 Haber terminado su formaci\u00f3n t\u00e9cnica, para lo cual deber\u00e1n contar con el comprobante correspondiente.<\/p>\n<p class=\"mb-1\" style=\"padding-left: 30px\">\u2022 Haber terminado su formaci\u00f3n profesional y contar con el comprobante correspondiente.<\/p>\n<p class=\"mb-1\" style=\"padding-left: 30px\">\u2022 Haber abandonado su formaci\u00f3n t\u00e9cnica terminal.<\/p>\n<p class=\"mb-1\" style=\"padding-left: 30px\">\u2022 Haber abandonado su formaci\u00f3n en nivel profesional.<\/p>\n","protected":false},"excerpt":{"rendered":"<p>B\u00c9CATE Cursos que se imparten en Instituciones Educativas o Centros Capacitadores, ya sea de manera presencial o en l\u00ednea, enfocados a j\u00f3venes, egresados de escuelas t\u00e9cnicas terminales2 o de instituciones de educaci\u00f3n media y superior, que se encuentran en b\u00fasqueda de empleo, o que hayan abandonado cualquiera de los subsistemas; pero que debido a la [&hellip;]<\/p>\n","protected":false},"author":1,"featured_media":560,"parent":0,"menu_order":0,"comment_status":"closed","ping_status":"closed","template":"","meta":{"episode_type":"","audio_file":"","podmotor_file_id":"","podmotor_episode_id":"","cover_image":"","cover_image_id":"","duration":"","filesize":"","filesize_raw":"","date_recorded":"","explicit":"","block":"","itunes_episode_number":"","itunes_title":"","itunes_season_number":"","itunes_episode_type":"","footnotes":""},"categories":[],"tags":[],"class_list":["post-289","page","type-page","status-publish","has-post-thumbnail","hentry"],"acf":[],"publishpress_future_action":{"enabled":false,"date":"2026-04-11 05:57:29","action":"change-status","newStatus":"draft","terms":[],"taxonomy":"category","extraData":[]},"publishpress_future_workflow_manual_trigger":{"enabledWorkflows":[]},"_links":{"self":[{"href":"https:\/\/www.oaxaca.gob.mx\/csneo\/wp-json\/wp\/v2\/pages\/289","targetHints":{"allow":["GET"]}}],"collection":[{"href":"https:\/\/www.oaxaca.gob.mx\/csneo\/wp-json\/wp\/v2\/pages"}],"about":[{"href":"https:\/\/www.oaxaca.gob.mx\/csneo\/wp-json\/wp\/v2\/types\/page"}],"author":[{"embeddable":true,"href":"https:\/\/www.oaxaca.gob.mx\/csneo\/wp-json\/wp\/v2\/users\/1"}],"replies":[{"embeddable":true,"href":"https:\/\/www.oaxaca.gob.mx\/csneo\/wp-json\/wp\/v2\/comments?post=289"}],"version-history":[{"count":0,"href":"https:\/\/www.oaxaca.gob.mx\/csneo\/wp-json\/wp\/v2\/pages\/289\/revisions"}],"wp:featuredmedia":[{"embeddable":true,"href":"https:\/\/www.oaxaca.gob.mx\/csneo\/wp-json\/wp\/v2\/media\/560"}],"wp:attachment":[{"href":"https:\/\/www.oaxaca.gob.mx\/csneo\/wp-json\/wp\/v2\/media?parent=289"}],"wp:term":[{"taxonomy":"category","embeddable":true,"href":"https:\/\/www.oaxaca.gob.mx\/csneo\/wp-json\/wp\/v2\/categories?post=289"},{"taxonomy":"post_tag","embeddable":true,"href":"https:\/\/www.oaxaca.gob.mx\/csneo\/wp-json\/wp\/v2\/tags?post=289"}],"curies":[{"name":"wp","href":"https:\/\/api.w.org\/{rel}","templated":true}]}}