{"id":277,"date":"2017-10-16T13:49:13","date_gmt":"2017-10-16T18:49:13","guid":{"rendered":"http:\/\/www.sne.oaxaca.gob.mx\/?page_id=277"},"modified":"2017-10-16T13:49:13","modified_gmt":"2017-10-16T18:49:13","slug":"capacitacion-mixta","status":"publish","type":"page","link":"https:\/\/www.oaxaca.gob.mx\/csneo\/capacitacion-mixta\/","title":{"rendered":"Capacitaci\u00f3n Mixta"},"content":{"rendered":"<p>\t\t\t\t<img loading=\"lazy\" decoding=\"async\" class=\"alignnone size-full wp-image-472\" src=\"https:\/\/www.oaxaca.gob.mx\/csneo\/wp-content\/uploads\/sites\/9\/2017\/10\/capacitacion-mixta.jpg\" alt=\"capacitacion mixta\" width=\"1140\" height=\"320\" srcset=\"https:\/\/www.oaxaca.gob.mx\/csneo\/wp-content\/uploads\/sites\/9\/2017\/10\/capacitacion-mixta.jpg 1140w, https:\/\/www.oaxaca.gob.mx\/csneo\/wp-content\/uploads\/sites\/9\/2017\/10\/capacitacion-mixta-300x84.jpg 300w, https:\/\/www.oaxaca.gob.mx\/csneo\/wp-content\/uploads\/sites\/9\/2017\/10\/capacitacion-mixta-768x216.jpg 768w, https:\/\/www.oaxaca.gob.mx\/csneo\/wp-content\/uploads\/sites\/9\/2017\/10\/capacitacion-mixta-1024x287.jpg 1024w\" sizes=\"auto, (max-width: 1140px) 100vw, 1140px\" \/><\/p>\n<p><a style=\"font-size: 12px\" href=\"..\/\"><img loading=\"lazy\" decoding=\"async\" class=\"alignnone size-full wp-image-521\" src=\"https:\/\/www.oaxaca.gob.mx\/csneo\/wp-content\/uploads\/sites\/9\/2017\/10\/return.png\" alt=\"return\" width=\"16\" height=\"16\" \/> B\u00c9CATE<\/a><\/p>\n<p>Esta modalidad te apoya para que te incorpores a un puesto de trabajo vacante, previa acreditaci\u00f3n de un curso de capacitaci\u00f3n con una duraci\u00f3n de uno a tres meses.<\/p>\n<p>Son cursos esencialmente pr\u00e1cticos, orientados a la adquisici\u00f3n, fortalecimiento o reconversi\u00f3n de habilidades laborales de los Solicitantes de empleo, que les permitan favorecer su colocaci\u00f3n en un puesto de trabajo. Se imparten a petici\u00f3n de Empleadores que requieren personal capacitado en una ocupaci\u00f3n, actividad o puesto espec\u00edfico y que est\u00e1n dispuestos a facilitar sus instalaciones para que en ellas se lleve a cabo la capacitaci\u00f3n, o bien, a concertar con instituciones educativas o centros de capacitaci\u00f3n los espacios para que en ellos se lleve a cabo dicha capacitaci\u00f3n.<\/p>\n<p>Los beneficiarios que est\u00e9n en alg\u00fan curso de capacitaci\u00f3n de esta modalidad podr\u00e1n acceder al apoyo para cubrir el costo total de los procesos de evaluaci\u00f3n y certificaci\u00f3n, considerando que el apoyo es de 50% siempre y cuando este monto no supere los 2 salarios m\u00ednimos mensuales.<\/p>\n<p>&nbsp;<\/p>\n<h4>Apoyos<\/h4>\n<p>Durante el periodo que dura la capacitaci\u00f3n, tendr\u00e1s derecho a los siguientes beneficios:<\/p>\n<p class=\"mb-1\" style=\"padding-left: 30px\">\u2022 Apoyo econ\u00f3mico de uno a tres salarios m\u00ednimos mensuales.<\/p>\n<p class=\"mb-1\" style=\"padding-left: 30px\">\u2022 Pago de materiales e instructores para la capacitaci\u00f3n.<\/p>\n<p class=\"mb-1\" style=\"padding-left: 30px\">\u2022 Apoyo para el transporte.<\/p>\n<p class=\"mb-1\" style=\"padding-left: 30px\">\u2022 Seguro contra accidentes y servicio m\u00e9dico b\u00e1sico.<\/p>\n<p class=\"mb-1\" style=\"padding-left: 30px\">\u2022 Constancia que acredita la pr\u00e1ctica laboral.<\/p>\n<p class=\"mb-1\" style=\"padding-left: 30px\">\u2022 Posibilidad de contrataci\u00f3n.<\/p>\n<p>&nbsp;<\/p>\n<h4>Requisitos<\/h4>\n<p>Para poder capacitarte en esta modalidad, deber\u00e1s cubrir los siguientes requisitos:<\/p>\n<p class=\"mb-1\" style=\"padding-left: 30px\">\u2022 Estar desocupado.<\/p>\n<p class=\"mb-1\" style=\"padding-left: 30px\">\u2022 Tener 16 a\u00f1os o m\u00e1s.<\/p>\n<p class=\"mb-1\" style=\"padding-left: 30px\">\u2022 Cubrir el perfil requerido en el programa de capacitaci\u00f3n.<\/p>\n<p class=\"mb-1\" style=\"padding-left: 30px\">\u2022 Solicitar tu incorporaci\u00f3n, de manera personal, en las oficinas del Servicio Nacional de Empleo en tu localidad.<\/p>\n<p>&nbsp;<\/p>\n<h4>Algunos de los cursos que se han impartido en esta modalidad<\/h4>\n<p class=\"mb-1\" style=\"padding-left: 30px\">\u2022 Ayudante general<\/p>\n<p class=\"mb-1\" style=\"padding-left: 30px\">\u2022 Costura industrial<\/p>\n<p class=\"mb-1\" style=\"padding-left: 30px\">\u2022 Ensamblador de partes automotrices<\/p>\n<p class=\"mb-1\" style=\"padding-left: 30px\">\u2022 Ensamble de equipos mecatr\u00f3nicos<\/p>\n<p class=\"mb-1\" style=\"padding-left: 30px\">\u2022 Ensamble de material y equipo m\u00e9dico<\/p>\n<p class=\"mb-1\" style=\"padding-left: 30px\">\u2022 M\u00e1quinas y herramientas<\/p>\n<p class=\"mb-1\" style=\"padding-left: 30px\">\u2022 Operador de m\u00e1quinas de costura industrial<\/p>\n<p class=\"mb-1\" style=\"padding-left: 30px\">\u2022 Soldadura<\/p>\n<p class=\"mb-1\" style=\"padding-left: 30px\">\u2022 Ventas y atenci\u00f3n al cliente<\/p>\n<p class=\"mb-1\" style=\"padding-left: 30px\">\u2022 Ensamble de motores<\/p>\n","protected":false},"excerpt":{"rendered":"<p>B\u00c9CATE Esta modalidad te apoya para que te incorpores a un puesto de trabajo vacante, previa acreditaci\u00f3n de un curso de capacitaci\u00f3n con una duraci\u00f3n de uno a tres meses. Son cursos esencialmente pr\u00e1cticos, orientados a la adquisici\u00f3n, fortalecimiento o reconversi\u00f3n de habilidades laborales de los Solicitantes de empleo, que les permitan favorecer su colocaci\u00f3n [&hellip;]<\/p>\n","protected":false},"author":1,"featured_media":472,"parent":0,"menu_order":0,"comment_status":"closed","ping_status":"closed","template":"","meta":{"episode_type":"","audio_file":"","podmotor_file_id":"","podmotor_episode_id":"","cover_image":"","cover_image_id":"","duration":"","filesize":"","filesize_raw":"","date_recorded":"","explicit":"","block":"","itunes_episode_number":"","itunes_title":"","itunes_season_number":"","itunes_episode_type":"","footnotes":""},"categories":[],"tags":[],"class_list":["post-277","page","type-page","status-publish","has-post-thumbnail","hentry"],"acf":[],"publishpress_future_action":{"enabled":false,"date":"2026-04-10 23:44:17","action":"change-status","newStatus":"draft","terms":[],"taxonomy":"category","extraData":[]},"publishpress_future_workflow_manual_trigger":{"enabledWorkflows":[]},"_links":{"self":[{"href":"https:\/\/www.oaxaca.gob.mx\/csneo\/wp-json\/wp\/v2\/pages\/277","targetHints":{"allow":["GET"]}}],"collection":[{"href":"https:\/\/www.oaxaca.gob.mx\/csneo\/wp-json\/wp\/v2\/pages"}],"about":[{"href":"https:\/\/www.oaxaca.gob.mx\/csneo\/wp-json\/wp\/v2\/types\/page"}],"author":[{"embeddable":true,"href":"https:\/\/www.oaxaca.gob.mx\/csneo\/wp-json\/wp\/v2\/users\/1"}],"replies":[{"embeddable":true,"href":"https:\/\/www.oaxaca.gob.mx\/csneo\/wp-json\/wp\/v2\/comments?post=277"}],"version-history":[{"count":0,"href":"https:\/\/www.oaxaca.gob.mx\/csneo\/wp-json\/wp\/v2\/pages\/277\/revisions"}],"wp:featuredmedia":[{"embeddable":true,"href":"https:\/\/www.oaxaca.gob.mx\/csneo\/wp-json\/wp\/v2\/media\/472"}],"wp:attachment":[{"href":"https:\/\/www.oaxaca.gob.mx\/csneo\/wp-json\/wp\/v2\/media?parent=277"}],"wp:term":[{"taxonomy":"category","embeddable":true,"href":"https:\/\/www.oaxaca.gob.mx\/csneo\/wp-json\/wp\/v2\/categories?post=277"},{"taxonomy":"post_tag","embeddable":true,"href":"https:\/\/www.oaxaca.gob.mx\/csneo\/wp-json\/wp\/v2\/tags?post=277"}],"curies":[{"name":"wp","href":"https:\/\/api.w.org\/{rel}","templated":true}]}}