{"id":2691,"date":"2020-01-30T15:09:43","date_gmt":"2020-01-30T21:09:43","guid":{"rendered":"https:\/\/www.oaxaca.gob.mx\/csneo\/?page_id=2691"},"modified":"2020-01-30T15:29:19","modified_gmt":"2020-01-30T21:29:19","slug":"movilidad-laboral-interna-de-jornaleros-agricolas","status":"publish","type":"page","link":"https:\/\/www.oaxaca.gob.mx\/csneo\/movilidad-laboral-de-jornaleros-agricolas\/movilidad-laboral-interna-de-jornaleros-agricolas\/","title":{"rendered":"Movilidad Laboral Interna de Jornaleros Agr\u00edcolas"},"content":{"rendered":"<p><img loading=\"lazy\" decoding=\"async\" class=\"alignnone size-full wp-image-446\" src=\"\/csneo\/wp-content\/uploads\/sites\/9\/2020\/01\/MovilidadLaboralInternaJornalerosAgricolas.jpg\" alt=\"programa-trabajadores-agricolas-temporales\" width=\"1140\" height=\"320\" \/><br \/>\n<a class=\"btn btn-sm btn-info mt-3\" style=\"color:#FFF\" href=\"..\/\"><span class=\"dashicons dashicons-arrow-left-alt2\"><\/span> MOVILIDAD LABORAL DE JORNALEROS AGR\u00cdCOLAS<\/a><\/p>\n<div class=\"card\">\n<div class=\"card-header\">MOVILIDAD LABORAL INTERNA DE JORNALEROS AGR\u00cdCOLAS<\/div>\n<div class=\"card-body\">\n\t\tVincula a los buscadores de trabajo seleccionados que, a petici\u00f3n del empleador, requieren trasladarse a una entidad federativa o municipio distinto a su lugar de residencia para insertarse en un empleo en el sector agr\u00edcola.<\/p>\n<h4 class=\"mt-5\">Apoyos para el buscador de trabajo<\/h4>\n<h5>Atenci\u00f3n personalizada y permanente por parte de un consejero de empleo, que consiste en:<\/h5>\n<ul class=\"listas-geo\">\n<li>Informaci\u00f3n sobre vacantes disponibles.<\/li>\n<li>Registro en su localidad de origen.<\/li>\n<li>Gesti\u00f3n y acompa\u00f1amiento en el reclutamiento.<\/li>\n<li>Vinculaci\u00f3n con el empleador.<\/li>\n<li>Acompa\u00f1amiento durante su periodo de contrataci\u00f3n.<\/li>\n<\/ul>\n<h4 class=\"mt-5\">Apoyos para el empleador<\/h4>\n<h5>Atenci\u00f3n personalizada y permanente por parte de un consejero en reclutamiento que consiste en:<\/h5>\n<ul class=\"listas-geo\">\n<li>Recepci\u00f3n del requerimiento de personal por parte del empleador.<\/li>\n<li>Promoci\u00f3n de vacantes en las entidades federativas de origen de los Buscadores de trabajo.<\/li>\n<li>Informaci\u00f3n de buscadores de trabajo disponibles para cubrir sus vacantes.<\/li>\n<li>Acompa\u00f1amiento en el proceso de reclutamiento y selecci\u00f3n de buscadores de trabajo para la cobertura de vacantes.<\/li>\n<\/ul><\/div>\n<\/div>\n","protected":false},"excerpt":{"rendered":"<p>MOVILIDAD LABORAL DE JORNALEROS AGR\u00cdCOLAS MOVILIDAD LABORAL INTERNA DE JORNALEROS AGR\u00cdCOLAS Vincula a los buscadores de trabajo seleccionados que, a petici\u00f3n del empleador, requieren trasladarse a una entidad federativa o municipio distinto a su lugar de residencia para insertarse en un empleo en el sector agr\u00edcola. Apoyos para el buscador de trabajo Atenci\u00f3n personalizada y [&hellip;]<\/p>\n","protected":false},"author":9,"featured_media":0,"parent":2681,"menu_order":0,"comment_status":"closed","ping_status":"closed","template":"","meta":{"episode_type":"","audio_file":"","podmotor_file_id":"","podmotor_episode_id":"","cover_image":"","cover_image_id":"","duration":"","filesize":"","filesize_raw":"","date_recorded":"","explicit":"","block":"","itunes_episode_number":"","itunes_title":"","itunes_season_number":"","itunes_episode_type":"","footnotes":""},"categories":[],"tags":[],"class_list":["post-2691","page","type-page","status-publish","hentry"],"acf":[],"publishpress_future_action":{"enabled":false,"date":"2026-04-27 09:18:52","action":"change-status","newStatus":"draft","terms":[],"taxonomy":"category","extraData":[]},"publishpress_future_workflow_manual_trigger":{"enabledWorkflows":[]},"_links":{"self":[{"href":"https:\/\/www.oaxaca.gob.mx\/csneo\/wp-json\/wp\/v2\/pages\/2691","targetHints":{"allow":["GET"]}}],"collection":[{"href":"https:\/\/www.oaxaca.gob.mx\/csneo\/wp-json\/wp\/v2\/pages"}],"about":[{"href":"https:\/\/www.oaxaca.gob.mx\/csneo\/wp-json\/wp\/v2\/types\/page"}],"author":[{"embeddable":true,"href":"https:\/\/www.oaxaca.gob.mx\/csneo\/wp-json\/wp\/v2\/users\/9"}],"replies":[{"embeddable":true,"href":"https:\/\/www.oaxaca.gob.mx\/csneo\/wp-json\/wp\/v2\/comments?post=2691"}],"version-history":[{"count":3,"href":"https:\/\/www.oaxaca.gob.mx\/csneo\/wp-json\/wp\/v2\/pages\/2691\/revisions"}],"predecessor-version":[{"id":2699,"href":"https:\/\/www.oaxaca.gob.mx\/csneo\/wp-json\/wp\/v2\/pages\/2691\/revisions\/2699"}],"up":[{"embeddable":true,"href":"https:\/\/www.oaxaca.gob.mx\/csneo\/wp-json\/wp\/v2\/pages\/2681"}],"wp:attachment":[{"href":"https:\/\/www.oaxaca.gob.mx\/csneo\/wp-json\/wp\/v2\/media?parent=2691"}],"wp:term":[{"taxonomy":"category","embeddable":true,"href":"https:\/\/www.oaxaca.gob.mx\/csneo\/wp-json\/wp\/v2\/categories?post=2691"},{"taxonomy":"post_tag","embeddable":true,"href":"https:\/\/www.oaxaca.gob.mx\/csneo\/wp-json\/wp\/v2\/tags?post=2691"}],"curies":[{"name":"wp","href":"https:\/\/api.w.org\/{rel}","templated":true}]}}