{"id":2671,"date":"2020-01-30T10:55:25","date_gmt":"2020-01-30T16:55:25","guid":{"rendered":"https:\/\/www.oaxaca.gob.mx\/csneo\/?page_id=2671"},"modified":"2020-01-30T11:02:21","modified_gmt":"2020-01-30T17:02:21","slug":"movilidad-laboral-externa-para-trabajadores-no-agricolas","status":"publish","type":"page","link":"https:\/\/www.oaxaca.gob.mx\/csneo\/intermediacion-laboral\/movilidad-laboral-externa-para-trabajadores-no-agricolas\/","title":{"rendered":"Movilidad Laboral Externa para Trabajadores no Agr\u00edcolas"},"content":{"rendered":"<p><img loading=\"lazy\" decoding=\"async\" class=\"alignnone size-full wp-image-509\" src=\"\/csneo\/wp-content\/uploads\/sites\/9\/2020\/01\/movilidadExternaNoAgricolas.jpg\" alt=\"bolsa de trabajo sne\" width=\"1140\" height=\"320\" \/><br \/>\n<a class=\"btn btn-sm btn-info mt-3\" style=\"color:#FFF\" href=\"..\/\"><span class=\"dashicons dashicons-arrow-left-alt2\"><\/span> INTERMEDIACI\u00d3N LABORAL<\/a><\/p>\n<div class=\"card\">\n<div class=\"card-body\">\n\t\tServicio de reclutamiento, selecci\u00f3n y vinculaci\u00f3n de buscadores de trabajo con disposici\u00f3n de migrar al extranjero para ocupar vacantes ofertadas por empleadores de mercados de trabajo de otros pa\u00edses; se realiza a trav\u00e9s de un esquema espec\u00edficamente dise\u00f1ado para apoyar las actividades inherentes a este proceso de vinculaci\u00f3n laboral en el extranjero.<\/p>\n<h4 class=\"mt-5\">Apoyos para el buscador de trabajo<\/h4>\n<h5>Atenci\u00f3n personalizada y permanente por parte de un consejero de empleo, que consiste en:<\/h5>\n<ul class=\"listas-geo\">\n<li>Informaci\u00f3n sobre las ofertas de empleos disponibles, acordes a su perfil laboral.<\/li>\n<li>Env\u00edo para cubrir una vacante disponible acorde a su perfil laboral y los requerimientos del empleador.<\/li>\n<li>Informaci\u00f3n y asesor\u00eda para, en su caso, llevar a cabo su solicitud de permiso de trabajo o similar e integraci\u00f3n de expediente que deber\u00e1 enviar a la embajada del pa\u00eds correspondiente.<\/li>\n<li>Acompa\u00f1amiento en las gestiones para su arribo al centro de trabajo en el pa\u00eds de destino.<\/li>\n<li>Informaci\u00f3n relacionada con los servicios que prestan las representaciones consulares en el pa\u00eds en que se encuentre la vacante.<\/li>\n<\/ul>\n<h4 class=\"mt-5\">Apoyos para el empleador<\/h4>\n<h5>Atenci\u00f3n personalizada y permanente por parte de un consejero en reclutamiento que consiste en:<\/h5>\n<ul class=\"listas-geo\">\n<li>Asesor\u00eda para el registro de vacantes de trabajo.<\/li>\n<li>Promoci\u00f3n de vacantes entre buscadores de trabajo.<\/li>\n<li>Informaci\u00f3n de buscadores de trabajo disponibles para sus vacantes.<\/li>\n<li>Reclutamiento y selecci\u00f3n de buscadores de trabajo de acuerdo a los perfiles ocupacionales requeridos por el empleador ubicado en el extranjero.<\/li>\n<li>Seguimiento a la cobertura de vacantes de trabajo.<\/li>\n<\/ul><\/div>\n<\/div>\n","protected":false},"excerpt":{"rendered":"<p>INTERMEDIACI\u00d3N LABORAL Servicio de reclutamiento, selecci\u00f3n y vinculaci\u00f3n de buscadores de trabajo con disposici\u00f3n de migrar al extranjero para ocupar vacantes ofertadas por empleadores de mercados de trabajo de otros pa\u00edses; se realiza a trav\u00e9s de un esquema espec\u00edficamente dise\u00f1ado para apoyar las actividades inherentes a este proceso de vinculaci\u00f3n laboral en el extranjero. Apoyos [&hellip;]<\/p>\n","protected":false},"author":9,"featured_media":0,"parent":2629,"menu_order":0,"comment_status":"closed","ping_status":"closed","template":"","meta":{"episode_type":"","audio_file":"","podmotor_file_id":"","podmotor_episode_id":"","cover_image":"","cover_image_id":"","duration":"","filesize":"","filesize_raw":"","date_recorded":"","explicit":"","block":"","itunes_episode_number":"","itunes_title":"","itunes_season_number":"","itunes_episode_type":"","footnotes":""},"categories":[],"tags":[],"class_list":["post-2671","page","type-page","status-publish","hentry"],"acf":[],"publishpress_future_action":{"enabled":false,"date":"2026-04-28 05:31:24","action":"change-status","newStatus":"draft","terms":[],"taxonomy":"category","extraData":[]},"publishpress_future_workflow_manual_trigger":{"enabledWorkflows":[]},"_links":{"self":[{"href":"https:\/\/www.oaxaca.gob.mx\/csneo\/wp-json\/wp\/v2\/pages\/2671","targetHints":{"allow":["GET"]}}],"collection":[{"href":"https:\/\/www.oaxaca.gob.mx\/csneo\/wp-json\/wp\/v2\/pages"}],"about":[{"href":"https:\/\/www.oaxaca.gob.mx\/csneo\/wp-json\/wp\/v2\/types\/page"}],"author":[{"embeddable":true,"href":"https:\/\/www.oaxaca.gob.mx\/csneo\/wp-json\/wp\/v2\/users\/9"}],"replies":[{"embeddable":true,"href":"https:\/\/www.oaxaca.gob.mx\/csneo\/wp-json\/wp\/v2\/comments?post=2671"}],"version-history":[{"count":2,"href":"https:\/\/www.oaxaca.gob.mx\/csneo\/wp-json\/wp\/v2\/pages\/2671\/revisions"}],"predecessor-version":[{"id":2674,"href":"https:\/\/www.oaxaca.gob.mx\/csneo\/wp-json\/wp\/v2\/pages\/2671\/revisions\/2674"}],"up":[{"embeddable":true,"href":"https:\/\/www.oaxaca.gob.mx\/csneo\/wp-json\/wp\/v2\/pages\/2629"}],"wp:attachment":[{"href":"https:\/\/www.oaxaca.gob.mx\/csneo\/wp-json\/wp\/v2\/media?parent=2671"}],"wp:term":[{"taxonomy":"category","embeddable":true,"href":"https:\/\/www.oaxaca.gob.mx\/csneo\/wp-json\/wp\/v2\/categories?post=2671"},{"taxonomy":"post_tag","embeddable":true,"href":"https:\/\/www.oaxaca.gob.mx\/csneo\/wp-json\/wp\/v2\/tags?post=2671"}],"curies":[{"name":"wp","href":"https:\/\/api.w.org\/{rel}","templated":true}]}}