{"id":253,"date":"2017-10-16T09:24:27","date_gmt":"2017-10-16T14:24:27","guid":{"rendered":"http:\/\/www.sne.oaxaca.gob.mx\/?page_id=253"},"modified":"2017-10-16T09:24:27","modified_gmt":"2017-10-16T14:24:27","slug":"kioscos-de-informacion","status":"publish","type":"page","link":"https:\/\/www.oaxaca.gob.mx\/csneo\/kioscos-de-informacion\/","title":{"rendered":"Kioscos de consulta"},"content":{"rendered":"<p>\t\t\t\tLos Kioscos de consulta son m\u00f3dulos inform\u00e1ticos de autoservicio con acceso a Internet, que permiten la consulta inmediata de las ofertas de empleo que se publican en el Portal de Empleo.<\/p>\n<p>Los Kioscos de consulta del Portal del Empleo son de f\u00e1cil operaci\u00f3n, ya que est\u00e1n equipados con un monitor que permite consultar la informaci\u00f3n por medio del tacto en pantalla.<\/p>\n<p>A trav\u00e9s de estos m\u00f3dulos las personas tienen acceso en forma gratuita a los siguientes servicios:<\/p>\n<ul>\n<li>B\u00fasqueda, consulta e impresi\u00f3n de las ofertas de trabajo que se publican en el Portal del Empleo.<\/li>\n<li>Inscripci\u00f3n a listas de correo electr\u00f3nico para recibir notificaciones sobre ofertas de empleo.<\/li>\n<\/ul>\n<p>Para tener acceso a los Kioscos de consulta del Portal del Empleo, solo se requiere que la persona interesada acuda personalmente a donde se dispone de este servicio. Los servicios son enteramente gratuitos.<\/p>\n<p>&nbsp;<\/p>\n<h4>Ubicaci\u00f3n:<\/h4>\n<ul>\n<li>Terminal ADO Calzada H\u00e9roes de Chapultepec No. 1036,<br \/>\nCol. Centro. C.P. 68000, Oaxaca, Oax.<br \/>\nHorario: 9:00 a 20:00 hrs.<\/li>\n<li>Unidad Regional de Valles Centrales, Eucaliptos No. 412-A, Planta Baja,<br \/>\nCol. Reforma, C.P. 68050, Oaxaca, Oax.<br \/>\nHorario: 8.00 a 16.00 hrs.<\/li>\n<li>Palacio Municipal de Oaxaca, Av. Morelos s\/n,<br \/>\nCol. Centro, Oaxaca de Ju\u00e1rez<br \/>\nHorario: 9:00 a 20:00 hrs.<\/li>\n<\/ul>\n","protected":false},"excerpt":{"rendered":"<p>Los Kioscos de consulta son m\u00f3dulos inform\u00e1ticos de autoservicio con acceso a Internet, que permiten la consulta inmediata de las ofertas de empleo que se publican en el Portal de Empleo. Los Kioscos de consulta del Portal del Empleo son de f\u00e1cil operaci\u00f3n, ya que est\u00e1n equipados con un monitor que permite consultar la informaci\u00f3n [&hellip;]<\/p>\n","protected":false},"author":1,"featured_media":0,"parent":0,"menu_order":0,"comment_status":"closed","ping_status":"closed","template":"","meta":{"episode_type":"","audio_file":"","podmotor_file_id":"","podmotor_episode_id":"","cover_image":"","cover_image_id":"","duration":"","filesize":"","filesize_raw":"","date_recorded":"","explicit":"","block":"","itunes_episode_number":"","itunes_title":"","itunes_season_number":"","itunes_episode_type":"","footnotes":""},"categories":[],"tags":[],"class_list":["post-253","page","type-page","status-publish","hentry"],"acf":[],"publishpress_future_action":{"enabled":false,"date":"2026-04-12 01:43:02","action":"change-status","newStatus":"draft","terms":[],"taxonomy":"category","extraData":[]},"publishpress_future_workflow_manual_trigger":{"enabledWorkflows":[]},"_links":{"self":[{"href":"https:\/\/www.oaxaca.gob.mx\/csneo\/wp-json\/wp\/v2\/pages\/253","targetHints":{"allow":["GET"]}}],"collection":[{"href":"https:\/\/www.oaxaca.gob.mx\/csneo\/wp-json\/wp\/v2\/pages"}],"about":[{"href":"https:\/\/www.oaxaca.gob.mx\/csneo\/wp-json\/wp\/v2\/types\/page"}],"author":[{"embeddable":true,"href":"https:\/\/www.oaxaca.gob.mx\/csneo\/wp-json\/wp\/v2\/users\/1"}],"replies":[{"embeddable":true,"href":"https:\/\/www.oaxaca.gob.mx\/csneo\/wp-json\/wp\/v2\/comments?post=253"}],"version-history":[{"count":0,"href":"https:\/\/www.oaxaca.gob.mx\/csneo\/wp-json\/wp\/v2\/pages\/253\/revisions"}],"wp:attachment":[{"href":"https:\/\/www.oaxaca.gob.mx\/csneo\/wp-json\/wp\/v2\/media?parent=253"}],"wp:term":[{"taxonomy":"category","embeddable":true,"href":"https:\/\/www.oaxaca.gob.mx\/csneo\/wp-json\/wp\/v2\/categories?post=253"},{"taxonomy":"post_tag","embeddable":true,"href":"https:\/\/www.oaxaca.gob.mx\/csneo\/wp-json\/wp\/v2\/tags?post=253"}],"curies":[{"name":"wp","href":"https:\/\/api.w.org\/{rel}","templated":true}]}}