{"id":1741,"date":"2019-05-06T22:38:10","date_gmt":"2019-05-06T20:38:10","guid":{"rendered":"https:\/\/www.oaxaca.gob.mx\/csneo\/?page_id=1741"},"modified":"2019-05-06T22:38:10","modified_gmt":"2019-05-06T20:38:10","slug":"acerca-de-csneo","status":"publish","type":"page","link":"https:\/\/www.oaxaca.gob.mx\/csneo\/acerca-de-csneo\/","title":{"rendered":"Acerca de CSNEO"},"content":{"rendered":"<p>\t\t\t\tEl Servicio Nacional de Empleo (SNE) es la instituci\u00f3n p\u00fablica a nivel nacional que se ocupa de atender de manera gratuita y personalizada los problemas de la b\u00fasqueda de empleo en M\u00e9xico, el SNE brinda a la poblaci\u00f3n servicios de informaci\u00f3n, vinculaci\u00f3n y orientaci\u00f3n ocupacional; as\u00ed como apoyos econ\u00f3micos y de capacitaci\u00f3n; adem\u00e1s de instrumentar estrategias de movilidad laboral interna y externa.<\/p>\n<p>Tiene como principales objetivos facilitar la vinculaci\u00f3n entre oferentes y demandantes de empleo, orientar a los buscadores de empleo y apoyar su calificaci\u00f3n, as\u00ed como auxiliar a las empresas en la b\u00fasqueda de candidatos para cubrir sus vacantes de empleo.<\/p>\n<p>De igual manera, el SNE atiende prioritariamente a grupos de poblaci\u00f3n en desventaja como j\u00f3venes, personas con discapacidad, adultos mayores, mujeres, v\u00edctimas de delitos y personas preliberadas.<\/p>\n<p>Los objetivos de su creaci\u00f3n, de acuerdo con el Art\u00edculo 537 de la\u00a0Ley Federal del Trabajo\u00a0son:<\/p>\n<p class=\"mb-2\" style=\"padding-left: 30px\">\u2022 Promover la generaci\u00f3n de empleos.<\/p>\n<p class=\"mb-2\" style=\"padding-left: 30px\">\u2022 Impulsar y supervisar la colocaci\u00f3n de los trabajadores.<\/p>\n<p class=\"mb-2\" style=\"padding-left: 30px\">\u2022 Organizar, promover y supervisar la capacitaci\u00f3n y adiestramiento de los trabajadores.<\/p>\n<p class=\"mb-3\" style=\"padding-left: 30px\">\u2022 Registrar las constancias de habilidades laborales.<\/p>\n","protected":false},"excerpt":{"rendered":"<p>El Servicio Nacional de Empleo (SNE) es la instituci\u00f3n p\u00fablica a nivel nacional que se ocupa de atender de manera gratuita y personalizada los problemas de la b\u00fasqueda de empleo en M\u00e9xico, el SNE brinda a la poblaci\u00f3n servicios de informaci\u00f3n, vinculaci\u00f3n y orientaci\u00f3n ocupacional; as\u00ed como apoyos econ\u00f3micos y de capacitaci\u00f3n; adem\u00e1s de instrumentar [&hellip;]<\/p>\n","protected":false},"author":1,"featured_media":0,"parent":0,"menu_order":0,"comment_status":"closed","ping_status":"closed","template":"","meta":{"episode_type":"","audio_file":"","podmotor_file_id":"","podmotor_episode_id":"","cover_image":"","cover_image_id":"","duration":"","filesize":"","filesize_raw":"","date_recorded":"","explicit":"","block":"","itunes_episode_number":"","itunes_title":"","itunes_season_number":"","itunes_episode_type":"","footnotes":""},"categories":[],"tags":[],"class_list":["post-1741","page","type-page","status-publish","hentry"],"acf":[],"publishpress_future_action":{"enabled":false,"date":"2026-05-11 14:06:52","action":"change-status","newStatus":"draft","terms":[],"taxonomy":"category","extraData":[]},"publishpress_future_workflow_manual_trigger":{"enabledWorkflows":[]},"_links":{"self":[{"href":"https:\/\/www.oaxaca.gob.mx\/csneo\/wp-json\/wp\/v2\/pages\/1741","targetHints":{"allow":["GET"]}}],"collection":[{"href":"https:\/\/www.oaxaca.gob.mx\/csneo\/wp-json\/wp\/v2\/pages"}],"about":[{"href":"https:\/\/www.oaxaca.gob.mx\/csneo\/wp-json\/wp\/v2\/types\/page"}],"author":[{"embeddable":true,"href":"https:\/\/www.oaxaca.gob.mx\/csneo\/wp-json\/wp\/v2\/users\/1"}],"replies":[{"embeddable":true,"href":"https:\/\/www.oaxaca.gob.mx\/csneo\/wp-json\/wp\/v2\/comments?post=1741"}],"version-history":[{"count":0,"href":"https:\/\/www.oaxaca.gob.mx\/csneo\/wp-json\/wp\/v2\/pages\/1741\/revisions"}],"wp:attachment":[{"href":"https:\/\/www.oaxaca.gob.mx\/csneo\/wp-json\/wp\/v2\/media?parent=1741"}],"wp:term":[{"taxonomy":"category","embeddable":true,"href":"https:\/\/www.oaxaca.gob.mx\/csneo\/wp-json\/wp\/v2\/categories?post=1741"},{"taxonomy":"post_tag","embeddable":true,"href":"https:\/\/www.oaxaca.gob.mx\/csneo\/wp-json\/wp\/v2\/tags?post=1741"}],"curies":[{"name":"wp","href":"https:\/\/api.w.org\/{rel}","templated":true}]}}