{"id":9922,"date":"2023-02-16T17:14:34","date_gmt":"2023-02-16T23:14:34","guid":{"rendered":"https:\/\/www.oaxaca.gob.mx\/cortv\/?page_id=9922"},"modified":"2026-04-13T14:42:33","modified_gmt":"2026-04-13T20:42:33","slug":"avance-de-gestion-2","status":"publish","type":"page","link":"https:\/\/www.oaxaca.gob.mx\/cortv\/avance-de-gestion-2\/","title":{"rendered":"Avance de Gesti\u00f3n"},"content":{"rendered":"<h1><span style=\"color: #800000\">Avance de Gesti\u00f3n a Nivel Actividad Primer Trimestre 2026<\/span><\/h1>\n<hr \/>\n<a href=\"https:\/\/www.oaxaca.gob.mx\/cortv\/wp-content\/uploads\/sites\/79\/2026\/04\/Avance-ge-Gestion-a-Nivel-Actividad-Primer-Trimestre-2026.pdf\" class=\"pdfemb-viewer\" style=\"\" data-width=\"max\" data-height=\"max\" data-toolbar=\"top\" data-toolbar-fixed=\"on\">Avance-ge-Gestion-a-Nivel-Actividad-Primer-Trimestre-2026<\/a>\n<h1><span style=\"color: #800000\">Avance de Gesti\u00f3n a Nivel Actividad Tercer Trimestre 2025<\/span><\/h1>\n<h1><span style=\"color: #800000\">REPORTE AVANCE DE GESTI\u00d3N DEL COMPONENTE SEGUNDO SEMESTRE 2025<\/span><\/h1>\n<hr \/>\n<a href=\"https:\/\/www.oaxaca.gob.mx\/cortv\/wp-content\/uploads\/sites\/79\/2026\/01\/REPORTE-AVANCE-DE-GESTION-DEL-COMPONENTE-SEGUNDO-SEMESTRE-2025.pdf\" class=\"pdfemb-viewer\" style=\"\" data-width=\"max\" data-height=\"max\" data-toolbar=\"top\" data-toolbar-fixed=\"on\">REPORTE-AVANCE-DE-GESTION-DEL-COMPONENTE-SEGUNDO-SEMESTRE-2025<\/a>\n<h1><span style=\"color: #800000\">Avance de Gesti\u00f3n a Nivel Actividad Tercer Trimestre 2025<\/span><\/h1>\n<hr \/>\n<h1><span style=\"color: #800000\">Avance de Gesti\u00f3n a Nivel Actividad Cuarto Trimestre 2025<\/span><\/h1>\n<hr \/>\n<a href=\"https:\/\/www.oaxaca.gob.mx\/cortv\/wp-content\/uploads\/sites\/79\/2026\/01\/Avance-de-Gestion-a-Nivel-Actividad-Cuarto-Trimestre-2025.pdf\" class=\"pdfemb-viewer\" style=\"\" data-width=\"max\" data-height=\"max\" data-toolbar=\"top\" data-toolbar-fixed=\"on\">Avance-de-Gestion-a-Nivel-Actividad-Cuarto-Trimestre-2025<\/a>\n<h1><span style=\"color: #800000\">Avance de Gesti\u00f3n a Nivel Actividad Tercer Trimestre 2025<\/span><\/h1>\n<hr \/>\n<a href=\"https:\/\/www.oaxaca.gob.mx\/cortv\/wp-content\/uploads\/sites\/79\/2025\/10\/REPORTE-DE-AVANCE-TRIMESTRAL-3ER-TRIMESTRE-2025.pdf\" class=\"pdfemb-viewer\" style=\"\" data-width=\"max\" data-height=\"max\" data-toolbar=\"top\" data-toolbar-fixed=\"on\">REPORTE-DE-AVANCE-TRIMESTRAL-3ER-TRIMESTRE-2025<\/a>\n<h1><span style=\"color: #800000\">Reporte de Avance de Gesti\u00f3n del Componente Primer Semestre 2025<\/span><\/h1>\n<hr \/>\n<a href=\"https:\/\/www.oaxaca.gob.mx\/cortv\/wp-content\/uploads\/sites\/79\/2025\/07\/Reporte-de-Avance-de-Gestion-del-Componente-Primer-Semestre-2025.pdf\" class=\"pdfemb-viewer\" style=\"\" data-width=\"max\" data-height=\"max\" data-toolbar=\"top\" data-toolbar-fixed=\"on\">Reporte-de-Avance-de-Gestion-del-Componente-Primer-Semestre-2025<\/a>\n<hr \/>\n<h1><span style=\"color: #800000\">Avance de Gesti\u00f3n a Nivel Actividad Segundo Trimestre 2025.<\/span><\/h1>\n<hr \/>\n<a href=\"https:\/\/www.oaxaca.gob.mx\/cortv\/wp-content\/uploads\/sites\/79\/2025\/07\/Avance-de-Gestion-a-Nivel-Actividad-Segundo-Trimestre-2025.pdf\" class=\"pdfemb-viewer\" style=\"\" data-width=\"max\" data-height=\"max\" data-toolbar=\"top\" data-toolbar-fixed=\"on\">Avance-de-Gestion-a-Nivel-Actividad-Segundo-Trimestre-2025<\/a>\n<hr \/>\n<h1><span style=\"color: #800000\">Avance de Gesti\u00f3n a Nivel Actividad Primer Trimestre 2025.<\/span><\/h1>\n<hr \/>\n<a href=\"https:\/\/www.oaxaca.gob.mx\/cortv\/wp-content\/uploads\/sites\/79\/2025\/04\/AVANCE-DE-GESTION-A-NIVEL-ACTIVIDAD-PRIMER-TRIMESTRE-2025.pdf\" class=\"pdfemb-viewer\" style=\"\" data-width=\"max\" data-height=\"max\" data-toolbar=\"top\" data-toolbar-fixed=\"on\">AVANCE-DE-GESTION-A-NIVEL-ACTIVIDAD-PRIMER-TRIMESTRE-2025<\/a>\n<hr \/>\n<h1><span style=\"color: #800000\">Reporte de Avance de Gesti\u00f3n de Componentes del Segundo Semestre 2024.<\/span><\/h1>\n<hr \/>\n<a href=\"https:\/\/www.oaxaca.gob.mx\/cortv\/wp-content\/uploads\/sites\/79\/2025\/03\/REPORTE-DE-AVANCE-DE-GESTION-DE-COMPONENTES-DEL-SEGUNDO-SEMESTRE-2024.pdf\" class=\"pdfemb-viewer\" style=\"\" data-width=\"max\" data-height=\"max\" data-toolbar=\"top\" data-toolbar-fixed=\"on\">REPORTE-DE-AVANCE-DE-GESTION-DE-COMPONENTES-DEL-SEGUNDO-SEMESTRE-2024<\/a>\n<hr \/>\n<h1><span style=\"color: #800000\">Reporte de Avance de Gesti\u00f3n del Cuarto Trimestre 2024.<\/span><\/h1>\n<hr \/>\n<a href=\"https:\/\/www.oaxaca.gob.mx\/cortv\/wp-content\/uploads\/sites\/79\/2025\/03\/REPORTE-DE-AVANCE-DE-GESTION-DEL-CUARTO-TRIMESTRE-2024.pdf\" class=\"pdfemb-viewer\" style=\"\" data-width=\"max\" data-height=\"max\" data-toolbar=\"top\" data-toolbar-fixed=\"on\">REPORTE-DE-AVANCE-DE-GESTION-DEL-CUARTO-TRIMESTRE-2024<\/a>\n<hr \/>\n<h1><span style=\"color: #800000\">Avance de Gesti\u00f3n a Nivel Actividad Tercer Trimestre.<\/span><\/h1>\n<hr \/>\n<a href=\"https:\/\/www.oaxaca.gob.mx\/cortv\/wp-content\/uploads\/sites\/79\/2024\/10\/AVANCE-DE-GESTION-A-NIVEL-ACTIVIDAD-TERCER-TRIMESTRE-2024.pdf\" class=\"pdfemb-viewer\" style=\"\" data-width=\"max\" data-height=\"max\" data-toolbar=\"top\" data-toolbar-fixed=\"on\">AVANCE-DE-GESTION-A-NIVEL-ACTIVIDAD-TERCER-TRIMESTRE-2024<\/a>\n<hr \/>\n<h1><span style=\"color: #800000\">Reporte de avance de Gesti\u00f3n del Componente del Primer Semestre 2024.<\/span><\/h1>\n<hr \/>\n<a href=\"https:\/\/www.oaxaca.gob.mx\/cortv\/wp-content\/uploads\/sites\/79\/2024\/08\/REPORTE-DE-AVANCE-DE-GESTION-DEL-COMPONENTE-PRIMER-SEMESTRE-2024.pdf\" class=\"pdfemb-viewer\" style=\"\" data-width=\"max\" data-height=\"max\" data-toolbar=\"top\" data-toolbar-fixed=\"on\">REPORTE-DE-AVANCE-DE-GESTION-DEL-COMPONENTE-PRIMER-SEMESTRE-2024<\/a>\n<hr \/>\n<h1><span style=\"color: #800000\">Avance De Gesti\u00f3n a Nivel Actividad Segundo Trimestre 2024.<\/span><\/h1>\n<hr \/>\n<a href=\"https:\/\/www.oaxaca.gob.mx\/cortv\/wp-content\/uploads\/sites\/79\/2024\/07\/Avance-de-Gestion-a-Nivel-Actividad-Segundo-Trimestre.pdf\" class=\"pdfemb-viewer\" style=\"\" data-width=\"max\" data-height=\"max\" data-toolbar=\"top\" data-toolbar-fixed=\"on\">Avance-de-Gestion-a-Nivel-Actividad-Segundo-Trimestre<\/a>\n<hr \/>\n<h1><span style=\"color: #800000\">Avance De Gesti\u00f3n a Nivel Actividad Primer Trimestre 2024.<\/span><\/h1>\n<hr \/>\n<a href=\"https:\/\/www.oaxaca.gob.mx\/cortv\/wp-content\/uploads\/sites\/79\/2024\/04\/AVANCE-DE-GESTION-A-NIVEL-ACTIVIDAD-PRIMER-TRIMESTRE-2024.pdf\" class=\"pdfemb-viewer\" style=\"\" data-width=\"max\" data-height=\"max\" data-toolbar=\"top\" data-toolbar-fixed=\"on\">AVANCE-DE-GESTION-A-NIVEL-ACTIVIDAD-PRIMER-TRIMESTRE-2024<\/a>\n<hr \/>\n<h1><span style=\"color: #800000\">Avance de Gesti\u00f3n del Prop\u00f3sito Anual 2023.<\/span><\/h1>\n<hr \/>\n<a href=\"https:\/\/www.oaxaca.gob.mx\/cortv\/wp-content\/uploads\/sites\/79\/2024\/05\/AVANCE-DE-GESTION-DEL-PROPOSITO-ANUAL-2023.pdf\" class=\"pdfemb-viewer\" style=\"\" data-width=\"max\" data-height=\"max\" data-toolbar=\"top\" data-toolbar-fixed=\"on\">AVANCE-DE-GESTION-DEL-PROPOSITO-ANUAL-2023<\/a>\n<hr \/>\n<h1><span style=\"color: #800000\">Avance de Gesti\u00f3n del Componente correspondiente al segundo semestre 2023.<\/span><\/h1>\n<hr \/>\n<a href=\"https:\/\/www.oaxaca.gob.mx\/cortv\/wp-content\/uploads\/sites\/79\/2024\/05\/AVANCE-DE-GESTION-DEL-COMPONENTE-SEGUNDO-SEMESTRE-2023.pdf\" class=\"pdfemb-viewer\" style=\"\" data-width=\"max\" data-height=\"max\" data-toolbar=\"top\" data-toolbar-fixed=\"on\">AVANCE-DE-GESTION-DEL-COMPONENTE-SEGUNDO-SEMESTRE-2023<\/a>\n<hr \/>\n<h1><span style=\"color: #800000\">Avance de Gesti\u00f3n a Nivel Actividad Cuarto Trimestre 2023.<\/span><\/h1>\n<hr \/>\n<a href=\"https:\/\/www.oaxaca.gob.mx\/cortv\/wp-content\/uploads\/sites\/79\/2024\/05\/AVANCE-DE-GESTION-A-NIVEL-ACTIVIDAD-CUARTO-TRIMESTRE-2023.pdf\" class=\"pdfemb-viewer\" style=\"\" data-width=\"max\" data-height=\"max\" data-toolbar=\"top\" data-toolbar-fixed=\"on\">AVANCE-DE-GESTION-A-NIVEL-ACTIVIDAD-CUARTO-TRIMESTRE-2023<\/a>\n<hr \/>\n<h1><span style=\"color: #800000\">Avance de Gesti\u00f3n a Nivel Actividad Tercer Trimestre 2023.<\/span><\/h1>\n<hr \/>\n<a href=\"https:\/\/www.oaxaca.gob.mx\/cortv\/wp-content\/uploads\/sites\/79\/2024\/05\/AVANCE-DE-GESTION-A-NIVEL-ACTIVIDAD-TERCER-TRIMESTRE-2023.pdf\" class=\"pdfemb-viewer\" style=\"\" data-width=\"max\" data-height=\"max\" data-toolbar=\"top\" data-toolbar-fixed=\"on\">AVANCE-DE-GESTION-A-NIVEL-ACTIVIDAD-TERCER-TRIMESTRE-2023<\/a>\n<hr \/>\n<h1><span style=\"color: #800000\">Avance de Gesti\u00f3n del Componente correspondiente al primer semestre.<\/span><\/h1>\n<hr \/>\n<a href=\"https:\/\/www.oaxaca.gob.mx\/cortv\/wp-content\/uploads\/sites\/79\/2023\/09\/REPORTE-DE-AVANCE-DE-GESTION-DEL-COMPONENTE-PRIMER-SEMESTRE.pdf\" class=\"pdfemb-viewer\" style=\"\" data-width=\"max\" data-height=\"max\" data-toolbar=\"top\" data-toolbar-fixed=\"on\">REPORTE-DE-AVANCE-DE-GESTION-DEL-COMPONENTE-PRIMER-SEMESTRE<\/a>\n<hr \/>\n<h1><span style=\"color: #800000\">Reporte de Avance de Gesti\u00f3n Segundo Trimestre 2023.<\/span><\/h1>\n<hr \/>\n<a href=\"https:\/\/www.oaxaca.gob.mx\/cortv\/wp-content\/uploads\/sites\/79\/2023\/07\/REPORTE-DE-AVANCE-DE-GESTION-DEL-SEGUNDO-TRIMESTRE..pdf\" class=\"pdfemb-viewer\" style=\"\" data-width=\"max\" data-height=\"max\" data-toolbar=\"top\" data-toolbar-fixed=\"on\">REPORTE-DE-AVANCE-DE-GESTION-DEL-SEGUNDO-TRIMESTRE.<\/a>\n<hr \/>\n<p>&nbsp;<\/p>\n<h1><span style=\"color: #800000\">Reporte de Avance de Gesti\u00f3n Primer Trimestre 2023.<\/span><\/h1>\n<hr \/>\n<a href=\"https:\/\/www.oaxaca.gob.mx\/cortv\/wp-content\/uploads\/sites\/79\/2023\/06\/Reporte-de-Avance-de-Gestion-Primer-Trimestre-2023.pdf\" class=\"pdfemb-viewer\" style=\"\" data-width=\"max\" data-height=\"max\" data-toolbar=\"top\" data-toolbar-fixed=\"on\">Reporte-de-Avance-de-Gestion-Primer-Trimestre-2023<\/a>\n<hr \/>\n<h1><span style=\"color: #800000\">Reporte de Avance de Gesti\u00f3n del Prop\u00f3sito.<\/span><\/h1>\n<p>&nbsp;<\/p>\n<a href=\"https:\/\/www.oaxaca.gob.mx\/cortv\/wp-content\/uploads\/sites\/79\/2023\/03\/Reporte-de-Avance-de-Gestion-del-Proposito.pdf\" class=\"pdfemb-viewer\" style=\"\" data-width=\"max\" data-height=\"max\" data-toolbar=\"top\" data-toolbar-fixed=\"on\">Reporte-de-Avance-de-Gestion-del-Proposito<\/a>\n<hr \/>\n<h1><span style=\"color: #800000\">Programa Operativo Anual 2023.<\/span><\/h1>\n<h1><span style=\"color: #800000\">Matr\u00edz de indicadores para Resultados.<\/span><\/h1>\n<h1><span style=\"color: #800000\">Reporte MIR inicial.<\/span><\/h1>\n<hr \/>\n<a href=\"https:\/\/www.oaxaca.gob.mx\/cortv\/wp-content\/uploads\/sites\/79\/2023\/03\/MIR-INICIAL-2023.pdf\" class=\"pdfemb-viewer\" style=\"\" data-width=\"max\" data-height=\"max\" data-toolbar=\"top\" data-toolbar-fixed=\"on\">MIR-INICIAL-2023<\/a>\n<hr \/>\n<h1><span style=\"color: #800000\">Avance de Gesti\u00f3n de Componente correspondiente al segundo semestre.<\/span><\/h1>\n<hr \/>\n<a href=\"https:\/\/www.oaxaca.gob.mx\/cortv\/wp-content\/uploads\/sites\/79\/2023\/02\/Avance-de-Gestion-del-Componente-segundo-semestre.pdf\" class=\"pdfemb-viewer\" style=\"\" data-width=\"max\" data-height=\"max\" data-toolbar=\"top\" data-toolbar-fixed=\"on\">Avance-de-Gestion-del-Componente-segundo-semestre<\/a>\n<hr \/>\n<p>&nbsp;<\/p>\n","protected":false},"excerpt":{"rendered":"<p>Avance de Gesti\u00f3n a Nivel Actividad Primer Trimestre 2026 Avance de Gesti\u00f3n a Nivel Actividad Tercer Trimestre 2025 REPORTE AVANCE DE GESTI\u00d3N DEL COMPONENTE SEGUNDO SEMESTRE 2025 Avance de Gesti\u00f3n a Nivel Actividad Tercer Trimestre 2025 Avance de Gesti\u00f3n a Nivel Actividad Cuarto Trimestre 2025 Avance de Gesti\u00f3n a Nivel Actividad Tercer Trimestre 2025 Reporte [&hellip;]<\/p>\n","protected":false},"author":97,"featured_media":0,"parent":0,"menu_order":0,"comment_status":"closed","ping_status":"closed","template":"","meta":{"episode_type":"","audio_file":"","podmotor_file_id":"","podmotor_episode_id":"","cover_image":"","cover_image_id":"","duration":"","filesize":"","filesize_raw":"","date_recorded":"","explicit":"","block":"","itunes_episode_number":"","itunes_title":"","itunes_season_number":"","itunes_episode_type":"","footnotes":""},"categories":[],"tags":[],"class_list":["post-9922","page","type-page","status-publish","hentry"],"acf":[],"publishpress_future_action":{"enabled":false,"date":"2026-04-23 21:11:42","action":"change-status","newStatus":"draft","terms":[],"taxonomy":"category","extraData":[]},"publishpress_future_workflow_manual_trigger":{"enabledWorkflows":[]},"_links":{"self":[{"href":"https:\/\/www.oaxaca.gob.mx\/cortv\/wp-json\/wp\/v2\/pages\/9922","targetHints":{"allow":["GET"]}}],"collection":[{"href":"https:\/\/www.oaxaca.gob.mx\/cortv\/wp-json\/wp\/v2\/pages"}],"about":[{"href":"https:\/\/www.oaxaca.gob.mx\/cortv\/wp-json\/wp\/v2\/types\/page"}],"author":[{"embeddable":true,"href":"https:\/\/www.oaxaca.gob.mx\/cortv\/wp-json\/wp\/v2\/users\/97"}],"replies":[{"embeddable":true,"href":"https:\/\/www.oaxaca.gob.mx\/cortv\/wp-json\/wp\/v2\/comments?post=9922"}],"version-history":[{"count":3,"href":"https:\/\/www.oaxaca.gob.mx\/cortv\/wp-json\/wp\/v2\/pages\/9922\/revisions"}],"predecessor-version":[{"id":16043,"href":"https:\/\/www.oaxaca.gob.mx\/cortv\/wp-json\/wp\/v2\/pages\/9922\/revisions\/16043"}],"wp:attachment":[{"href":"https:\/\/www.oaxaca.gob.mx\/cortv\/wp-json\/wp\/v2\/media?parent=9922"}],"wp:term":[{"taxonomy":"category","embeddable":true,"href":"https:\/\/www.oaxaca.gob.mx\/cortv\/wp-json\/wp\/v2\/categories?post=9922"},{"taxonomy":"post_tag","embeddable":true,"href":"https:\/\/www.oaxaca.gob.mx\/cortv\/wp-json\/wp\/v2\/tags?post=9922"}],"curies":[{"name":"wp","href":"https:\/\/api.w.org\/{rel}","templated":true}]}}