{"id":859,"date":"2016-11-14T17:01:53","date_gmt":"2016-11-14T23:01:53","guid":{"rendered":"http:\/\/www.cortv.oaxaca.gob.mx\/?page_id=859"},"modified":"2024-09-04T16:58:48","modified_gmt":"2024-09-04T22:58:48","slug":"noticias","status":"publish","type":"page","link":"https:\/\/www.oaxaca.gob.mx\/cortv\/noticias\/","title":{"rendered":"Noticiero de CORTV"},"content":{"rendered":"<h1><img loading=\"lazy\" decoding=\"async\" class=\"alignnone wp-image-11965 size-full\" src=\"https:\/\/www.oaxaca.gob.mx\/cortv\/wp-content\/uploads\/sites\/79\/2024\/09\/noticias-02.png\" alt=\"\" width=\"1141\" height=\"451\" srcset=\"https:\/\/www.oaxaca.gob.mx\/cortv\/wp-content\/uploads\/sites\/79\/2024\/09\/noticias-02.png 1141w, https:\/\/www.oaxaca.gob.mx\/cortv\/wp-content\/uploads\/sites\/79\/2024\/09\/noticias-02-300x119.png 300w, https:\/\/www.oaxaca.gob.mx\/cortv\/wp-content\/uploads\/sites\/79\/2024\/09\/noticias-02-1024x405.png 1024w, https:\/\/www.oaxaca.gob.mx\/cortv\/wp-content\/uploads\/sites\/79\/2024\/09\/noticias-02-768x304.png 768w\" sizes=\"auto, (max-width: 1141px) 100vw, 1141px\" \/><\/h1>\n<h2><span style=\"font-weight: 400;color: #800000\">El noticiero de la Corporaci\u00f3n Oaxaque\u00f1a de Radio y Televisi\u00f3n, comparte las noticias m\u00e1s destacadas a nivel regional, nacional e internacional, presentadas a trav\u00e9s del canal 19.1 HD, en la plataforma de Facebook, Youtube y en las se\u00f1ales de #Oaxaque\u00f1aRadio y #Global 96.9 FM.<\/span><\/h2>\n<h2><\/h2>\n<h2><span style=\"color: #800000\"><b>DE LUNES A VIERNES:<\/b><\/span><\/h2>\n<h2><span style=\"font-weight: 400;color: #800000\">EMISI\u00d3N MATUTINA: 8: 30 H<\/span><\/h2>\n<h2><span style=\"font-weight: 400;color: #800000\">EMISI\u00d3N VESPERTINA:\u00a0<\/span><\/h2>\n<h2><span style=\"font-weight: 400;color: #800000\">15: 00 H<\/span><\/h2>\n<h2><span style=\"font-weight: 400;color: #800000\">EMISI\u00d3N NOCTURNA<\/span><\/h2>\n<h2><span style=\"font-weight: 400;color: #800000\">20: 00 H<\/span><\/h2>\n<h2><span style=\"color: #800000\"><b>S\u00c1BADO:<\/b><\/span><\/h2>\n<h2><span style=\"font-weight: 400;color: #800000\">14: 00 H<\/span><\/h2>\n<hr \/>\n<h2 style=\"text-align: center\"><a href=\"https:\/\/www.youtube.com\/playlist?list=PLX2X2OK7fDYDibTHpeTMVoqBlJfQXyUze\">https:\/\/www.youtube.com\/playlist?list=PLX2X2OK7fDYDibTHpeTMVoqBlJfQXyUze<\/a><\/h2>\n<p>&nbsp;<\/p>\n","protected":false},"excerpt":{"rendered":"<p>El noticiero de la Corporaci\u00f3n Oaxaque\u00f1a de Radio y Televisi\u00f3n, comparte las noticias m\u00e1s destacadas a nivel regional, nacional e internacional, presentadas a trav\u00e9s del canal 19.1 HD, en la plataforma de Facebook, Youtube y en las se\u00f1ales de #Oaxaque\u00f1aRadio y #Global 96.9 FM. DE LUNES A VIERNES: EMISI\u00d3N MATUTINA: 8: 30 H EMISI\u00d3N VESPERTINA:\u00a0 [&hellip;]<\/p>\n","protected":false},"author":1,"featured_media":0,"parent":0,"menu_order":0,"comment_status":"closed","ping_status":"closed","template":"","meta":{"episode_type":"","audio_file":"","podmotor_file_id":"","podmotor_episode_id":"","cover_image":"","cover_image_id":"","duration":"","filesize":"","filesize_raw":"","date_recorded":"","explicit":"","block":"","itunes_episode_number":"","itunes_title":"","itunes_season_number":"","itunes_episode_type":"","footnotes":""},"categories":[],"tags":[],"class_list":["post-859","page","type-page","status-publish","hentry"],"acf":[],"publishpress_future_action":{"enabled":false,"date":"2026-05-21 20:36:13","action":"change-status","newStatus":"draft","terms":[],"taxonomy":"category","extraData":[]},"publishpress_future_workflow_manual_trigger":{"enabledWorkflows":[]},"_links":{"self":[{"href":"https:\/\/www.oaxaca.gob.mx\/cortv\/wp-json\/wp\/v2\/pages\/859","targetHints":{"allow":["GET"]}}],"collection":[{"href":"https:\/\/www.oaxaca.gob.mx\/cortv\/wp-json\/wp\/v2\/pages"}],"about":[{"href":"https:\/\/www.oaxaca.gob.mx\/cortv\/wp-json\/wp\/v2\/types\/page"}],"author":[{"embeddable":true,"href":"https:\/\/www.oaxaca.gob.mx\/cortv\/wp-json\/wp\/v2\/users\/1"}],"replies":[{"embeddable":true,"href":"https:\/\/www.oaxaca.gob.mx\/cortv\/wp-json\/wp\/v2\/comments?post=859"}],"version-history":[{"count":2,"href":"https:\/\/www.oaxaca.gob.mx\/cortv\/wp-json\/wp\/v2\/pages\/859\/revisions"}],"predecessor-version":[{"id":12036,"href":"https:\/\/www.oaxaca.gob.mx\/cortv\/wp-json\/wp\/v2\/pages\/859\/revisions\/12036"}],"wp:attachment":[{"href":"https:\/\/www.oaxaca.gob.mx\/cortv\/wp-json\/wp\/v2\/media?parent=859"}],"wp:term":[{"taxonomy":"category","embeddable":true,"href":"https:\/\/www.oaxaca.gob.mx\/cortv\/wp-json\/wp\/v2\/categories?post=859"},{"taxonomy":"post_tag","embeddable":true,"href":"https:\/\/www.oaxaca.gob.mx\/cortv\/wp-json\/wp\/v2\/tags?post=859"}],"curies":[{"name":"wp","href":"https:\/\/api.w.org\/{rel}","templated":true}]}}