{"id":7778,"date":"2020-08-24T11:42:33","date_gmt":"2020-08-24T16:42:33","guid":{"rendered":"https:\/\/www.oaxaca.gob.mx\/cortv\/?page_id=7778"},"modified":"2023-10-02T16:44:23","modified_gmt":"2023-10-02T22:44:23","slug":"buzon-de-quejas-y-denuncias","status":"publish","type":"page","link":"https:\/\/www.oaxaca.gob.mx\/cortv\/buzon-de-quejas-y-denuncias\/","title":{"rendered":"Buz\u00f3n de Quejas y Denuncias"},"content":{"rendered":"<p style=\"text-align: center\"><img loading=\"lazy\" decoding=\"async\" class=\"wp-image-10666 aligncenter\" src=\"https:\/\/www.oaxaca.gob.mx\/cortv\/wp-content\/uploads\/sites\/79\/2023\/09\/BUZON-2023-300x213.png\" alt=\"\" width=\"593\" height=\"421\" srcset=\"https:\/\/www.oaxaca.gob.mx\/cortv\/wp-content\/uploads\/sites\/79\/2023\/09\/BUZON-2023-300x213.png 300w, https:\/\/www.oaxaca.gob.mx\/cortv\/wp-content\/uploads\/sites\/79\/2023\/09\/BUZON-2023-1024x726.png 1024w, https:\/\/www.oaxaca.gob.mx\/cortv\/wp-content\/uploads\/sites\/79\/2023\/09\/BUZON-2023-768x545.png 768w, https:\/\/www.oaxaca.gob.mx\/cortv\/wp-content\/uploads\/sites\/79\/2023\/09\/BUZON-2023-1536x1090.png 1536w, https:\/\/www.oaxaca.gob.mx\/cortv\/wp-content\/uploads\/sites\/79\/2023\/09\/BUZON-2023.png 1748w\" sizes=\"auto, (max-width: 593px) 100vw, 593px\" \/><\/p>\n<p style=\"text-align: center\"><strong>Medios para presentar quejas o denuncias por actos contrarios a la integridad ante<br \/>\nel Comit\u00e9 de \u00c9tica y de Prevenci\u00f3n de Conflicto de inter\u00e9s de la Corporaci\u00f3n Oaxaque\u00f1a de Radio y Televisi\u00f3n<br \/>\nCorreo electr\u00f3nico institucional: <a href=\"http:\/\/comitetica@cortv.oaxaca.gob.mx\" target=\"_blank\" rel=\"noopener noreferrer\">comitetica@cortv.oaxaca.gob.mx <\/a><br \/>\nPor escrito: En la oficina administrativa de la Corporaci\u00f3n Oaxaque\u00f1a de Radio Y Televisi\u00f3n,<br \/>\nubicada en Avenida Manuel G\u00f3mez Mor\u00edn 116, Col Santa Cruz, San Jacinto Amilpas, CP.68285, Oaxaca Oax.<\/strong><\/p>\n<p style=\"text-align: center\"><img loading=\"lazy\" decoding=\"async\" class=\"wp-image-10665 aligncenter\" src=\"https:\/\/www.oaxaca.gob.mx\/cortv\/wp-content\/uploads\/sites\/79\/2023\/09\/FORMATO-DE-QUEJA-232x300.jpg\" alt=\"\" width=\"783\" height=\"1013\" srcset=\"https:\/\/www.oaxaca.gob.mx\/cortv\/wp-content\/uploads\/sites\/79\/2023\/09\/FORMATO-DE-QUEJA-232x300.jpg 232w, https:\/\/www.oaxaca.gob.mx\/cortv\/wp-content\/uploads\/sites\/79\/2023\/09\/FORMATO-DE-QUEJA-791x1024.jpg 791w, https:\/\/www.oaxaca.gob.mx\/cortv\/wp-content\/uploads\/sites\/79\/2023\/09\/FORMATO-DE-QUEJA-768x994.jpg 768w, https:\/\/www.oaxaca.gob.mx\/cortv\/wp-content\/uploads\/sites\/79\/2023\/09\/FORMATO-DE-QUEJA-1187x1536.jpg 1187w, https:\/\/www.oaxaca.gob.mx\/cortv\/wp-content\/uploads\/sites\/79\/2023\/09\/FORMATO-DE-QUEJA-1583x2048.jpg 1583w, https:\/\/www.oaxaca.gob.mx\/cortv\/wp-content\/uploads\/sites\/79\/2023\/09\/FORMATO-DE-QUEJA-scaled.jpg 1978w\" sizes=\"auto, (max-width: 783px) 100vw, 783px\" \/><\/p>\n<p align=\"center\">\n<p align=\"center\">\n<p style=\"text-align: center\" align=\"center\"><a href=\"https:\/\/www.oaxaca.gob.mx\/cortv\/wp-content\/uploads\/sites\/79\/2023\/09\/FORMATO-DE-QUEJA.pdf\"><b>Descargar Formato de queja<\/b><\/a><\/p>\n<h2 align=\"center\"><\/h2>\n<h2 align=\"center\"><span style=\"color: #800000\"><strong>PROTOCOLO PARA SOMETER QUEJAS Y O DENUNCIAS ANTES EL COMITE DE ETICA Y PREVENCION DE CONFLICTOS DE INTERES DE LA CORTV<\/strong><\/span><\/h2>\n<hr \/>\n<a href=\"https:\/\/www.oaxaca.gob.mx\/cortv\/wp-content\/uploads\/sites\/79\/2023\/10\/PROTOCOLO-PARA-SOMETER-QUEJAS-Y-O-DENUNCIAS-ANTES-EL-COMITE-DE-ETICA-Y-PREVENCION-DE-CONFLICTOS-DE-INTERES-DE-LA-CORTV.pdf\" class=\"pdfemb-viewer\" style=\"\" data-width=\"max\" data-height=\"max\" data-toolbar=\"top\" data-toolbar-fixed=\"on\">PROTOCOLO-PARA-SOMETER-QUEJAS-Y-O-DENUNCIAS-ANTES-EL-COMITE-DE-ETICA-Y-PREVENCION-DE-CONFLICTOS-DE-INTERES-DE-LA-CORTV<\/a>\n<p style=\"text-align: center\">\n","protected":false},"excerpt":{"rendered":"<p>Medios para presentar quejas o denuncias por actos contrarios a la integridad ante el Comit\u00e9 de \u00c9tica y de Prevenci\u00f3n de Conflicto de inter\u00e9s de la Corporaci\u00f3n Oaxaque\u00f1a de Radio y Televisi\u00f3n Correo electr\u00f3nico institucional: comitetica@cortv.oaxaca.gob.mx Por escrito: En la oficina administrativa de la Corporaci\u00f3n Oaxaque\u00f1a de Radio Y Televisi\u00f3n, ubicada en Avenida Manuel G\u00f3mez [&hellip;]<\/p>\n","protected":false},"author":97,"featured_media":0,"parent":0,"menu_order":0,"comment_status":"closed","ping_status":"closed","template":"","meta":{"episode_type":"","audio_file":"","podmotor_file_id":"","podmotor_episode_id":"","cover_image":"","cover_image_id":"","duration":"","filesize":"","filesize_raw":"","date_recorded":"","explicit":"","block":"","itunes_episode_number":"","itunes_title":"","itunes_season_number":"","itunes_episode_type":"","footnotes":""},"categories":[],"tags":[],"class_list":["post-7778","page","type-page","status-publish","hentry"],"acf":[],"publishpress_future_action":{"enabled":false,"date":"2026-05-21 20:46:10","action":"change-status","newStatus":"draft","terms":[],"taxonomy":"category","extraData":[]},"publishpress_future_workflow_manual_trigger":{"enabledWorkflows":[]},"_links":{"self":[{"href":"https:\/\/www.oaxaca.gob.mx\/cortv\/wp-json\/wp\/v2\/pages\/7778","targetHints":{"allow":["GET"]}}],"collection":[{"href":"https:\/\/www.oaxaca.gob.mx\/cortv\/wp-json\/wp\/v2\/pages"}],"about":[{"href":"https:\/\/www.oaxaca.gob.mx\/cortv\/wp-json\/wp\/v2\/types\/page"}],"author":[{"embeddable":true,"href":"https:\/\/www.oaxaca.gob.mx\/cortv\/wp-json\/wp\/v2\/users\/97"}],"replies":[{"embeddable":true,"href":"https:\/\/www.oaxaca.gob.mx\/cortv\/wp-json\/wp\/v2\/comments?post=7778"}],"version-history":[{"count":3,"href":"https:\/\/www.oaxaca.gob.mx\/cortv\/wp-json\/wp\/v2\/pages\/7778\/revisions"}],"predecessor-version":[{"id":10686,"href":"https:\/\/www.oaxaca.gob.mx\/cortv\/wp-json\/wp\/v2\/pages\/7778\/revisions\/10686"}],"wp:attachment":[{"href":"https:\/\/www.oaxaca.gob.mx\/cortv\/wp-json\/wp\/v2\/media?parent=7778"}],"wp:term":[{"taxonomy":"category","embeddable":true,"href":"https:\/\/www.oaxaca.gob.mx\/cortv\/wp-json\/wp\/v2\/categories?post=7778"},{"taxonomy":"post_tag","embeddable":true,"href":"https:\/\/www.oaxaca.gob.mx\/cortv\/wp-json\/wp\/v2\/tags?post=7778"}],"curies":[{"name":"wp","href":"https:\/\/api.w.org\/{rel}","templated":true}]}}