{"id":7776,"date":"2020-08-24T11:42:33","date_gmt":"2020-08-24T16:42:33","guid":{"rendered":"https:\/\/www.oaxaca.gob.mx\/cortv\/?page_id=7776"},"modified":"2024-08-12T16:28:05","modified_gmt":"2024-08-12T22:28:05","slug":"codigo-de-conducta","status":"publish","type":"page","link":"https:\/\/www.oaxaca.gob.mx\/cortv\/codigo-de-conducta\/","title":{"rendered":"C\u00f3digo de Conducta"},"content":{"rendered":"<h1><span style=\"color: #993300\">C\u00f3digo de Conducta 2024<\/span><\/h1>\n<hr \/>\n<a href=\"https:\/\/www.oaxaca.gob.mx\/cortv\/wp-content\/uploads\/sites\/79\/2024\/08\/CODIGO-DE-CONDUCTA-2024.pdf\" class=\"pdfemb-viewer\" style=\"\" data-width=\"max\" data-height=\"max\" data-toolbar=\"top\" data-toolbar-fixed=\"on\">CODIGO-DE-CONDUCTA-2024<\/a>\n<p>&nbsp;<\/p>\n<p>&nbsp;<\/p>\n<h1><span style=\"color: #993300\">C\u00f3digo de Conducta 2023<\/span><\/h1>\n<hr \/>\n<a href=\"https:\/\/www.oaxaca.gob.mx\/cortv\/wp-content\/uploads\/sites\/79\/2023\/09\/CODIGO-DE-CONDUCTA-DE-LA-CORTV-1.pdf\" class=\"pdfemb-viewer\" style=\"\" data-width=\"max\" data-height=\"max\" data-toolbar=\"top\" data-toolbar-fixed=\"on\">CODIGO-DE-CONDUCTA-DE-LA-CORTV-1<\/a>\n<p>&nbsp;<\/p>\n<h1><span style=\"color: #993300\">Protocolo para la Prevenci\u00f3n, Atenci\u00f3n y Sanci\u00f3n del Hostigamiento Sexual y\/o Acoso Sexual en la Administraci\u00f3n P\u00fablica Estatal<\/span><\/h1>\n<hr \/>\n<a href=\"https:\/\/www.oaxaca.gob.mx\/cortv\/wp-content\/uploads\/sites\/79\/2022\/02\/Protocolo-HAS_1.pdf\" class=\"pdfemb-viewer\" style=\"\" data-width=\"max\" data-height=\"max\" data-toolbar=\"top\" data-toolbar-fixed=\"on\">Protocolo-HAS_1<\/a>\n<a href=\"https:\/\/www.oaxaca.gob.mx\/cortv\/wp-content\/uploads\/sites\/79\/2022\/02\/PROTOCOLO-HAS2.pdf\" class=\"pdfemb-viewer\" style=\"\" data-width=\"max\" data-height=\"max\" data-toolbar=\"top\" data-toolbar-fixed=\"on\">PROTOCOLO-HAS2<\/a>\n<p>&nbsp;<\/p>\n<h1><span style=\"color: #993300\">C\u00f3digo de Conducta 2021<\/span><\/h1>\n<hr \/>\n<a href=\"https:\/\/www.oaxaca.gob.mx\/cortv\/wp-content\/uploads\/sites\/79\/2021\/03\/CODIGO-DE-CONDUCTA-CORTV.pdf\" class=\"pdfemb-viewer\" style=\"\" data-width=\"max\" data-height=\"max\" data-toolbar=\"top\" data-toolbar-fixed=\"on\">CODIGO-DE-CONDUCTA-CORTV<\/a>\n<a href=\"https:\/\/www.oaxaca.gob.mx\/cortv\/wp-content\/uploads\/sites\/79\/2020\/08\/CODIGO-DE-CONDUCTA-difusi\u00f3n.pdf\" class=\"pdfemb-viewer\" style=\"\" data-width=\"max\" data-height=\"max\" data-toolbar=\"top\" data-toolbar-fixed=\"on\">CODIGO-DE-CONDUCTA-difusi\u00f3n<\/a>\n<p>&nbsp;<\/p>\n","protected":false},"excerpt":{"rendered":"<p>C\u00f3digo de Conducta 2024 &nbsp; &nbsp; C\u00f3digo de Conducta 2023 &nbsp; Protocolo para la Prevenci\u00f3n, Atenci\u00f3n y Sanci\u00f3n del Hostigamiento Sexual y\/o Acoso Sexual en la Administraci\u00f3n P\u00fablica Estatal &nbsp; C\u00f3digo de Conducta 2021 &nbsp;<\/p>\n","protected":false},"author":97,"featured_media":0,"parent":0,"menu_order":0,"comment_status":"closed","ping_status":"closed","template":"","meta":{"episode_type":"","audio_file":"","podmotor_file_id":"","podmotor_episode_id":"","cover_image":"","cover_image_id":"","duration":"","filesize":"","filesize_raw":"","date_recorded":"","explicit":"","block":"","itunes_episode_number":"","itunes_title":"","itunes_season_number":"","itunes_episode_type":"","footnotes":""},"categories":[],"tags":[],"class_list":["post-7776","page","type-page","status-publish","hentry"],"acf":[],"publishpress_future_action":{"enabled":false,"date":"2026-05-02 05:57:05","action":"change-status","newStatus":"draft","terms":[],"taxonomy":"category","extraData":[]},"publishpress_future_workflow_manual_trigger":{"enabledWorkflows":[]},"_links":{"self":[{"href":"https:\/\/www.oaxaca.gob.mx\/cortv\/wp-json\/wp\/v2\/pages\/7776","targetHints":{"allow":["GET"]}}],"collection":[{"href":"https:\/\/www.oaxaca.gob.mx\/cortv\/wp-json\/wp\/v2\/pages"}],"about":[{"href":"https:\/\/www.oaxaca.gob.mx\/cortv\/wp-json\/wp\/v2\/types\/page"}],"author":[{"embeddable":true,"href":"https:\/\/www.oaxaca.gob.mx\/cortv\/wp-json\/wp\/v2\/users\/97"}],"replies":[{"embeddable":true,"href":"https:\/\/www.oaxaca.gob.mx\/cortv\/wp-json\/wp\/v2\/comments?post=7776"}],"version-history":[{"count":2,"href":"https:\/\/www.oaxaca.gob.mx\/cortv\/wp-json\/wp\/v2\/pages\/7776\/revisions"}],"predecessor-version":[{"id":11868,"href":"https:\/\/www.oaxaca.gob.mx\/cortv\/wp-json\/wp\/v2\/pages\/7776\/revisions\/11868"}],"wp:attachment":[{"href":"https:\/\/www.oaxaca.gob.mx\/cortv\/wp-json\/wp\/v2\/media?parent=7776"}],"wp:term":[{"taxonomy":"category","embeddable":true,"href":"https:\/\/www.oaxaca.gob.mx\/cortv\/wp-json\/wp\/v2\/categories?post=7776"},{"taxonomy":"post_tag","embeddable":true,"href":"https:\/\/www.oaxaca.gob.mx\/cortv\/wp-json\/wp\/v2\/tags?post=7776"}],"curies":[{"name":"wp","href":"https:\/\/api.w.org\/{rel}","templated":true}]}}