{"id":7577,"date":"2020-05-07T17:22:11","date_gmt":"2020-05-07T22:22:11","guid":{"rendered":"https:\/\/www.oaxaca.gob.mx\/cortv\/?page_id=7577"},"modified":"2026-02-16T15:43:50","modified_gmt":"2026-02-16T21:43:50","slug":"administracion-documental","status":"publish","type":"page","link":"https:\/\/www.oaxaca.gob.mx\/cortv\/administracion-documental\/","title":{"rendered":"Administraci\u00f3n Documental"},"content":{"rendered":"<ul id=\"pills-tab\" class=\"nav nav-pills mb-3\" role=\"tablist\">\n<li class=\"nav-item\" role=\"presentation\"><button id=\"pills-SIA-tab\" class=\"nav-link active\" role=\"tab\" type=\"button\" data-bs-toggle=\"pill\" data-bs-target=\"#pills-SIA\" aria-controls=\"pills-SIA\">SIA<\/button><\/li>\n<li class=\"nav-item\" role=\"presentation\"><button id=\"pills-GI-tab\" class=\"nav-link\" role=\"tab\" type=\"button\" data-bs-toggle=\"pill\" data-bs-target=\"#pills-GI\" aria-controls=\"pills-GI\">GI<\/button><\/li>\n<li class=\"nav-item\" role=\"presentation\"><button id=\"pills-BDOC-tab\" class=\"nav-link\" role=\"tab\" type=\"button\" data-bs-toggle=\"pill\" data-bs-target=\"#pills-BDOC\" aria-controls=\"pills-BDOC\">BAJA DOCUMENTAL<\/button><\/li>\n<li class=\"nav-item\" role=\"presentation\"><button id=\"pill-PADA-tab\" class=\"nav-link\" role=\"tab\" type=\"button\" data-bs-toggle=\"pill\" data-bs-target=\"#pills-PADA\" aria-controls=\"pills-PADA\">PADA<\/button><\/li>\n<li class=\"nav-item\" role=\"presentation\"><button id=\"pill-ICC-tab\" class=\"nav-link\" role=\"tab\" type=\"button\" data-bs-toggle=\"pill\" data-bs-target=\"#pills-ICC\" aria-controls=\"pills-ICC\">INSTRUMENTOS DE CONTROL Y CONSULTA<\/button><\/li>\n<\/ul>\n<div id=\"pills-tabContent\" class=\"tab-content\">\n<div id=\"pills-SIA\" class=\"tab-pane fade show active\" role=\"tabpanel\" aria-labelledby=\"pills-SIA-tab\">\n<p><span style=\"color: #993300\">Acta de Primera Sesi\u00f3n Ordinaria del Sistema Institucional de Archivos.<\/span><br \/>\n<a href=\"https:\/\/www.oaxaca.gob.mx\/cortv\/wp-content\/uploads\/sites\/79\/2026\/01\/Acta-de-Primera-Sesion-Ordinaria-del-Sistema-Institucional-de-Archivos.pdf\" class=\"pdfemb-viewer\" style=\"\" data-width=\"max\" data-height=\"max\" data-toolbar=\"top\" data-toolbar-fixed=\"on\">Acta-de-Primera-Sesion-Ordinaria-del-Sistema-Institucional-de-Archivos<\/a>\n<span style=\"color: #993300\">ACTA DE CUARTA SESI\u00d3N ORDINARIA DEL SIA DE LA CORTV.<\/span><br \/>\n<a href=\"https:\/\/www.oaxaca.gob.mx\/cortv\/wp-content\/uploads\/sites\/79\/2025\/11\/ACTA-DE-CUARTA-SESION-ORDINARIA-DEL-SIA-DE-LA-CORTV.pdf\" class=\"pdfemb-viewer\" style=\"\" data-width=\"max\" data-height=\"max\" data-toolbar=\"top\" data-toolbar-fixed=\"on\">ACTA-DE-CUARTA-SESION-ORDINARIA-DEL-SIA-DE-LA-CORTV<\/a>\n<span style=\"color: #993300\">ACTA DE LA PRIMERA SESI\u00d3N EXTRAORDINARIA DEL SISTEMA INSTITUCIONAL DE ARCHIVOS DE LA CORTV.<\/span><br \/>\n<a href=\"https:\/\/www.oaxaca.gob.mx\/cortv\/wp-content\/uploads\/sites\/79\/2025\/10\/ACTA-DE-LA-PRIMERA-SESION-EXTRAORDINARIA-DEL-SISTEMA-INSTITUCIONAL-DE-ARCHIVOS-DE-LA-CORTV-1.pdf\" class=\"pdfemb-viewer\" style=\"\" data-width=\"max\" data-height=\"max\" data-toolbar=\"top\" data-toolbar-fixed=\"on\">ACTA-DE-LA-PRIMERA-SESION-EXTRAORDINARIA-DEL-SISTEMA-INSTITUCIONAL-DE-ARCHIVOS-DE-LA-CORTV-1<\/a>\n<span style=\"color: #993300\">ACTA DE TERCERA SESI\u00d3N ORDINARIA DEL SIA DE LA CORTV.<\/span><br \/>\n<a href=\"https:\/\/www.oaxaca.gob.mx\/cortv\/wp-content\/uploads\/sites\/79\/2025\/09\/ACTA-DE-TERCERA-SESION-ORDINARIA-DEL-SIA-DE-LA-CORTV.pdf\" class=\"pdfemb-viewer\" style=\"\" data-width=\"max\" data-height=\"max\" data-toolbar=\"top\" data-toolbar-fixed=\"on\">ACTA-DE-TERCERA-SESION-ORDINARIA-DEL-SIA-DE-LA-CORTV<\/a>\n<span style=\"color: #993300\">Acta de Segunda Sesi\u00f3n Ordinaria del SIA de la CORTV.<\/span><br \/>\n<a href=\"https:\/\/www.oaxaca.gob.mx\/cortv\/wp-content\/uploads\/sites\/79\/2025\/07\/ACTA-DE-SEGUNDA-SESION-ORDINARIA-DEL-SIA-DE-LA-CORTV.pdf\" class=\"pdfemb-viewer\" style=\"\" data-width=\"max\" data-height=\"max\" data-toolbar=\"top\" data-toolbar-fixed=\"on\">ACTA-DE-SEGUNDA-SESION-ORDINARIA-DEL-SIA-DE-LA-CORTV<\/a>\n<span style=\"color: #993300\">Acta Primera Sesi\u00f3n Ordinaria del SIA 2025.<\/span><br \/>\n<a href=\"https:\/\/www.oaxaca.gob.mx\/cortv\/wp-content\/uploads\/sites\/79\/2025\/02\/ACTA-PRIMERA-SESION-ORDINARIA-DEL-SIA-2025.pdf\" class=\"pdfemb-viewer\" style=\"\" data-width=\"max\" data-height=\"max\" data-toolbar=\"top\" data-toolbar-fixed=\"on\">ACTA-PRIMERA-SESION-ORDINARIA-DEL-SIA-2025<\/a>\n<span style=\"color: #993300\">Acta Tercera Sesi\u00f3n Ordinaria del SIA 2024<\/span><br \/>\n<a href=\"https:\/\/www.oaxaca.gob.mx\/cortv\/wp-content\/uploads\/sites\/79\/2024\/09\/ACTA-DE-TERCERA-SESION-ORINARIA-DEL-SIA-2024.pdf\" class=\"pdfemb-viewer\" style=\"\" data-width=\"max\" data-height=\"max\" data-toolbar=\"top\" data-toolbar-fixed=\"on\">ACTA-DE-TERCERA-SESION-ORINARIA-DEL-SIA-2024<\/a>\n<span style=\"color: #993300\">Acta Primera Sesi\u00f3n Extraordinaria del SIA <\/span><br \/>\n<a href=\"https:\/\/www.oaxaca.gob.mx\/cortv\/wp-content\/uploads\/sites\/79\/2024\/06\/Acta-Primera-Sesion-Extraoirdinaria-SIA.pdf\" class=\"pdfemb-viewer\" style=\"\" data-width=\"max\" data-height=\"max\" data-toolbar=\"top\" data-toolbar-fixed=\"on\">Acta-Primera-Sesion-Extraoirdinaria-SIA<\/a>\n<span style=\"color: #993300\">Acta de Segunda Sesi\u00f3n Ordinaria del SIA de la CORTV<\/span><br \/>\n<a href=\"https:\/\/www.oaxaca.gob.mx\/cortv\/wp-content\/uploads\/sites\/79\/2024\/05\/Acta-de-Segunda-Sesion-Ordinaria-del-SIA-de-la-CORTV.pdf\" class=\"pdfemb-viewer\" style=\"\" data-width=\"max\" data-height=\"max\" data-toolbar=\"top\" data-toolbar-fixed=\"on\">Acta-de-Segunda-Sesion-Ordinaria-del-SIA-de-la-CORTV<\/a>\n<span style=\"color: #993300\">Acta de Primera Sesi\u00f3n Ordinaria del SIA de la CORTV<\/span><br \/>\n<a href=\"https:\/\/www.oaxaca.gob.mx\/cortv\/wp-content\/uploads\/sites\/79\/2024\/05\/Acta-Primera-Sesion-Ordinaria-del-SIA.pdf\" class=\"pdfemb-viewer\" style=\"\" data-width=\"max\" data-height=\"max\" data-toolbar=\"top\" data-toolbar-fixed=\"on\">Acta-Primera-Sesion-Ordinaria-del-SIA<\/a>\n<span style=\"color: #993300\">Actas SIA<\/span><br \/>\n<a href=\"https:\/\/www.oaxaca.gob.mx\/cortv\/wp-content\/uploads\/sites\/79\/2024\/01\/6.-Acta-de-Cuarta-Sesion-Ordinaria-SIA.pdf\" class=\"pdfemb-viewer\" style=\"\" data-width=\"max\" data-height=\"max\" data-toolbar=\"top\" data-toolbar-fixed=\"on\">6.-Acta-de-Cuarta-Sesion-Ordinaria-SIA<\/a>\n<span style=\"color: #993300\">Actas SIA<\/span><br \/>\n<a href=\"https:\/\/www.oaxaca.gob.mx\/cortv\/wp-content\/uploads\/sites\/79\/2024\/01\/4.-Acta-de-Tercera-Sesion-Ordinaria-SIA.pdf\" class=\"pdfemb-viewer\" style=\"\" data-width=\"max\" data-height=\"max\" data-toolbar=\"top\" data-toolbar-fixed=\"on\">4.-Acta-de-Tercera-Sesion-Ordinaria-SIA<\/a>\n<span style=\"color: #993300\">Actas SIA<\/span><br \/>\n<a href=\"https:\/\/www.oaxaca.gob.mx\/cortv\/wp-content\/uploads\/sites\/79\/2024\/01\/2.-Acta-de-Segunda-Sesion-Ordinaria-SIA.pdf\" class=\"pdfemb-viewer\" style=\"\" data-width=\"max\" data-height=\"max\" data-toolbar=\"top\" data-toolbar-fixed=\"on\">2.-Acta-de-Segunda-Sesion-Ordinaria-SIA<\/a>\n<span style=\"color: #993300\">Actas SIA<\/span><br \/>\n<a href=\"https:\/\/www.oaxaca.gob.mx\/cortv\/wp-content\/uploads\/sites\/79\/2024\/01\/1.-Acta-de-Primera-Sesion-Ordinaria-SIA.pdf\" class=\"pdfemb-viewer\" style=\"\" data-width=\"max\" data-height=\"max\" data-toolbar=\"top\" data-toolbar-fixed=\"on\">1.-Acta-de-Primera-Sesion-Ordinaria-SIA<\/a>\n<span style=\"color: #993300\">Actas SIA<\/span><br \/>\n<a href=\"https:\/\/www.oaxaca.gob.mx\/cortv\/wp-content\/uploads\/sites\/79\/2023\/05\/ACTA-SIA.pdf\" class=\"pdfemb-viewer\" style=\"\" data-width=\"max\" data-height=\"max\" data-toolbar=\"top\" data-toolbar-fixed=\"on\">ACTA-SIA<\/a><\/div>\n<div id=\"pills-GI\" class=\"tab-pane fade\" role=\"tabpanel\" aria-labelledby=\"pills-GI-tab\">\n<p><span style=\"color: #993300\">ACTA DE SEGUNDA SESI\u00d3N ORDINARIA DEL GRUPO INTERDISCIPLINARIO DE LA CORTV<\/span><br \/>\n<a href=\"https:\/\/www.oaxaca.gob.mx\/cortv\/wp-content\/uploads\/sites\/79\/2025\/12\/ACTA-ACTA-DE-SEGUNDA-SESION-ORDINARIA-DEL-GRUPO-INTERDISCIPLINARIO-DE-LA-CORTV.pdf\" class=\"pdfemb-viewer\" style=\"\" data-width=\"max\" data-height=\"max\" data-toolbar=\"top\" data-toolbar-fixed=\"on\">ACTA-ACTA-DE-SEGUNDA-SESION-ORDINARIA-DEL-GRUPO-INTERDISCIPLINARIO-DE-LA-CORTV<\/a>\n<span style=\"color: #993300\">ACTA DE PRIMERA SESI\u00d3N EXTRAORDINARIA DEL GI DE LA CORTV<\/span><br \/>\n<a href=\"https:\/\/www.oaxaca.gob.mx\/cortv\/wp-content\/uploads\/sites\/79\/2025\/10\/ACTA-DE-PRIMERA-SESION-EXTRAORDINARIA-DEL-GI-DE-LA-CORTV-1.pdf\" class=\"pdfemb-viewer\" style=\"\" data-width=\"max\" data-height=\"max\" data-toolbar=\"top\" data-toolbar-fixed=\"on\">ACTA-DE-PRIMERA-SESION-EXTRAORDINARIA-DEL-GI-DE-LA-CORTV-1<\/a>\n<span style=\"color: #993300\">Actas Primera Sesi\u00f3n Ordinaria del GI de la CORTV<\/span><br \/>\n<a href=\"https:\/\/www.oaxaca.gob.mx\/cortv\/wp-content\/uploads\/sites\/79\/2025\/08\/ACTA-DE-PRIMERA-SESION-ORDINARIA-DEL-GI-DE-LA-CORTV.pdf\" class=\"pdfemb-viewer\" style=\"\" data-width=\"max\" data-height=\"max\" data-toolbar=\"top\" data-toolbar-fixed=\"on\">ACTA-DE-PRIMERA-SESION-ORDINARIA-DEL-GI-DE-LA-CORTV<\/a>\n<span style=\"color: #993300\">Actas Segunda Sesi\u00f3n Ordinaria del GI<\/span><br \/>\n<a href=\"https:\/\/www.oaxaca.gob.mx\/cortv\/wp-content\/uploads\/sites\/79\/2025\/01\/Acta-Segunda-Sesion-Ordinaria-del-GI-2024.pdf\" class=\"pdfemb-viewer\" style=\"\" data-width=\"max\" data-height=\"max\" data-toolbar=\"top\" data-toolbar-fixed=\"on\">Acta-Segunda-Sesion-Ordinaria-del-GI-2024<\/a>\n<span style=\"color: #993300\">Actas GI<\/span><br \/>\n<a href=\"https:\/\/www.oaxaca.gob.mx\/cortv\/wp-content\/uploads\/sites\/79\/2024\/06\/acta-de-primera-sesion-.pdf\" class=\"pdfemb-viewer\" style=\"\" data-width=\"max\" data-height=\"max\" data-toolbar=\"top\" data-toolbar-fixed=\"on\">acta-de-primera-sesion-<\/a>\n<span style=\"color: #993300\">Actas GI<\/span><br \/>\n<a href=\"https:\/\/www.oaxaca.gob.mx\/cortv\/wp-content\/uploads\/sites\/79\/2024\/01\/7.-Acta-de-Tercera-Sesion-Ordinaria-GI.pdf\" class=\"pdfemb-viewer\" style=\"\" data-width=\"max\" data-height=\"max\" data-toolbar=\"top\" data-toolbar-fixed=\"on\">7.-Acta-de-Tercera-Sesion-Ordinaria-GI<\/a>\n<span style=\"color: #993300\">Actas GI<\/span><br \/>\n<a href=\"https:\/\/www.oaxaca.gob.mx\/cortv\/wp-content\/uploads\/sites\/79\/2024\/01\/5.-Acta-de-Segunda-Sesion-Ordinaria-GI.pdf\" class=\"pdfemb-viewer\" style=\"\" data-width=\"max\" data-height=\"max\" data-toolbar=\"top\" data-toolbar-fixed=\"on\">5.-Acta-de-Segunda-Sesion-Ordinaria-GI<\/a>\n<span style=\"color: #993300\">Actas GI<\/span><br \/>\n<a href=\"https:\/\/www.oaxaca.gob.mx\/cortv\/wp-content\/uploads\/sites\/79\/2024\/01\/3.-Acta-Primera-Sesion-Ordinaria-GI.pdf\" class=\"pdfemb-viewer\" style=\"\" data-width=\"max\" data-height=\"max\" data-toolbar=\"top\" data-toolbar-fixed=\"on\">3.-Acta-Primera-Sesion-Ordinaria-GI<\/a>\n<span style=\"color: #993300\">Actas GI<\/span><a href=\"https:\/\/www.oaxaca.gob.mx\/cortv\/wp-content\/uploads\/sites\/79\/2023\/05\/ACTA-GI.pdf\" class=\"pdfemb-viewer\" style=\"\" data-width=\"max\" data-height=\"max\" data-toolbar=\"top\" data-toolbar-fixed=\"on\">ACTA-GI<\/a><\/div>\n<div id=\"pills-BDOC\" class=\"tab-pane fade\" role=\"tabpanel\" aria-labelledby=\"pills-BDOC-tab\">\n<p><span style=\"color: #993300\">Baja Documental<\/span><br \/>\n<a href=\"https:\/\/www.oaxaca.gob.mx\/cortv\/wp-content\/uploads\/sites\/79\/2023\/04\/BAJA-ACTA-2023-1.pdf\" class=\"pdfemb-viewer\" style=\"\" data-width=\"max\" data-height=\"max\" data-toolbar=\"top\" data-toolbar-fixed=\"on\">BAJA-ACTA-2023-1<\/a><\/div>\n<div id=\"pills-PADA\" class=\"tab-pane fade\" role=\"tabpanel\" aria-labelledby=\"pills-PADA-tab\">\n<p><span style=\"color: #993300\">Programa Anual de Desarrollo Archiv\u00edstico 2026<\/span><br \/>\n<a href=\"https:\/\/www.oaxaca.gob.mx\/cortv\/wp-content\/uploads\/sites\/79\/2026\/02\/CAPACITACION-CUADRO-GENERAL-DE-CLASIFICACION-ARCHIVISTICA.pdf\" class=\"pdfemb-viewer\" style=\"\" data-width=\"max\" data-height=\"max\" data-toolbar=\"top\" data-toolbar-fixed=\"on\">CAPACITACION-CUADRO-GENERAL-DE-CLASIFICACION-ARCHIVISTICA<\/a>\n<span style=\"color: #993300\">Programa Anual de Desarrollo Archiv\u00edstico 2026<\/span><br \/>\n<a href=\"https:\/\/www.oaxaca.gob.mx\/cortv\/wp-content\/uploads\/sites\/79\/2026\/01\/PROGRAMA-ANUAL-DE-DESARROLLO-ARCHIVISTICO-2026.pdf\" class=\"pdfemb-viewer\" style=\"\" data-width=\"max\" data-height=\"max\" data-toolbar=\"top\" data-toolbar-fixed=\"on\">PROGRAMA-ANUAL-DE-DESARROLLO-ARCHIVISTICO-2026<\/a>\n<span style=\"color: #993300\">Informe Anual al Cumplimiento del PADA 2025<\/span><br \/>\n<a href=\"https:\/\/www.oaxaca.gob.mx\/cortv\/wp-content\/uploads\/sites\/79\/2026\/01\/Informe-Anual-al-Cumplimiento-del-PADA-2025.pdf\" class=\"pdfemb-viewer\" style=\"\" data-width=\"max\" data-height=\"max\" data-toolbar=\"top\" data-toolbar-fixed=\"on\">Informe-Anual-al-Cumplimiento-del-PADA-2025<\/a>\n<span style=\"color: #993300\">CAPACITACI\u00d3N CAT\u00c1LOGO DE DISPOSICI\u00d3N DOCUMENTAL<\/span><br \/>\n<a href=\"https:\/\/www.oaxaca.gob.mx\/cortv\/wp-content\/uploads\/sites\/79\/2025\/11\/CAPACITACION-CATALOGO-DE-DISPOSICION-DOCUMENTAL.pdf\" class=\"pdfemb-viewer\" style=\"\" data-width=\"max\" data-height=\"max\" data-toolbar=\"top\" data-toolbar-fixed=\"on\">CAPACITACION-CATALOGO-DE-DISPOSICION-DOCUMENTAL<\/a>\n<span style=\"color: #993300\">CAPACITACI\u00d3N CUADRO GENERAL DE CLASIFICACI\u00d3N ARCHIVISTICA<\/span><a href=\"https:\/\/www.oaxaca.gob.mx\/cortv\/wp-content\/uploads\/sites\/79\/2025\/07\/CAPACITACION-CUADRO-GENERAL-DE-CLASIFICACION-ARCHIVISTICA.pdf\" class=\"pdfemb-viewer\" style=\"\" data-width=\"max\" data-height=\"max\" data-toolbar=\"top\" data-toolbar-fixed=\"on\">CAPACITACION-CUADRO-GENERAL-DE-CLASIFICACION-ARCHIVISTICA<\/a>\n<span style=\"color: #993300\">Capacitaci\u00f3n Valoraci\u00f3n Documental<\/span><a href=\"https:\/\/www.oaxaca.gob.mx\/cortv\/wp-content\/uploads\/sites\/79\/2025\/07\/Capacitacion-Valoracion-Documental.pdf\" class=\"pdfemb-viewer\" style=\"\" data-width=\"max\" data-height=\"max\" data-toolbar=\"top\" data-toolbar-fixed=\"on\">Capacitacion-Valoracion-Documental<\/a>\n<span style=\"color: #993300\">Capacitaci\u00f3n Grupo Interdisciplinario<\/span><a href=\"https:\/\/www.oaxaca.gob.mx\/cortv\/wp-content\/uploads\/sites\/79\/2025\/07\/Capacitacion-Grupo-Interdisciplinario.pdf\" class=\"pdfemb-viewer\" style=\"\" data-width=\"max\" data-height=\"max\" data-toolbar=\"top\" data-toolbar-fixed=\"on\">Capacitacion-Grupo-Interdisciplinario<\/a>\n<span style=\"color: #993300\">CAPACITACI\u00d3N SISTEMA INSTITUCIONAL DE ARCHIVOS<\/span><a href=\"https:\/\/www.oaxaca.gob.mx\/cortv\/wp-content\/uploads\/sites\/79\/2025\/06\/CAPACITACION-SISTEMA-INSTITUCIONAL-DE-ARCHIVOS.pdf\" class=\"pdfemb-viewer\" style=\"\" data-width=\"max\" data-height=\"max\" data-toolbar=\"top\" data-toolbar-fixed=\"on\">CAPACITACION-SISTEMA-INSTITUCIONAL-DE-ARCHIVOS<\/a>\n<span style=\"color: #993300\">CAPACITACI\u00d3N DE GESTI\u00d3N DOCUMENTAL<\/span><a href=\"https:\/\/www.oaxaca.gob.mx\/cortv\/wp-content\/uploads\/sites\/79\/2025\/06\/CAPACITACION-DE-GESTION-DOCUMENTAL.pdf\" class=\"pdfemb-viewer\" style=\"\" data-width=\"max\" data-height=\"max\" data-toolbar=\"top\" data-toolbar-fixed=\"on\">CAPACITACION-DE-GESTION-DOCUMENTAL<\/a>\n<span style=\"color: #993300\">PROGRAMA ANUAL DE DESARROLLO ARCHIV\u00cdSTICO 2025<\/span><a href=\"https:\/\/www.oaxaca.gob.mx\/cortv\/wp-content\/uploads\/sites\/79\/2025\/01\/PROGRAMA-ANUAL-DE-DESARROLLO-ARCHIVISTICO-2025.pdf\" class=\"pdfemb-viewer\" style=\"\" data-width=\"max\" data-height=\"max\" data-toolbar=\"top\" data-toolbar-fixed=\"on\">PROGRAMA-ANUAL-DE-DESARROLLO-ARCHIVISTICO-2025<\/a>\n<span style=\"color: #993300\">INFORME ANUAL AL CUMPLIMIENTO AL PADA 2024<\/span><a href=\"https:\/\/www.oaxaca.gob.mx\/cortv\/wp-content\/uploads\/sites\/79\/2025\/01\/INFORME-ANUAL-AL-CUMPLIMIENTO-AL-PADA-2024-rotado.pdf\" class=\"pdfemb-viewer\" style=\"\" data-width=\"max\" data-height=\"max\" data-toolbar=\"top\" data-toolbar-fixed=\"on\">INFORME-ANUAL-AL-CUMPLIMIENTO-AL-PADA-2024-rotado<\/a>\n<span style=\"color: #993300\">PADA 2024<\/span><a href=\"https:\/\/www.oaxaca.gob.mx\/cortv\/wp-content\/uploads\/sites\/79\/2024\/12\/PROGRAMA-ANUAL-DE-DESARROLLO-ARCHIVISTICO-2024.pdf\" class=\"pdfemb-viewer\" style=\"\" data-width=\"max\" data-height=\"max\" data-toolbar=\"top\" data-toolbar-fixed=\"on\">PROGRAMA-ANUAL-DE-DESARROLLO-ARCHIVISTICO-2024<\/a>\n<span style=\"color: #993300\">PROGRAMA-ANUAL-DE-DESARROLLO-ARCHIVISTICO-2024<\/span><br \/>\n<a href=\"https:\/\/www.oaxaca.gob.mx\/cortv\/wp-content\/uploads\/sites\/79\/2024\/12\/PROGRAMA-ANUAL-DE-DESARROLLO-ARCHIVISTICO-2024.pdf\" class=\"pdfemb-viewer\" style=\"\" data-width=\"max\" data-height=\"max\" data-toolbar=\"top\" data-toolbar-fixed=\"on\">PROGRAMA-ANUAL-DE-DESARROLLO-ARCHIVISTICO-2024<\/a><span style=\"color: #993300\">Baja Documental<\/span><br \/>\n<a href=\"https:\/\/www.oaxaca.gob.mx\/cortv\/wp-content\/uploads\/sites\/79\/2024\/07\/BAJA-DOCUMENTAL.pdf\" class=\"pdfemb-viewer\" style=\"\" data-width=\"max\" data-height=\"max\" data-toolbar=\"top\" data-toolbar-fixed=\"on\">BAJA-DOCUMENTAL<\/a>\n<span style=\"color: #993300\">Cuadro General de Clasificaci\u00f3n Archivistica<\/span><br \/>\n<a href=\"https:\/\/www.oaxaca.gob.mx\/cortv\/wp-content\/uploads\/sites\/79\/2024\/07\/CUADRO-GENERAL-DE-CLASIFICACION-ARCHIViSTICA.pdf\" class=\"pdfemb-viewer\" style=\"\" data-width=\"max\" data-height=\"max\" data-toolbar=\"top\" data-toolbar-fixed=\"on\">CUADRO-GENERAL-DE-CLASIFICACION-ARCHIViSTICA<\/a>\n<span style=\"color: #993300\">Grupo Interdisciplinario<\/span><br \/>\n<a href=\"https:\/\/www.oaxaca.gob.mx\/cortv\/wp-content\/uploads\/sites\/79\/2024\/05\/GRUPO-INTERDISIPLINARIO.pdf\" class=\"pdfemb-viewer\" style=\"\" data-width=\"max\" data-height=\"max\" data-toolbar=\"top\" data-toolbar-fixed=\"on\">GRUPO-INTERDISIPLINARIO<\/a>\n<span style=\"color: #993300\">Gesti\u00f3n Documental y Sistema Institucional de Archivos<\/span><br \/>\n<a href=\"https:\/\/www.oaxaca.gob.mx\/cortv\/wp-content\/uploads\/sites\/79\/2024\/05\/CAPACITACIONES-GESTION-DOCUMENTAL-Y-SISTEMA-INSTITUCIONAL-DE-ARCHIVOS.pdf\" class=\"pdfemb-viewer\" style=\"\" data-width=\"max\" data-height=\"max\" data-toolbar=\"top\" data-toolbar-fixed=\"on\">CAPACITACIONES-GESTION-DOCUMENTAL-Y-SISTEMA-INSTITUCIONAL-DE-ARCHIVOS<\/a>\n<span style=\"color: #993300\"><a style=\"color: #993300\">PADA 2024<\/a><\/span><br \/>\n<a href=\"https:\/\/www.oaxaca.gob.mx\/cortv\/wp-content\/uploads\/sites\/79\/2024\/02\/Programa-Anual-de-Desarrollo-Archivistico-2024.pdf\" class=\"pdfemb-viewer\" style=\"\" data-width=\"max\" data-height=\"max\" data-toolbar=\"top\" data-toolbar-fixed=\"on\">Programa-Anual-de-Desarrollo-Archivistico-2024<\/a>\n<a href=\"https:\/\/www.oaxaca.gob.mx\/cortv\/wp-content\/uploads\/sites\/79\/2024\/02\/Informe-Anual-Cumplimiento-al-PADA-2023.pdf\" class=\"pdfemb-viewer\" style=\"\" data-width=\"max\" data-height=\"max\" data-toolbar=\"top\" data-toolbar-fixed=\"on\">Informe-Anual-Cumplimiento-al-PADA-2023<\/a>\n<span style=\"color: #993300\"><a style=\"color: #993300\">PADA 2023<\/a><\/span><br \/>\n<a href=\"https:\/\/www.oaxaca.gob.mx\/cortv\/wp-content\/uploads\/sites\/79\/2023\/02\/PADA-2023.pdf\" class=\"pdfemb-viewer\" style=\"\" data-width=\"max\" data-height=\"max\" data-toolbar=\"top\" data-toolbar-fixed=\"on\">PADA-2023<\/a>\n<a href=\"https:\/\/www.oaxaca.gob.mx\/cortv\/wp-content\/uploads\/sites\/79\/2023\/02\/INFORME-ANUAL-AL-CUMPLIMENTO-DEL-PADA-2022.pdf\" class=\"pdfemb-viewer\" style=\"\" data-width=\"max\" data-height=\"max\" data-toolbar=\"top\" data-toolbar-fixed=\"on\">INFORME-ANUAL-AL-CUMPLIMENTO-DEL-PADA-2022<\/a>\n<span style=\"color: #993300\"><a style=\"color: #993300\">PADA 2021<\/a><\/span><br \/>\n<a href=\"https:\/\/www.oaxaca.gob.mx\/cortv\/wp-content\/uploads\/sites\/79\/2021\/02\/PADA-2021-CORTV.pdf\" class=\"pdfemb-viewer\" style=\"\" data-width=\"max\" data-height=\"max\" data-toolbar=\"top\" data-toolbar-fixed=\"on\">PADA-2021-CORTV<\/a>\n<span style=\"color: #993300\"><a style=\"color: #993300\">PADA 2020<\/a><\/span><br \/>\n<a href=\"https:\/\/www.oaxaca.gob.mx\/cortv\/wp-content\/uploads\/sites\/79\/2021\/02\/PADA2020-CORTV.pdf\" class=\"pdfemb-viewer\" style=\"\" data-width=\"max\" data-height=\"max\" data-toolbar=\"top\" data-toolbar-fixed=\"on\">PADA2020-CORTV<\/a>\n<a href=\"https:\/\/www.oaxaca.gob.mx\/cortv\/wp-content\/uploads\/sites\/79\/2020\/05\/CADIDO-CORTV.pdf\" class=\"pdfemb-viewer\" style=\"\" data-width=\"max\" data-height=\"max\" data-toolbar=\"top\" data-toolbar-fixed=\"on\">CADIDO-CORTV<\/a>\n<a href=\"https:\/\/www.oaxaca.gob.mx\/cortv\/wp-content\/uploads\/sites\/79\/2020\/05\/GUIA-DOCUMENTAL-CORTV.pdf\" class=\"pdfemb-viewer\" style=\"\" data-width=\"max\" data-height=\"max\" data-toolbar=\"top\" data-toolbar-fixed=\"on\">GUIA-DOCUMENTAL-CORTV<\/a><\/div>\n<div id=\"pills-ICC\" class=\"tab-pane fade\" role=\"tabpanel\" aria-labelledby=\"pills-ICC-tab\">\n<p><span style=\"color: #993300\">CUADRO GENERAL DE CLASIFICACI\u00d3N ARCHIV\u00cdSTICA 2026<\/span><br \/>\n<a href=\"https:\/\/www.oaxaca.gob.mx\/cortv\/wp-content\/uploads\/sites\/79\/2026\/01\/CUADRO-GENERAL-DE-CLASIFICACION-ARCHIVISTICA-2026.pdf\" class=\"pdfemb-viewer\" style=\"\" data-width=\"max\" data-height=\"max\" data-toolbar=\"top\" data-toolbar-fixed=\"on\">CUADRO-GENERAL-DE-CLASIFICACION-ARCHIVISTICA-2026<\/a>\n<span style=\"color: #993300\">Inventario de Transferencia Primaria 2025<\/span><br \/>\n<a href=\"https:\/\/www.oaxaca.gob.mx\/cortv\/wp-content\/uploads\/sites\/79\/2026\/01\/Inventario-de-Transferencia-Primaria-2025.pdf\" class=\"pdfemb-viewer\" style=\"\" data-width=\"max\" data-height=\"max\" data-toolbar=\"top\" data-toolbar-fixed=\"on\">Inventario-de-Transferencia-Primaria-2025<\/a>\n<span style=\"color: #993300\">CAT\u00c1LOGO DE DISPOSICI\u00d3N DOCUMENTAL 2025<\/span><br \/>\n<a href=\"https:\/\/www.oaxaca.gob.mx\/cortv\/wp-content\/uploads\/sites\/79\/2025\/07\/CATALOGO-DE-DISPOSICION-DOCUMENTAL-2025.pdf\" class=\"pdfemb-viewer\" style=\"\" data-width=\"max\" data-height=\"max\" data-toolbar=\"top\" data-toolbar-fixed=\"on\">CATALOGO-DE-DISPOSICION-DOCUMENTAL-2025<\/a>\n<span style=\"color: #993300\">CUADRO GENERAL DE CLASIFICACI\u00d3N ARCHIV\u00cdSTICA 2025<\/span><br \/>\n<a href=\"https:\/\/www.oaxaca.gob.mx\/cortv\/wp-content\/uploads\/sites\/79\/2025\/03\/CUADRO-GENERAL-DE-CLASIFICACION-ARCHIVISTICA-2025-1.pdf\" class=\"pdfemb-viewer\" style=\"\" data-width=\"max\" data-height=\"max\" data-toolbar=\"top\" data-toolbar-fixed=\"on\">CUADRO-GENERAL-DE-CLASIFICACION-ARCHIVISTICA-2025-1<\/a><span style=\"color: #993300\">Inventario de Transferencia Primaria 2024<\/span><br \/>\n<a href=\"https:\/\/www.oaxaca.gob.mx\/cortv\/wp-content\/uploads\/sites\/79\/2025\/01\/Inventario-de-Transferencia-Primaria-2024.pdf\" class=\"pdfemb-viewer\" style=\"\" data-width=\"max\" data-height=\"max\" data-toolbar=\"top\" data-toolbar-fixed=\"on\">Inventario-de-Transferencia-Primaria-2024<\/a><span style=\"color: #993300\">Cat\u00e1logo de Disposici\u00f3n Documental 2024<\/span><a href=\"https:\/\/www.oaxaca.gob.mx\/cortv\/wp-content\/uploads\/sites\/79\/2024\/06\/Catalogo-de-Disposicion-Docuemntal-2024.pdf\" class=\"pdfemb-viewer\" style=\"\" data-width=\"max\" data-height=\"max\" data-toolbar=\"top\" data-toolbar-fixed=\"on\">Catalogo-de-Disposicion-Docuemntal-2024<\/a>\n<span style=\"color: #993300\">Cuadro General de Clasificaci\u00f3n Archiv\u00edstica 2024<\/span><br \/>\n<a href=\"https:\/\/www.oaxaca.gob.mx\/cortv\/wp-content\/uploads\/sites\/79\/2024\/06\/Cuadro-General-de-Clasificacion-Archivistica-de-la-CORTV.pdf\" class=\"pdfemb-viewer\" style=\"\" data-width=\"max\" data-height=\"max\" data-toolbar=\"top\" data-toolbar-fixed=\"on\">Cuadro-General-de-Clasificacion-Archivistica-de-la-CORTV<\/a>\n<a href=\"https:\/\/www.oaxaca.gob.mx\/cortv\/wp-content\/uploads\/sites\/79\/2024\/05\/Cuadro-General-de-Clasificacion-Archivistica-2024.pdf\" class=\"pdfemb-viewer\" style=\"\" data-width=\"max\" data-height=\"max\" data-toolbar=\"top\" data-toolbar-fixed=\"on\">Cuadro-General-de-Clasificacion-Archivistica-2024<\/a>\n<span style=\"color: #993300\">Cuadro General de Clasificaci\u00f3n Archiv\u00edstica en la p\u00e1gina Institucional de la Corporaci\u00f3n Oaxaque\u00f1a de Radio y Televisi\u00f3n<\/span><br \/>\n<a href=\"https:\/\/www.oaxaca.gob.mx\/cortv\/wp-content\/uploads\/sites\/79\/2023\/02\/Cuadro-General-de-Clasificacion-Archivistica.pdf\" class=\"pdfemb-viewer\" style=\"\" data-width=\"max\" data-height=\"max\" data-toolbar=\"top\" data-toolbar-fixed=\"on\">Cuadro-General-de-Clasificacion-Archivistica<\/a>\n<span style=\"color: #993300\">Guia Documental CORTV<\/span><br \/>\n<a href=\"https:\/\/www.oaxaca.gob.mx\/cortv\/wp-content\/uploads\/sites\/79\/2020\/05\/GUIA-DOCUMENTAL-CORTV.pdf\" class=\"pdfemb-viewer\" style=\"\" data-width=\"max\" data-height=\"max\" data-toolbar=\"top\" data-toolbar-fixed=\"on\">GUIA-DOCUMENTAL-CORTV<\/a><\/div>\n<\/div>\n<p>&nbsp;<\/p>\n","protected":false},"excerpt":{"rendered":"<p>SIA GI BAJA DOCUMENTAL PADA INSTRUMENTOS DE CONTROL Y CONSULTA Acta de Primera Sesi\u00f3n Ordinaria del Sistema Institucional de Archivos. ACTA DE CUARTA SESI\u00d3N ORDINARIA DEL SIA DE LA CORTV. ACTA DE LA PRIMERA SESI\u00d3N EXTRAORDINARIA DEL SISTEMA INSTITUCIONAL DE ARCHIVOS DE LA CORTV. ACTA DE TERCERA SESI\u00d3N ORDINARIA DEL SIA DE LA CORTV. Acta [&hellip;]<\/p>\n","protected":false},"author":97,"featured_media":0,"parent":0,"menu_order":0,"comment_status":"closed","ping_status":"closed","template":"","meta":{"episode_type":"","audio_file":"","podmotor_file_id":"","podmotor_episode_id":"","cover_image":"","cover_image_id":"","duration":"","filesize":"","filesize_raw":"","date_recorded":"","explicit":"","block":"","itunes_episode_number":"","itunes_title":"","itunes_season_number":"","itunes_episode_type":"","footnotes":""},"categories":[],"tags":[],"class_list":["post-7577","page","type-page","status-publish","hentry"],"acf":[],"publishpress_future_action":{"enabled":false,"date":"2026-04-24 01:26:21","action":"change-status","newStatus":"draft","terms":[],"taxonomy":"category","extraData":[]},"publishpress_future_workflow_manual_trigger":{"enabledWorkflows":[]},"_links":{"self":[{"href":"https:\/\/www.oaxaca.gob.mx\/cortv\/wp-json\/wp\/v2\/pages\/7577","targetHints":{"allow":["GET"]}}],"collection":[{"href":"https:\/\/www.oaxaca.gob.mx\/cortv\/wp-json\/wp\/v2\/pages"}],"about":[{"href":"https:\/\/www.oaxaca.gob.mx\/cortv\/wp-json\/wp\/v2\/types\/page"}],"author":[{"embeddable":true,"href":"https:\/\/www.oaxaca.gob.mx\/cortv\/wp-json\/wp\/v2\/users\/97"}],"replies":[{"embeddable":true,"href":"https:\/\/www.oaxaca.gob.mx\/cortv\/wp-json\/wp\/v2\/comments?post=7577"}],"version-history":[{"count":2,"href":"https:\/\/www.oaxaca.gob.mx\/cortv\/wp-json\/wp\/v2\/pages\/7577\/revisions"}],"predecessor-version":[{"id":15861,"href":"https:\/\/www.oaxaca.gob.mx\/cortv\/wp-json\/wp\/v2\/pages\/7577\/revisions\/15861"}],"wp:attachment":[{"href":"https:\/\/www.oaxaca.gob.mx\/cortv\/wp-json\/wp\/v2\/media?parent=7577"}],"wp:term":[{"taxonomy":"category","embeddable":true,"href":"https:\/\/www.oaxaca.gob.mx\/cortv\/wp-json\/wp\/v2\/categories?post=7577"},{"taxonomy":"post_tag","embeddable":true,"href":"https:\/\/www.oaxaca.gob.mx\/cortv\/wp-json\/wp\/v2\/tags?post=7577"}],"curies":[{"name":"wp","href":"https:\/\/api.w.org\/{rel}","templated":true}]}}