{"id":7340,"date":"2020-02-11T22:24:27","date_gmt":"2020-02-11T21:24:27","guid":{"rendered":"https:\/\/www.oaxaca.gob.mx\/cortv\/?page_id=7340"},"modified":"2020-02-11T22:24:27","modified_gmt":"2020-02-11T21:24:27","slug":"estrados-transparencia","status":"publish","type":"page","link":"https:\/\/www.oaxaca.gob.mx\/cortv\/estrados-transparencia\/","title":{"rendered":"Estrados Transparencia"},"content":{"rendered":"\n<table id=\"tablepress-75\" class=\"tablepress tablepress-id-75\">\n<thead>\n<tr class=\"row-1\">\n\t<th class=\"column-1\">Documento<\/th><th class=\"column-2\">Fecha de Acuerdo<\/th><th class=\"column-3\">Fecha de Notificaci\u00f3n<\/th><th class=\"column-4\">Descripci\u00f3n<\/th><th class=\"column-5\">Descarga<\/th><td class=\"column-6\"><\/td>\n<\/tr>\n<\/thead>\n<tbody class=\"row-striping row-hover\">\n<tr class=\"row-2\">\n\t<td class=\"column-1\">Acuerdo de la habilitada de la Unidad de Transparencia<\/td><td class=\"column-2\">20 de abril 2022<\/td><td class=\"column-3\">20 de abril 2022<\/td><td class=\"column-4\">Acuerdo para notificarle al recurrente del Recurso de Revisi\u00f3n R.R.A.I.\/ 076\/2021 SICOM el cumplimiento efectuado por este sujeto obligado a la resoluci\u00f3n dictada en dicho recurso.<\/td><td class=\"column-5\"><a target=\"_blank\" href=\"\/cortv\/wp-content\/uploads\/sites\/79\/2022\/04\/contestacion-estrados.pdf\" rel=\"noopener noreferrer\"><i class=\"far fa-file-pdf fa-2x\">&nbsp;<\/i><\/a><\/td><td class=\"column-6\"><\/td>\n<\/tr>\n<tr class=\"row-3\">\n\t<td class=\"column-1\">Acuerdo de la habilitada de la Unidad de Transparencia<\/td><td class=\"column-2\">14 de junio 2021<\/td><td class=\"column-3\">14 de junio 2021<\/td><td class=\"column-4\">Acuerdo para notificarle al recurrente del Recurso de Revisi\u00f3n R.R.A.I.\/ 0412\/2020 el cumplimiento efectuado por este sujeto obligado a la resoluci\u00f3n dictada en dicho recurso.<\/td><td class=\"column-5\"><a target=\"_blank\" href=\"\/cortv\/wp-content\/uploads\/sites\/79\/2021\/06\/RECURSO-REVISION-0412.pdf\" rel=\"noopener noreferrer\"><i class=\"far fa-file-pdf fa-2x\">&nbsp;<\/i><\/a><\/td><td class=\"column-6\"><\/td>\n<\/tr>\n<tr class=\"row-4\">\n\t<td class=\"column-1\">Acuerdo de la habilitada de la Unidad de Transparencia<\/td><td class=\"column-2\">21 de abril 2021<\/td><td class=\"column-3\">21 de abril 2021<\/td><td class=\"column-4\">Acuerdo para notificarle al recurrente del Recurso de Revisi\u00f3n R.R.A.I.\/ 0159\/2020 el cumplimiento efectuado por este sujeto obligado a la resoluci\u00f3n dictada en dicho recurso.<\/td><td class=\"column-5\"><a target=\"_blank\" href=\"\/cortv\/wp-content\/uploads\/sites\/79\/2021\/04\/CUMPLIMIENTO-RECURSO-REVISION.pdf\" rel=\"noopener noreferrer\"><i class=\"far fa-file-pdf fa-2x\">&nbsp;<\/i><\/a><\/td><td class=\"column-6\"><\/td>\n<\/tr>\n<tr class=\"row-5\">\n\t<td class=\"column-1\">Acuerdo de la habilitada de la Unidad de Transparencia<\/td><td class=\"column-2\">09 de abril 2021<\/td><td class=\"column-3\">09 de abril 2021<\/td><td class=\"column-4\">Acuerdo para notificarle al recurrente del Recurso de Revisi\u00f3n R.R.A.I.\/ 0181\/2020\/SICOM el cumplimiento efectuado por este sujeto obligado a la resoluci\u00f3n dictada en dicho recurso.<\/td><td class=\"column-5\"><a target=\"_blank\" href=\"\/cortv\/wp-content\/uploads\/sites\/79\/2021\/04\/CUMPLIMIENTO-SENTENCIA-R.R.A.I-0181-2020-SICOM.pdf\" rel=\"noopener noreferrer\"><i class=\"far fa-file-pdf fa-2x\">&nbsp;<\/i><\/a><\/td><td class=\"column-6\"><\/td>\n<\/tr>\n<tr class=\"row-6\">\n\t<td class=\"column-1\">Acuerdo de la habilitada de la Unidad de Transparencia<\/td><td class=\"column-2\">14 de enero 2021<\/td><td class=\"column-3\">15 de enero 2021<\/td><td class=\"column-4\">Acuerdo para notificarle al recurrente del Recurso de Revisi\u00f3n R.R.A.I.\/ 073\/2020\/SICOM el cumplimiento efectuado por este sujeto obligado a la resoluci\u00f3n dictada en dicho recurso.<\/td><td class=\"column-5\"><a href=\"https:\/\/www.oaxaca.gob.mx\/cortv\/wp-content\/uploads\/sites\/79\/2021\/01\/CUMPLIMIENTO-RESOLUCION.pdf\" rel=\"noopener noreferrer\" target=\"_blank\">Cumplimiento de resoluci\u00f3n<\/a><\/td><td class=\"column-6\"><\/td>\n<\/tr>\n<tr class=\"row-7\">\n\t<td class=\"column-1\">Acuerdo del Comit\u00e9 de Transparencia<\/td><td class=\"column-2\">29 de julio de 2019<\/td><td class=\"column-3\">29 de julio de 2019<\/td><td class=\"column-4\">Acuerdo por el cual aprueba habilitar la notificaci\u00f3n por estrados f\u00edsicos o electr\u00f3nicos a los solicitantes, recurrentes o interesados que no haya se\u00f1alado domicilio o medio electr\u00f3nico correcto para o\u00edr y recibir notificaciones, o hayan hecho la menci\u00f3n de que desean ser notificado por correo certificado.<\/td><td class=\"column-5\"><a target=\"_blank\" href=\"\/cortv\/wp-content\/uploads\/sites\/79\/2020\/02\/ACUERDO-HABILITANDO-ESTRADOS-FISICOS-Y-ELECTRONICOS-1.pdf\" rel=\"noopener noreferrer\"><i class=\"far fa-file-pdf fa-2x\">&nbsp;<\/i><\/a><\/td><td class=\"column-6\"><\/td>\n<\/tr>\n<\/tbody>\n<\/table>\n<!-- #tablepress-75 from cache -->\n","protected":false},"excerpt":{"rendered":"","protected":false},"author":1,"featured_media":0,"parent":0,"menu_order":0,"comment_status":"closed","ping_status":"closed","template":"","meta":{"episode_type":"","audio_file":"","podmotor_file_id":"","podmotor_episode_id":"","cover_image":"","cover_image_id":"","duration":"","filesize":"","filesize_raw":"","date_recorded":"","explicit":"","block":"","itunes_episode_number":"","itunes_title":"","itunes_season_number":"","itunes_episode_type":"","footnotes":""},"categories":[],"tags":[],"class_list":["post-7340","page","type-page","status-publish","hentry"],"acf":[],"publishpress_future_action":{"enabled":false,"date":"2026-05-10 11:56:53","action":"change-status","newStatus":"draft","terms":[],"taxonomy":"category","extraData":[]},"publishpress_future_workflow_manual_trigger":{"enabledWorkflows":[]},"_links":{"self":[{"href":"https:\/\/www.oaxaca.gob.mx\/cortv\/wp-json\/wp\/v2\/pages\/7340","targetHints":{"allow":["GET"]}}],"collection":[{"href":"https:\/\/www.oaxaca.gob.mx\/cortv\/wp-json\/wp\/v2\/pages"}],"about":[{"href":"https:\/\/www.oaxaca.gob.mx\/cortv\/wp-json\/wp\/v2\/types\/page"}],"author":[{"embeddable":true,"href":"https:\/\/www.oaxaca.gob.mx\/cortv\/wp-json\/wp\/v2\/users\/1"}],"replies":[{"embeddable":true,"href":"https:\/\/www.oaxaca.gob.mx\/cortv\/wp-json\/wp\/v2\/comments?post=7340"}],"version-history":[{"count":0,"href":"https:\/\/www.oaxaca.gob.mx\/cortv\/wp-json\/wp\/v2\/pages\/7340\/revisions"}],"wp:attachment":[{"href":"https:\/\/www.oaxaca.gob.mx\/cortv\/wp-json\/wp\/v2\/media?parent=7340"}],"wp:term":[{"taxonomy":"category","embeddable":true,"href":"https:\/\/www.oaxaca.gob.mx\/cortv\/wp-json\/wp\/v2\/categories?post=7340"},{"taxonomy":"post_tag","embeddable":true,"href":"https:\/\/www.oaxaca.gob.mx\/cortv\/wp-json\/wp\/v2\/tags?post=7340"}],"curies":[{"name":"wp","href":"https:\/\/api.w.org\/{rel}","templated":true}]}}