{"id":7129,"date":"2019-04-09T21:56:17","date_gmt":"2019-04-09T19:56:17","guid":{"rendered":"https:\/\/www.oaxaca.gob.mx\/cortv\/?page_id=7129"},"modified":"2019-04-09T21:56:17","modified_gmt":"2019-04-09T19:56:17","slug":"funciones","status":"publish","type":"page","link":"https:\/\/www.oaxaca.gob.mx\/cortv\/funciones\/","title":{"rendered":"Funciones"},"content":{"rendered":"<ul class=\"listas-geo\">\n<li>La planeaci\u00f3n, elaboraci\u00f3n, producci\u00f3n y transmisi\u00f3n de programas de radio y televisi\u00f3n que promuevan el desarrollo del Estado, difundan y preserven la cultura de sus pueblos, los programas educativos de las autoridades competentes y las actividades gubernamentales que en cumplimiento a disposiciones legales y al contenido del Plan Estatal de Desarrollo, realicen por conducto de dependencias y entidades del Estado.<\/li>\n<li>Asociarse con personas f\u00edsicas o morales incluidas las del derecho social, sin fines esenciales lucrativos, para la elaboraci\u00f3n, producci\u00f3n y transmisi\u00f3n de programas de radio y televisi\u00f3n, de conformidad con las disposiciones normativas aplicables a la materia.<\/li>\n<li>Administrar, de conformidad con la Ley Federal de Telecomunicaciones y Radiodifusi\u00f3n, en la modalidad que se\u00f1ale el Instituto, la operaci\u00f3n y uso de las frecuencias de radio y televisi\u00f3n concesionadas al Gobierno del Estado por las autoridades competentes federales.<\/li>\n<li>Adquirir, arrendar, enajenar y mantener el equipo para la elaboraci\u00f3n, producci\u00f3n y transmisi\u00f3n de programas de radio y televisi\u00f3n, y mantenimiento de los equipos destinados para ese fin, conforme a las disposiciones aplicables en materia de contrataci\u00f3n de bienes y servicios y bajo fiscalizaci\u00f3n y vigilancia de las dependencias competentes.<\/li>\n<li>Establecer los talleres de mantenimiento y reparaci\u00f3n de equipo que se utilice en la prestaci\u00f3n de servicio, as\u00ed como, adquirir refacciones y partes requeridas.<\/li>\n<li>Ejercitar todas las actividades t\u00e9cnicas y administrativas necesarias para el cumplimiento de sus objetivos, as\u00ed como, para realizar todos los actos, contratos, convenios y operaciones conexos, accesorios o accidentales que sean necesarios o convenientes para la realizaci\u00f3n de sus finalidades, en los t\u00e9rminos de las legislaciones de la materia, y<\/li>\n<li>Implementar las acciones necesarias para el cumplimiento de los principios se\u00f1alados en la Ley de la Corporaci\u00f3n Oaxaque\u00f1a de Radio y Televisi\u00f3n.<\/li>\n<\/ul>\n","protected":false},"excerpt":{"rendered":"<p>La planeaci\u00f3n, elaboraci\u00f3n, producci\u00f3n y transmisi\u00f3n de programas de radio y televisi\u00f3n que promuevan el desarrollo del Estado, difundan y preserven la cultura de sus pueblos, los programas educativos de las autoridades competentes y las actividades gubernamentales que en cumplimiento a disposiciones legales y al contenido del Plan Estatal de Desarrollo, realicen por conducto de [&hellip;]<\/p>\n","protected":false},"author":1,"featured_media":0,"parent":0,"menu_order":0,"comment_status":"closed","ping_status":"closed","template":"","meta":{"episode_type":"","audio_file":"","podmotor_file_id":"","podmotor_episode_id":"","cover_image":"","cover_image_id":"","duration":"","filesize":"","filesize_raw":"","date_recorded":"","explicit":"","block":"","itunes_episode_number":"","itunes_title":"","itunes_season_number":"","itunes_episode_type":"","footnotes":""},"categories":[],"tags":[],"class_list":["post-7129","page","type-page","status-publish","hentry"],"acf":[],"publishpress_future_action":{"enabled":false,"date":"2026-05-07 13:09:15","action":"change-status","newStatus":"draft","terms":[],"taxonomy":"category","extraData":[]},"publishpress_future_workflow_manual_trigger":{"enabledWorkflows":[]},"_links":{"self":[{"href":"https:\/\/www.oaxaca.gob.mx\/cortv\/wp-json\/wp\/v2\/pages\/7129","targetHints":{"allow":["GET"]}}],"collection":[{"href":"https:\/\/www.oaxaca.gob.mx\/cortv\/wp-json\/wp\/v2\/pages"}],"about":[{"href":"https:\/\/www.oaxaca.gob.mx\/cortv\/wp-json\/wp\/v2\/types\/page"}],"author":[{"embeddable":true,"href":"https:\/\/www.oaxaca.gob.mx\/cortv\/wp-json\/wp\/v2\/users\/1"}],"replies":[{"embeddable":true,"href":"https:\/\/www.oaxaca.gob.mx\/cortv\/wp-json\/wp\/v2\/comments?post=7129"}],"version-history":[{"count":0,"href":"https:\/\/www.oaxaca.gob.mx\/cortv\/wp-json\/wp\/v2\/pages\/7129\/revisions"}],"wp:attachment":[{"href":"https:\/\/www.oaxaca.gob.mx\/cortv\/wp-json\/wp\/v2\/media?parent=7129"}],"wp:term":[{"taxonomy":"category","embeddable":true,"href":"https:\/\/www.oaxaca.gob.mx\/cortv\/wp-json\/wp\/v2\/categories?post=7129"},{"taxonomy":"post_tag","embeddable":true,"href":"https:\/\/www.oaxaca.gob.mx\/cortv\/wp-json\/wp\/v2\/tags?post=7129"}],"curies":[{"name":"wp","href":"https:\/\/api.w.org\/{rel}","templated":true}]}}