{"id":6002,"date":"2018-11-27T10:52:44","date_gmt":"2018-11-27T16:52:44","guid":{"rendered":"http:\/\/www.cortv.oaxaca.gob.mx\/?page_id=6002"},"modified":"2018-11-27T10:52:44","modified_gmt":"2018-11-27T16:52:44","slug":"tabla-de-aplicabilidad-actualizacion-y-conservacion","status":"publish","type":"page","link":"https:\/\/www.oaxaca.gob.mx\/cortv\/tabla-de-aplicabilidad-actualizacion-y-conservacion\/","title":{"rendered":"Tabla de Aplicabilidad, Actualizaci\u00f3n y Conservaci\u00f3n"},"content":{"rendered":"<div id=\"tabs-623206\" class=\"tabbable\" role=\"tablist\">\n<ul class=\"nav nav-tabs\">\n<li class=\"nav-item\"><a class=\"nav-link active\" href=\"#panel-599231\" data-toggle=\"tab\">TABLA DE APLICABILIDAD 2018<\/a><\/li>\n<li class=\"nav-item\"><a class=\"nav-link\" href=\"#panel-599232\" data-toggle=\"tab\">TABLA DE APLICABILIDAD 2017<\/a><\/li>\n<li class=\"nav-item\"><a class=\"nav-link\" href=\"#panel-599234\" data-toggle=\"tab\">TABLA DE ACTUALIZACI\u00d3N Y CONSERVACI\u00d3N 2017<\/a><\/li>\n<li class=\"nav-item\"><a class=\"nav-link\" href=\"#panel-599236\" data-toggle=\"tab\">TABLA DE ACTUALIZACI\u00d3N Y CONSERVACI\u00d3N 2018<\/a><\/li>\n<\/ul>\n<div class=\"tab-content\">\n<div id=\"panel-599231\" class=\"tab-pane active\">\n<div class=\"conttab\">[pdf title=\u00bbtite\u00bb height=\u00bb700px\u00bb]\/cortv\/wp-content\/uploads\/sites\/79\/2018\/08\/TABLA-DE-APLICABILIDAD-INTEGRAL-CORTV-2018.pdf[\/pdf]<\/div>\n<\/div>\n<div id=\"panel-599232\" class=\"tab-pane active\">\n<div class=\"conttab\">[pdf title=\u00bbtite\u00bb height=\u00bb700px\u00bb]\/cortv\/wp-content\/uploads\/sites\/79\/2019\/02\/TABLA-DE-APLICABILIDAD-DE-LA-CORTV-2017.pdf[\/pdf]<\/div>\n<\/div>\n<div id=\"panel-599234\" class=\"tab-pane\">\n<div class=\"conttab\">[pdf title=\u00bbtite\u00bb height=\u00bb700px\u00bb]\/cortv\/wp-content\/uploads\/sites\/79\/2017\/07\/Tabla-de-Actualizacion-y-Conservacion-de-la-Informacion-Obligaciones-Comunes.pdf[\/pdf]<\/div>\n<\/div>\n<div id=\"panel-599236\" class=\"tab-pane\">\n<div class=\"conttab\">[pdf title=\u00bbtite\u00bb height=\u00bb700px\u00bb]\/cortv\/wp-content\/uploads\/sites\/79\/2018\/04\/TABLA-DE-ACTUALIZACI\u00d3N-Y-CONSERVACI\u00d3N-ART-70_2018.pdf[\/pdf]<\/div>\n<\/div>\n<\/div>\n<\/div>\n","protected":false},"excerpt":{"rendered":"<p>TABLA DE APLICABILIDAD 2018 TABLA DE APLICABILIDAD 2017 TABLA DE ACTUALIZACI\u00d3N Y CONSERVACI\u00d3N 2017 TABLA DE ACTUALIZACI\u00d3N Y CONSERVACI\u00d3N 2018 [pdf title=\u00bbtite\u00bb height=\u00bb700px\u00bb]\/cortv\/wp-content\/uploads\/sites\/79\/2018\/08\/TABLA-DE-APLICABILIDAD-INTEGRAL-CORTV-2018.pdf[\/pdf] [pdf title=\u00bbtite\u00bb height=\u00bb700px\u00bb]\/cortv\/wp-content\/uploads\/sites\/79\/2019\/02\/TABLA-DE-APLICABILIDAD-DE-LA-CORTV-2017.pdf[\/pdf] [pdf title=\u00bbtite\u00bb height=\u00bb700px\u00bb]\/cortv\/wp-content\/uploads\/sites\/79\/2017\/07\/Tabla-de-Actualizacion-y-Conservacion-de-la-Informacion-Obligaciones-Comunes.pdf[\/pdf] [pdf title=\u00bbtite\u00bb height=\u00bb700px\u00bb]\/cortv\/wp-content\/uploads\/sites\/79\/2018\/04\/TABLA-DE-ACTUALIZACI\u00d3N-Y-CONSERVACI\u00d3N-ART-70_2018.pdf[\/pdf]<\/p>\n","protected":false},"author":1,"featured_media":0,"parent":0,"menu_order":0,"comment_status":"closed","ping_status":"closed","template":"","meta":{"episode_type":"","audio_file":"","podmotor_file_id":"","podmotor_episode_id":"","cover_image":"","cover_image_id":"","duration":"","filesize":"","filesize_raw":"","date_recorded":"","explicit":"","block":"","itunes_episode_number":"","itunes_title":"","itunes_season_number":"","itunes_episode_type":"","footnotes":""},"categories":[],"tags":[],"class_list":["post-6002","page","type-page","status-publish","hentry"],"acf":[],"publishpress_future_action":{"enabled":false,"date":"2026-05-21 22:24:02","action":"change-status","newStatus":"draft","terms":[],"taxonomy":"category","extraData":[]},"publishpress_future_workflow_manual_trigger":{"enabledWorkflows":[]},"_links":{"self":[{"href":"https:\/\/www.oaxaca.gob.mx\/cortv\/wp-json\/wp\/v2\/pages\/6002","targetHints":{"allow":["GET"]}}],"collection":[{"href":"https:\/\/www.oaxaca.gob.mx\/cortv\/wp-json\/wp\/v2\/pages"}],"about":[{"href":"https:\/\/www.oaxaca.gob.mx\/cortv\/wp-json\/wp\/v2\/types\/page"}],"author":[{"embeddable":true,"href":"https:\/\/www.oaxaca.gob.mx\/cortv\/wp-json\/wp\/v2\/users\/1"}],"replies":[{"embeddable":true,"href":"https:\/\/www.oaxaca.gob.mx\/cortv\/wp-json\/wp\/v2\/comments?post=6002"}],"version-history":[{"count":0,"href":"https:\/\/www.oaxaca.gob.mx\/cortv\/wp-json\/wp\/v2\/pages\/6002\/revisions"}],"wp:attachment":[{"href":"https:\/\/www.oaxaca.gob.mx\/cortv\/wp-json\/wp\/v2\/media?parent=6002"}],"wp:term":[{"taxonomy":"category","embeddable":true,"href":"https:\/\/www.oaxaca.gob.mx\/cortv\/wp-json\/wp\/v2\/categories?post=6002"},{"taxonomy":"post_tag","embeddable":true,"href":"https:\/\/www.oaxaca.gob.mx\/cortv\/wp-json\/wp\/v2\/tags?post=6002"}],"curies":[{"name":"wp","href":"https:\/\/api.w.org\/{rel}","templated":true}]}}