{"id":5641,"date":"2018-10-31T13:08:51","date_gmt":"2018-10-31T19:08:51","guid":{"rendered":"http:\/\/www.cortv.oaxaca.gob.mx\/?page_id=5641"},"modified":"2018-10-31T13:08:51","modified_gmt":"2018-10-31T19:08:51","slug":"cumplimiento-lgtaip-2018","status":"publish","type":"page","link":"https:\/\/www.oaxaca.gob.mx\/cortv\/cumplimiento-lgtaip-2018\/","title":{"rendered":"Cumplimiento LGTAIP 2018"},"content":{"rendered":"<div id=\"tabs-623206\" class=\"tabbable\">\n<ul class=\"nav nav-tabs\">\n<li class=\"active\"><a class=\"titlepest\" href=\"#panel-381947\" data-toggle=\"tab\">ART 70 OBLIGACIONES COMUNES<\/a><\/li>\n<li><a class=\"titlepest\" href=\"#panel-599227\" data-toggle=\"tab\">ART 71 OBLIGACIONES ESPECIFICAS<\/a><\/li>\n<li><a class=\"titlepest\" href=\"#panel-599327\" data-toggle=\"tab\">ARTICULO 80 LGT<\/a><\/li>\n<li><a class=\"titlepest\" href=\"#panel-599328\" data-toggle=\"tab\">ARTICULO 21 LTAPEO<\/a><\/li>\n<li><a class=\"titlepest\" href=\"#panel-599329\" data-toggle=\"tab\">ARTICULO 36 LTAPEO<\/a><\/li>\n<\/ul>\n<div class=\"tab-content\">\n<div id=\"panel-381947\" class=\"tab-pane active\">\n<div class=\"conttab\">\nArt\u00edculo 70 LGT<br \/>\nEn la Ley Federal y de las Entidades Federativas se contemplar\u00e1 que los sujetos obligados pongan a disposici\u00f3n del p\u00fablico y mantengan actualizada, en los respectivos medios electr\u00f3nicos, de acuerdo con sus facultades, atribuciones, funciones u objeto social, seg\u00fan corresponda, la informaci\u00f3n, por lo menos, de los temas, documentos y pol\u00edticas que a continuaci\u00f3n se se\u00f1alan\u2026<br \/>\n<div>Attention: The internal data of table \u201c67\u201d is corrupted!<\/div>\n<\/div>\n<\/div>\n<div id=\"panel-599227\" class=\"tab-pane\">\n<div class=\"conttab\">\nArt\u00edculo 71 LTO<br \/>\nAdem\u00e1s de lo se\u00f1alado en el art\u00edculo anterior de la presente Ley, los sujetos obligados de los Poderes Ejecutivos Federal, de las Entidades Federativas y municipales, deber\u00e1n poner a disposici\u00f3n del p\u00fablico y actualizar la siguiente informaci\u00f3n\u2026<br \/>\n<div>Attention: The internal data of table \u201c70\u201d is corrupted!<\/div>\n<\/div>\n<\/div>\n<div id=\"panel-599327\" class=\"tab-pane\">\n<div class=\"conttab\">\nArt\u00edculo 80 LGT<br \/>\nPara determinar la informaci\u00f3n adicional que publicar\u00e1n todos los sujetos obligados de manera obligatoria, los Organismos garantes deber\u00e1n:<br \/>\n<div>Attention: The internal data of table \u201c71\u201d is corrupted!<\/div>\n<\/div>\n<\/div>\n<div id=\"panel-599328\" class=\"tab-pane\">\n<div class=\"conttab\">\nArt\u00edculo 21 LTAPEO<br \/>\nAdem\u00e1s de lo se\u00f1alado en el art\u00edculo 70 de la Ley General, el Poder Ejecutivo del Estado, deber\u00e1 poner a disposici\u00f3n del p\u00fablico y actualizar la siguiente informaci\u00f3n:<br \/>\n<div>Attention: The internal data of table \u201c72\u201d is corrupted!<\/div>\n<\/div>\n<\/div>\n<div id=\"panel-599329\" class=\"tab-pane\">\n<div class=\"conttab\">\nArt\u00edculo 36 LTAPEO<br \/>\n Los sujetos obligados que realicen obra p\u00fablica, deber\u00e1n difundir f\u00edsicamente en el lugar de la obra, una placa o inscripci\u00f3n que se\u00f1ale que fue realizada con recursos p\u00fablicos y el costo de la misma.<br \/>\n<div>Attention: The internal data of table \u201c73\u201d is corrupted!<\/div>\n<\/div>\n<\/div>\n<\/div>\n<\/div>\n","protected":false},"excerpt":{"rendered":"<p>ART 70 OBLIGACIONES COMUNES ART 71 OBLIGACIONES ESPECIFICAS ARTICULO 80 LGT ARTICULO 21 LTAPEO ARTICULO 36 LTAPEO Art\u00edculo 70 LGT En la Ley Federal y de las Entidades Federativas se contemplar\u00e1 que los sujetos obligados pongan a disposici\u00f3n del p\u00fablico y mantengan actualizada, en los respectivos medios electr\u00f3nicos, de acuerdo con sus facultades, atribuciones, funciones [&hellip;]<\/p>\n","protected":false},"author":1,"featured_media":0,"parent":0,"menu_order":0,"comment_status":"closed","ping_status":"closed","template":"","meta":{"episode_type":"","audio_file":"","podmotor_file_id":"","podmotor_episode_id":"","cover_image":"","cover_image_id":"","duration":"","filesize":"","filesize_raw":"","date_recorded":"","explicit":"","block":"","itunes_episode_number":"","itunes_title":"","itunes_season_number":"","itunes_episode_type":"","footnotes":""},"categories":[],"tags":[],"class_list":["post-5641","page","type-page","status-publish","hentry"],"acf":[],"publishpress_future_action":{"enabled":false,"date":"2026-05-21 22:24:18","action":"change-status","newStatus":"draft","terms":[],"taxonomy":"category","extraData":[]},"publishpress_future_workflow_manual_trigger":{"enabledWorkflows":[]},"_links":{"self":[{"href":"https:\/\/www.oaxaca.gob.mx\/cortv\/wp-json\/wp\/v2\/pages\/5641","targetHints":{"allow":["GET"]}}],"collection":[{"href":"https:\/\/www.oaxaca.gob.mx\/cortv\/wp-json\/wp\/v2\/pages"}],"about":[{"href":"https:\/\/www.oaxaca.gob.mx\/cortv\/wp-json\/wp\/v2\/types\/page"}],"author":[{"embeddable":true,"href":"https:\/\/www.oaxaca.gob.mx\/cortv\/wp-json\/wp\/v2\/users\/1"}],"replies":[{"embeddable":true,"href":"https:\/\/www.oaxaca.gob.mx\/cortv\/wp-json\/wp\/v2\/comments?post=5641"}],"version-history":[{"count":0,"href":"https:\/\/www.oaxaca.gob.mx\/cortv\/wp-json\/wp\/v2\/pages\/5641\/revisions"}],"wp:attachment":[{"href":"https:\/\/www.oaxaca.gob.mx\/cortv\/wp-json\/wp\/v2\/media?parent=5641"}],"wp:term":[{"taxonomy":"category","embeddable":true,"href":"https:\/\/www.oaxaca.gob.mx\/cortv\/wp-json\/wp\/v2\/categories?post=5641"},{"taxonomy":"post_tag","embeddable":true,"href":"https:\/\/www.oaxaca.gob.mx\/cortv\/wp-json\/wp\/v2\/tags?post=5641"}],"curies":[{"name":"wp","href":"https:\/\/api.w.org\/{rel}","templated":true}]}}