{"id":418,"date":"2016-04-04T16:29:50","date_gmt":"2016-04-04T22:29:50","guid":{"rendered":"http:\/\/www.cortv.oaxaca.gob.mx\/?page_id=418"},"modified":"2016-04-04T16:29:50","modified_gmt":"2016-04-04T22:29:50","slug":"integrantes-de-la-defensoria-de-audiencias","status":"publish","type":"page","link":"https:\/\/www.oaxaca.gob.mx\/cortv\/integrantes-de-la-defensoria-de-audiencias\/","title":{"rendered":"Integrantes de la Defensor\u00eda de Audiencias"},"content":{"rendered":"<h4 style=\"text-align: center\">Correo electr\u00f3nico: defensoria@cortv.oaxaca.gob.mx<\/h4>\n<hr \/>\n<h4 style=\"text-align: center\"><a href=\"\/cortv\/wp-content\/uploads\/sites\/79\/2018\/03\/Resumen-curricular-Doris-Romero.pdf\"><img decoding=\"async\" class=\"aligncenter\" src=\"\/cortv\/wp-content\/uploads\/sites\/79\/2016\/04\/Doris.jpg\" alt=\"\" width=\"120\" \/><\/a><br \/>\nDoris Romero Z\u00e1rate<\/h4>\n<h4 style=\"text-align: center\"><a href=\"\/cortv\/wp-content\/uploads\/sites\/79\/2018\/03\/Resumen-curricular-Gisela-Blas-Mayo-2017.pdf\"><img decoding=\"async\" src=\"\/cortv\/wp-content\/uploads\/sites\/79\/2016\/04\/Gisela-Blas-Pi\u00f1\u00f3n.jpg\" alt=\"\" width=\"120\" \/><\/a><br \/>\nGisela Blas Pi\u00f1\u00f3n<\/h4>\n<h4 style=\"text-align: center\"><a href=\"\/cortv\/wp-content\/uploads\/sites\/79\/2018\/03\/RESUMEN-CURRICULAR-Eduardo-Bizuet-mayo-2017.pdf\"><img decoding=\"async\" src=\"\/cortv\/wp-content\/uploads\/sites\/79\/2016\/04\/Julio-Eduardo-Manzano.jpg\" alt=\"\" width=\"120\" \/><\/a><br \/>\nJulio Eduardo Manzano Bizuet<\/h4>\n<hr \/>\n<h3 style=\"text-align: center\">ENSAYOS SOBRE DERECHOS DE LAS AUDIENCIAS<\/h3>\n<p><strong>El papel de la Defensor\u00eda de las audiencias en el medio p\u00fablico estatal<\/strong><br \/>\n[gview file=\u00bb\/cortv\/wp-content\/uploads\/sites\/79\/2016\/08\/ENSAYO-DERECHO-DE-LAS-AUDIENCIAS-CORTV.pdf\u00bb save=\u00bb1&#8243;]\n<strong>Escuchar la voz de la audiencia oaxaque\u00f1a. Retos de la Defensor\u00eda de la Audiencia de la CORTV<\/strong><br \/>\n[gview file=\u00bb\/cortv\/wp-content\/uploads\/sites\/79\/2016\/08\/Ensayo-Gisela-Blas-Defensor\u00eda-de-Audiencia-CORTV.pdf\u00bb save=\u00bb1&#8243;]\n<strong>Desaf\u00edos del ombudsman de las audiencias en Oaxaca <\/strong><br \/>\n[gview file=\u00bb\/cortv\/wp-content\/uploads\/sites\/79\/2016\/08\/Los-desaf\u00edos-del-ombudsman-de-las-audiencias-en-oaxaca.-Eduardo-Bizuet..pdf\u00bb save=\u00bb1&#8243;]\n<h4 style=\"text-align: center\"><\/h4>\n","protected":false},"excerpt":{"rendered":"<p>Correo electr\u00f3nico: defensoria@cortv.oaxaca.gob.mx Doris Romero Z\u00e1rate Gisela Blas Pi\u00f1\u00f3n Julio Eduardo Manzano Bizuet ENSAYOS SOBRE DERECHOS DE LAS AUDIENCIAS El papel de la Defensor\u00eda de las audiencias en el medio p\u00fablico estatal [gview file=\u00bb\/cortv\/wp-content\/uploads\/sites\/79\/2016\/08\/ENSAYO-DERECHO-DE-LAS-AUDIENCIAS-CORTV.pdf\u00bb save=\u00bb1&#8243;] Escuchar la voz de la audiencia oaxaque\u00f1a. Retos de la Defensor\u00eda de la Audiencia de la CORTV [gview file=\u00bb\/cortv\/wp-content\/uploads\/sites\/79\/2016\/08\/Ensayo-Gisela-Blas-Defensor\u00eda-de-Audiencia-CORTV.pdf\u00bb save=\u00bb1&#8243;] [&hellip;]<\/p>\n","protected":false},"author":1,"featured_media":0,"parent":0,"menu_order":0,"comment_status":"closed","ping_status":"closed","template":"","meta":{"episode_type":"","audio_file":"","podmotor_file_id":"","podmotor_episode_id":"","cover_image":"","cover_image_id":"","duration":"","filesize":"","filesize_raw":"","date_recorded":"","explicit":"","block":"","itunes_episode_number":"","itunes_title":"","itunes_season_number":"","itunes_episode_type":"","footnotes":""},"categories":[],"tags":[],"class_list":["post-418","page","type-page","status-publish","hentry"],"acf":[],"publishpress_future_action":{"enabled":false,"date":"2026-05-21 22:24:18","action":"change-status","newStatus":"draft","terms":[],"taxonomy":"category","extraData":[]},"publishpress_future_workflow_manual_trigger":{"enabledWorkflows":[]},"_links":{"self":[{"href":"https:\/\/www.oaxaca.gob.mx\/cortv\/wp-json\/wp\/v2\/pages\/418","targetHints":{"allow":["GET"]}}],"collection":[{"href":"https:\/\/www.oaxaca.gob.mx\/cortv\/wp-json\/wp\/v2\/pages"}],"about":[{"href":"https:\/\/www.oaxaca.gob.mx\/cortv\/wp-json\/wp\/v2\/types\/page"}],"author":[{"embeddable":true,"href":"https:\/\/www.oaxaca.gob.mx\/cortv\/wp-json\/wp\/v2\/users\/1"}],"replies":[{"embeddable":true,"href":"https:\/\/www.oaxaca.gob.mx\/cortv\/wp-json\/wp\/v2\/comments?post=418"}],"version-history":[{"count":0,"href":"https:\/\/www.oaxaca.gob.mx\/cortv\/wp-json\/wp\/v2\/pages\/418\/revisions"}],"wp:attachment":[{"href":"https:\/\/www.oaxaca.gob.mx\/cortv\/wp-json\/wp\/v2\/media?parent=418"}],"wp:term":[{"taxonomy":"category","embeddable":true,"href":"https:\/\/www.oaxaca.gob.mx\/cortv\/wp-json\/wp\/v2\/categories?post=418"},{"taxonomy":"post_tag","embeddable":true,"href":"https:\/\/www.oaxaca.gob.mx\/cortv\/wp-json\/wp\/v2\/tags?post=418"}],"curies":[{"name":"wp","href":"https:\/\/api.w.org\/{rel}","templated":true}]}}