{"id":41,"date":"2016-02-05T14:38:37","date_gmt":"2016-02-05T20:38:37","guid":{"rendered":"http:\/\/www.cortv.oaxaca.gob.mx\/?page_id=41"},"modified":"2016-02-05T14:38:37","modified_gmt":"2016-02-05T20:38:37","slug":"la-guias-de-operacion","status":"publish","type":"page","link":"https:\/\/www.oaxaca.gob.mx\/cortv\/la-guias-de-operacion\/","title":{"rendered":"Las Gu\u00edas de Operaci\u00f3n"},"content":{"rendered":"<p>La Gu\u00edas de operaci\u00f3n de la frecuencias Radio y de Televisi\u00f3n de la Corporaci\u00f3n Oaxaque\u00f1a de Radio y Televisi\u00f3n establece los objetivos de nuestros contenidos, la estructura de la barra program\u00e1tica, los criterios de programaci\u00f3n, las caracter\u00edsticas t\u00e9cnicas, el Manual de producci\u00f3n y dem\u00e1s informaci\u00f3n bajo los principios que rigen a los medios p\u00fablicos.<br \/>\nEn el entendido de que la construcci\u00f3n de una sociedad del conocimiento requiere del acceso a nuevas tecnolog\u00edas de informaci\u00f3n y comunicaci\u00f3n para cumplir con un principio fundamental establecido por la Organizaci\u00f3n de las Naciones Unidas para la Educaci\u00f3n, la Ciencia y la Cultura (UNESCO, por sus siglas en ingl\u00e9s): \u201cpromover la diversidad cultural y permitir el acceso equitativo a la educaci\u00f3n de calidad\u201d, el gobierno que encabeza el licenciado Gabino Cu\u00e9 Monteagudo invierte en la instalaci\u00f3n de equipo de transmisi\u00f3n digital en 16 estaciones de televisi\u00f3n en todo el estado de Oaxaca; asimismo, una cantidad importante de recursos se aplicaron en la construcci\u00f3n y equipamiento de las nuevas instalaciones de la Corporaci\u00f3n Oaxaque\u00f1a de Radio y Televisi\u00f3n (CORTV). Estas acciones redundar\u00e1n, entre otros beneficios, en la reducci\u00f3n de los tiempos para reunir, editar, almacenar y recuperar contenidos, garantizando de esta manera que un acervo importante de nuestra historia reciente sea el legado para las pr\u00f3ximas generaciones.<br \/>\nCreada en 1993, la CORTV es un organismo descentralizado del gobierno de Oaxaca, el cual actualmente estamos reconstruyendo a partir de un proyecto que se fundamenta en tres ejes estrat\u00e9gicos: ciudadanizaci\u00f3n, digitalizaci\u00f3n; y ampliaci\u00f3n de cobertura y diversificaci\u00f3n de contenidos.<br \/>\nPRESENTACI\u00d3N<br \/>\n1) El eje de la ciudadanizaci\u00f3n consiste en la integraci\u00f3n del Consejo Consultivo Ciudadano y la formalizaci\u00f3n de la Defensor\u00eda de los Derechos de las<br \/>\nAudiencias.<br \/>\n2) El eje de la digitalizaci\u00f3n ha dado pasos concretos al edificar nuevas instalaciones\u00a0\u00a0\u00a0\u00a0 equipadas con tecnolog\u00eda digital. Esto implica generar nuevos procesos de producci\u00f3n y transmisi\u00f3n con sus respectivos manuales para refrendar el compromiso de comunicaci\u00f3n e informaci\u00f3n de contenidos oportunos y confiables para todos los sectores de la poblaci\u00f3n.<br \/>\n3) El eje de la cobertura y diversificaci\u00f3n de contenidos reflexiona acerca de las\u00a0\u00a0\u00a0\u00a0\u00a0\u00a0\u00a0\u00a0\u00a0\u00a0\u00a0 audiencias, al tener se\u00f1ales abiertas, sobre todo en la necesidad de dirigir nuestra atenci\u00f3n a las capas desprotegidas de la sociedad, de estimular el desarrollo de la producci\u00f3n audiovisual, apoyar la educaci\u00f3n y la formaci\u00f3n, incentivar la consolidaci\u00f3n y extensi\u00f3n de la democracia y fortalecer la diversidad cultural de Oaxaca.<br \/>\nCon estas acciones, la CORTV cumple la instrucci\u00f3n del Titular del Poder Ejecutivo del Estado de hacer efectivo el derecho de la ciudadan\u00eda a ser informada con imparcialidad, honestidad y transparencia; y de esta forma asegurar m\u00e1s objetividad en el actuar de las y los servidores p\u00fablicos y personal directivo de esta Instituci\u00f3n; tal y como lo establecen los art\u00edculos 6\u00ba y 7\u00ba de la Constituci\u00f3n Pol\u00edtica de los Estados Unidos Mexicanos, los art\u00edculos 3\u00ba, 5\u00ba y 6\u00ba de la Constituci\u00f3n Pol\u00edtica del Estado Libre y Soberano de Oaxaca, las Leyes Federales de Telecomunicaciones y Radiodifusi\u00f3n y la Ley de Transparencia y Acceso a la Informaci\u00f3n P\u00fablica Gubernamental, la Ley de Transparencia y Acceso a la Informaci\u00f3n P\u00fablica para el Estado de Oaxaca, asimismo el Plan Estatal de Desarrollo de Oaxaca 2011-2016 (PED 2011-2016).<br \/>\n<a href=\"\/cortv\/wp-content\/uploads\/sites\/79\/2016\/02\/TELEVISION.pdf\">Descarga Gu\u00eda TV<\/a><br \/>\n<a href=\"\/cortv\/wp-content\/uploads\/sites\/79\/2016\/02\/TELEVISION.pdf\"><img loading=\"lazy\" decoding=\"async\" class=\"alignnone size-medium wp-image-44\" src=\"\/cortv\/wp-content\/uploads\/sites\/79\/2016\/02\/GuiaTVOK-300x180.png\" alt=\"GuiaTVOK\" width=\"300\" height=\"180\" \/><\/a><br \/>\n<a href=\"\/cortv\/wp-content\/uploads\/sites\/79\/2016\/04\/RADIO.pdf\">Descarga Gu\u00eda Radio<\/a><br \/>\n<a href=\"\/cortv\/wp-content\/uploads\/sites\/79\/2016\/04\/RADIO.pdf\"><img loading=\"lazy\" decoding=\"async\" class=\"alignnone size-medium wp-image-45\" src=\"\/cortv\/wp-content\/uploads\/sites\/79\/2016\/02\/GuiaRadioOK-300x180.png\" alt=\"GuiaRadioOK\" width=\"300\" height=\"180\" \/><\/a><\/p>\n","protected":false},"excerpt":{"rendered":"<p>La Gu\u00edas de operaci\u00f3n de la frecuencias Radio y de Televisi\u00f3n de la Corporaci\u00f3n Oaxaque\u00f1a de Radio y Televisi\u00f3n establece los objetivos de nuestros contenidos, la estructura de la barra program\u00e1tica, los criterios de programaci\u00f3n, las caracter\u00edsticas t\u00e9cnicas, el Manual de producci\u00f3n y dem\u00e1s informaci\u00f3n bajo los principios que rigen a los medios p\u00fablicos. En [&hellip;]<\/p>\n","protected":false},"author":1,"featured_media":0,"parent":0,"menu_order":0,"comment_status":"closed","ping_status":"closed","template":"","meta":{"episode_type":"","audio_file":"","podmotor_file_id":"","podmotor_episode_id":"","cover_image":"","cover_image_id":"","duration":"","filesize":"","filesize_raw":"","date_recorded":"","explicit":"","block":"","itunes_episode_number":"","itunes_title":"","itunes_season_number":"","itunes_episode_type":"","footnotes":""},"categories":[],"tags":[],"class_list":["post-41","page","type-page","status-publish","hentry"],"acf":[],"publishpress_future_action":{"enabled":false,"date":"2026-05-21 22:24:03","action":"change-status","newStatus":"draft","terms":[],"taxonomy":"category","extraData":[]},"publishpress_future_workflow_manual_trigger":{"enabledWorkflows":[]},"_links":{"self":[{"href":"https:\/\/www.oaxaca.gob.mx\/cortv\/wp-json\/wp\/v2\/pages\/41","targetHints":{"allow":["GET"]}}],"collection":[{"href":"https:\/\/www.oaxaca.gob.mx\/cortv\/wp-json\/wp\/v2\/pages"}],"about":[{"href":"https:\/\/www.oaxaca.gob.mx\/cortv\/wp-json\/wp\/v2\/types\/page"}],"author":[{"embeddable":true,"href":"https:\/\/www.oaxaca.gob.mx\/cortv\/wp-json\/wp\/v2\/users\/1"}],"replies":[{"embeddable":true,"href":"https:\/\/www.oaxaca.gob.mx\/cortv\/wp-json\/wp\/v2\/comments?post=41"}],"version-history":[{"count":0,"href":"https:\/\/www.oaxaca.gob.mx\/cortv\/wp-json\/wp\/v2\/pages\/41\/revisions"}],"wp:attachment":[{"href":"https:\/\/www.oaxaca.gob.mx\/cortv\/wp-json\/wp\/v2\/media?parent=41"}],"wp:term":[{"taxonomy":"category","embeddable":true,"href":"https:\/\/www.oaxaca.gob.mx\/cortv\/wp-json\/wp\/v2\/categories?post=41"},{"taxonomy":"post_tag","embeddable":true,"href":"https:\/\/www.oaxaca.gob.mx\/cortv\/wp-json\/wp\/v2\/tags?post=41"}],"curies":[{"name":"wp","href":"https:\/\/api.w.org\/{rel}","templated":true}]}}