{"id":22,"date":"2016-02-05T13:07:28","date_gmt":"2016-02-05T19:07:28","guid":{"rendered":"http:\/\/www.cortv.oaxaca.gob.mx\/?page_id=14"},"modified":"2016-02-05T13:07:28","modified_gmt":"2016-02-05T19:07:28","slug":"manual-de-estilo","status":"publish","type":"page","link":"https:\/\/www.oaxaca.gob.mx\/cortv\/manual-de-estilo\/","title":{"rendered":"Manual de Estilo"},"content":{"rendered":"<p>El Manual de Estilo de la Corporaci\u00f3n Oaxaque\u00f1a de Radio y Televisi\u00f3n (CORTV) es uno de los documentos b\u00e1sicos que gu\u00edan los programas y los contenidos que produce este medio p\u00fablico de comunicaci\u00f3n.<br \/>\nLa reuni\u00f3n de estos principios generales para la creaci\u00f3n de material escrito y audiovisual nos permite unificar criterios, uniformar el estilo para ejercer el periodismo, enfocar con precisi\u00f3n temas sociales sensibles y atender el uso correcto de la ortograf\u00eda y la redacci\u00f3n. Inclusive, establecer un \u201ctratamiento ling\u00fc\u00edstico justo y adecuado\u201d de las audiencias que defienden los derechos humanos de los grupos sociales enfocados al manejo del lenguaje no sexista.<br \/>\nLa palabra, la imagen, el sonido y la tecnolog\u00eda son la esencia de los medios de comunicaci\u00f3n que permiten explicar con m\u00e1s fidelidad la historia reciente de una sociedad. De esta manera, entrevistar a un personaje p\u00fablico o contar la historia de una comunidad, implica un uso apropiado del lenguaje y un riguroso proceso donde la selecci\u00f3n de im\u00e1genes, la calidad del sonido y el desarrollo de la informaci\u00f3n explique el qu\u00e9, el c\u00f3mo, el cu\u00e1ndo, el por qu\u00e9 y el para qu\u00e9 de ese hecho.<br \/>\nSin embargo, para ello, los medios p\u00fablicos de comunicaci\u00f3n tienen que remontar dos prejuicios: su credibilidad frente a las audiencias y la sobreoferta de informaci\u00f3n en diferentes plataformas como la televisi\u00f3n, la radio, los impresos y la web.<br \/>\nFrente a esos retos, la Corporaci\u00f3n Oaxaque\u00f1a de Radio y Televisi\u00f3n (CORTV) combina innovaci\u00f3n y creatividad para presentar una oferta de contenidos distinta, y a la vez complementaria, que hoy le permite ser una opci\u00f3n para las audiencias.<br \/>\nEl otro desaf\u00edo consiste en ciudadanizar la toma de decisiones para que sean las audiencias quienes determinen qu\u00e9 y con qu\u00e9 calidad quieren recibir la programaci\u00f3n de la CORTV en sus hogares, frente al cambio hist\u00f3rico de la televisi\u00f3n y la radio anal\u00f3gica a la digital.<br \/>\nEn suma, seguimos construyendo un medio de comunicaci\u00f3n al servicio de la ciudadan\u00eda oaxaque\u00f1a, siempre con un alto sentido de la responsabilidad p\u00fablica, aquella que se entiende como ofrecer un servicio pertinente y de calidad.<br \/>\nS\u00f3lo nos resta agradecer a cada una de las personas que participaron en la elaboraci\u00f3n de este manual por sus comentarios, experiencias y cr\u00edticas. Tengan por seguro que son part\u00edcipes del momento transformador de la televisi\u00f3n y la radio p\u00fablicas de Oaxaca.<br \/>\n<a href=\"\/cortv\/wp-content\/uploads\/sites\/79\/2016\/02\/MANUAL-DE-ESTILO-21-enero-16-print.pdf\"> Descargar manual de estilos. \u00a0 <\/a>\u00a0 \u00a0 \u00a0 \u00a0 \u00a0 \u00a0 \u00a0 \u00a0 \u00a0 \u00a0 \u00a0 \u00a0 \u00a0 \u00a0 \u00a0 \u00a0 \u00a0 \u00a0 \u00a0 \u00a0 \u00a0 \u00a0 \u00a0 \u00a0 \u00a0 \u00a0 \u00a0 \u00a0 \u00a0 \u00a0 \u00a0 \u00a0 \u00a0 \u00a0 \u00a0 \u00a0 \u00a0 \u00a0 \u00a0 \u00a0 \u00a0 \u00a0 \u00a0 \u00a0 \u00a0 \u00a0 \u00a0 \u00a0 \u00a0 \u00a0 \u00a0 \u00a0 \u00a0 \u00a0 \u00a0 \u00a0 \u00a0 \u00a0 \u00a0 \u00a0 \u00a0 \u00a0 \u00a0 \u00a0 \u00a0 \u00a0 \u00a0 \u00a0 \u00a0 \u00a0 \u00a0\u00a0<a href=\"\/cortv\/wp-content\/uploads\/sites\/79\/2016\/02\/MANUAL-DE-ESTILO-21-enero-16-print.pdf\"><img loading=\"lazy\" decoding=\"async\" class=\"alignnone size-medium wp-image-16\" src=\"\/cortv\/wp-content\/uploads\/sites\/79\/2016\/02\/manualdeestilos-300x180.jpg\" alt=\"manualdeestilos\" width=\"300\" height=\"180\" \/><\/a><br \/>\n&nbsp;<\/p>\n<p style=\"text-align: right\">Lic. Emilio de Leo Blanco<br \/>\nDirector General de la CORTV<\/p>\n<p>&nbsp;<\/p>\n","protected":false},"excerpt":{"rendered":"<p>El Manual de Estilo de la Corporaci\u00f3n Oaxaque\u00f1a de Radio y Televisi\u00f3n (CORTV) es uno de los documentos b\u00e1sicos que gu\u00edan los programas y los contenidos que produce este medio p\u00fablico de comunicaci\u00f3n. La reuni\u00f3n de estos principios generales para la creaci\u00f3n de material escrito y audiovisual nos permite unificar criterios, uniformar el estilo para [&hellip;]<\/p>\n","protected":false},"author":1,"featured_media":0,"parent":0,"menu_order":0,"comment_status":"closed","ping_status":"closed","template":"","meta":{"episode_type":"","audio_file":"","podmotor_file_id":"","podmotor_episode_id":"","cover_image":"","cover_image_id":"","duration":"","filesize":"","filesize_raw":"","date_recorded":"","explicit":"","block":"","itunes_episode_number":"","itunes_title":"","itunes_season_number":"","itunes_episode_type":"","footnotes":""},"categories":[],"tags":[],"class_list":["post-22","page","type-page","status-publish","hentry"],"acf":[],"publishpress_future_action":{"enabled":false,"date":"2026-05-21 22:12:23","action":"change-status","newStatus":"draft","terms":[],"taxonomy":"category","extraData":[]},"publishpress_future_workflow_manual_trigger":{"enabledWorkflows":[]},"_links":{"self":[{"href":"https:\/\/www.oaxaca.gob.mx\/cortv\/wp-json\/wp\/v2\/pages\/22","targetHints":{"allow":["GET"]}}],"collection":[{"href":"https:\/\/www.oaxaca.gob.mx\/cortv\/wp-json\/wp\/v2\/pages"}],"about":[{"href":"https:\/\/www.oaxaca.gob.mx\/cortv\/wp-json\/wp\/v2\/types\/page"}],"author":[{"embeddable":true,"href":"https:\/\/www.oaxaca.gob.mx\/cortv\/wp-json\/wp\/v2\/users\/1"}],"replies":[{"embeddable":true,"href":"https:\/\/www.oaxaca.gob.mx\/cortv\/wp-json\/wp\/v2\/comments?post=22"}],"version-history":[{"count":0,"href":"https:\/\/www.oaxaca.gob.mx\/cortv\/wp-json\/wp\/v2\/pages\/22\/revisions"}],"wp:attachment":[{"href":"https:\/\/www.oaxaca.gob.mx\/cortv\/wp-json\/wp\/v2\/media?parent=22"}],"wp:term":[{"taxonomy":"category","embeddable":true,"href":"https:\/\/www.oaxaca.gob.mx\/cortv\/wp-json\/wp\/v2\/categories?post=22"},{"taxonomy":"post_tag","embeddable":true,"href":"https:\/\/www.oaxaca.gob.mx\/cortv\/wp-json\/wp\/v2\/tags?post=22"}],"curies":[{"name":"wp","href":"https:\/\/api.w.org\/{rel}","templated":true}]}}