{"id":10898,"date":"2023-12-07T10:40:11","date_gmt":"2023-12-07T16:40:11","guid":{"rendered":"https:\/\/www.oaxaca.gob.mx\/cortv\/?page_id=10898"},"modified":"2023-12-07T10:40:11","modified_gmt":"2023-12-07T16:40:11","slug":"mapa-del-sitio","status":"publish","type":"page","link":"https:\/\/www.oaxaca.gob.mx\/cortv\/mapa-del-sitio\/","title":{"rendered":"Mapa del Sitio"},"content":{"rendered":"<div class=\"wsp-container\"><h2 class=\"wsp-pages-title\">P\u00e1ginas<\/h2>\n<ul class=\"wsp-pages-list\">\n<li class=\"page_item page-item-27 page_item_has_children\"><a href=\"https:\/\/www.oaxaca.gob.mx\/cortv\/que-es-la-defensoria-de-audiencias\/\">\u00bfQu\u00e9 es la Defensor\u00eda de las Audiencias y cu\u00e1les son sus funciones?<\/a>\n<ul class='children'>\n\t<li class=\"page_item page-item-234\"><a href=\"https:\/\/www.oaxaca.gob.mx\/cortv\/que-es-la-defensoria-de-audiencias\/contacto-defensoria\/\">Contacto Defensoria<\/a><\/li>\n\t<li class=\"page_item page-item-515\"><a href=\"https:\/\/www.oaxaca.gob.mx\/cortv\/que-es-la-defensoria-de-audiencias\/los-derechos-de-las-audiencias\/\">Los Derechos de las Audiencias<\/a><\/li>\n<\/ul>\n<\/li>\n<li class=\"page_item page-item-15773\"><a href=\"https:\/\/www.oaxaca.gob.mx\/cortv\/que-es-y-para-que-sirve\/\">\u00bfQu\u00e9 es y para qu\u00e9 sirve?<\/a><\/li>\n<li class=\"page_item page-item-15774\"><a href=\"https:\/\/www.oaxaca.gob.mx\/cortv\/quienes-lo-conforman\/\">\u00bfQui\u00e9nes lo conforman?<\/a><\/li>\n<li class=\"page_item page-item-7775\"><a href=\"https:\/\/www.oaxaca.gob.mx\/cortv\/acciones-de-sensibilizacion\/\">Acciones de Sensibilizaci\u00f3n<\/a><\/li>\n<li class=\"page_item page-item-7777\"><a href=\"https:\/\/www.oaxaca.gob.mx\/cortv\/actas-de-sesion\/\">Actas de Sesi\u00f3n<\/a><\/li>\n<li class=\"page_item page-item-15810\"><a href=\"https:\/\/www.oaxaca.gob.mx\/cortv\/actas-de-sesiones\/\">Actas de sesiones<\/a><\/li>\n<li class=\"page_item page-item-10603\"><a href=\"https:\/\/www.oaxaca.gob.mx\/cortv\/administracion-de-riesgos\/\">Administraci\u00f3n de Riesgos<\/a><\/li>\n<li class=\"page_item page-item-7577\"><a href=\"https:\/\/www.oaxaca.gob.mx\/cortv\/administracion-documental\/\">Administraci\u00f3n Documental<\/a><\/li>\n<li class=\"page_item page-item-9917\"><a href=\"https:\/\/www.oaxaca.gob.mx\/cortv\/avance-de-gestion\/\">Avance de Gesti\u00f3n<\/a><\/li>\n<li class=\"page_item page-item-9922\"><a href=\"https:\/\/www.oaxaca.gob.mx\/cortv\/avance-de-gestion-2\/\">Avance de Gesti\u00f3n<\/a><\/li>\n<li class=\"page_item page-item-10602\"><a href=\"https:\/\/www.oaxaca.gob.mx\/cortv\/avance-de-gestion-3\/\">Avance de Gesti\u00f3n<\/a><\/li>\n<li class=\"page_item page-item-6060\"><a href=\"https:\/\/www.oaxaca.gob.mx\/cortv\/avisos-de-privacidad\/\">AVISOS DE PRIVACIDAD<\/a><\/li>\n<li class=\"page_item page-item-7778\"><a href=\"https:\/\/www.oaxaca.gob.mx\/cortv\/buzon-de-quejas-y-denuncias\/\">Buz\u00f3n de Quejas y Denuncias<\/a><\/li>\n<li class=\"page_item page-item-7270\"><a href=\"https:\/\/www.oaxaca.gob.mx\/cortv\/calendar-2\/\">Calendar<\/a><\/li>\n<li class=\"page_item page-item-3\"><a href=\"https:\/\/www.oaxaca.gob.mx\/cortv\/calendar\/\">Calendar<\/a><\/li>\n<li class=\"page_item page-item-4408\"><a href=\"https:\/\/www.oaxaca.gob.mx\/cortv\/carta-de-invitacion-a-partidos-politicos\/\">Carta de invitaci\u00f3n a partidos pol\u00edticos<\/a><\/li>\n<li class=\"page_item page-item-7776\"><a href=\"https:\/\/www.oaxaca.gob.mx\/cortv\/codigo-de-conducta\/\">C\u00f3digo de Conducta<\/a><\/li>\n<li class=\"page_item page-item-36\"><a href=\"https:\/\/www.oaxaca.gob.mx\/cortv\/codigo-de-etica\/\">C\u00f3digo de \u00c9tica<\/a><\/li>\n<li class=\"page_item page-item-678\"><a href=\"https:\/\/www.oaxaca.gob.mx\/cortv\/Comitedeetica\">COMIT\u00c9 DE \u00c9TICA Y DE PREVENCI\u00d3N DE CONFLICTO DE INTER\u00c9S DE LA CORPORACI\u00d3N OAXAQUE\u00d1A DE RADIO Y TELEVISI\u00d3N (CORTV)<\/a><\/li>\n<li class=\"page_item page-item-1972\"><a href=\"https:\/\/www.oaxaca.gob.mx\/cortv\/comprobantes-2017\/\">Comprobantes 2017<\/a><\/li>\n<li class=\"page_item page-item-4668\"><a href=\"https:\/\/www.oaxaca.gob.mx\/cortv\/comprobantes-2018\/\">Comprobantes 2018<\/a><\/li>\n<li class=\"page_item page-item-284 page_item_has_children\"><a href=\"https:\/\/www.oaxaca.gob.mx\/cortv\/consejo-consultivo-ciudadano\/\">Consejo Consultivo Ciudadano<\/a>\n<ul class='children'>\n\t<li class=\"page_item page-item-3377\"><a href=\"https:\/\/www.oaxaca.gob.mx\/cortv\/consejo-consultivo-ciudadano\/integrantes\/\">Integrantes<\/a><\/li>\n<\/ul>\n<\/li>\n<li class=\"page_item page-item-7251\"><a href=\"https:\/\/www.oaxaca.gob.mx\/cortv\/consejo-cortv\/\">Consejo CORTV<\/a><\/li>\n<li class=\"page_item page-item-15771\"><a href=\"https:\/\/www.oaxaca.gob.mx\/cortv\/consejo-de-participacion-ciudadana\/\">CONSEJO DE PARTICIPACION CIUDADANA<\/a><\/li>\n<li class=\"page_item page-item-3330\"><a href=\"https:\/\/www.oaxaca.gob.mx\/cortv\/consejo-de-participacion-ciudadana-de-la-cortv\/\">CONSEJO DE PARTICIPACI\u00d3N CIUDADANA DE LA CORTV<\/a><\/li>\n<li class=\"page_item page-item-359\"><a href=\"https:\/\/www.oaxaca.gob.mx\/cortv\/contacto-cortv\/\">Contacto<\/a><\/li>\n<li class=\"page_item page-item-76\"><a href=\"https:\/\/www.oaxaca.gob.mx\/cortv\/contenido-multimedia\/\">Contenido Multimedia<\/a><\/li>\n<li class=\"page_item page-item-638\"><a href=\"https:\/\/www.oaxaca.gob.mx\/cortv\/contenidos-2\/\">Contenidos<\/a><\/li>\n<li class=\"page_item page-item-7312\"><a href=\"https:\/\/www.oaxaca.gob.mx\/cortv\/convocatorias-internas\/\">Convocatorias<\/a><\/li>\n<li class=\"page_item page-item-7313\"><a href=\"https:\/\/www.oaxaca.gob.mx\/cortv\/convocatorias-externas\/\">Convocatorias externas<\/a><\/li>\n<li class=\"page_item page-item-7153\"><a href=\"https:\/\/www.oaxaca.gob.mx\/cortv\/transparencia\/\">CUMPLIMIENTO DE OBLIGACIONES DE TRANSPARENCIA<\/a><\/li>\n<li class=\"page_item page-item-5641\"><a href=\"https:\/\/www.oaxaca.gob.mx\/cortv\/cumplimiento-lgtaip-2018\/\">Cumplimiento LGTAIP 2018<\/a><\/li>\n<li class=\"page_item page-item-6434\"><a href=\"https:\/\/www.oaxaca.gob.mx\/cortv\/cumplimiento-lgtaip-2019\/\">Cumplimiento LGTAIP 2019<\/a><\/li>\n<li class=\"page_item page-item-7133\"><a href=\"https:\/\/www.oaxaca.gob.mx\/cortv\/directorio-6\/\">Directorio<\/a><\/li>\n<li class=\"page_item page-item-13183\"><a href=\"https:\/\/www.oaxaca.gob.mx\/cortv\/documento-de-seguridad\/\">Documento de Seguridad<\/a><\/li>\n<li class=\"page_item page-item-215\"><a href=\"https:\/\/www.oaxaca.gob.mx\/cortv\/enlaces-2\/\">Enlaces<\/a><\/li>\n<li class=\"page_item page-item-7340\"><a href=\"https:\/\/www.oaxaca.gob.mx\/cortv\/estrados-transparencia\/\">Estrados Transparencia<\/a><\/li>\n<li class=\"page_item page-item-7135\"><a href=\"https:\/\/www.oaxaca.gob.mx\/cortv\/estructura\/\">Estructura<\/a><\/li>\n<li class=\"page_item page-item-10030 page_item_has_children\"><a href=\"https:\/\/www.oaxaca.gob.mx\/cortv\/eventos\/\">Eventos<\/a>\n<ul class='children'>\n\t<li class=\"page_item page-item-10032\"><a href=\"https:\/\/www.oaxaca.gob.mx\/cortv\/eventos\/categorias\/\">Categor\u00edas<\/a><\/li>\n\t<li class=\"page_item page-item-10033\"><a href=\"https:\/\/www.oaxaca.gob.mx\/cortv\/eventos\/etiquetas\/\">Etiquetas<\/a><\/li>\n\t<li class=\"page_item page-item-10034\"><a href=\"https:\/\/www.oaxaca.gob.mx\/cortv\/eventos\/mis-reservas\/\">Mis Reservas<\/a><\/li>\n\t<li class=\"page_item page-item-10031\"><a href=\"https:\/\/www.oaxaca.gob.mx\/cortv\/eventos\/ubicaciones\/\">Ubicaciones<\/a><\/li>\n<\/ul>\n<\/li>\n<li class=\"page_item page-item-7129\"><a href=\"https:\/\/www.oaxaca.gob.mx\/cortv\/funciones\/\">Funciones<\/a><\/li>\n<li class=\"page_item page-item-80\"><a href=\"https:\/\/www.oaxaca.gob.mx\/cortv\/galeria\/\">Galeria<\/a><\/li>\n<li class=\"page_item page-item-9526\"><a href=\"https:\/\/www.oaxaca.gob.mx\/cortv\/global-96-6-en-vivo\/\">Global 96.9 en Vivo<\/a><\/li>\n<li class=\"page_item page-item-7774\"><a href=\"https:\/\/www.oaxaca.gob.mx\/cortv\/informe-anual-de-trabajo\/\">Informe Anual de Actividades<\/a><\/li>\n<li class=\"page_item page-item-5234\"><a href=\"https:\/\/www.oaxaca.gob.mx\/cortv\/informes\/\">Informes<\/a><\/li>\n<li class=\"page_item page-item-6914\"><a href=\"https:\/\/www.oaxaca.gob.mx\/cortv\/\">Inicio<\/a><\/li>\n<li class=\"page_item page-item-418\"><a href=\"https:\/\/www.oaxaca.gob.mx\/cortv\/integrantes-de-la-defensoria-de-audiencias\/\">Integrantes de la Defensor\u00eda de Audiencias<\/a><\/li>\n<li class=\"page_item page-item-4802\"><a href=\"https:\/\/www.oaxaca.gob.mx\/cortv\/integrantes-de-la-defensoria-de-audiencias-2018\/\">Integrantes de la Defensor\u00eda de Audiencias 2021<\/a><\/li>\n<li class=\"page_item page-item-15088\"><a href=\"https:\/\/www.oaxaca.gob.mx\/cortv\/integrantes-de-la-unidad\/\">Integrantes de la Unidad<\/a><\/li>\n<li class=\"page_item page-item-7767\"><a href=\"https:\/\/www.oaxaca.gob.mx\/cortv\/integrantes-del-comite-de-etica\/\">Integrantes del Comit\u00e9 de \u00c9tica<\/a><\/li>\n<li class=\"page_item page-item-41\"><a href=\"https:\/\/www.oaxaca.gob.mx\/cortv\/la-guias-de-operacion\/\">Las Gu\u00edas de Operaci\u00f3n<\/a><\/li>\n<li class=\"page_item page-item-5735\"><a href=\"https:\/\/www.oaxaca.gob.mx\/cortv\/ldf\/\">Ley de Disciplina Financiera<\/a><\/li>\n<li class=\"page_item page-item-1247\"><a href=\"https:\/\/www.oaxaca.gob.mx\/cortv\/ley-de-transparencia-fraccion-i\/\">Ley General de Transparencia \u2013 Fracci\u00f3n I<\/a><\/li>\n<li class=\"page_item page-item-1455\"><a href=\"https:\/\/www.oaxaca.gob.mx\/cortv\/ley-general-de-transparencia-fraccion-xl\/\">Ley General de Transparencia Fracci\u00f3n XL<\/a><\/li>\n<li class=\"page_item page-item-1457\"><a href=\"https:\/\/www.oaxaca.gob.mx\/cortv\/ley-general-de-transparencia-fraccion-xli\/\">Ley General de Transparencia Fracci\u00f3n XLI<\/a><\/li>\n<li class=\"page_item page-item-1459\"><a href=\"https:\/\/www.oaxaca.gob.mx\/cortv\/ley-general-de-transparencia-fraccion-xlii\/\">Ley General de Transparencia Fracci\u00f3n XLII<\/a><\/li>\n<li class=\"page_item page-item-1461\"><a href=\"https:\/\/www.oaxaca.gob.mx\/cortv\/ley-general-de-transparencia-fraccion-xliii\/\">Ley General de Transparencia Fracci\u00f3n XLIII<\/a><\/li>\n<li class=\"page_item page-item-1463\"><a href=\"https:\/\/www.oaxaca.gob.mx\/cortv\/ley-general-de-transparencia-fraccion-xliv\/\">Ley General de Transparencia Fracci\u00f3n XLIV<\/a><\/li>\n<li class=\"page_item page-item-1465\"><a href=\"https:\/\/www.oaxaca.gob.mx\/cortv\/ley-general-de-transparencia-fraccion-xlv\/\">Ley General de Transparencia Fracci\u00f3n XLV<\/a><\/li>\n<li class=\"page_item page-item-1467\"><a href=\"https:\/\/www.oaxaca.gob.mx\/cortv\/ley-general-de-transparencia-fraccion-xlvi\/\">Ley General de Transparencia Fracci\u00f3n XLVI<\/a><\/li>\n<li class=\"page_item page-item-1469\"><a href=\"https:\/\/www.oaxaca.gob.mx\/cortv\/ley-general-de-transparencia-fraccion-xlvii\/\">Ley General de Transparencia Fracci\u00f3n XLVII<\/a><\/li>\n<li class=\"page_item page-item-1471\"><a href=\"https:\/\/www.oaxaca.gob.mx\/cortv\/ley-general-de-transparencia-fraccion-xlviii\/\">Ley General de Transparencia Fracci\u00f3n XLVIII<\/a><\/li>\n<li class=\"page_item page-item-1453\"><a href=\"https:\/\/www.oaxaca.gob.mx\/cortv\/ley-general-de-transparencia-fraccion-xxxix\/\">Ley General de Transparencia Fracci\u00f3n XXXIX<\/a><\/li>\n<li class=\"page_item page-item-1377\"><a href=\"https:\/\/www.oaxaca.gob.mx\/cortv\/ley-general-de-transparencia-ii\/\">Ley General de Transparencia II<\/a><\/li>\n<li class=\"page_item page-item-1379\"><a href=\"https:\/\/www.oaxaca.gob.mx\/cortv\/ley-general-de-transparencia-iii\/\">Ley General de Transparencia III<\/a><\/li>\n<li class=\"page_item page-item-1381\"><a href=\"https:\/\/www.oaxaca.gob.mx\/cortv\/ley-general-de-transparencia-iv\/\">Ley General de Transparencia IV<\/a><\/li>\n<li class=\"page_item page-item-1391\"><a href=\"https:\/\/www.oaxaca.gob.mx\/cortv\/ley-general-de-transparencia-ix\/\">Ley General de Transparencia IX<\/a><\/li>\n<li class=\"page_item page-item-1413\"><a href=\"https:\/\/www.oaxaca.gob.mx\/cortv\/ley-general-de-transparencia-ix-2\/\">Ley General de Transparencia IX<\/a><\/li>\n<li class=\"page_item page-item-1383\"><a href=\"https:\/\/www.oaxaca.gob.mx\/cortv\/ley-general-de-transparencia-v\/\">Ley General de Transparencia V<\/a><\/li>\n<li class=\"page_item page-item-1385\"><a href=\"https:\/\/www.oaxaca.gob.mx\/cortv\/ley-general-de-transparencia-vi\/\">Ley General de Transparencia VI<\/a><\/li>\n<li class=\"page_item page-item-1387\"><a href=\"https:\/\/www.oaxaca.gob.mx\/cortv\/ley-general-de-transparencia-vii\/\">Ley General de Transparencia VII<\/a><\/li>\n<li class=\"page_item page-item-1389\"><a href=\"https:\/\/www.oaxaca.gob.mx\/cortv\/ley-general-de-transparencia-viii\/\">Ley General de Transparencia VIII<\/a><\/li>\n<li class=\"page_item page-item-1393\"><a href=\"https:\/\/www.oaxaca.gob.mx\/cortv\/ley-general-de-transparencia-x\/\">Ley General de Transparencia X<\/a><\/li>\n<li class=\"page_item page-item-1395\"><a href=\"https:\/\/www.oaxaca.gob.mx\/cortv\/ley-general-de-transparencia-xi\/\">Ley General de Transparencia XI<\/a><\/li>\n<li class=\"page_item page-item-1397\"><a href=\"https:\/\/www.oaxaca.gob.mx\/cortv\/ley-general-de-transparencia-xii\/\">Ley General de Transparencia XII<\/a><\/li>\n<li class=\"page_item page-item-1399\"><a href=\"https:\/\/www.oaxaca.gob.mx\/cortv\/ley-general-de-transparencia-xiii\/\">Ley General de Transparencia XIII<\/a><\/li>\n<li class=\"page_item page-item-1401\"><a href=\"https:\/\/www.oaxaca.gob.mx\/cortv\/ley-general-de-transparencia-xiv\/\">Ley General de Transparencia XIV<\/a><\/li>\n<li class=\"page_item page-item-1411\"><a href=\"https:\/\/www.oaxaca.gob.mx\/cortv\/ley-general-de-transparencia-xix\/\">Ley General de Transparencia XIX<\/a><\/li>\n<li class=\"page_item page-item-1403\"><a href=\"https:\/\/www.oaxaca.gob.mx\/cortv\/ley-general-de-transparencia-xv\/\">Ley General de Transparencia XV<\/a><\/li>\n<li class=\"page_item page-item-1405\"><a href=\"https:\/\/www.oaxaca.gob.mx\/cortv\/ley-general-de-transparencia-xvi\/\">Ley General de Transparencia XVI<\/a><\/li>\n<li class=\"page_item page-item-1407\"><a href=\"https:\/\/www.oaxaca.gob.mx\/cortv\/ley-general-de-transparencia-xvii\/\">Ley General de Transparencia XVII<\/a><\/li>\n<li class=\"page_item page-item-1409\"><a href=\"https:\/\/www.oaxaca.gob.mx\/cortv\/ley-general-de-transparencia-xviii\/\">Ley General de Transparencia XVIII<\/a><\/li>\n<li class=\"page_item page-item-1415\"><a href=\"https:\/\/www.oaxaca.gob.mx\/cortv\/ley-general-de-transparencia-xx\/\">Ley General de Transparencia XX<\/a><\/li>\n<li class=\"page_item page-item-1417\"><a href=\"https:\/\/www.oaxaca.gob.mx\/cortv\/ley-general-de-transparencia-xxi\/\">Ley General de Transparencia XXI<\/a><\/li>\n<li class=\"page_item page-item-1419\"><a href=\"https:\/\/www.oaxaca.gob.mx\/cortv\/ley-general-de-transparencia-xxii\/\">Ley General de Transparencia XXII<\/a><\/li>\n<li class=\"page_item page-item-1421\"><a href=\"https:\/\/www.oaxaca.gob.mx\/cortv\/ley-general-de-transparencia-xxiii\/\">Ley General de Transparencia XXIII<\/a><\/li>\n<li class=\"page_item page-item-1423\"><a href=\"https:\/\/www.oaxaca.gob.mx\/cortv\/ley-general-de-transparencia-xxiv\/\">Ley General de Transparencia XXIV<\/a><\/li>\n<li class=\"page_item page-item-1433\"><a href=\"https:\/\/www.oaxaca.gob.mx\/cortv\/ley-general-de-transparencia-xxix\/\">Ley General de Transparencia XXIX<\/a><\/li>\n<li class=\"page_item page-item-1425\"><a href=\"https:\/\/www.oaxaca.gob.mx\/cortv\/ley-general-de-transparencia-xxv\/\">Ley General de Transparencia XXV<\/a><\/li>\n<li class=\"page_item page-item-1427\"><a href=\"https:\/\/www.oaxaca.gob.mx\/cortv\/ley-general-de-transparencia-xxvi\/\">Ley General de Transparencia XXVI<\/a><\/li>\n<li class=\"page_item page-item-1429\"><a href=\"https:\/\/www.oaxaca.gob.mx\/cortv\/ley-general-de-transparencia-xxvii\/\">Ley General de Transparencia XXVII<\/a><\/li>\n<li class=\"page_item page-item-1431\"><a href=\"https:\/\/www.oaxaca.gob.mx\/cortv\/ley-general-de-transparencia-xxviii\/\">Ley General de Transparencia XXVIII<\/a><\/li>\n<li class=\"page_item page-item-1435\"><a href=\"https:\/\/www.oaxaca.gob.mx\/cortv\/ley-general-de-transparencia-xxx\/\">Ley General de Transparencia XXX<\/a><\/li>\n<li class=\"page_item page-item-1437\"><a href=\"https:\/\/www.oaxaca.gob.mx\/cortv\/ley-general-de-transparencia-xxxi\/\">Ley General de Transparencia XXXI<\/a><\/li>\n<li class=\"page_item page-item-1439\"><a href=\"https:\/\/www.oaxaca.gob.mx\/cortv\/ley-general-de-transparencia-xxxii\/\">Ley General de Transparencia XXXII<\/a><\/li>\n<li class=\"page_item page-item-1441\"><a href=\"https:\/\/www.oaxaca.gob.mx\/cortv\/ley-general-de-transparencia-xxxiii\/\">Ley General de Transparencia XXXIII<\/a><\/li>\n<li class=\"page_item page-item-1443\"><a href=\"https:\/\/www.oaxaca.gob.mx\/cortv\/ley-general-de-transparencia-xxxiv\/\">Ley General de Transparencia XXXIV<\/a><\/li>\n<li class=\"page_item page-item-1445\"><a href=\"https:\/\/www.oaxaca.gob.mx\/cortv\/ley-general-de-transparencia-xxxv\/\">Ley General de Transparencia XXXV<\/a><\/li>\n<li class=\"page_item page-item-1447\"><a href=\"https:\/\/www.oaxaca.gob.mx\/cortv\/ley-general-de-transparencia-xxxvi\/\">Ley General de Transparencia XXXVI<\/a><\/li>\n<li class=\"page_item page-item-1449\"><a href=\"https:\/\/www.oaxaca.gob.mx\/cortv\/ley-general-de-transparencia-xxxvii\/\">Ley General de Transparencia XXXVII<\/a><\/li>\n<li class=\"page_item page-item-1451\"><a href=\"https:\/\/www.oaxaca.gob.mx\/cortv\/ley-general-de-transparencia-xxxviii\/\">Ley General de Transparencia XXXVIII<\/a><\/li>\n<li class=\"page_item page-item-1127\"><a href=\"https:\/\/www.oaxaca.gob.mx\/cortv\/lgtai\/\">LGTAI<\/a><\/li>\n<li class=\"page_item page-item-5929\"><a href=\"https:\/\/www.oaxaca.gob.mx\/cortv\/lgtaip\/\">LGTAIP<\/a><\/li>\n<li class=\"page_item page-item-7269\"><a href=\"https:\/\/www.oaxaca.gob.mx\/cortv\/loginpress\/\">LoginPress<\/a><\/li>\n<li class=\"page_item page-item-22\"><a href=\"https:\/\/www.oaxaca.gob.mx\/cortv\/manual-de-estilo\/\">Manual de Estilo<\/a><\/li>\n<li class=\"page_item page-item-7137\"><a href=\"https:\/\/www.oaxaca.gob.mx\/cortv\/manual-de-organizacion\/\">Manual de organizaci\u00f3n<\/a><\/li>\n<li class=\"page_item page-item-10898\"><a href=\"https:\/\/www.oaxaca.gob.mx\/cortv\/mapa-del-sitio\/\">Mapa del Sitio<\/a><\/li>\n<li class=\"page_item page-item-7139\"><a href=\"https:\/\/www.oaxaca.gob.mx\/cortv\/marco-juridico\/\">Marco Jur\u00eddico<\/a><\/li>\n<li class=\"page_item page-item-7772\"><a href=\"https:\/\/www.oaxaca.gob.mx\/cortv\/marco-juridico-2\/\">Marco Jur\u00eddico<\/a><\/li>\n<li class=\"page_item page-item-135\"><a href=\"https:\/\/www.oaxaca.gob.mx\/cortv\/mision-vision-y-valores\/\">Misi\u00f3n, Visi\u00f3n y Objetivos<\/a><\/li>\n<li class=\"page_item page-item-861\"><a href=\"https:\/\/www.oaxaca.gob.mx\/cortv\/noticiasradio\/\">NoticiasRadio<\/a><\/li>\n<li class=\"page_item page-item-859\"><a href=\"https:\/\/www.oaxaca.gob.mx\/cortv\/noticias\/\">Noticiero de CORTV<\/a><\/li>\n<li class=\"page_item page-item-9525\"><a href=\"https:\/\/www.oaxaca.gob.mx\/cortv\/oaxaquena-radio-en-vivo\/\">Oaxaque\u00f1a Radio en Vivo<\/a><\/li>\n<li class=\"page_item page-item-151\"><a href=\"https:\/\/www.oaxaca.gob.mx\/cortv\/organigrama\/\">Organigrama<\/a><\/li>\n<li class=\"page_item page-item-2\"><a href=\"https:\/\/www.oaxaca.gob.mx\/cortv\/pagina-ejemplo\/\">P\u00e1gina de ejemplo<\/a><\/li>\n<li class=\"page_item page-item-7773\"><a href=\"https:\/\/www.oaxaca.gob.mx\/cortv\/plan-anual-de-trabajo\/\">Plan Anual de Trabajo<\/a><\/li>\n<li class=\"page_item page-item-8079\"><a href=\"https:\/\/www.oaxaca.gob.mx\/cortv\/planeacion-institucional\/\">Planeaci\u00f3n Institucional<\/a><\/li>\n<li class=\"page_item page-item-4405\"><a href=\"https:\/\/www.oaxaca.gob.mx\/cortv\/politica-de-cobertura-electoral-2017-2018\/\">Pol\u00edtica de Cobertura Electoral 2017-2018<\/a><\/li>\n<li class=\"page_item page-item-265\"><a href=\"https:\/\/www.oaxaca.gob.mx\/cortv\/programacion-global\/\">Programaci\u00f3n Global<\/a><\/li>\n<li class=\"page_item page-item-268\"><a href=\"https:\/\/www.oaxaca.gob.mx\/cortv\/programacion-oaxaquena\/\">Programaci\u00f3n Oaxaque\u00f1a<\/a><\/li>\n<li class=\"page_item page-item-70\"><a href=\"https:\/\/www.oaxaca.gob.mx\/cortv\/programacion-tv\/\">Programaci\u00f3n TV<\/a><\/li>\n<li class=\"page_item page-item-12014\"><a href=\"https:\/\/www.oaxaca.gob.mx\/cortv\/programas-de-television\/\">Programas de Televisi\u00f3n<\/a><\/li>\n<li class=\"page_item page-item-682\"><a href=\"https:\/\/www.oaxaca.gob.mx\/cortv\/pruebas3\/\">Pruebas3<\/a><\/li>\n<li class=\"page_item page-item-328\"><a href=\"https:\/\/www.oaxaca.gob.mx\/cortv\/publicaciones-cortv\/\">Publicaciones CORTV<\/a><\/li>\n<li class=\"page_item page-item-335\"><a href=\"https:\/\/www.oaxaca.gob.mx\/cortv\/publicaciones-radio\/\">Publicaciones Radio<\/a><\/li>\n<li class=\"page_item page-item-330\"><a href=\"https:\/\/www.oaxaca.gob.mx\/cortv\/publicaciones-tv\/\">Publicaciones TV<\/a><\/li>\n<li class=\"page_item page-item-149\"><a href=\"https:\/\/www.oaxaca.gob.mx\/cortv\/radio-2\/\">Radio<\/a><\/li>\n<li class=\"page_item page-item-7207\"><a href=\"https:\/\/www.oaxaca.gob.mx\/cortv\/radio-live-am\/\">Radio live am<\/a><\/li>\n<li class=\"page_item page-item-7219\"><a href=\"https:\/\/www.oaxaca.gob.mx\/cortv\/radio-live-fm\/\">Radio live fm<\/a><\/li>\n<li class=\"page_item page-item-714\"><a href=\"https:\/\/www.oaxaca.gob.mx\/cortv\/respuestas\/\">Respuestas<\/a><\/li>\n<li class=\"page_item page-item-6002\"><a href=\"https:\/\/www.oaxaca.gob.mx\/cortv\/tabla-de-aplicabilidad-actualizacion-y-conservacion\/\">Tabla de Aplicabilidad, Actualizaci\u00f3n y Conservaci\u00f3n<\/a><\/li>\n<li class=\"page_item page-item-147\"><a href=\"https:\/\/www.oaxaca.gob.mx\/cortv\/television-2\/\">Televisi\u00f3n<\/a><\/li>\n<li class=\"page_item page-item-7131\"><a href=\"https:\/\/www.oaxaca.gob.mx\/cortv\/titular-de-la-dependencia\/\">Titular de la dependencia<\/a><\/li>\n<li class=\"page_item page-item-913\"><a href=\"https:\/\/www.oaxaca.gob.mx\/cortv\/tv-en-vivo\/\">TV en Vivo<\/a><\/li>\n<\/ul>\n<\/div>\n","protected":false},"excerpt":{"rendered":"","protected":false},"author":1,"featured_media":0,"parent":0,"menu_order":0,"comment_status":"closed","ping_status":"closed","template":"","meta":{"episode_type":"","audio_file":"","podmotor_file_id":"","podmotor_episode_id":"","cover_image":"","cover_image_id":"","duration":"","filesize":"","filesize_raw":"","date_recorded":"","explicit":"","block":"","itunes_episode_number":"","itunes_title":"","itunes_season_number":"","itunes_episode_type":"","footnotes":""},"categories":[],"tags":[],"class_list":["post-10898","page","type-page","status-publish","hentry"],"acf":[],"publishpress_future_action":{"enabled":false,"date":"2026-05-21 22:15:44","action":"change-status","newStatus":"draft","terms":[],"taxonomy":"category","extraData":[]},"publishpress_future_workflow_manual_trigger":{"enabledWorkflows":[]},"_links":{"self":[{"href":"https:\/\/www.oaxaca.gob.mx\/cortv\/wp-json\/wp\/v2\/pages\/10898","targetHints":{"allow":["GET"]}}],"collection":[{"href":"https:\/\/www.oaxaca.gob.mx\/cortv\/wp-json\/wp\/v2\/pages"}],"about":[{"href":"https:\/\/www.oaxaca.gob.mx\/cortv\/wp-json\/wp\/v2\/types\/page"}],"author":[{"embeddable":true,"href":"https:\/\/www.oaxaca.gob.mx\/cortv\/wp-json\/wp\/v2\/users\/1"}],"replies":[{"embeddable":true,"href":"https:\/\/www.oaxaca.gob.mx\/cortv\/wp-json\/wp\/v2\/comments?post=10898"}],"version-history":[{"count":1,"href":"https:\/\/www.oaxaca.gob.mx\/cortv\/wp-json\/wp\/v2\/pages\/10898\/revisions"}],"predecessor-version":[{"id":10899,"href":"https:\/\/www.oaxaca.gob.mx\/cortv\/wp-json\/wp\/v2\/pages\/10898\/revisions\/10899"}],"wp:attachment":[{"href":"https:\/\/www.oaxaca.gob.mx\/cortv\/wp-json\/wp\/v2\/media?parent=10898"}],"wp:term":[{"taxonomy":"category","embeddable":true,"href":"https:\/\/www.oaxaca.gob.mx\/cortv\/wp-json\/wp\/v2\/categories?post=10898"},{"taxonomy":"post_tag","embeddable":true,"href":"https:\/\/www.oaxaca.gob.mx\/cortv\/wp-json\/wp\/v2\/tags?post=10898"}],"curies":[{"name":"wp","href":"https:\/\/api.w.org\/{rel}","templated":true}]}}