{"id":54,"date":"2018-04-26T08:43:39","date_gmt":"2018-04-26T14:43:39","guid":{"rendered":"https:\/\/www.oaxaca.gob.mx\/coreturo\/?page_id=54"},"modified":"2018-04-26T08:43:39","modified_gmt":"2018-04-26T14:43:39","slug":"simplificado","status":"publish","type":"page","link":"https:\/\/www.oaxaca.gob.mx\/coreturo\/simplificado\/","title":{"rendered":"SIMPLIFICADO"},"content":{"rendered":"<p><strong>AVISO DE PRIVACIDAD SIMPLIFICADO<\/strong><\/p>\n<p><strong>\u00a0<\/strong>La Comisi\u00f3n para la Regularizaci\u00f3n de la Tenencia de la Tierra Urbana del Estado de Oaxaca, es el sujeto obligado responsable de los datos personales que nos proporcionen.<\/p>\n<p>Sus datos personales ser\u00e1n utilizados para las siguientes finalidades: elaboraci\u00f3n y expedici\u00f3n de certificados de posesi\u00f3n y\/o t\u00edtulos de propiedad, en donde existan asentamientos humanos irregulares en bienes de propiedad particular, estatal o municipal; sustanciaci\u00f3n de cualquier medio de impugnaci\u00f3n del que sea parte y generar el informe estad\u00edstico del \u00e1rea.<\/p>\n<p>Usted podr\u00e1 consultar el aviso de privacidad integral y ejercer su derecho de Acceso, Rectificaci\u00f3n, Cancelaci\u00f3n y Oposici\u00f3n; en la Unidad de Transparencia de esta Comisi\u00f3n para la Regularizaci\u00f3n de la Tenencia de la Tierra Urbana del Estado de Oaxaca, ubicada en el Centro Administrativo del Poder Ejecutivo y Judicial \u201cGeneral Porfirio D\u00edaz\u201d Soldado de la Patria, Edificio G, Primer Nivel, \u201cMar\u00eda Sabina\u201d, Av. Gerardo Pandal Graff, n\u00famero 01, Reyes Mantec\u00f3n, San Bartolo Coyotepec, Oaxaca. C.P. 71257 y al correo electr\u00f3nico: <a href=\"mailto:coreturo011@oaxaca.gob.mx\">coreturo011@oaxaca.gob.mx<\/a>, de lunes a viernes de 09:00 a 16:00 horas, en d\u00edas h\u00e1biles.<\/p>\n<p>Usted puede consultar sus derechos de Acceso, Rectificaci\u00f3n, Cancelaci\u00f3n y Oposici\u00f3n (ARCO) en nuestro correo oficial <a href=\"mailto:coreturo011@oaxaca.gob.mx\">coreturo011@oaxaca.gob.mx<\/a><\/p>\n<p>&nbsp;<\/p>\n","protected":false},"excerpt":{"rendered":"<p>AVISO DE PRIVACIDAD SIMPLIFICADO \u00a0La Comisi\u00f3n para la Regularizaci\u00f3n de la Tenencia de la Tierra Urbana del Estado de Oaxaca, es el sujeto obligado responsable de los datos personales que nos proporcionen. Sus datos personales ser\u00e1n utilizados para las siguientes finalidades: elaboraci\u00f3n y expedici\u00f3n de certificados de posesi\u00f3n y\/o t\u00edtulos de propiedad, en donde existan [&hellip;]<\/p>\n","protected":false},"author":1,"featured_media":0,"parent":0,"menu_order":0,"comment_status":"closed","ping_status":"closed","template":"","meta":{"episode_type":"","audio_file":"","podmotor_file_id":"","podmotor_episode_id":"","cover_image":"","cover_image_id":"","duration":"","filesize":"","filesize_raw":"","date_recorded":"","explicit":"","block":"","itunes_episode_number":"","itunes_title":"","itunes_season_number":"","itunes_episode_type":"","footnotes":""},"categories":[],"tags":[],"class_list":["post-54","page","type-page","status-publish","hentry"],"acf":[],"publishpress_future_action":{"enabled":false,"date":"2026-05-17 21:04:49","action":"change-status","newStatus":"draft","terms":[],"taxonomy":"category","extraData":[]},"publishpress_future_workflow_manual_trigger":{"enabledWorkflows":[]},"_links":{"self":[{"href":"https:\/\/www.oaxaca.gob.mx\/coreturo\/wp-json\/wp\/v2\/pages\/54","targetHints":{"allow":["GET"]}}],"collection":[{"href":"https:\/\/www.oaxaca.gob.mx\/coreturo\/wp-json\/wp\/v2\/pages"}],"about":[{"href":"https:\/\/www.oaxaca.gob.mx\/coreturo\/wp-json\/wp\/v2\/types\/page"}],"author":[{"embeddable":true,"href":"https:\/\/www.oaxaca.gob.mx\/coreturo\/wp-json\/wp\/v2\/users\/1"}],"replies":[{"embeddable":true,"href":"https:\/\/www.oaxaca.gob.mx\/coreturo\/wp-json\/wp\/v2\/comments?post=54"}],"version-history":[{"count":0,"href":"https:\/\/www.oaxaca.gob.mx\/coreturo\/wp-json\/wp\/v2\/pages\/54\/revisions"}],"wp:attachment":[{"href":"https:\/\/www.oaxaca.gob.mx\/coreturo\/wp-json\/wp\/v2\/media?parent=54"}],"wp:term":[{"taxonomy":"category","embeddable":true,"href":"https:\/\/www.oaxaca.gob.mx\/coreturo\/wp-json\/wp\/v2\/categories?post=54"},{"taxonomy":"post_tag","embeddable":true,"href":"https:\/\/www.oaxaca.gob.mx\/coreturo\/wp-json\/wp\/v2\/tags?post=54"}],"curies":[{"name":"wp","href":"https:\/\/api.w.org\/{rel}","templated":true}]}}