{"id":342,"date":"2019-02-13T13:08:29","date_gmt":"2019-02-13T19:08:29","guid":{"rendered":"https:\/\/www.oaxaca.gob.mx\/coreturo\/?page_id=342"},"modified":"2019-02-13T13:08:29","modified_gmt":"2019-02-13T19:08:29","slug":"articulo-21","status":"publish","type":"page","link":"https:\/\/www.oaxaca.gob.mx\/coreturo\/articulo-21\/","title":{"rendered":"Art\u00edculo 21"},"content":{"rendered":"<p><em><strong>Art\u00edculo 21<\/strong><\/em><\/p>\n<p>Todo procedimiento en materia de derecho de acceso a la informaci\u00f3n deber\u00e1 sustanciarse de manera sencilla y expedita, de conformidad con las bases de esta Ley.<\/p>\n\n<table id=\"tablepress-articulo21\" class=\"tablepress tablepress-id-articulo21\">\n<thead>\n<tr class=\"row-1\">\n\t<th class=\"column-1\"><strong>FRACCI\u00d3N<\/strong><\/th><th class=\"column-2\"><strong>DESCRIPCI\u00d3N<\/strong><\/th><th class=\"column-3\">\u00a0<\/th>\n<\/tr>\n<\/thead>\n<tbody class=\"row-striping row-hover\">\n<tr class=\"row-2\">\n\t<td class=\"column-1\">VIII<\/td><td class=\"column-2\">Medios electr\u00f3nicos para recibir quejas, sugerencias o propuestas<\/td><td class=\"column-3\"><a href=\"https:\/\/drive.google.com\/file\/d\/1yqxtcywu7oSJ-KmPwjMFwVOas1rovj7B\/view\" target=\"_blank\" rel=\"noopener noreferrer\"><img loading=\"lazy\" decoding=\"async\" class=\"alignnone wp-image-233\" src=\"\/coreturo\/wp-content\/uploads\/sites\/45\/2018\/11\/logo_excel2016_1708_1-150x150.jpg\" alt=\"\" width=\"30\" height=\"30\" \/><\/a> <a href=\"https:\/\/drive.google.com\/uc?authuser=0&amp;id=1yqxtcywu7oSJ-KmPwjMFwVOas1rovj7B&amp;export=download\"><img loading=\"lazy\" decoding=\"async\" class=\"alignnone wp-image-240\" src=\"\/coreturo\/wp-content\/uploads\/sites\/45\/2018\/11\/logos-mas-cerca-02-150x150.jpg\" alt=\"\" width=\"30\" height=\"30\" \/><\/a><\/td>\n<\/tr>\n<tr class=\"row-3\">\n\t<td class=\"column-1\">VIII<\/td><td class=\"column-2\">Publicaci\u00f3n en medios alternativos<\/td><td class=\"column-3\"><a href=\"\/coreturo\/wp-content\/uploads\/sites\/45\/2018\/11\/logo_excel2016_1708_1.jpg\"><img loading=\"lazy\" decoding=\"async\" class=\"alignnone  wp-image-233\" src=\"\/coreturo\/wp-content\/uploads\/sites\/45\/2018\/11\/logo_excel2016_1708_1-150x150.jpg\" alt=\"\" width=\"30\" height=\"30\" \/><\/a> <a href=\"https:\/\/drive.google.com\/uc?authuser=0&amp;id=1QRjzhbduF-pabGrOGdCFngi1Amoa751Q&amp;export=download\"><img loading=\"lazy\" decoding=\"async\" class=\"alignnone wp-image-240\" src=\"\/coreturo\/wp-content\/uploads\/sites\/45\/2018\/11\/logos-mas-cerca-02-150x150.jpg\" alt=\"\" width=\"30\" height=\"30\" \/><\/a><\/td>\n<\/tr>\n<\/tbody>\n<\/table>\n<!-- #tablepress-articulo21 from cache -->\n<!-- \/wp:post-content -->","protected":false},"excerpt":{"rendered":"<p>Art\u00edculo 21 Todo procedimiento en materia de derecho de acceso a la informaci\u00f3n deber\u00e1 sustanciarse de manera sencilla y expedita, de conformidad con las bases de esta Ley.<\/p>\n","protected":false},"author":1,"featured_media":0,"parent":0,"menu_order":0,"comment_status":"closed","ping_status":"closed","template":"","meta":{"episode_type":"","audio_file":"","podmotor_file_id":"","podmotor_episode_id":"","cover_image":"","cover_image_id":"","duration":"","filesize":"","filesize_raw":"","date_recorded":"","explicit":"","block":"","itunes_episode_number":"","itunes_title":"","itunes_season_number":"","itunes_episode_type":"","footnotes":""},"categories":[],"tags":[],"class_list":["post-342","page","type-page","status-publish","hentry"],"acf":[],"publishpress_future_action":{"enabled":false,"date":"2026-05-12 18:37:56","action":"change-status","newStatus":"draft","terms":[],"taxonomy":"category","extraData":[]},"publishpress_future_workflow_manual_trigger":{"enabledWorkflows":[]},"_links":{"self":[{"href":"https:\/\/www.oaxaca.gob.mx\/coreturo\/wp-json\/wp\/v2\/pages\/342","targetHints":{"allow":["GET"]}}],"collection":[{"href":"https:\/\/www.oaxaca.gob.mx\/coreturo\/wp-json\/wp\/v2\/pages"}],"about":[{"href":"https:\/\/www.oaxaca.gob.mx\/coreturo\/wp-json\/wp\/v2\/types\/page"}],"author":[{"embeddable":true,"href":"https:\/\/www.oaxaca.gob.mx\/coreturo\/wp-json\/wp\/v2\/users\/1"}],"replies":[{"embeddable":true,"href":"https:\/\/www.oaxaca.gob.mx\/coreturo\/wp-json\/wp\/v2\/comments?post=342"}],"version-history":[{"count":0,"href":"https:\/\/www.oaxaca.gob.mx\/coreturo\/wp-json\/wp\/v2\/pages\/342\/revisions"}],"wp:attachment":[{"href":"https:\/\/www.oaxaca.gob.mx\/coreturo\/wp-json\/wp\/v2\/media?parent=342"}],"wp:term":[{"taxonomy":"category","embeddable":true,"href":"https:\/\/www.oaxaca.gob.mx\/coreturo\/wp-json\/wp\/v2\/categories?post=342"},{"taxonomy":"post_tag","embeddable":true,"href":"https:\/\/www.oaxaca.gob.mx\/coreturo\/wp-json\/wp\/v2\/tags?post=342"}],"curies":[{"name":"wp","href":"https:\/\/api.w.org\/{rel}","templated":true}]}}