{"id":2406,"date":"2025-07-25T12:06:17","date_gmt":"2025-07-25T18:06:17","guid":{"rendered":"https:\/\/www.oaxaca.gob.mx\/coreturo\/?page_id=2406"},"modified":"2025-07-25T13:50:34","modified_gmt":"2025-07-25T19:50:34","slug":"segundo-trimestre-2025","status":"publish","type":"page","link":"https:\/\/www.oaxaca.gob.mx\/coreturo\/segundo-trimestre-2025\/","title":{"rendered":"Informaci\u00f3n Financiera 2025"},"content":{"rendered":"<p style=\"text-align: center\"><strong>Segundo Trimestre<\/strong><\/p>\n<p><span style=\"color: #800000\">CONTABLE:<\/span><\/p>\n<ul>\n<li><a href=\"https:\/\/www.oaxaca.gob.mx\/coreturo\/wp-content\/uploads\/sites\/45\/2025\/07\/1.-Estado-de-Actividades.pdf\">Estado de Actividades<\/a><\/li>\n<li><a href=\"https:\/\/www.oaxaca.gob.mx\/coreturo\/wp-content\/uploads\/sites\/45\/2025\/07\/2.-Estado-de-Situacion-financiera.pdf\">Estado de Situaci\u00f3n Financiera<\/a><\/li>\n<li><a href=\"https:\/\/www.oaxaca.gob.mx\/coreturo\/wp-content\/uploads\/sites\/45\/2025\/07\/3.-Estado-de-variacion-en-la-Hacienda-Publica.pdf\">Estado de Variaci\u00f3n en la Situaci\u00f3n Publica<\/a><\/li>\n<li><a href=\"https:\/\/www.oaxaca.gob.mx\/coreturo\/wp-content\/uploads\/sites\/45\/2025\/07\/4.-Estado-de-Cambio-en-la-situacion-Financiera.pdf\">Estado de Cambio en la Situaci\u00f3n Financiera<\/a><\/li>\n<li><a href=\"https:\/\/www.oaxaca.gob.mx\/coreturo\/wp-content\/uploads\/sites\/45\/2025\/07\/5.-Estado-de-Flujo-de-Efectivo.pdf\">Estado de Flujo de Efectivo<\/a><\/li>\n<li><a href=\"https:\/\/www.oaxaca.gob.mx\/coreturo\/wp-content\/uploads\/sites\/45\/2025\/07\/6.-Informes-sobre-Pasivos-Continguentes.pdf\">Informes sobre Pasivos Continguentes<\/a><\/li>\n<li><a href=\"https:\/\/www.oaxaca.gob.mx\/coreturo\/wp-content\/uploads\/sites\/45\/2025\/07\/7.-Notas-a-los-Estados-Fionancieros.pdf\">Notas a los Estados Financieros<\/a><\/li>\n<li><a href=\"https:\/\/www.oaxaca.gob.mx\/coreturo\/wp-content\/uploads\/sites\/45\/2025\/07\/8.-Estado-analitico-del-Activo.pdf\">Estado Anal\u00edtico del Activo<\/a><\/li>\n<li><a href=\"https:\/\/www.oaxaca.gob.mx\/coreturo\/wp-content\/uploads\/sites\/45\/2025\/07\/9.-Estado-Analitico-de-la-Deuda-y-otros-Pasivos.pdf\">Estado Anal\u00edtico de la Deuda y otros Pasivos<\/a><\/li>\n<li><a href=\"https:\/\/www.oaxaca.gob.mx\/coreturo\/wp-content\/uploads\/sites\/45\/2025\/07\/10.-Normas-de-Ayudas-y-Subsidios.pdf\">Normas de Ayudas y Subsidios<\/a><\/li>\n<li><a href=\"https:\/\/www.oaxaca.gob.mx\/coreturo\/wp-content\/uploads\/sites\/45\/2025\/07\/11.-Bienes-Muebles-e-Inmuebles.pdf\">Bienes Muebles e Inmuebles<\/a><\/li>\n<li><a href=\"https:\/\/www.oaxaca.gob.mx\/coreturo\/wp-content\/uploads\/sites\/45\/2025\/07\/12.-Endeudamiento-Neto.pdf\">Endeudamiento Neto<\/a><\/li>\n<li><a href=\"https:\/\/www.oaxaca.gob.mx\/coreturo\/wp-content\/uploads\/sites\/45\/2025\/07\/13.-Intereses-de-la-Deuda.pdf\">Intereses de la Deuda<\/a><\/li>\n<\/ul>\n<p>&nbsp;<\/p>\n<p><span style=\"color: #800000\">PRESUPUESTARIA:<\/span><\/p>\n<ul>\n<li><a href=\"https:\/\/www.oaxaca.gob.mx\/coreturo\/wp-content\/uploads\/sites\/45\/2025\/07\/1.-Estado-Analitido-de-Ingreso.pdf\">Estado Anal\u00edtico de Ingreso<\/a><\/li>\n<li><a href=\"https:\/\/www.oaxaca.gob.mx\/coreturo\/wp-content\/uploads\/sites\/45\/2025\/07\/2.-Estado-Analitico-del-Ejercicio-Presupuestal-de-Egreso.pdf\">Estado Anal\u00edtico del Ejercicio Presupuestal de Egreso<\/a><\/li>\n<li><a href=\"https:\/\/www.oaxaca.gob.mx\/coreturo\/wp-content\/uploads\/sites\/45\/2025\/07\/3.-Administrativo.pdf\">Administrativo<\/a><\/li>\n<li><a href=\"https:\/\/www.oaxaca.gob.mx\/coreturo\/wp-content\/uploads\/sites\/45\/2025\/07\/4.-Economica.pdf\">Econ\u00f3mica<\/a><\/li>\n<li><a href=\"https:\/\/www.oaxaca.gob.mx\/coreturo\/wp-content\/uploads\/sites\/45\/2025\/07\/5.-Por-Objeto-del-Gasto.pdf\">Por Objeto del Gasto<\/a><\/li>\n<li><a href=\"https:\/\/www.oaxaca.gob.mx\/coreturo\/wp-content\/uploads\/sites\/45\/2025\/07\/6.-Funcional.pdf\">Funcional<\/a><\/li>\n<\/ul>\n<p>&nbsp;<\/p>\n<p><span style=\"color: #800000\">PROGRAMATICA:<\/span><\/p>\n<ul>\n<li><a href=\"https:\/\/www.oaxaca.gob.mx\/coreturo\/wp-content\/uploads\/sites\/45\/2025\/07\/1.-Gastos-por-Categoria-Programatica.pdf\">Gastos por Categor\u00eda Program\u00e1tica<\/a><\/li>\n<li><a href=\"https:\/\/www.oaxaca.gob.mx\/coreturo\/wp-content\/uploads\/sites\/45\/2025\/07\/2.-Indicadores-de-Resultados.pdf\">Indicadores de Resultados<\/a><\/li>\n<li><a href=\"https:\/\/www.oaxaca.gob.mx\/coreturo\/wp-content\/uploads\/sites\/45\/2025\/07\/3.-Programas-y-Proyectos-de-Inversion.pdf\">Programas y Proyectos de Inversi\u00f3n<\/a><\/li>\n<\/ul>\n","protected":false},"excerpt":{"rendered":"<p>Segundo Trimestre CONTABLE: Estado de Actividades Estado de Situaci\u00f3n Financiera Estado de Variaci\u00f3n en la Situaci\u00f3n Publica Estado de Cambio en la Situaci\u00f3n Financiera Estado de Flujo de Efectivo Informes sobre Pasivos Continguentes Notas a los Estados Financieros Estado Anal\u00edtico del Activo Estado Anal\u00edtico de la Deuda y otros Pasivos Normas de Ayudas y Subsidios [&hellip;]<\/p>\n","protected":false},"author":54,"featured_media":0,"parent":0,"menu_order":0,"comment_status":"closed","ping_status":"closed","template":"","meta":{"episode_type":"","audio_file":"","podmotor_file_id":"","podmotor_episode_id":"","cover_image":"","cover_image_id":"","duration":"","filesize":"","filesize_raw":"","date_recorded":"","explicit":"","block":"","itunes_episode_number":"","itunes_title":"","itunes_season_number":"","itunes_episode_type":"","footnotes":""},"categories":[],"tags":[],"class_list":["post-2406","page","type-page","status-publish","hentry"],"acf":[],"publishpress_future_action":{"enabled":false,"date":"2026-04-23 15:53:10","action":"change-status","newStatus":"draft","terms":[],"taxonomy":"category","extraData":[]},"publishpress_future_workflow_manual_trigger":{"enabledWorkflows":[]},"_links":{"self":[{"href":"https:\/\/www.oaxaca.gob.mx\/coreturo\/wp-json\/wp\/v2\/pages\/2406","targetHints":{"allow":["GET"]}}],"collection":[{"href":"https:\/\/www.oaxaca.gob.mx\/coreturo\/wp-json\/wp\/v2\/pages"}],"about":[{"href":"https:\/\/www.oaxaca.gob.mx\/coreturo\/wp-json\/wp\/v2\/types\/page"}],"author":[{"embeddable":true,"href":"https:\/\/www.oaxaca.gob.mx\/coreturo\/wp-json\/wp\/v2\/users\/54"}],"replies":[{"embeddable":true,"href":"https:\/\/www.oaxaca.gob.mx\/coreturo\/wp-json\/wp\/v2\/comments?post=2406"}],"version-history":[{"count":2,"href":"https:\/\/www.oaxaca.gob.mx\/coreturo\/wp-json\/wp\/v2\/pages\/2406\/revisions"}],"predecessor-version":[{"id":2486,"href":"https:\/\/www.oaxaca.gob.mx\/coreturo\/wp-json\/wp\/v2\/pages\/2406\/revisions\/2486"}],"wp:attachment":[{"href":"https:\/\/www.oaxaca.gob.mx\/coreturo\/wp-json\/wp\/v2\/media?parent=2406"}],"wp:term":[{"taxonomy":"category","embeddable":true,"href":"https:\/\/www.oaxaca.gob.mx\/coreturo\/wp-json\/wp\/v2\/categories?post=2406"},{"taxonomy":"post_tag","embeddable":true,"href":"https:\/\/www.oaxaca.gob.mx\/coreturo\/wp-json\/wp\/v2\/tags?post=2406"}],"curies":[{"name":"wp","href":"https:\/\/api.w.org\/{rel}","templated":true}]}}