{"id":208,"date":"2018-11-12T14:04:10","date_gmt":"2018-11-12T20:04:10","guid":{"rendered":"https:\/\/www.oaxaca.gob.mx\/coreturo\/?page_id=208"},"modified":"2018-11-12T14:04:10","modified_gmt":"2018-11-12T20:04:10","slug":"articulo-80","status":"publish","type":"page","link":"https:\/\/www.oaxaca.gob.mx\/coreturo\/articulo-80\/","title":{"rendered":"Art\u00edculo 80"},"content":{"rendered":"<p><strong><em>\u00a0Art\u00edculo 80<\/em><\/strong><\/p>\n<p>Para determinar la informaci\u00f3n adicional que publicar\u00e1n todos los sujetos obligados de manera obligatoria, los Organismos garantes deber\u00e1n:<\/p>\n<p>&nbsp;<\/p>\n<p style=\"padding-left: 20px\">I.- Solicitar a los sujetos obligados que, atendiendo a los lineamientos emitidos por el Sistema Nacional, remitan el listado de informaci\u00f3n que consideren de inter\u00e9s p\u00fablico;<\/p>\n<p>&nbsp;<\/p>\n<p style=\"padding-left: 20px\">II.- Revisar el listado que remiti\u00f3 el sujeto obligado con base en las funciones, atribuciones y competencias que la normatividad aplicable le otorgue, y<\/p>\n<p>&nbsp;<\/p>\n<p style=\"padding-left: 20px\">III.- Determinar el cat\u00e1logo de informaci\u00f3n que el sujeto obligado deber\u00e1 publicar como obligaci\u00f3n de transparencia.<\/p>\n","protected":false},"excerpt":{"rendered":"<p>\u00a0Art\u00edculo 80 Para determinar la informaci\u00f3n adicional que publicar\u00e1n todos los sujetos obligados de manera obligatoria, los Organismos garantes deber\u00e1n: &nbsp; I.- Solicitar a los sujetos obligados que, atendiendo a los lineamientos emitidos por el Sistema Nacional, remitan el listado de informaci\u00f3n que consideren de inter\u00e9s p\u00fablico; &nbsp; II.- Revisar el listado que remiti\u00f3 el [&hellip;]<\/p>\n","protected":false},"author":1,"featured_media":0,"parent":0,"menu_order":0,"comment_status":"closed","ping_status":"closed","template":"","meta":{"episode_type":"","audio_file":"","podmotor_file_id":"","podmotor_episode_id":"","cover_image":"","cover_image_id":"","duration":"","filesize":"","filesize_raw":"","date_recorded":"","explicit":"","block":"","itunes_episode_number":"","itunes_title":"","itunes_season_number":"","itunes_episode_type":"","footnotes":""},"categories":[],"tags":[],"class_list":["post-208","page","type-page","status-publish","hentry"],"acf":[],"publishpress_future_action":{"enabled":false,"date":"2026-05-08 04:33:04","action":"change-status","newStatus":"draft","terms":[],"taxonomy":"category","extraData":[]},"publishpress_future_workflow_manual_trigger":{"enabledWorkflows":[]},"_links":{"self":[{"href":"https:\/\/www.oaxaca.gob.mx\/coreturo\/wp-json\/wp\/v2\/pages\/208","targetHints":{"allow":["GET"]}}],"collection":[{"href":"https:\/\/www.oaxaca.gob.mx\/coreturo\/wp-json\/wp\/v2\/pages"}],"about":[{"href":"https:\/\/www.oaxaca.gob.mx\/coreturo\/wp-json\/wp\/v2\/types\/page"}],"author":[{"embeddable":true,"href":"https:\/\/www.oaxaca.gob.mx\/coreturo\/wp-json\/wp\/v2\/users\/1"}],"replies":[{"embeddable":true,"href":"https:\/\/www.oaxaca.gob.mx\/coreturo\/wp-json\/wp\/v2\/comments?post=208"}],"version-history":[{"count":0,"href":"https:\/\/www.oaxaca.gob.mx\/coreturo\/wp-json\/wp\/v2\/pages\/208\/revisions"}],"wp:attachment":[{"href":"https:\/\/www.oaxaca.gob.mx\/coreturo\/wp-json\/wp\/v2\/media?parent=208"}],"wp:term":[{"taxonomy":"category","embeddable":true,"href":"https:\/\/www.oaxaca.gob.mx\/coreturo\/wp-json\/wp\/v2\/categories?post=208"},{"taxonomy":"post_tag","embeddable":true,"href":"https:\/\/www.oaxaca.gob.mx\/coreturo\/wp-json\/wp\/v2\/tags?post=208"}],"curies":[{"name":"wp","href":"https:\/\/api.w.org\/{rel}","templated":true}]}}