{"id":3805,"date":"2023-09-08T16:19:02","date_gmt":"2023-09-08T22:19:02","guid":{"rendered":"https:\/\/www.oaxaca.gob.mx\/copeval\/?page_id=3805"},"modified":"2023-09-08T16:46:34","modified_gmt":"2023-09-08T22:46:34","slug":"juridico","status":"publish","type":"page","link":"https:\/\/www.oaxaca.gob.mx\/copeval\/juridico\/","title":{"rendered":"Marco Jur\u00eddico"},"content":{"rendered":"<nav style=\"margin-bottom: 30px\">\n<div id=\"nav-tab\" class=\"nav nav-tabs\" role=\"tablist\"><a id=\"nav_tab_uno\" class=\"nav-item nav-link active\" role=\"tab\" href=\"#nav_uno\" data-toggle=\"tab\">Internacional<\/a><br \/>\n<a id=\"nav_tab_dos\" class=\"nav-item nav-link\" role=\"tab\" href=\"#nav_dos\" data-toggle=\"tab\">Federal<\/a><br \/>\n<a id=\"nav_tab_tres\" class=\"nav-item nav-link\" role=\"tab\" href=\"#nav_tres\" data-toggle=\"tab\">Estatal<\/a><\/div>\n<\/nav>\n<div id=\"nav-tabContent\" class=\"tab-content\">\n<div id=\"nav_uno\" class=\"tab-pane fade show active\" role=\"tabpanel\" aria-labelledby=\"nav_tab_uno\">\n<ul>\n<li><a href=\"\/copeval\/wp-content\/uploads\/sites\/63\/2019\/08\/2ConvencionAmericana.pdf\" target=\"_blank\" rel=\"noopener noreferrer\">Convenci\u00f3n Americana<\/a><\/li>\n<li><a href=\"\/copeval\/wp-content\/uploads\/sites\/63\/2019\/08\/3PACTO-INTERNACIONAL-DERECHOS-CIVILES-Y-POL.pdf\" target=\"_blank\" rel=\"noopener noreferrer\">Pacto Internacional de Derechos Civiles y Pol\u00edticos<\/a><\/li>\n<li><a href=\"\/copeval\/wp-content\/uploads\/sites\/63\/2019\/08\/4Pacto_Internacional_de_Derechos_Economicos_Sociales_y_Culturales.pdf\" target=\"_blank\" rel=\"noopener noreferrer\">Pacto Internacional de los Derechos Econ\u00f3micos, Sociales y Culturales<\/a><\/li>\n<\/ul><\/div>\n<div id=\"nav_dos\" class=\"tab-pane fade\" role=\"tabpanel\" aria-labelledby=\"nav_tab_dos\">\n<ul>\n<li><a href=\"https:\/\/www.oaxaca.gob.mx\/copeval\/wp-content\/uploads\/sites\/63\/2023\/04\/CONSTITUCIO\u0301N-POLI\u0301TICA-DE-LOS-ESTADOS-UNIDOS-MEXICANOS.pdf\" target=\"_blank\" rel=\"noopener noreferrer\">Constituci\u00f3n Pol\u00edtica de los Estados Unidos Mexicanos<\/a><\/li>\n<li><a href=\"\/copeval\/wp-content\/uploads\/sites\/63\/2022\/01\/Ley-General-de-Transparencia-y-Acceso-a-la-Informacion-Publica.pdf\" target=\"_blank\" rel=\"noopener noreferrer\">Ley General de Transparencia y Acceso a la Informaci\u00f3n P\u00fablica<\/a><\/li>\n<li><a href=\"\/copeval\/wp-content\/uploads\/sites\/63\/2019\/08\/Ley_General_de_Proteccion_de_Datos_Personales_en_Posesion_de_Sujetos_Obligados.pdf\" target=\"_blank\" rel=\"noopener noreferrer\">Ley General de Protecci\u00f3n de Datos Personales en Posesi\u00f3n de Sujetos Obligados<\/a><\/li>\n<li><a href=\"https:\/\/www.oaxaca.gob.mx\/copeval\/wp-content\/uploads\/sites\/63\/2023\/04\/Ley-General-de-Responsabilidades-Administrativas.pdf\" target=\"_blank\" rel=\"noopener noreferrer\">Ley General de Responsabilidades Administrativas<\/a><\/li>\n<li><a href=\"\/copeval\/wp-content\/uploads\/sites\/63\/2022\/01\/Ley-General-del-Sistema-Nacional-Anticorrupcion.pdf\" target=\"_blank\" rel=\"noopener noreferrer\">Ley General del Sistema Nacional Anticorrupci\u00f3n<\/a><\/li>\n<li><a href=\"\/copeval\/wp-content\/uploads\/sites\/63\/2019\/08\/Ley_planeacion.pdf\" target=\"_blank\" rel=\"noopener noreferrer\">Ley de Planeaci\u00f3n<\/a><\/li>\n<li><a href=\"https:\/\/www.oaxaca.gob.mx\/copeval\/wp-content\/uploads\/sites\/63\/2023\/04\/Ley-del-Sistema-Nacional-de-Informacio\u0301n-Estadi\u0301stica-y-Geogra\u0301fica.pdf\" target=\"_blank\" rel=\"noopener noreferrer\">Ley del Sistema Nacional de Informaci\u00f3n Estad\u00edstica y Geogr\u00e1fica<\/a><\/li>\n<li><a href=\"https:\/\/www.oaxaca.gob.mx\/copeval\/wp-content\/uploads\/sites\/63\/2023\/04\/Ley-General-de-Archivos.pdf\" target=\"_blank\" rel=\"noopener noreferrer\">Ley General de Archivos<\/a><\/li>\n<li><a href=\"https:\/\/www.oaxaca.gob.mx\/copeval\/wp-content\/uploads\/sites\/63\/2022\/07\/Ley-General-de-Desarrollo-Social.pdf\" target=\"_blank\" rel=\"noopener noreferrer\">Ley General de Desarrollo Social<\/a><\/li>\n<\/ul>\n<\/div>\n<div id=\"nav_tres\" class=\"tab-pane fade\" role=\"tabpanel\" aria-labelledby=\"nav_tab_tres\">\n<ul>\n<li><a href=\"https:\/\/www.oaxaca.gob.mx\/copeval\/wp-content\/uploads\/sites\/63\/2022\/02\/Protocolo-para-la-Prevencion-Atencion-y-Sancion-del-Hostigamiento-Sexual-y-o-Acoso-Sexual-en-la-Administracion-Publica-Estatal.pdf\" target=\"_blank\" rel=\"noopener\">Protocolo para la Prevenci\u00f3n, Atenci\u00f3n y Sanci\u00f3n del Hostigamiento Sexual y o Acoso Sexual en la Administraci\u00f3n P\u00fablica Estatal<\/a><\/li>\n<li><a href=\"https:\/\/www.oaxaca.gob.mx\/copeval\/wp-content\/uploads\/sites\/63\/2022\/02\/PRONUNCIAMIENTO-CERO-TOLERANCIA-AL-HOSTIGAMIENTO-SEXUAL-Y-ACOSO-SEXUAL-DE-LA-COPEVAL-2022.pdf\" target=\"_blank\" rel=\"noopener\">Pronunciamiento Cero Tolerancia Al Hostigamiento Sexual Y Acoso Sexual De La Copeval 2022<\/a><\/li>\n<li><a href=\"https:\/\/www.oaxaca.gob.mx\/copeval\/wp-content\/uploads\/sites\/63\/2023\/04\/Constitucion_Politica_del_Estado_Libre_y_Soberano_de_Oaxaca.pdf\" target=\"_blank\" rel=\"noopener noreferrer\">Constituci\u00f3n Pol\u00edtica del Estado Libre y Soberano de Oaxaca<\/a><\/li>\n<li><a href=\"https:\/\/www.oaxaca.gob.mx\/copeval\/wp-content\/uploads\/sites\/63\/2023\/04\/Ley_de_Transparencia_Acceso_a_la_informacion_publica_y_Buen_Gobierno_del_Est_de_Oax_.pdf\">Ley de Transparencia y Acceso a la Informaci\u00f3n P\u00fablica y Buen Gobierno del Estado de Oaxaca<\/a><\/li>\n<li><a href=\"\/copeval\/wp-content\/uploads\/sites\/63\/2022\/01\/Ley-de-Proteccion-de-Datos-Personales-en-Posesion-de-Sujetos-Obligados-del-Estado-de-Oaxaca.pdf\" target=\"_blank\" rel=\"noopener noreferrer\">Ley de Protecci\u00f3n de Datos Personales en Posesi\u00f3n de Sujetos Obligados del Estado de Oaxaca<\/a><\/li>\n<li><a href=\"https:\/\/www.oaxaca.gob.mx\/copeval\/wp-content\/uploads\/sites\/63\/2021\/01\/EST-Ley-de-Archivos-para-el-Estado-de-Oaxaca.pdf\" target=\"_blank\" rel=\"noopener noreferrer\">Ley de Archivos del Estado de Oaxaca<\/a><\/li>\n<li><a href=\"https:\/\/www.oaxaca.gob.mx\/copeval\/wp-content\/uploads\/sites\/63\/2023\/09\/DECRETO-DE-CREACION_COPEVAL.pdf\" target=\"_blank\" rel=\"noopener noreferrer\">Decreto de Creaci\u00f3n de COPEVAL<\/a><\/li>\n<li><a href=\"https:\/\/www.oaxaca.gob.mx\/copeval\/wp-content\/uploads\/sites\/63\/2020\/02\/manualdeOrganizacion.pdf\" target=\"_blank\" rel=\"noopener noreferrer\">Manual de Organizaci\u00f3n COPEVAL<\/a><\/li>\n<li><a href=\"https:\/\/www.oaxaca.gob.mx\/copeval\/wp-content\/uploads\/sites\/63\/2022\/08\/MANUAL-DE-PROCEDIMIENTOS-DE-LA-COPEVAL.pdf\" target=\"_blank\" rel=\"noopener\">Manual de procedimientos de la COPEVAL<\/a><\/li>\n<li><a href=\"\/copeval\/wp-content\/uploads\/sites\/63\/2019\/08\/lineamientos_generales_PUB.pdf\" target=\"_blank\" rel=\"noopener noreferrer\">Lineamientos Generales para la Integraci\u00f3n y Administraci\u00f3n del Padr\u00f3n \u00danico de Beneficiarios para el Estado de Oaxaca<\/a><\/li>\n<li><a href=\"\/copeval\/wp-content\/uploads\/sites\/63\/2019\/08\/reglamento_interno_copeval_r.pdf\" target=\"_blank\" rel=\"noopener noreferrer\">Reglamento Interno de la Coordinaci\u00f3n de Planeaci\u00f3n y Evaluaci\u00f3n para el Desarrollo Social de Oaxaca<\/a><\/li>\n<li><a href=\"https:\/\/www.oaxaca.gob.mx\/copeval\/wp-content\/uploads\/sites\/63\/2023\/04\/CODIGO-DE-ETICA-DEL-PODER-EJECUTIVO.pdf\" target=\"_blank\" rel=\"noopener noreferrer\">C\u00f3digo de \u00c9tica del Poder Ejecutivo<\/a><\/li>\n<li><a href=\"https:\/\/www.oaxaca.gob.mx\/copeval\/wp-content\/uploads\/sites\/63\/2023\/04\/LEY-DE-ADQUISICIONES-ENAJENACIONES-ARRENDAMIENTOS-PRESTACIO\u0301N-DE-SERVICIOS-Y-ADMINISTRACIO\u0301N-DE-BIENES-MUEBLES-E-INMUEBLES.pdf\" target=\"_blank\" rel=\"noopener noreferrer\">Ley de Adquisiciones, Enajenaciones, Arrendamientos, Prestaci\u00f3n de Servicios<\/a><\/li>\n<li><a href=\"https:\/\/www.oaxaca.gob.mx\/copeval\/wp-content\/uploads\/sites\/63\/2023\/04\/Ley-de-Desarrollo-Social-del-Estado-de-Oaxaca.pdf\" target=\"_blank\" rel=\"noopener noreferrer\">Ley de Desarrollo Social para el Estado de Oaxaca<\/a><\/li>\n<li><a href=\"\/copeval\/wp-content\/uploads\/sites\/63\/2019\/08\/Ley_de_Entidades_Paraestatales_del_Estado_de_Oaxaca.pdf\" target=\"_blank\" rel=\"noopener noreferrer\">Ley de Entidades Paraestatales del Estado de Oaxaca<\/a><\/li>\n<li><a href=\"\/copeval\/wp-content\/uploads\/sites\/63\/2022\/01\/Ley-de-Responsabilidades-Administrativas-del-Estado-y-Municipios-de-Oaxaca.pdf\" target=\"_blank\" rel=\"noopener noreferrer\">Ley de Responsabilidades Administrativas del Estado y Municipios de Oaxaca<\/a><\/li>\n<li><a href=\"\/copeval\/wp-content\/uploads\/sites\/63\/2022\/01\/Ley-del-Servicio-Civil-para-los-Empleados-del-Gobierno-del-Estado.pdf\" target=\"_blank\" rel=\"noopener noreferrer\">Ley del Servicio Civil para los Empleados del Gobierno del Estado<\/a><\/li>\n<li><a href=\"\/copeval\/wp-content\/uploads\/sites\/63\/2022\/01\/Ley-Estatal-de-Planeacion.pdf\" target=\"_blank\" rel=\"noopener noreferrer\">Ley Estatal de Planeaci\u00f3n<\/a><\/li>\n<li><a href=\"https:\/\/www.oaxaca.gob.mx\/copeval\/wp-content\/uploads\/sites\/63\/2023\/04\/LEY-ESTATAL-DE-PRESUPUESTO-Y-RESPONSABILIDAD-HACENDARIA.pdf\" target=\"_blank\" rel=\"noopener noreferrer\">Ley Estatal de Presupuesto y Responsabilidad Hacendaria<\/a><\/li>\n<li><a href=\"https:\/\/www.oaxaca.gob.mx\/copeval\/wp-content\/uploads\/sites\/63\/2023\/04\/LEY-ORGA\u0301NICA-DEL-PODER-EJECUTIVO-DEL-ESTADO-DE-OAXACA.pdf\" target=\"_blank\" rel=\"noopener noreferrer\">Ley Org\u00e1nica del Poder Ejecutivo del Estado de Oaxaca<\/a><\/li>\n<li><a href=\"https:\/\/www.oaxaca.gob.mx\/copeval\/wp-content\/uploads\/sites\/63\/2023\/04\/PRESUPUESTO-DE-EGRESOS.pdf\" target=\"_blank\" rel=\"noopener noreferrer\">Presupuesto de Egresos del Estado de Oaxaca<\/a><\/li>\n<\/ul>\n<\/div>\n<\/div>\n","protected":false},"excerpt":{"rendered":"<p>Internacional Federal Estatal Convenci\u00f3n Americana Pacto Internacional de Derechos Civiles y Pol\u00edticos Pacto Internacional de los Derechos Econ\u00f3micos, Sociales y Culturales Constituci\u00f3n Pol\u00edtica de los Estados Unidos Mexicanos Ley General de Transparencia y Acceso a la Informaci\u00f3n P\u00fablica Ley General de Protecci\u00f3n de Datos Personales en Posesi\u00f3n de Sujetos Obligados Ley General de Responsabilidades Administrativas [&hellip;]<\/p>\n","protected":false},"author":70,"featured_media":0,"parent":0,"menu_order":0,"comment_status":"closed","ping_status":"closed","template":"","meta":{"episode_type":"","audio_file":"","podmotor_file_id":"","podmotor_episode_id":"","cover_image":"","cover_image_id":"","duration":"","filesize":"","filesize_raw":"","date_recorded":"","explicit":"","block":"","itunes_episode_number":"","itunes_title":"","itunes_season_number":"","itunes_episode_type":"","footnotes":""},"categories":[],"tags":[],"class_list":["post-3805","page","type-page","status-publish","hentry"],"acf":[],"publishpress_future_action":{"enabled":false,"date":"2026-05-16 12:09:01","action":"change-status","newStatus":"draft","terms":[],"taxonomy":"category","extraData":[]},"publishpress_future_workflow_manual_trigger":{"enabledWorkflows":[]},"_links":{"self":[{"href":"https:\/\/www.oaxaca.gob.mx\/copeval\/wp-json\/wp\/v2\/pages\/3805","targetHints":{"allow":["GET"]}}],"collection":[{"href":"https:\/\/www.oaxaca.gob.mx\/copeval\/wp-json\/wp\/v2\/pages"}],"about":[{"href":"https:\/\/www.oaxaca.gob.mx\/copeval\/wp-json\/wp\/v2\/types\/page"}],"author":[{"embeddable":true,"href":"https:\/\/www.oaxaca.gob.mx\/copeval\/wp-json\/wp\/v2\/users\/70"}],"replies":[{"embeddable":true,"href":"https:\/\/www.oaxaca.gob.mx\/copeval\/wp-json\/wp\/v2\/comments?post=3805"}],"version-history":[{"count":4,"href":"https:\/\/www.oaxaca.gob.mx\/copeval\/wp-json\/wp\/v2\/pages\/3805\/revisions"}],"predecessor-version":[{"id":3812,"href":"https:\/\/www.oaxaca.gob.mx\/copeval\/wp-json\/wp\/v2\/pages\/3805\/revisions\/3812"}],"wp:attachment":[{"href":"https:\/\/www.oaxaca.gob.mx\/copeval\/wp-json\/wp\/v2\/media?parent=3805"}],"wp:term":[{"taxonomy":"category","embeddable":true,"href":"https:\/\/www.oaxaca.gob.mx\/copeval\/wp-json\/wp\/v2\/categories?post=3805"},{"taxonomy":"post_tag","embeddable":true,"href":"https:\/\/www.oaxaca.gob.mx\/copeval\/wp-json\/wp\/v2\/tags?post=3805"}],"curies":[{"name":"wp","href":"https:\/\/api.w.org\/{rel}","templated":true}]}}