{"id":2785,"date":"2020-08-12T20:39:10","date_gmt":"2020-08-13T01:39:10","guid":{"rendered":"https:\/\/www.oaxaca.gob.mx\/copeval\/?page_id=2785"},"modified":"2020-08-12T21:15:37","modified_gmt":"2020-08-13T02:15:37","slug":"etica-e-integridad","status":"publish","type":"page","link":"https:\/\/www.oaxaca.gob.mx\/copeval\/quienes-somos\/etica-e-integridad\/","title":{"rendered":"\u00c9tica e Integridad"},"content":{"rendered":"<nav style=\"margin-bottom: 30px\">\n<div id=\"nav-tab\" class=\"nav nav-tabs\" role=\"tablist\"><a id=\"nav_tab_uno\" class=\"nav-item nav-link active\" role=\"tab\" href=\"#nav_uno\" data-toggle=\"tab\">Integrantes Del Comit\u00e9<\/a><br \/>\n\t<a id=\"nav_tab_dos\" class=\"nav-item nav-link\" role=\"tab\" href=\"#nav_dos\" data-toggle=\"tab\">Marco Jur\u00eddico<\/a><br \/>\n\t<a id=\"nav_tab_tres\" class=\"nav-item nav-link\" role=\"tab\" href=\"#nav_tres\" data-toggle=\"tab\">Plan Anual<\/a><br \/>\n\t<a id=\"nav_tab_cuatro\" class=\"nav-item nav-link\" role=\"tab\" href=\"#nav_cuatro\" data-toggle=\"tab\">Informe Anual<\/a><br \/>\n\t<a id=\"nav_tab_cinco\" class=\"nav-item nav-link\" role=\"tab\" href=\"#nav_cinco\" data-toggle=\"tab\">Acciones de Sensibilizaci\u00f3n<\/a><br \/>\n\t<a id=\"nav_tab_seis\" class=\"nav-item nav-link\" role=\"tab\" href=\"#nav_seis\" data-toggle=\"tab\">C\u00f3digo de Conducta<\/a><br \/>\n\t<a id=\"nav_tab_siete\" class=\"nav-item nav-link\" role=\"tab\" href=\"#nav_siete\" data-toggle=\"tab\">Actas<\/a>\n<\/div>\n<\/nav>\n<div id=\"nav-tabContent\" class=\"tab-content\">\n<div id=\"nav_uno\" class=\"tab-pane fade show active\" role=\"tabpanel\" aria-labelledby=\"nav_tab_uno\">Integrantes del Comit\u00e9 de \u00c9tica<br \/>\n\t\t\n<table id=\"tablepress-6\" class=\"tablepress tablepress-id-6\">\n<thead>\n<tr class=\"row-1\">\n\t<th class=\"column-1\">T\u00edtulo<\/th><th class=\"column-2\">Periodo<\/th><th class=\"column-3\">Descargar<\/th>\n<\/tr>\n<\/thead>\n<tbody class=\"row-hover\">\n<tr class=\"row-2\">\n\t<td class=\"column-1\">Integrantes del Comit\u00e9 de \u00c9tica<\/td><td class=\"column-2\">2018<\/td><td class=\"column-3\"><a target=\"_blank\" href=\"https:\/\/www.oaxaca.gob.mx\/copeval\/wp-content\/uploads\/sites\/63\/2020\/08\/ACTA-DE-INSTALACI\u00d3N.pdf\" rel=\"noopener noreferrer\"><i class=\"far fa-file-pdf fa-2x\">&nbsp;<\/i><\/a><\/td>\n<\/tr>\n<tr class=\"row-3\">\n\t<td class=\"column-1\">Integrantes del Comit\u00e9 de \u00c9tica<\/td><td class=\"column-2\">2021<\/td><td class=\"column-3\"><a target=\"_blank\" href=\"https:\/\/www.oaxaca.gob.mx\/copeval\/wp-content\/uploads\/sites\/63\/2021\/04\/Integrantes-del-Comite-de-Etica.pdf\" rel=\"noopener noreferrer\"><i class=\"far fa-file-pdf fa-2x\">&nbsp;<\/i><\/a><\/td>\n<\/tr>\n<tr class=\"row-4\">\n\t<td class=\"column-1\">Convocatoria Integraci\u00f3n del Comit\u00e9 de \u00c9tica y Prevenci\u00f3n de Conflicto de Inter\u00e9s<\/td><td class=\"column-2\">2023<\/td><td class=\"column-3\"><a target=\"_blank\" href=\"https:\/\/www.oaxaca.gob.mx\/copeval\/wp-content\/uploads\/sites\/63\/2023\/03\/CONVOCATORIA-CEPCI.pdf\" rel=\"noopener noreferrer\"><i class=\"far fa-file-pdf fa-2x\">&nbsp;<\/i><\/a><\/td>\n<\/tr>\n<tr class=\"row-5\">\n\t<td class=\"column-1\">Requisitos para la postulaci\u00f3n de Integraci\u00f3n al Comit\u00e9 de \u00c9tica y Prevenci\u00f3n de Conflicto de Inter\u00e9s<\/td><td class=\"column-2\">2023<\/td><td class=\"column-3\"><a target=\"_blank\" href=\"https:\/\/www.oaxaca.gob.mx\/copeval\/wp-content\/uploads\/sites\/63\/2023\/03\/CONVOCATORIA-CEPCI.docx\" rel=\"noopener noreferrer\"><i class=\"far fa-file-pdf fa-2x\">&nbsp;<\/i><\/a><\/td>\n<\/tr>\n<tr class=\"row-6\">\n\t<td class=\"column-1\">Integrantes del Comit\u00e9 de \u00c9tica  2023<\/td><td class=\"column-2\">2023<\/td><td class=\"column-3\"><a target=\"_blank\" href=\"https:\/\/www.oaxaca.gob.mx\/copeval\/wp-content\/uploads\/sites\/63\/2023\/04\/integrantes-COEPCI.pdf\" rel=\"noopener noreferrer\"><i class=\"far fa-file-pdf fa-2x\">&nbsp;<\/i><\/a><\/td>\n<\/tr>\n<\/tbody>\n<\/table>\n<!-- #tablepress-6 from cache -->\n\t<\/div>\n<div id=\"nav_dos\" class=\"tab-pane fade\" role=\"tabpanel\" aria-labelledby=\"nav_tab_dos\">Marco jur\u00eddico<br \/>\n\t\t\n<table id=\"tablepress-7\" class=\"tablepress tablepress-id-7\">\n<thead>\n<tr class=\"row-1\">\n\t<th class=\"column-1\">T\u00edtulo<\/th><th class=\"column-2\">Periodo<\/th><th class=\"column-3\">Descargar<\/th>\n<\/tr>\n<\/thead>\n<tbody class=\"row-hover\">\n<tr class=\"row-2\">\n\t<td class=\"column-1\">Acuerdo por el que se expide el C\u00f3digo de \u00c9tica para Servidoras y Servidores P\u00fablicos del Poder Ejecutivo del Estado de Oaxaca<\/td><td class=\"column-2\">2019<\/td><td class=\"column-3\"><a href=\"https:\/\/www.oaxaca.gob.mx\/copeval\/wp-content\/uploads\/sites\/63\/2020\/08\/CODIGO-DE-CONDUCTA.pdf\" target=\"_blank\" rel=\"noopener noreferrer\"><i class=\"far fa-file-pdf fa-2x\">&nbsp;<\/i><\/a><\/td>\n<\/tr>\n<tr class=\"row-3\">\n\t<td class=\"column-1\">Acuerdo por el que se emiten los Lineamientos Generales del C\u00f3digo de \u00c9tica para Servidoras y Servidores P\u00fablicos del Poder Ejecutivo del Estado de Oaxaca<\/td><td class=\"column-2\">2019<\/td><td class=\"column-3\"><a href=\"https:\/\/www.oaxaca.gob.mx\/copeval\/wp-content\/uploads\/sites\/63\/2020\/08\/Acuerdo-por-el-que-se-emiten-los-Lineamientos-Generales-del-C\u00f3digo-de-\u00c9tica-para-Servidoras-y-Servidores-P\u00fablicos-del-Poder-Ejecutivo-del-Estado-de-Oaxaca.pdf\" target=\"_blank\" rel=\"noopener noreferrer\"><i class=\"far fa-file-pdf fa-2x\">&nbsp;<\/i><\/a><\/td>\n<\/tr>\n<tr class=\"row-4\">\n\t<td class=\"column-1\">Acuerdo por el que se emiten las Reglas de Integridad para Servidoras y Servidores P\u00fablicos del Poder Ejecutivo del Estado de Oaxaca<\/td><td class=\"column-2\">2019<\/td><td class=\"column-3\"><a href=\"https:\/\/www.oaxaca.gob.mx\/copeval\/wp-content\/uploads\/sites\/63\/2020\/08\/Acuerdo-por-el-que-se-emiten-las-Reglas-de-Integridad-para-Servidoras-y-Servidores-P\u00fablicos-del-Poder-Ejecutivo-del-Estado-de-Oaxaca.pdf\" target=\"_blank\" rel=\"noopener noreferrer\"><i class=\"far fa-file-pdf fa-2x\">&nbsp;<\/i><\/a><\/td>\n<\/tr>\n<\/tbody>\n<\/table>\n<!-- #tablepress-7 from cache -->\n\t<\/div>\n<div id=\"nav_tres\" class=\"tab-pane fade\" role=\"tabpanel\" aria-labelledby=\"nav_tab_tres\">Plan Anual de Trabajo<br \/>\n\t\t\n<table id=\"tablepress-8\" class=\"tablepress tablepress-id-8\">\n<thead>\n<tr class=\"row-1\">\n\t<th class=\"column-1\">T\u00edtulo<\/th><th class=\"column-2\">Periodo<\/th><th class=\"column-3\">Descargas<\/th>\n<\/tr>\n<\/thead>\n<tbody class=\"row-hover\">\n<tr class=\"row-2\">\n\t<td class=\"column-1\">Plan anual de trabajo<\/td><td class=\"column-2\">2020<\/td><td class=\"column-3\"><a href=\"https:\/\/www.oaxaca.gob.mx\/copeval\/wp-content\/uploads\/sites\/63\/2020\/08\/PROGRAMA-ANUAL-DE-TRABAJO-DEL-COMIT\u00c9-DE-\u00c9TICA-2020-SEDESOH.pdf\" target=\"_blank\" rel=\"noopener noreferrer\"><i class=\"far fa-file-pdf fa-2x\">&nbsp;<\/i><\/a><\/td>\n<\/tr>\n<tr class=\"row-3\">\n\t<td class=\"column-1\">Plan anual de trabajo<\/td><td class=\"column-2\">2021<\/td><td class=\"column-3\"><a href=\"https:\/\/www.oaxaca.gob.mx\/copeval\/wp-content\/uploads\/sites\/63\/2021\/04\/Plan-Anual-de-Trabajo-2021.pdf\" target=\"_blank\" rel=\"noopener noreferrer\"><i class=\"far fa-file-pdf fa-2x\">&nbsp;<\/i><\/a><\/td>\n<\/tr>\n<\/tbody>\n<\/table>\n<!-- #tablepress-8 from cache -->\n\t<\/div>\n<div id=\"nav_cuatro\" class=\"tab-pane fade\" role=\"tabpanel\" aria-labelledby=\"nav_tab_cuatro\">Informe Anual de Trabajo<br \/>\n\t\t\n<table id=\"tablepress-9\" class=\"tablepress tablepress-id-9\">\n<thead>\n<tr class=\"row-1\">\n\t<th class=\"column-1\">T\u00edtulo<\/th><th class=\"column-2\">Periodo<\/th><th class=\"column-3\">Descargas<\/th>\n<\/tr>\n<\/thead>\n<tbody class=\"row-hover\">\n<tr class=\"row-2\">\n\t<td class=\"column-1\">Informe Anual de Actividades<\/td><td class=\"column-2\">2019<\/td><td class=\"column-3\"><a href=\"https:\/\/www.oaxaca.gob.mx\/copeval\/wp-content\/uploads\/sites\/63\/2020\/08\/INFORME-ANUAL-DE-ACTIVIDADES.pdf\" target=\"_blank\" rel=\"noopener noreferrer\"><i class=\"far fa-file-pdf fa-2x\">&nbsp;<\/i><\/a><\/td>\n<\/tr>\n<\/tbody>\n<\/table>\n<!-- #tablepress-9 from cache -->\n\t<\/div>\n<div id=\"nav_cinco\" class=\"tab-pane fade\" role=\"tabpanel\" aria-labelledby=\"nav_tab_cinco\">Acciones de Sensibilizaci\u00f3n<br \/>\n\t\t\n<table id=\"tablepress-10\" class=\"tablepress tablepress-id-10\">\n<thead>\n<tr class=\"row-1\">\n\t<th class=\"column-1\">T\u00edtulo<\/th><th class=\"column-2\">Periodo<\/th><th class=\"column-3\">Descargas<\/th>\n<\/tr>\n<\/thead>\n<tbody class=\"row-hover\">\n<tr class=\"row-2\">\n\t<td class=\"column-1\">Acciones de sensibilizaci\u00f3n<\/td><td class=\"column-2\">2019<\/td><td class=\"column-3\"><a href=\"https:\/\/www.oaxaca.gob.mx\/copeval\/wp-content\/uploads\/sites\/63\/2020\/08\/6.pdf\" target=\"_blank\" rel=\"noopener noreferrer\"><i class=\"far fa-file-pdf fa-2x\">&nbsp;<\/i><\/a><\/td>\n<\/tr>\n<\/tbody>\n<\/table>\n<!-- #tablepress-10 from cache -->\n\t<\/div>\n<div id=\"nav_seis\" class=\"tab-pane fade\" role=\"tabpanel\" aria-labelledby=\"nav_tab_seis\">C\u00f3digo de Conducta<br \/>\n\t\t\n<table id=\"tablepress-11\" class=\"tablepress tablepress-id-11\">\n<thead>\n<tr class=\"row-1\">\n\t<th class=\"column-1\">T\u00edtulo<\/th><th class=\"column-2\">Periodo<\/th><th class=\"column-3\">Descargas<\/th>\n<\/tr>\n<\/thead>\n<tbody class=\"row-hover\">\n<tr class=\"row-2\">\n\t<td class=\"column-1\">C\u00f3digo de conducta<\/td><td class=\"column-2\">2019<\/td><td class=\"column-3\"><a href=\"https:\/\/www.oaxaca.gob.mx\/copeval\/wp-content\/uploads\/sites\/63\/2020\/08\/CODIGO-DE-CONDUCTA-SEBIEN.pdf\" target=\"_blank\" rel=\"noopener noreferrer\"><i class=\"far fa-file-pdf fa-2x\">&nbsp;<\/i><\/a><\/td>\n<\/tr>\n<\/tbody>\n<\/table>\n<!-- #tablepress-11 from cache -->\n\t<\/div>\n<div id=\"nav_siete\" class=\"tab-pane fade\" role=\"tabpanel\" aria-labelledby=\"nav_tab_siete\">Actas de Sesi\u00f3n<br \/>\n\t\t\n<table id=\"tablepress-12\" class=\"tablepress tablepress-id-12\">\n<thead>\n<tr class=\"row-1\">\n\t<th class=\"column-1\">T\u00edtulo<\/th><th class=\"column-2\">Periodo<\/th><th class=\"column-3\">Descargar<\/th>\n<\/tr>\n<\/thead>\n<tbody class=\"row-hover\">\n<tr class=\"row-2\">\n\t<td class=\"column-1\">Acta de Integraci\u00f3n<\/td><td class=\"column-2\">2019<\/td><td class=\"column-3\"><a href=\"https:\/\/www.oaxaca.gob.mx\/copeval\/wp-content\/uploads\/sites\/63\/2020\/08\/ACTA-DE-INTEGRACI\u00d3N.pdf\" target=\"_blank\" rel=\"noopener noreferrer\"><i class=\"far fa-file-pdf fa-2x\">&nbsp;<\/i><\/a><\/td>\n<\/tr>\n<tr class=\"row-3\">\n\t<td class=\"column-1\">Acta de Primera Sesi\u00f3n<\/td><td class=\"column-2\">2019<\/td><td class=\"column-3\"><a href=\"https:\/\/www.oaxaca.gob.mx\/copeval\/wp-content\/uploads\/sites\/63\/2020\/08\/acta-primera-sesi\u00f3n.pdf\" target=\"_blank\" rel=\"noopener noreferrer\"><i class=\"far fa-file-pdf fa-2x\">&nbsp;<\/i><\/a><\/td>\n<\/tr>\n<tr class=\"row-4\">\n\t<td class=\"column-1\">Acta de Segunda Sesi\u00f3n<\/td><td class=\"column-2\">2019<\/td><td class=\"column-3\"><a href=\"https:\/\/www.oaxaca.gob.mx\/copeval\/wp-content\/uploads\/sites\/63\/2020\/08\/acta-segunda-sesi\u00f3n.pdf\" target=\"_blank\" rel=\"noopener noreferrer\"><i class=\"far fa-file-pdf fa-2x\">&nbsp;<\/i><\/a><\/td>\n<\/tr>\n<tr class=\"row-5\">\n\t<td class=\"column-1\">Acta de Primera Sesi\u00f3n extraordinaria<\/td><td class=\"column-2\">2019<\/td><td class=\"column-3\"><a href=\"https:\/\/www.oaxaca.gob.mx\/copeval\/wp-content\/uploads\/sites\/63\/2020\/08\/acta-1a.-extraordinaria-comit\u00e9-de-\u00e9tica.pdf\" target=\"_blank\" rel=\"noopener noreferrer\"><i class=\"far fa-file-pdf fa-2x\">&nbsp;<\/i><\/a><\/td>\n<\/tr>\n<tr class=\"row-6\">\n\t<td class=\"column-1\">Acta de Tercera Sesi\u00f3n<\/td><td class=\"column-2\">2019<\/td><td class=\"column-3\"><a href=\"https:\/\/www.oaxaca.gob.mx\/copeval\/wp-content\/uploads\/sites\/63\/2020\/08\/acta-tercera-sesi\u00f3n.pdf\" target=\"_blank\" rel=\"noopener noreferrer\"><i class=\"far fa-file-pdf fa-2x\">&nbsp;<\/i><\/a><\/td>\n<\/tr>\n<tr class=\"row-7\">\n\t<td class=\"column-1\">Acta de Primera Sesi\u00f3n<\/td><td class=\"column-2\">2020<\/td><td class=\"column-3\"><a href=\"https:\/\/www.oaxaca.gob.mx\/copeval\/wp-content\/uploads\/sites\/63\/2020\/08\/acta-de-1-sesion.pdf\" target=\"_blank\" rel=\"noopener noreferrer\"><i class=\"far fa-file-pdf fa-2x\">&nbsp;<\/i><\/a><\/td>\n<\/tr>\n<tr class=\"row-8\">\n\t<td class=\"column-1\">Acta de Instalaci\u00f3n del Comit\u00e9 SEBIEN<\/td><td class=\"column-2\">2020<\/td><td class=\"column-3\"><a href=\"https:\/\/www.oaxaca.gob.mx\/copeval\/wp-content\/uploads\/sites\/63\/2021\/04\/Acta-de-Instalacion-del-Comite-SEBIEN-2020.pdf\" target=\"_blank\" rel=\"noopener noreferrer\"><i class=\"far fa-file-pdf fa-2x\">&nbsp;<\/i><\/a><\/td>\n<\/tr>\n<tr class=\"row-9\">\n\t<td class=\"column-1\">Acta Segunda Sesi\u00f3n<\/td><td class=\"column-2\">2020<\/td><td class=\"column-3\"><a href=\"https:\/\/www.oaxaca.gob.mx\/copeval\/wp-content\/uploads\/sites\/63\/2021\/04\/Acta-Segunda-Sesion-2020.pdf\" target=\"_blank\" rel=\"noopener noreferrer\"><i class=\"far fa-file-pdf fa-2x\">&nbsp;<\/i><\/a><\/td>\n<\/tr>\n<tr class=\"row-10\">\n\t<td class=\"column-1\">Acta de Tercera Sesi\u00f3n<\/td><td class=\"column-2\">2020<\/td><td class=\"column-3\"><a href=\"https:\/\/www.oaxaca.gob.mx\/copeval\/wp-content\/uploads\/sites\/63\/2021\/04\/Acta-de-Tercera-Sesion-2020.pdf\" target=\"_blank\" rel=\"noopener noreferrer\"><i class=\"far fa-file-pdf fa-2x\">&nbsp;<\/i><\/a><\/td>\n<\/tr>\n<tr class=\"row-11\">\n\t<td class=\"column-1\">Primera Sesi\u00f3n Ordinaria<\/td><td class=\"column-2\">2021<\/td><td class=\"column-3\"><a href=\"https:\/\/www.oaxaca.gob.mx\/copeval\/wp-content\/uploads\/sites\/63\/2021\/04\/Primera-Sesion-Ordinaria-2021.pdf\" target=\"_blank\" rel=\"noopener noreferrer\"><i class=\"far fa-file-pdf fa-2x\">&nbsp;<\/i><\/a><\/td>\n<\/tr>\n<\/tbody>\n<\/table>\n<!-- #tablepress-12 from cache -->\n\t<\/div>\n<\/div>\n","protected":false},"excerpt":{"rendered":"<p>Integrantes Del Comit\u00e9 Marco Jur\u00eddico Plan Anual Informe Anual Acciones de Sensibilizaci\u00f3n C\u00f3digo de Conducta Actas Integrantes del Comit\u00e9 de \u00c9tica Marco jur\u00eddico Plan Anual de Trabajo Informe Anual de Trabajo Acciones de Sensibilizaci\u00f3n C\u00f3digo de Conducta Actas de Sesi\u00f3n<\/p>\n","protected":false},"author":70,"featured_media":0,"parent":17,"menu_order":9,"comment_status":"closed","ping_status":"closed","template":"","meta":{"episode_type":"","audio_file":"","podmotor_file_id":"","podmotor_episode_id":"","cover_image":"","cover_image_id":"","duration":"","filesize":"","filesize_raw":"","date_recorded":"","explicit":"","block":"","itunes_episode_number":"","itunes_title":"","itunes_season_number":"","itunes_episode_type":"","footnotes":""},"categories":[],"tags":[],"class_list":["post-2785","page","type-page","status-publish","hentry"],"acf":[],"publishpress_future_action":{"enabled":false,"date":"2026-05-07 15:16:13","action":"change-status","newStatus":"draft","terms":[],"taxonomy":"category","extraData":[]},"publishpress_future_workflow_manual_trigger":{"enabledWorkflows":[]},"_links":{"self":[{"href":"https:\/\/www.oaxaca.gob.mx\/copeval\/wp-json\/wp\/v2\/pages\/2785","targetHints":{"allow":["GET"]}}],"collection":[{"href":"https:\/\/www.oaxaca.gob.mx\/copeval\/wp-json\/wp\/v2\/pages"}],"about":[{"href":"https:\/\/www.oaxaca.gob.mx\/copeval\/wp-json\/wp\/v2\/types\/page"}],"author":[{"embeddable":true,"href":"https:\/\/www.oaxaca.gob.mx\/copeval\/wp-json\/wp\/v2\/users\/70"}],"replies":[{"embeddable":true,"href":"https:\/\/www.oaxaca.gob.mx\/copeval\/wp-json\/wp\/v2\/comments?post=2785"}],"version-history":[{"count":22,"href":"https:\/\/www.oaxaca.gob.mx\/copeval\/wp-json\/wp\/v2\/pages\/2785\/revisions"}],"predecessor-version":[{"id":2881,"href":"https:\/\/www.oaxaca.gob.mx\/copeval\/wp-json\/wp\/v2\/pages\/2785\/revisions\/2881"}],"up":[{"embeddable":true,"href":"https:\/\/www.oaxaca.gob.mx\/copeval\/wp-json\/wp\/v2\/pages\/17"}],"wp:attachment":[{"href":"https:\/\/www.oaxaca.gob.mx\/copeval\/wp-json\/wp\/v2\/media?parent=2785"}],"wp:term":[{"taxonomy":"category","embeddable":true,"href":"https:\/\/www.oaxaca.gob.mx\/copeval\/wp-json\/wp\/v2\/categories?post=2785"},{"taxonomy":"post_tag","embeddable":true,"href":"https:\/\/www.oaxaca.gob.mx\/copeval\/wp-json\/wp\/v2\/tags?post=2785"}],"curies":[{"name":"wp","href":"https:\/\/api.w.org\/{rel}","templated":true}]}}