{"id":18,"date":"2018-02-01T09:50:00","date_gmt":"2018-02-01T15:50:00","guid":{"rendered":"http:\/\/q-copeval.oaxaca.gob.mx\/?page_id=11"},"modified":"2021-03-01T10:26:14","modified_gmt":"2021-03-01T16:26:14","slug":"directorio","status":"publish","type":"page","link":"https:\/\/www.oaxaca.gob.mx\/copeval\/quienes-somos\/directorio\/","title":{"rendered":"Directorio"},"content":{"rendered":"\n<table id=\"tablepress-tbl-directorio\" class=\"tablepress tablepress-id-tbl-directorio\">\n<thead>\n<tr class=\"row-1\">\n\t<th class=\"column-1\">Nombre<\/th><th class=\"column-2\">Puesto<\/th><th class=\"column-3\"> CV <\/th><th class=\"column-4\">Correo<\/th>\n<\/tr>\n<\/thead>\n<tbody class=\"row-striping row-hover\">\n<tr class=\"row-2\">\n\t<td class=\"column-1\">JOS\u00c9 ELPIDIO ALTAMIRANO L\u00d3PEZ<\/td><td class=\"column-2\">COORDINACI\u00d3N GENERAL<\/td><td class=\"column-3\"><a target=\"_blank\" href=\"https:\/\/www.oaxaca.gob.mx\/copeval\/wp-content\/uploads\/sites\/63\/2023\/08\/ELPIDIO-CV.pdf\" rel=\"noopener noreferrer\"><i class=\"far fa-file-pdf fa-2x\">&nbsp;<\/i><\/a><\/td><td class=\"column-4\">elpidio.altamirano@oaxaca.gob.mx<\/td>\n<\/tr>\n<tr class=\"row-3\">\n\t<td class=\"column-1\">ELIA TOLEDO HERN\u00c1NDEZ<\/td><td class=\"column-2\">JEFE DE UNIDAD ADMINISTRATIVA<\/td><td class=\"column-3\"><a target=\"_blank\" href=\"https:\/\/www.oaxaca.gob.mx\/copeval\/wp-content\/uploads\/sites\/63\/2023\/08\/CV.-Elia-Toledo.pdf\" rel=\"noopener noreferrer\"><i class=\"far fa-file-pdf fa-2x\">&nbsp;<\/i><\/a><\/td><td class=\"column-4\"> elia.toledo@oaxaca.gob.mx<\/td>\n<\/tr>\n<tr class=\"row-4\">\n\t<td class=\"column-1\">JOS\u00c9 EMMANUEL FUENTES PEDRO<\/td><td class=\"column-2\">DEPARTAMENTO JUR\u00cdDICO<\/td><td class=\"column-3\"><a target=\"_blank\" href=\"https:\/\/www.oaxaca.gob.mx\/copeval\/wp-content\/uploads\/sites\/63\/2023\/08\/CV-Jose-Emmanuel.pdf\" rel=\"noopener noreferrer\"><i class=\"far fa-file-pdf fa-2x\">&nbsp;<\/i><\/a><\/td><td class=\"column-4\">emmanuel.fuentes@oaxaca.gob.mx<\/td>\n<\/tr>\n<tr class=\"row-5\">\n\t<td class=\"column-1\">ITZEL BERENICE ALANIS MORALES<\/td><td class=\"column-2\">DEPARTAMENTO DE POL\u00cdTICA SOCIAL<\/td><td class=\"column-3\"><a target=\"_blank\" href=\"https:\/\/www.oaxaca.gob.mx\/copeval\/wp-content\/uploads\/sites\/63\/2023\/08\/CV-Itzel-Alanis.pdf\" rel=\"noopener noreferrer\"><i class=\"far fa-file-pdf fa-2x\">&nbsp;<\/i><\/a><\/td><td class=\"column-4\">itzel.alanis@oaxaca.gob.mx<\/td>\n<\/tr>\n<tr class=\"row-6\">\n\t<td class=\"column-1\">GUADALUPE ANTONIO CRUZ<\/td><td class=\"column-2\">DEPARTAMENTO DE AN\u00c1LISIS Y PROSPECTIVA<\/td><td class=\"column-3\"><a target=\"_blank\" href=\"https:\/\/www.oaxaca.gob.mx\/copeval\/wp-content\/uploads\/sites\/63\/2023\/08\/CV-Guadalupe-Antonio.pdf\" rel=\"noopener noreferrer\"><i class=\"far fa-file-pdf fa-2x\">&nbsp;<\/i><\/a><\/td><td class=\"column-4\">guadalupe.antonio@oaxaca.gob.mx<\/td>\n<\/tr>\n<tr class=\"row-7\">\n\t<td class=\"column-1\">ELIUD SIBAJA V\u00c1ZQUEZ<\/td><td class=\"column-2\">DIRECCI\u00d3N DE VINCULACI\u00d3N CON PROGRAMAS SOCIALES<\/td><td class=\"column-3\"><a target=\"_blank\" href=\"https:\/\/www.oaxaca.gob.mx\/copeval\/wp-content\/uploads\/sites\/63\/2023\/08\/CV-Eliud-Sibaja.pdf\" rel=\"noopener noreferrer\"><i class=\"far fa-file-pdf fa-2x\">&nbsp;<\/i><\/a><\/td><td class=\"column-4\">eliud.sibaja@oaxaca.gob.mx<\/td>\n<\/tr>\n<tr class=\"row-8\">\n\t<td class=\"column-1\">ERENDIDA VALDEZ ACEVEDO<\/td><td class=\"column-2\">DEPARTAMENTO DE INFORMACI\u00d3N DOCUMENTAL<\/td><td class=\"column-3\"><a target=\"_blank\" href=\"https:\/\/www.oaxaca.gob.mx\/copeval\/wp-content\/uploads\/sites\/63\/2023\/08\/CV-Erendida-Valdez.pdf\" rel=\"noopener noreferrer\"><i class=\"far fa-file-pdf fa-2x\">&nbsp;<\/i><\/a><\/td><td class=\"column-4\">erendida.valdez@oaxaca.gob.mx <\/td>\n<\/tr>\n<tr class=\"row-9\">\n\t<td class=\"column-1\">JOS\u00c9 ARMANDO OLMEDO TORRES<\/td><td class=\"column-2\">DEPARTAMENTO DE DIGITALIZACI\u00d3N Y TRANSFERENCIA DE INFORMACI\u00d3N<\/td><td class=\"column-3\"><a target=\"_blank\" href=\"https:\/\/www.oaxaca.gob.mx\/copeval\/wp-content\/uploads\/sites\/63\/2023\/08\/CV-Jose-Armando.pdf\" rel=\"noopener noreferrer\"><i class=\"far fa-file-pdf fa-2x\">&nbsp;<\/i><\/a><\/td><td class=\"column-4\">jose.olmedo@oaxaca.gob.mx<\/td>\n<\/tr>\n<tr class=\"row-10\">\n\t<td class=\"column-1\">ALEJANDRO BARRAG\u00c1N \u00c1VILA<\/td><td class=\"column-2\">DIRECCI\u00d3N DE INFORM\u00c1TICA Y GEOESTAD\u00cdSTICA<\/td><td class=\"column-3\"><a target=\"_blank\" href=\"https:\/\/www.oaxaca.gob.mx\/copeval\/wp-content\/uploads\/sites\/63\/2023\/08\/CV-Alejandro-Barragan.pdf\" rel=\"noopener noreferrer\"><i class=\"far fa-file-pdf fa-2x\">&nbsp;<\/i><\/a><\/td><td class=\"column-4\">alejandro.barragan@oaxaca.gob.mx<\/td>\n<\/tr>\n<tr class=\"row-11\">\n\t<td class=\"column-1\">WILFRIDO HERN\u00c1NDEZ P\u00c9REZ<\/td><td class=\"column-2\">DEPARTAMENTO DE DESARROLLO DE TECNOLOG\u00cdAS DE LA INFORMACI\u00d3N<\/td><td class=\"column-3\"><a target=\"_blank\" href=\"https:\/\/www.oaxaca.gob.mx\/copeval\/wp-content\/uploads\/sites\/63\/2023\/08\/CV-Wilfrido-Hernandez.pdf\" rel=\"noopener noreferrer\"><i class=\"far fa-file-pdf fa-2x\">&nbsp;<\/i><\/a><\/td><td class=\"column-4\">wilfrido.hernandez@oaxaca.gob.mx<\/td>\n<\/tr>\n<tr class=\"row-12\">\n\t<td class=\"column-1\">SOLEDAD L\u00d3PEZ VELASCO<\/td><td class=\"column-2\">DEPARTAMENTO DE INTEGRACI\u00d3N DEL PADR\u00d3N \u00daNICO DE BENEFICIARIOS<\/td><td class=\"column-3\"><a target=\"_blank\" href=\"https:\/\/www.oaxaca.gob.mx\/copeval\/wp-content\/uploads\/sites\/63\/2023\/08\/CV-Soledad-Lopez.pdf\" rel=\"noopener noreferrer\"><i class=\"far fa-file-pdf fa-2x\">&nbsp;<\/i><\/a><\/td><td class=\"column-4\">soledad.lopez@oaxaca.gob.mx<\/td>\n<\/tr>\n<tr class=\"row-13\">\n\t<td class=\"column-1\">CONSTANTINO DAVID RUIZ VASQUEZ<\/td><td class=\"column-2\">DEPARTAMENTO DE MONITOREO DE METAS E INDICADORES<\/td><td class=\"column-3\"><a target=\"_blank\" href=\"https:\/\/www.oaxaca.gob.mx\/copeval\/wp-content\/uploads\/sites\/63\/2023\/08\/CV-David-Ruiz.pdf\" rel=\"noopener noreferrer\"><i class=\"far fa-file-pdf fa-2x\">&nbsp;<\/i><\/a><\/td><td class=\"column-4\">constantino.ruiz@oaxaca.gob.mx<\/td>\n<\/tr>\n<tr class=\"row-14\">\n\t<td class=\"column-1\">FRANCISCO CRUZ REYES<\/td><td class=\"column-2\">DIRECCI\u00d3N DE EVALUACI\u00d3N Y SEGUIMIENTO<\/td><td class=\"column-3\"><a target=\"_blank\" href=\"https:\/\/www.oaxaca.gob.mx\/copeval\/wp-content\/uploads\/sites\/63\/2023\/08\/CV-Francisco-Cruz.pdf\" rel=\"noopener noreferrer\"><i class=\"far fa-file-pdf fa-2x\">&nbsp;<\/i><\/a><\/td><td class=\"column-4\">francisco.cruz@oaxaca.gob.mx<\/td>\n<\/tr>\n<tr class=\"row-15\">\n\t<td class=\"column-1\">GETSEMAN\u00cd MARTINEZ RODRIGUEZ<\/td><td class=\"column-2\">DEPARTAMENTO DE DISE\u00d1O Y METODOLOG\u00cdA DE LA EVUALUACI\u00d3N<\/td><td class=\"column-3\"><a target=\"_blank\" href=\"https:\/\/www.oaxaca.gob.mx\/copeval\/wp-content\/uploads\/sites\/63\/2023\/08\/CV-Getsemani-Martinez.pdf\" rel=\"noopener noreferrer\"><i class=\"far fa-file-pdf fa-2x\">&nbsp;<\/i><\/a><\/td><td class=\"column-4\">getsemani.martinez@oaxaca.gob.mx<\/td>\n<\/tr>\n<tr class=\"row-16\">\n\t<td class=\"column-1\">ALONSO MELGAR LO\u0301PEZ<\/td><td class=\"column-2\">DEPARTAMENTO DE EVALUACI\u00d3N Y SISTEMATIZACI\u00d3N DE RESULTADOS<\/td><td class=\"column-3\"><a target=\"_blank\" href=\"https:\/\/www.oaxaca.gob.mx\/copeval\/wp-content\/uploads\/sites\/63\/2023\/08\/CV-Alonso-Melgar.pdf\" rel=\"noopener noreferrer\"><i class=\"far fa-file-pdf fa-2x\">&nbsp;<\/i><\/a><\/td><td class=\"column-4\">alonso.melgar@oaxaca.gob.mx<\/td>\n<\/tr>\n<\/tbody>\n<\/table>\n<!-- #tablepress-tbl-directorio from cache -->\n","protected":false},"excerpt":{"rendered":"","protected":false},"author":1,"featured_media":229,"parent":17,"menu_order":0,"comment_status":"closed","ping_status":"closed","template":"","meta":{"episode_type":"","audio_file":"","podmotor_file_id":"","podmotor_episode_id":"","cover_image":"","cover_image_id":"","duration":"","filesize":"","filesize_raw":"","date_recorded":"","explicit":"","block":"","itunes_episode_number":"","itunes_title":"","itunes_season_number":"","itunes_episode_type":"","footnotes":""},"categories":[],"tags":[],"class_list":["post-18","page","type-page","status-publish","has-post-thumbnail","hentry"],"acf":[],"publishpress_future_action":{"enabled":false,"date":"2026-05-14 12:37:47","action":"change-status","newStatus":"draft","terms":[],"taxonomy":"category","extraData":[]},"publishpress_future_workflow_manual_trigger":{"enabledWorkflows":[]},"_links":{"self":[{"href":"https:\/\/www.oaxaca.gob.mx\/copeval\/wp-json\/wp\/v2\/pages\/18","targetHints":{"allow":["GET"]}}],"collection":[{"href":"https:\/\/www.oaxaca.gob.mx\/copeval\/wp-json\/wp\/v2\/pages"}],"about":[{"href":"https:\/\/www.oaxaca.gob.mx\/copeval\/wp-json\/wp\/v2\/types\/page"}],"author":[{"embeddable":true,"href":"https:\/\/www.oaxaca.gob.mx\/copeval\/wp-json\/wp\/v2\/users\/1"}],"replies":[{"embeddable":true,"href":"https:\/\/www.oaxaca.gob.mx\/copeval\/wp-json\/wp\/v2\/comments?post=18"}],"version-history":[{"count":6,"href":"https:\/\/www.oaxaca.gob.mx\/copeval\/wp-json\/wp\/v2\/pages\/18\/revisions"}],"predecessor-version":[{"id":3571,"href":"https:\/\/www.oaxaca.gob.mx\/copeval\/wp-json\/wp\/v2\/pages\/18\/revisions\/3571"}],"up":[{"embeddable":true,"href":"https:\/\/www.oaxaca.gob.mx\/copeval\/wp-json\/wp\/v2\/pages\/17"}],"wp:featuredmedia":[{"embeddable":true,"href":"https:\/\/www.oaxaca.gob.mx\/copeval\/wp-json\/wp\/v2\/media\/229"}],"wp:attachment":[{"href":"https:\/\/www.oaxaca.gob.mx\/copeval\/wp-json\/wp\/v2\/media?parent=18"}],"wp:term":[{"taxonomy":"category","embeddable":true,"href":"https:\/\/www.oaxaca.gob.mx\/copeval\/wp-json\/wp\/v2\/categories?post=18"},{"taxonomy":"post_tag","embeddable":true,"href":"https:\/\/www.oaxaca.gob.mx\/copeval\/wp-json\/wp\/v2\/tags?post=18"}],"curies":[{"name":"wp","href":"https:\/\/api.w.org\/{rel}","templated":true}]}}