{"id":91,"date":"2018-03-27T10:17:34","date_gmt":"2018-03-27T16:17:34","guid":{"rendered":"http:\/\/www.consejeriajuridica.oaxaca.gob.mx\/?page_id=91"},"modified":"2018-03-27T10:17:34","modified_gmt":"2018-03-27T16:17:34","slug":"integral","status":"publish","type":"page","link":"https:\/\/www.oaxaca.gob.mx\/consejeriajuridica\/integral\/","title":{"rendered":"Integral"},"content":{"rendered":"<p style=\"text-align: center\"><strong>AVISO DE PRIVACIDAD INTEGRAL<\/strong><\/p>\n<p style=\"text-align: justify\">La Consejer\u00eda Jur\u00eddica del Gobierno del Estado de Oaxaca, con domicilio en Tlalixtac de Cabrera, Oax, Ciudad Administrativa, Edificio 7, Nivel 1, C.P. 68270, Tel .Conmutador 01 (951) 5015000 Ext. 13255 y 13257. Carretera Oaxaca- Istmo Km. 11.5, es el sujeto obligado responsable del tratamiento de los datos personales que nos proporcione, los cuales ser\u00e1n protegidos, conforme a lo dispuesto en la Ley General de Protecci\u00f3n de Datos Personales en Posesi\u00f3n de Sujetos Obligados, en la Ley de Protecci\u00f3n de Datos Personales en Posesi\u00f3n de Sujetos Obligados del Estado de Oaxaca y dem\u00e1s normatividad aplicable.<\/p>\n<p style=\"text-align: justify\"><strong>\u00bfQu\u00e9 datos personales recabamos y para qu\u00e9 fines?<\/strong><\/p>\n<p style=\"text-align: justify\">Los datos personales que usted proporcione ser\u00e1n utilizados para las siguientes finalidades: tr\u00e1mites y servicios, solicitudes de informaci\u00f3n y sustanciaci\u00f3n de cualquier medio de impugnaci\u00f3n del que sea parte, as\u00ed como para realizar el registro\u00a0 de los ciudadanos en las asesor\u00edas y generar el informe estad\u00edstico del \u00e1rea.<\/p>\n<p style=\"text-align: justify\"><strong>\u00a0<\/strong><\/p>\n<p style=\"text-align: justify\"><strong>Los datos a recabar son:<\/strong><\/p>\n<p style=\"text-align: justify\"><strong>Consejer\u00eda Jur\u00eddica:<\/strong> Nombre completo, correo electr\u00f3nico, tel\u00e9fono y domicilio.<\/p>\n<p style=\"text-align: justify\"><strong>\u00a0<\/strong><\/p>\n<p style=\"text-align: justify\"><strong>Generaci\u00f3n de Estad\u00edsticas e informe: <\/strong>Nombre completo, sexo, edad, grupo \u00e9tnico, en caso de que hable alguna lengua ind\u00edgena.<\/p>\n<p style=\"text-align: justify\"><strong>\u00a0<\/strong><\/p>\n<p style=\"text-align: justify\"><strong>Solicitud de derechos de Acceso, Rectificaci\u00f3n, Cancelaci\u00f3n y Oposici\u00f3n<\/strong> <strong>(ARCO): <\/strong>Nombre completo, correo electr\u00f3nico, domicilio para recibir notificaciones, documento para acreditar la identidad del titular y en su caso la personalidad e identidad de su representante.<\/p>\n<p style=\"text-align: justify\"><strong>\u00a0<\/strong><\/p>\n<p style=\"text-align: justify\"><strong>Fundamento legal para el tratamiento de sus datos personales.<\/strong><\/p>\n<p style=\"text-align: justify\">La Consejer\u00eda Jur\u00eddica del Estado de Oaxaca, para el tratamiento de los datos personales se fundamenta en los art\u00edculos 16, 17, 18, 25 y 26 de la Ley General de Protecci\u00f3n de Datos Personales en Posesi\u00f3n de Sujetos Obligados; 09, 10, 11, 14 y 19 de la Ley de Protecci\u00f3n de Datos Personales en Posesi\u00f3n de Sujetos Obligados del Estado de Oaxaca.<\/p>\n<p style=\"text-align: justify\"><strong>Transferencia de datos personales.<\/strong><\/p>\n<p style=\"text-align: justify\">No se realizar\u00e1n transferencias de los datos personales, salvo aquellas que sean necesarias para atender requerimientos de informaci\u00f3n de una autoridad competente, que est\u00e9n debidamente fundadas y motivadas.<\/p>\n<p style=\"text-align: justify\"><strong>\u00bfD\u00f3nde se pueden ejercer los derechos de acceso, correcci\u00f3n\/rectificaci\u00f3n, cancelaci\u00f3n u oposici\u00f3n de datos personales (derechos ARCO)?<\/strong><\/p>\n<p style=\"text-align: justify\">Usted podr\u00e1 ejercer sus derechos de acceso, rectificaci\u00f3n, cancelaci\u00f3n y oposici\u00f3n (ARCO) ante la Unidad de Transparencia de la Consejer\u00eda Jur\u00eddica del Gobierno del Estado, ubicada en Tlalixtac de Cabrera, Oax, Ciudad Administrativa, Edificio 7, Nivel 1, C.P. 68270, Tel. Conmutador 01 (951) 5015000 Ext. 13255 y 13257. Carretera Oaxaca- Istmo Km. 11.5 al correo electr\u00f3nico: <a href=\"mailto:consejeriajuridicageo@gmail.com\">consejeriajuridicageo@gmail.com<\/a>, y p\u00e1gina web, <a href=\"\/consejeriajuridica\">http:\/\/www.consejeriajuridica.oaxaca.gob.mx\/<\/a> de lunes a viernes de 09:00 a 16:00 horas, en d\u00edas h\u00e1biles.<\/p>\n<p style=\"text-align: justify\"><strong>Cambios al aviso de privacidad<\/strong><\/p>\n<p style=\"text-align: justify\">En caso de que exista un cambio de este aviso de privacidad, lo haremos de su conocimiento en nuestro portal de Internet, <a href=\"mailto:consejeriajuridicageo@gmail.com\">consejeriajuridicageo@gmail.com<\/a>, y p\u00e1gina web, <a href=\"\/consejeriajuridica\">http:\/\/www.consejeriajuridica.oaxaca.gob.mx\/<\/a><\/p>\n","protected":false},"excerpt":{"rendered":"<p>AVISO DE PRIVACIDAD INTEGRAL La Consejer\u00eda Jur\u00eddica del Gobierno del Estado de Oaxaca, con domicilio en Tlalixtac de Cabrera, Oax, Ciudad Administrativa, Edificio 7, Nivel 1, C.P. 68270, Tel .Conmutador 01 (951) 5015000 Ext. 13255 y 13257. Carretera Oaxaca- Istmo Km. 11.5, es el sujeto obligado responsable del tratamiento de los datos personales que nos [&hellip;]<\/p>\n","protected":false},"author":1,"featured_media":0,"parent":0,"menu_order":0,"comment_status":"closed","ping_status":"closed","template":"","meta":{"episode_type":"","audio_file":"","podmotor_file_id":"","podmotor_episode_id":"","cover_image":"","cover_image_id":"","duration":"","filesize":"","filesize_raw":"","date_recorded":"","explicit":"","block":"","itunes_episode_number":"","itunes_title":"","itunes_season_number":"","itunes_episode_type":"","footnotes":""},"categories":[],"tags":[],"class_list":["post-91","page","type-page","status-publish","hentry"],"acf":[],"publishpress_future_action":{"enabled":false,"date":"2026-05-14 19:47:05","action":"change-status","newStatus":"draft","terms":[],"taxonomy":"category","extraData":[]},"publishpress_future_workflow_manual_trigger":{"enabledWorkflows":[]},"_links":{"self":[{"href":"https:\/\/www.oaxaca.gob.mx\/consejeriajuridica\/wp-json\/wp\/v2\/pages\/91","targetHints":{"allow":["GET"]}}],"collection":[{"href":"https:\/\/www.oaxaca.gob.mx\/consejeriajuridica\/wp-json\/wp\/v2\/pages"}],"about":[{"href":"https:\/\/www.oaxaca.gob.mx\/consejeriajuridica\/wp-json\/wp\/v2\/types\/page"}],"author":[{"embeddable":true,"href":"https:\/\/www.oaxaca.gob.mx\/consejeriajuridica\/wp-json\/wp\/v2\/users\/1"}],"replies":[{"embeddable":true,"href":"https:\/\/www.oaxaca.gob.mx\/consejeriajuridica\/wp-json\/wp\/v2\/comments?post=91"}],"version-history":[{"count":0,"href":"https:\/\/www.oaxaca.gob.mx\/consejeriajuridica\/wp-json\/wp\/v2\/pages\/91\/revisions"}],"wp:attachment":[{"href":"https:\/\/www.oaxaca.gob.mx\/consejeriajuridica\/wp-json\/wp\/v2\/media?parent=91"}],"wp:term":[{"taxonomy":"category","embeddable":true,"href":"https:\/\/www.oaxaca.gob.mx\/consejeriajuridica\/wp-json\/wp\/v2\/categories?post=91"},{"taxonomy":"post_tag","embeddable":true,"href":"https:\/\/www.oaxaca.gob.mx\/consejeriajuridica\/wp-json\/wp\/v2\/tags?post=91"}],"curies":[{"name":"wp","href":"https:\/\/api.w.org\/{rel}","templated":true}]}}