{"id":872,"date":"2019-04-05T10:33:12","date_gmt":"2019-04-05T16:33:12","guid":{"rendered":"https:\/\/www.oaxaca.gob.mx\/consejeriajuridica\/?page_id=872"},"modified":"2024-10-15T14:51:18","modified_gmt":"2024-10-15T20:51:18","slug":"mision-vision-y-objetivos","status":"publish","type":"page","link":"https:\/\/www.oaxaca.gob.mx\/consejeriajuridica\/quienes-somos\/mision-vision-y-objetivos\/","title":{"rendered":"Misi\u00f3n, Visi\u00f3n y Objetivos"},"content":{"rendered":"<p>\n<img loading=\"lazy\" decoding=\"async\" src=\"https:\/\/www.oaxaca.gob.mx\/consejeriajuridica\/wp-content\/uploads\/sites\/19\/2024\/10\/IMG_5674-300x200.jpg\" alt=\"\" width=\"300\" height=\"200\" class=\"alignnone size-medium wp-image-1437\" srcset=\"https:\/\/www.oaxaca.gob.mx\/consejeriajuridica\/wp-content\/uploads\/sites\/19\/2024\/10\/IMG_5674-300x200.jpg 300w, https:\/\/www.oaxaca.gob.mx\/consejeriajuridica\/wp-content\/uploads\/sites\/19\/2024\/10\/IMG_5674-1024x683.jpg 1024w, https:\/\/www.oaxaca.gob.mx\/consejeriajuridica\/wp-content\/uploads\/sites\/19\/2024\/10\/IMG_5674-768x512.jpg 768w, https:\/\/www.oaxaca.gob.mx\/consejeriajuridica\/wp-content\/uploads\/sites\/19\/2024\/10\/IMG_5674-1536x1025.jpg 1536w, https:\/\/www.oaxaca.gob.mx\/consejeriajuridica\/wp-content\/uploads\/sites\/19\/2024\/10\/IMG_5674.jpg 2048w\" sizes=\"auto, (max-width: 300px) 100vw, 300px\" \/><\/p>\n<p class=\"p1\"><b>MISI\u00d3N <\/b><\/p>\n<p align=\"justify\">Ejercer la representaci\u00f3n jur\u00eddica del Estado de Oaxaca, del Titular del Poder Ejecutivo y de la Gubernatura, otorgar apoyo t\u00e9cnico jur\u00eddico en forma permanente y directa al Gobernador del Estado, por medio del estudio, revisi\u00f3n, an\u00e1lisis y defensa en los procesos e instrumentos jur\u00eddicos en que sea parte, con profesionalismo, en estricto apego a los principios de legalidad, certeza y objetividad, en coordinaci\u00f3n con dependencias y entidades involucradas.<\/p>\n<p class=\"p1\"><b>VISI\u00d3N <\/b><\/p>\n<p align=\"justify\">Ser una Dependencia que garantice el Estado de Derecho, asegure y consolide los est\u00e1ndares de excelencia de las pol\u00edticas p\u00fablicas, dentro del marco de legalidad a trav\u00e9s de la representaci\u00f3n, defensa, asesor\u00eda, investigaci\u00f3n, an\u00e1lisis y opini\u00f3n al Gobernador del Estado.<\/p>\n<p class=\"p1\"><b>OBJETIVO <\/b><\/p>\n<p align=\"justify\">Organizar y dirigir las acciones que emprenda el Gobierno del Estado en materia jur\u00eddica, a trav\u00e9s de la aplicaci\u00f3n de instrumentos normativos, as\u00ed como formular y proponer adecuaciones a las normas jur\u00eddicas existentes o nuevas normas que respondan a las exigencias actuales de la sociedad.<\/p>\n","protected":false},"excerpt":{"rendered":"<p>MISI\u00d3N Ejercer la representaci\u00f3n jur\u00eddica del Estado de Oaxaca, del Titular del Poder Ejecutivo y de la Gubernatura, otorgar apoyo t\u00e9cnico jur\u00eddico en forma permanente y directa al Gobernador del Estado, por medio del estudio, revisi\u00f3n, an\u00e1lisis y defensa en los procesos e instrumentos jur\u00eddicos en que sea parte, con profesionalismo, en estricto apego a [&hellip;]<\/p>\n","protected":false},"author":1,"featured_media":0,"parent":6,"menu_order":0,"comment_status":"closed","ping_status":"closed","template":"","meta":{"episode_type":"","audio_file":"","podmotor_file_id":"","podmotor_episode_id":"","cover_image":"","cover_image_id":"","duration":"","filesize":"","filesize_raw":"","date_recorded":"","explicit":"","block":"","itunes_episode_number":"","itunes_title":"","itunes_season_number":"","itunes_episode_type":"","footnotes":""},"categories":[],"tags":[],"class_list":["post-872","page","type-page","status-publish","hentry"],"acf":[],"publishpress_future_action":{"enabled":false,"date":"2026-05-14 18:32:18","action":"change-status","newStatus":"draft","terms":[],"taxonomy":"category","extraData":[]},"publishpress_future_workflow_manual_trigger":{"enabledWorkflows":[]},"_links":{"self":[{"href":"https:\/\/www.oaxaca.gob.mx\/consejeriajuridica\/wp-json\/wp\/v2\/pages\/872","targetHints":{"allow":["GET"]}}],"collection":[{"href":"https:\/\/www.oaxaca.gob.mx\/consejeriajuridica\/wp-json\/wp\/v2\/pages"}],"about":[{"href":"https:\/\/www.oaxaca.gob.mx\/consejeriajuridica\/wp-json\/wp\/v2\/types\/page"}],"author":[{"embeddable":true,"href":"https:\/\/www.oaxaca.gob.mx\/consejeriajuridica\/wp-json\/wp\/v2\/users\/1"}],"replies":[{"embeddable":true,"href":"https:\/\/www.oaxaca.gob.mx\/consejeriajuridica\/wp-json\/wp\/v2\/comments?post=872"}],"version-history":[{"count":2,"href":"https:\/\/www.oaxaca.gob.mx\/consejeriajuridica\/wp-json\/wp\/v2\/pages\/872\/revisions"}],"predecessor-version":[{"id":1444,"href":"https:\/\/www.oaxaca.gob.mx\/consejeriajuridica\/wp-json\/wp\/v2\/pages\/872\/revisions\/1444"}],"up":[{"embeddable":true,"href":"https:\/\/www.oaxaca.gob.mx\/consejeriajuridica\/wp-json\/wp\/v2\/pages\/6"}],"wp:attachment":[{"href":"https:\/\/www.oaxaca.gob.mx\/consejeriajuridica\/wp-json\/wp\/v2\/media?parent=872"}],"wp:term":[{"taxonomy":"category","embeddable":true,"href":"https:\/\/www.oaxaca.gob.mx\/consejeriajuridica\/wp-json\/wp\/v2\/categories?post=872"},{"taxonomy":"post_tag","embeddable":true,"href":"https:\/\/www.oaxaca.gob.mx\/consejeriajuridica\/wp-json\/wp\/v2\/tags?post=872"}],"curies":[{"name":"wp","href":"https:\/\/api.w.org\/{rel}","templated":true}]}}