{"id":73,"date":"2017-12-08T12:21:59","date_gmt":"2017-12-08T18:21:59","guid":{"rendered":"http:\/\/www.consejeriajuridica.oaxaca.gob.mx\/?page_id=73"},"modified":"2026-02-11T14:46:36","modified_gmt":"2026-02-11T20:46:36","slug":"apostilla","status":"publish","type":"page","link":"https:\/\/www.oaxaca.gob.mx\/consejeriajuridica\/tramites-y-servicios-2\/apostilla\/","title":{"rendered":"Apostilla"},"content":{"rendered":"<h1><strong>Apostilla en documentos p\u00fablicos<\/strong><\/h1>\n<p>El tr\u00e1mite de apostilla en documentos p\u00fablicos, consiste en el apostillamiento de los documentos p\u00fablicos estatales, de conformidad con la Convenci\u00f3n por la que se suprime el Requisito de Legalizaci\u00f3n de los Documentos P\u00fablicos Extranjeros, adoptada en la Conferencia de la Haya de Derecho Internacional Privado;<\/p>\n<h2><strong>Sustento Legal<\/strong><\/h2>\n<ol>\n<li>Art\u00edculo 49 fracci\u00f3n XXXVII de la Ley Org\u00e1nica del Poder Ejecutivo del Estado de Oaxaca. Decreto de reforma n\u00famero 595, aprobado el 22 de febrero de 2017 y publicado en el Peri\u00f3dico Oficial del Gobierno del Estado).<\/li>\n<li>Convenci\u00f3n por la que se suprime el requisito de legalizaci\u00f3n de los documentos p\u00fablicos extranjeros, adoptada en la Haya, Pa\u00edses Bajos, el 5 de octubre de 1961; a partir del 14 de agosto de 1995, M\u00e9xico es parte de dicha Convenci\u00f3n. (publicada en el Diario Oficial de la Federaci\u00f3n del lunes 14 de agosto 1995).<\/li>\n<li>Art\u00edculos 1 y 2 del Acuerdo por el que se establecen los Lineamientos Generales del Procedimiento de Apostilla de Firmas y Legalizaci\u00f3n de Documentos P\u00fablicos del Estado de Oaxaca, publicado en fecha 03 de junio de 2024 en el Peri\u00f3dico Oficial del Gobierno del Estado.<\/li>\n<\/ol>\n<p><strong>\u00a0<\/strong><\/p>\n<h2><strong>Beneficio<\/strong><\/h2>\n<p>Se obtiene un documento validado por una instituci\u00f3n gubernamental y que tendr\u00e1 efectos legales en los pa\u00edses miembros del convenio.<\/p>\n<p>La emisi\u00f3n de una apostilla s\u00f3lo acredita el origen del Documento P\u00fablico y certifica:     <\/p>\n<p>I.\tQue la firma contenida en el documento se encuentre registrada;<br \/>\nII.\tQue el Servidor P\u00fablico que firm\u00f3 el documento, cuente con tal car\u00e1cter, o de quien cuente con fe p\u00fablica; y<br \/>\nIII.\tQue el sello que en su caso conste en el documento, se encuentra registrado<\/p>\n<h2><strong>\u00bfQui\u00e9n puede hacer el tr\u00e1mite?<\/strong><\/h2>\n<p>Personas f\u00edsicas y morales.<\/p>\n<h2><strong>Particularidades<\/strong><\/h2>\n<p>Solo documentos p\u00fablicos estatales expedidos por Servidores P\u00fablicos Estatales o Notarios P\u00fablicos, que cuenten con Registro de Firma ante el Departamento de Legalizaciones, Apostillas y Registro de Firmas y Sellos de la Consejer\u00eda Jur\u00eddica y Asistencia Legal del Gobierno del Estado.<\/p>\n<h2><strong>Documento que se obtiene<\/strong><\/h2>\n<p>Instrumento expedido por Servidor P\u00fablico Estatal o Notario P\u00fablico, debidamente apostillado.<br \/>\n<strong>\u00a0<\/strong><\/p>\n<h2><strong>Negativa de Apostillar<\/strong><\/h2>\n<p>El Departamento de Legalizaciones, Apostillas y Registro de Firmas y Sellos no estar\u00e1 obligado a expedir una apostilla cuando se presente alguno de los siguientes supuestos:<\/p>\n<p>I.\tSe trate de un Documento P\u00fablico expedido por la Autoridad Federal o Entidades Federativas;<br \/>\nII.\tSe trate de un Documento P\u00fablico o Privado de cualquier naturaleza expedido en el extranjero;<br \/>\nIII.\tSe trate de un Documentos Privado, de cualquier naturaleza, emitido por una persona f\u00edsica o moral, en territorio nacional;<br \/>\nIV.\tSe pretenda legalizar o apostillar una copia simple de un Documento P\u00fablico;<br \/>\nV.\tSe trate de un Documento P\u00fablico y a consideraci\u00f3n del departamento, el mismo muestre signos evidentes de que es ap\u00f3crifo;<br \/>\nVI.\tEl documento se encuentre manchado, rayado, roto, o que contengan alguna alteraci\u00f3n;<br \/>\nVII.\tQue la firma contenida en el documento no est\u00e1 registrada;<br \/>\nVIII.\tQue la firma contenida en el documento no est\u00e9 actualizada;<br \/>\nIX.\tQue no contenga firma aut\u00f3grafa, o que la firma que contenga sea inserta a computadora;<br \/>\nX.\tQue el sello que en su caso conste en el documento, no se encuentre registrado; y<br \/>\nXI.\tQue el documento tenga una fecha de expedici\u00f3n anterior a 3 a\u00f1os o m\u00e1s.<br \/>\nXII.\tQue el documento sea expedido por notarias o notarios con posterioridad a la suspensi\u00f3n del ejercicio de su funci\u00f3n.<br \/>\n                                                                                               <strong>\u00a0<\/strong><\/p>\n<h2><strong>Requisitos y Cuota para Apostilla de Documentos<\/strong><\/h2>\n<h2><strong>Documentos requeridos<\/strong><\/h2>\n<ol>\n<li>Documento p\u00fablico en original y copia;<\/li>\n<li>Pago de derechos.<\/li>\n<\/ol>\n<p><strong>\u00a0<\/strong><\/p>\n<h2><strong>Cuota<\/strong><\/h2>\n<p>8.80 UMA en base a la Ley Estatal de Derechos de Oaxaca, Cap\u00edtulo XVI, art\u00edculo 47 fracci\u00f3n II, m\u00e1s el impuesto para el desarrollo social en base a la Ley de Ingresos del Estado de Oaxaca para el Ejercicio Fiscal 2024, Cap\u00edtulo Segundo de los Ingresos, equivalente a $1156.00 (Mil ciento cincuenta y seis pesos 00\/100 M. N.)<\/p>\n<h2><strong>Procedimiento para Apostilla en Documentos P\u00fablicos<\/strong><\/h2>\n<p>1.- Presentar el documento a revisi\u00f3n para verificar si es procedente la apostilla, en el Departamento de Legalizacines, Apostillas y Registro de Firmas y Sellos (edificio 4, nivel 2 \u201cRodolfo Morales\u201d, Ciudad Administrativa, \u201cBenem\u00e9rito de las Am\u00e9ricas\u201d, Carretera, Oaxaca-Istmo, km 11.5, Tlalixtac de Cabrera, Oaxaca).<\/p>\n<p>2.- Solicitar al Departamento la ficha para la l\u00ednea de captura e impuesto y realizar el pago de derechos. <\/p>\n<p>3.- El Departamento deber\u00e1 realizar un registro de cada documento que sea presentado; el registro deber\u00e1 contener m\u00ednimamente los siguientes rubros: tipo de documento, nombre y firma del servidor p\u00fablico que recibe, si se trata de apostilla o legalizaci\u00f3n, nombre del solicitante, y fecha de recepci\u00f3n. <\/p>\n<p>La p\u00e9rdida o extrav\u00edo de alg\u00fan documento para el tr\u00e1mite, ser\u00e1 responsabilidad del servidor que recibe la documentaci\u00f3n.<\/p>\n<p>4.- Acudir al Departamento a recoger el documento debidamente apostillado en el horario de entrega.<br \/>\n<strong>\u00a0<\/strong><\/p>\n<h2><strong>Horarios de Atenci\u00f3n<\/strong><\/h2>\n<p>De 8:00 a 18:00 horas de lunes a viernes.<\/p>\n<h2><strong>Plazo m\u00e1ximo de respuesta<\/strong><\/h2>\n<p>El plazo m\u00e1ximo que tiene el departamento para la gesti\u00f3n del tr\u00e1mite de apostilla ser\u00e1 hasta de 30 (treinta) d\u00edas h\u00e1biles, contados a partir de la entrega de la documentaci\u00f3n, dicho plazo podr\u00e1 ampliarse hasta por el doble de tiempo en caso de alta demanda de tr\u00e1mites. Bajo ninguna circunstancia se atender\u00e1n tr\u00e1mites de manera urgente. <\/p>\n<h2><strong>Derechos ante una negativa<\/strong><\/h2>\n<p>Las inconformidades por presuntas negativas y\/o falta de respuesta del tr\u00e1mite de apostilla de documentos, se realizar\u00e1n ante la Coordinaci\u00f3n Estatal de Mejora Regulatoria dependiente de la Secretar\u00eda de Desarrollo Econ\u00f3mico mediante la figura de \u201cprotesta ciudadana\u201d de conformidad con el art\u00edculo 54 de la Ley de Mejora Regulatoria para el Estado de Oaxaca y sus Municipios.<\/p>\n<h2><strong>Contacto<\/strong><\/h2>\n<p>Lic. Diana Yanely Garz\u00f3n Ramos<br \/>\nJefa del Departamento de Legalizaciones, Apostillas y Registro de Firmas y Sellos<br \/>\nde la Consejer\u00eda Jur\u00eddica y Asistencia Legal del Gobierno del Estado.<\/p>\n<p>Tel\u00e9fono: 951 501 5000 Ext. 11630 <\/p>\n<p>Edificio 4,\u201cRodolfo Morales\u201d,  nivel 2, Ciudad Administrativa, \u201cBenem\u00e9rito de las Am\u00e9ricas\u201d, Carretera, Oaxaca-Istmo, km 11.5, Tlalixtac de Cabrera, Oaxaca. <\/p>\n","protected":false},"excerpt":{"rendered":"<p>Apostilla en documentos p\u00fablicos El tr\u00e1mite de apostilla en documentos p\u00fablicos, consiste en el apostillamiento de los documentos p\u00fablicos estatales, de conformidad con la Convenci\u00f3n por la que se suprime el Requisito de Legalizaci\u00f3n de los Documentos P\u00fablicos Extranjeros, adoptada en la Conferencia de la Haya de Derecho Internacional Privado; Sustento Legal Art\u00edculo 49 fracci\u00f3n [&hellip;]<\/p>\n","protected":false},"author":1,"featured_media":0,"parent":69,"menu_order":0,"comment_status":"closed","ping_status":"closed","template":"","meta":{"episode_type":"","audio_file":"","podmotor_file_id":"","podmotor_episode_id":"","cover_image":"","cover_image_id":"","duration":"","filesize":"","filesize_raw":"","date_recorded":"","explicit":"","block":"","itunes_episode_number":"","itunes_title":"","itunes_season_number":"","itunes_episode_type":"","footnotes":""},"categories":[],"tags":[],"class_list":["post-73","page","type-page","status-publish","hentry"],"acf":[],"publishpress_future_action":{"enabled":false,"date":"2026-05-19 23:31:28","action":"change-status","newStatus":"draft","terms":[],"taxonomy":"category","extraData":[]},"publishpress_future_workflow_manual_trigger":{"enabledWorkflows":[]},"_links":{"self":[{"href":"https:\/\/www.oaxaca.gob.mx\/consejeriajuridica\/wp-json\/wp\/v2\/pages\/73","targetHints":{"allow":["GET"]}}],"collection":[{"href":"https:\/\/www.oaxaca.gob.mx\/consejeriajuridica\/wp-json\/wp\/v2\/pages"}],"about":[{"href":"https:\/\/www.oaxaca.gob.mx\/consejeriajuridica\/wp-json\/wp\/v2\/types\/page"}],"author":[{"embeddable":true,"href":"https:\/\/www.oaxaca.gob.mx\/consejeriajuridica\/wp-json\/wp\/v2\/users\/1"}],"replies":[{"embeddable":true,"href":"https:\/\/www.oaxaca.gob.mx\/consejeriajuridica\/wp-json\/wp\/v2\/comments?post=73"}],"version-history":[{"count":2,"href":"https:\/\/www.oaxaca.gob.mx\/consejeriajuridica\/wp-json\/wp\/v2\/pages\/73\/revisions"}],"predecessor-version":[{"id":1558,"href":"https:\/\/www.oaxaca.gob.mx\/consejeriajuridica\/wp-json\/wp\/v2\/pages\/73\/revisions\/1558"}],"up":[{"embeddable":true,"href":"https:\/\/www.oaxaca.gob.mx\/consejeriajuridica\/wp-json\/wp\/v2\/pages\/69"}],"wp:attachment":[{"href":"https:\/\/www.oaxaca.gob.mx\/consejeriajuridica\/wp-json\/wp\/v2\/media?parent=73"}],"wp:term":[{"taxonomy":"category","embeddable":true,"href":"https:\/\/www.oaxaca.gob.mx\/consejeriajuridica\/wp-json\/wp\/v2\/categories?post=73"},{"taxonomy":"post_tag","embeddable":true,"href":"https:\/\/www.oaxaca.gob.mx\/consejeriajuridica\/wp-json\/wp\/v2\/tags?post=73"}],"curies":[{"name":"wp","href":"https:\/\/api.w.org\/{rel}","templated":true}]}}