{"id":66,"date":"2017-12-08T12:02:41","date_gmt":"2017-12-08T18:02:41","guid":{"rendered":"http:\/\/www.consejeriajuridica.oaxaca.gob.mx\/?page_id=66"},"modified":"2026-02-11T14:59:40","modified_gmt":"2026-02-11T20:59:40","slug":"legalizaciones-y-apostillas","status":"publish","type":"page","link":"https:\/\/www.oaxaca.gob.mx\/consejeriajuridica\/tramites-y-servicios-2\/legalizaciones-y-apostillas\/","title":{"rendered":"Legalizaci\u00f3n"},"content":{"rendered":"<h1><strong>Legalizaci\u00f3n de firmas en documentos p\u00fablicos<\/strong><\/h1>\n<p>&nbsp;<\/p>\n<p>El tr\u00e1mite de legalizaci\u00f3n de firmas en documentos p\u00fablicos, consiste en Registrar y legalizar las firmas y sellos de los Servidores P\u00fablicos que de acuerdo a sus funciones y a las disposiciones aplicables as\u00ed lo requieran y de los Notarios P\u00fablicos en ejercicio de la funci\u00f3n notarial.<\/p>\n<h2><strong>Fundamento Jur\u00eddico<\/strong><\/h2>\n<p>1. Art\u00edculo 49 fracci\u00f3n XXXVI de la Ley Org\u00e1nica del Poder Ejecutivo del Estado de Oaxaca. Decreto n\u00famero 1532, publicado el 2 de agosto de 2018 en el Peri\u00f3dico Oficial del Gobierno del Estado.<br \/>\n2. Art\u00edculos 1 y 2 del Acuerdo por el que se establecen los Lineamientos Generales del Procedimiento de Apostilla de Firmas y Legalizaci\u00f3n de Documentos P\u00fablicos del Estado de Oaxaca, publicado en fecha 03 de junio de 2024 en el Peri\u00f3dico Oficial del Gobierno del Estado.<\/p>\n<h2><strong>Particularidades<\/strong><\/h2>\n<p>Solo documentos expedidos por Servidores P\u00fablicos que de acuerdo a sus funciones y a las disposiciones aplicables as\u00ed lo requieran y de los Notarios P\u00fablicos, que cuenten con Registro de Firma ante la Consejer\u00eda Jur\u00eddica del Gobierno del Estado.<\/p>\n<h2><strong>Documento que se obtiene<\/strong><\/h2>\n<p>Instrumento expedido por Servidor P\u00fablico de acuerdo a sus funciones y a las disposiciones aplicables as\u00ed lo requieran o Notario P\u00fablico, en el Estado debidamente legalizado.<\/p>\n<h2><strong>\u00bfQui\u00e9n puede solicitarlo?<\/strong><\/h2>\n<p>Personas f\u00edsicas y morales.<\/p>\n<h2><strong>Negativa de Legalizar<\/strong><\/h2>\n<p>El Departamento de Legalizaciones, Apostillas y Registro de Firmas y Sellos no estar\u00e1 obligado a expedir una legalizaci\u00f3n cuando se presente alguno de los siguientes supuestos:<\/p>\n<p>I. Se trate de un Documento P\u00fablico expedido por la Autoridad Federal o Entidades Federativas;<br \/>\nII. Se trate de un Documento P\u00fablico o Privado de cualquier naturaleza expedido en el extranjero;<br \/>\nIII. Se trate de un Documentos Privado, de cualquier naturaleza, emitido por una persona f\u00edsica o moral, en territorio nacional;<br \/>\nIV. Se pretenda legalizar o apostillar una copia simple de un Documento P\u00fablico;<br \/>\nV. Se trate de un Documento P\u00fablico y a consideraci\u00f3n del departamento, el mismo muestre signos evidentes de que es ap\u00f3crifo;<br \/>\nVI. El documento se encuentre manchado, rayado, roto, o que contengan alguna alteraci\u00f3n;<br \/>\nVII. Que la firma contenida en el documento no est\u00e1 registrada;<br \/>\nVIII. Que la firma contenida en el documento no est\u00e9 actualizada;<br \/>\nIX. Que no contenga firma aut\u00f3grafa, o que la firma que contenga sea inserta a computadora;<br \/>\nX. Que el sello que en su caso conste en el documento, no se encuentre registrado; y<br \/>\nXI. Que el documento tenga una fecha de expedici\u00f3n anterior a 3 a\u00f1os o m\u00e1s.<br \/>\nXII. Que el documento sea expedido por notarias o notarios con posterioridad a la suspensi\u00f3n del ejercicio de su funci\u00f3n.<\/p>\n<h2><strong>Requisitos y Cuota para Legalizaci\u00f3n de Firmas<\/strong><\/h2>\n<p><strong>Documentos requeridos<\/strong><\/p>\n<ul>\n<li>Documento p\u00fablico en original y copia;<\/li>\n<li>Pago de derechos original.<\/li>\n<\/ul>\n<p><strong>\u00a0<\/strong><\/p>\n<p><strong>\u00a0<\/strong><\/p>\n<h2><strong>Cuota<\/strong><\/h2>\n<p>1.43 UMA en base a la Ley Estatal de Derechos de Oaxaca, Cap\u00edtulo XVI, art\u00edculo 47 fracci\u00f3n I, m\u00e1s el impuesto para el desarrollo social en base a la Ley de Ingresos del Estado de Oaxaca para el Ejercicio Fiscal 2024, Cap\u00edtulo Segundo de los Ingresos, equivalente a $188.00 (Ciento ochenta y ocho pesos 00\/100 M. N.)<\/p>\n<h2><strong>Procedimiento para Legalizaci\u00f3n de Firmas<\/strong><\/h2>\n<ul>\n<li>Presentar el documento a revisi\u00f3n para verificar si es procedente la legalizaci\u00f3n de firmas en el Departamento de Legalizacines, Apostillas y Registro de Firmas y Sellos (edificio 4, \u201cRodolfo Morales\u201d, nivel 2, Ciudad Administrativa, \u201cBenem\u00e9rito de las Am\u00e9ricas\u201d, Carretera, Oaxaca-Istmo, km 11.5, Tlalixtac de Cabrera, Oaxaca).<\/li>\n<li>Solicitar ficha para la l\u00ednea de captura e impuesto y realizar el pago de derechos.<\/li>\n<li>El Departamento deber\u00e1 realizar un registro de cada documento que sea presentado; el registro deber\u00e1 contener m\u00ednimamente los siguientes rubros: tipo de documento, nombre y firma del servidor p\u00fablico que recibe, si se trata de apostilla o legalizaci\u00f3n, nombre del solicitante, y fecha de recepci\u00f3n.\n<p>La p\u00e9rdida o extrav\u00edo de alg\u00fan documento para el tr\u00e1mite, ser\u00e1 responsabilidad del servidor que recibe la documentaci\u00f3n.<\/li>\n<li>Acudir al Departamento a recoger el documento debidamente legalizado en el horario de entrega.<\/li>\n<\/ul>\n<p><strong>\u00a0<\/strong><\/p>\n<h2><strong>Horarios de Atenci\u00f3n<\/strong><\/h2>\n<p>De 08:00 a 18:00 horas de lunes a viernes.<\/p>\n<h2><strong>Plazo m\u00e1ximo de respuesta<\/strong><\/h2>\n<p>El plazo m\u00e1ximo que tiene el departamento para la gesti\u00f3n del tr\u00e1mite de legalizaci\u00f3n ser\u00e1 hasta de 30 (treinta) d\u00edas h\u00e1biles, contados a partir de la entrega de la documentaci\u00f3n, dicho plazo podr\u00e1 ampliarse hasta por el doble de tiempo en caso de alta demanda de tr\u00e1mites. Bajo ninguna circunstancia se atender\u00e1n tr\u00e1mites de manera urgente.<\/p>\n<h2><strong>Derechos ante una negativa<\/strong><\/h2>\n<p>Las inconformidades por presuntas negativas y\/o falta de respuesta del tr\u00e1mite de apostilla de documentos, se realizar\u00e1n ante la Coordinaci\u00f3n Estatal de Mejora Regulatoria dependiente de la Secretar\u00eda de Desarrollo Econ\u00f3mico mediante la figura de \u201cprotesta ciudadana\u201d de conformidad con el art\u00edculo 54 de la Ley de Mejora Regulatoria para el Estado de Oaxaca y sus Municipios.<\/p>\n<h2><strong>Contacto<\/strong><\/h2>\n<p>Lic. Diana Yanely Garz\u00f3n Ramos<br \/>\nJefa del Departamento de Legalizaciones, Apostillas y Registro de Firmas y Sellos<br \/>\nde la Consejer\u00eda Jur\u00eddica y Asistencia Legal del Gobierno del Estado.<\/p>\n<p>Tel\u00e9fono: 951 501 5000 Ext. 11630 <\/p>\n<p>Edificio 4,\u201cRodolfo Morales\u201d,  nivel 2, Ciudad Administrativa, \u201cBenem\u00e9rito de las Am\u00e9ricas\u201d, Carretera, Oaxaca-Istmo, km 11.5, Tlalixtac de Cabrera, Oaxaca. <\/p>\n<p>&nbsp;<\/p>\n","protected":false},"excerpt":{"rendered":"<p>Legalizaci\u00f3n de firmas en documentos p\u00fablicos &nbsp; El tr\u00e1mite de legalizaci\u00f3n de firmas en documentos p\u00fablicos, consiste en Registrar y legalizar las firmas y sellos de los Servidores P\u00fablicos que de acuerdo a sus funciones y a las disposiciones aplicables as\u00ed lo requieran y de los Notarios P\u00fablicos en ejercicio de la funci\u00f3n notarial. Fundamento [&hellip;]<\/p>\n","protected":false},"author":1,"featured_media":0,"parent":69,"menu_order":0,"comment_status":"closed","ping_status":"closed","template":"","meta":{"episode_type":"","audio_file":"","podmotor_file_id":"","podmotor_episode_id":"","cover_image":"","cover_image_id":"","duration":"","filesize":"","filesize_raw":"","date_recorded":"","explicit":"","block":"","itunes_episode_number":"","itunes_title":"","itunes_season_number":"","itunes_episode_type":"","footnotes":""},"categories":[],"tags":[],"class_list":["post-66","page","type-page","status-publish","hentry"],"acf":[],"publishpress_future_action":{"enabled":false,"date":"2026-05-16 09:18:23","action":"change-status","newStatus":"draft","terms":[],"taxonomy":"category","extraData":[]},"publishpress_future_workflow_manual_trigger":{"enabledWorkflows":[]},"_links":{"self":[{"href":"https:\/\/www.oaxaca.gob.mx\/consejeriajuridica\/wp-json\/wp\/v2\/pages\/66","targetHints":{"allow":["GET"]}}],"collection":[{"href":"https:\/\/www.oaxaca.gob.mx\/consejeriajuridica\/wp-json\/wp\/v2\/pages"}],"about":[{"href":"https:\/\/www.oaxaca.gob.mx\/consejeriajuridica\/wp-json\/wp\/v2\/types\/page"}],"author":[{"embeddable":true,"href":"https:\/\/www.oaxaca.gob.mx\/consejeriajuridica\/wp-json\/wp\/v2\/users\/1"}],"replies":[{"embeddable":true,"href":"https:\/\/www.oaxaca.gob.mx\/consejeriajuridica\/wp-json\/wp\/v2\/comments?post=66"}],"version-history":[{"count":2,"href":"https:\/\/www.oaxaca.gob.mx\/consejeriajuridica\/wp-json\/wp\/v2\/pages\/66\/revisions"}],"predecessor-version":[{"id":1559,"href":"https:\/\/www.oaxaca.gob.mx\/consejeriajuridica\/wp-json\/wp\/v2\/pages\/66\/revisions\/1559"}],"up":[{"embeddable":true,"href":"https:\/\/www.oaxaca.gob.mx\/consejeriajuridica\/wp-json\/wp\/v2\/pages\/69"}],"wp:attachment":[{"href":"https:\/\/www.oaxaca.gob.mx\/consejeriajuridica\/wp-json\/wp\/v2\/media?parent=66"}],"wp:term":[{"taxonomy":"category","embeddable":true,"href":"https:\/\/www.oaxaca.gob.mx\/consejeriajuridica\/wp-json\/wp\/v2\/categories?post=66"},{"taxonomy":"post_tag","embeddable":true,"href":"https:\/\/www.oaxaca.gob.mx\/consejeriajuridica\/wp-json\/wp\/v2\/tags?post=66"}],"curies":[{"name":"wp","href":"https:\/\/api.w.org\/{rel}","templated":true}]}}