{"id":6,"date":"2016-02-25T16:12:45","date_gmt":"2016-02-25T22:12:45","guid":{"rendered":"http:\/\/www.consejeriajuridica.oaxaca.gob.mx\/?page_id=6"},"modified":"2024-10-14T17:35:34","modified_gmt":"2024-10-14T23:35:34","slug":"quienes-somos","status":"publish","type":"page","link":"https:\/\/www.oaxaca.gob.mx\/consejeriajuridica\/quienes-somos\/","title":{"rendered":"\u00bfQui\u00e9nes Somos?"},"content":{"rendered":"<p>\n<img loading=\"lazy\" decoding=\"async\" src=\"https:\/\/www.oaxaca.gob.mx\/consejeriajuridica\/wp-content\/uploads\/sites\/19\/2024\/10\/GUuWcU3WMAAdk5--300x200.jpeg\" alt=\"\" width=\"300\" height=\"200\" class=\"alignnone size-medium wp-image-1407\" srcset=\"https:\/\/www.oaxaca.gob.mx\/consejeriajuridica\/wp-content\/uploads\/sites\/19\/2024\/10\/GUuWcU3WMAAdk5--300x200.jpeg 300w, https:\/\/www.oaxaca.gob.mx\/consejeriajuridica\/wp-content\/uploads\/sites\/19\/2024\/10\/GUuWcU3WMAAdk5--1024x683.jpeg 1024w, https:\/\/www.oaxaca.gob.mx\/consejeriajuridica\/wp-content\/uploads\/sites\/19\/2024\/10\/GUuWcU3WMAAdk5--768x512.jpeg 768w, https:\/\/www.oaxaca.gob.mx\/consejeriajuridica\/wp-content\/uploads\/sites\/19\/2024\/10\/GUuWcU3WMAAdk5--1536x1025.jpeg 1536w, https:\/\/www.oaxaca.gob.mx\/consejeriajuridica\/wp-content\/uploads\/sites\/19\/2024\/10\/GUuWcU3WMAAdk5-.jpeg 2048w\" sizes=\"auto, (max-width: 300px) 100vw, 300px\" \/><\/p>\n<p><strong>LA CONSEJER\u00cdA JUR\u00cdDICA Y ASISTENCIA LEGAL DE GOBIERNO DEL ESTADO<\/strong><\/p>\n<p>Conforme al art\u00edculo 98 BIS de la Constituci\u00f3n Pol\u00edtica del Estado Libre y Soberano de Oaxaca, la Consejer\u00eda Jur\u00eddica y Asistencia Legal del Gobierno del Estado, ejerce la representaci\u00f3n jur\u00eddica del Estado de Oaxaca, del Titular del Poder Ejecutivo y de la Gubernatura; brinda apoyo t\u00e9cnico jur\u00eddico en forma permanente y directa al Gobernador del Estado y desarrolla las funciones administrativas necesarias en los t\u00e9rminos que se\u00f1ala la Ley Org\u00e1nica del Poder Ejecutivo del Estado. <\/p>\n","protected":false},"excerpt":{"rendered":"<p>LA CONSEJER\u00cdA JUR\u00cdDICA Y ASISTENCIA LEGAL DE GOBIERNO DEL ESTADO Conforme al art\u00edculo 98 BIS de la Constituci\u00f3n Pol\u00edtica del Estado Libre y Soberano de Oaxaca, la Consejer\u00eda Jur\u00eddica y Asistencia Legal del Gobierno del Estado, ejerce la representaci\u00f3n jur\u00eddica del Estado de Oaxaca, del Titular del Poder Ejecutivo y de la Gubernatura; brinda apoyo [&hellip;]<\/p>\n","protected":false},"author":1,"featured_media":0,"parent":0,"menu_order":0,"comment_status":"closed","ping_status":"closed","template":"","meta":{"episode_type":"","audio_file":"","podmotor_file_id":"","podmotor_episode_id":"","cover_image":"","cover_image_id":"","duration":"","filesize":"","filesize_raw":"","date_recorded":"","explicit":"","block":"","itunes_episode_number":"","itunes_title":"","itunes_season_number":"","itunes_episode_type":"","footnotes":""},"categories":[],"tags":[],"class_list":["post-6","page","type-page","status-publish","hentry"],"acf":[],"publishpress_future_action":{"enabled":false,"date":"2026-05-14 19:54:13","action":"change-status","newStatus":"draft","terms":[],"taxonomy":"category","extraData":[]},"publishpress_future_workflow_manual_trigger":{"enabledWorkflows":[]},"_links":{"self":[{"href":"https:\/\/www.oaxaca.gob.mx\/consejeriajuridica\/wp-json\/wp\/v2\/pages\/6","targetHints":{"allow":["GET"]}}],"collection":[{"href":"https:\/\/www.oaxaca.gob.mx\/consejeriajuridica\/wp-json\/wp\/v2\/pages"}],"about":[{"href":"https:\/\/www.oaxaca.gob.mx\/consejeriajuridica\/wp-json\/wp\/v2\/types\/page"}],"author":[{"embeddable":true,"href":"https:\/\/www.oaxaca.gob.mx\/consejeriajuridica\/wp-json\/wp\/v2\/users\/1"}],"replies":[{"embeddable":true,"href":"https:\/\/www.oaxaca.gob.mx\/consejeriajuridica\/wp-json\/wp\/v2\/comments?post=6"}],"version-history":[{"count":2,"href":"https:\/\/www.oaxaca.gob.mx\/consejeriajuridica\/wp-json\/wp\/v2\/pages\/6\/revisions"}],"predecessor-version":[{"id":1394,"href":"https:\/\/www.oaxaca.gob.mx\/consejeriajuridica\/wp-json\/wp\/v2\/pages\/6\/revisions\/1394"}],"wp:attachment":[{"href":"https:\/\/www.oaxaca.gob.mx\/consejeriajuridica\/wp-json\/wp\/v2\/media?parent=6"}],"wp:term":[{"taxonomy":"category","embeddable":true,"href":"https:\/\/www.oaxaca.gob.mx\/consejeriajuridica\/wp-json\/wp\/v2\/categories?post=6"},{"taxonomy":"post_tag","embeddable":true,"href":"https:\/\/www.oaxaca.gob.mx\/consejeriajuridica\/wp-json\/wp\/v2\/tags?post=6"}],"curies":[{"name":"wp","href":"https:\/\/api.w.org\/{rel}","templated":true}]}}