{"id":1499,"date":"2024-10-15T16:17:01","date_gmt":"2024-10-15T22:17:01","guid":{"rendered":"https:\/\/www.oaxaca.gob.mx\/consejeriajuridica\/?page_id=1499"},"modified":"2024-10-15T16:17:01","modified_gmt":"2024-10-15T22:17:01","slug":"noticias","status":"publish","type":"page","link":"https:\/\/www.oaxaca.gob.mx\/consejeriajuridica\/noticias\/","title":{"rendered":"Noticias"},"content":{"rendered":"\n\n<div class=\"su-posts su-posts-default-loop \">\n\n\t\n\t\t\t\t\t\n\t\t\t\n\t\t\t<div id=\"su-post-1480\" class=\"su-post \">\n\n\t\t\t\t\n\t\t\t\t<h2 class=\"su-post-title\"><a href=\"https:\/\/www.oaxaca.gob.mx\/consejeriajuridica\/jornada-de-registros-extemporaneos\/\">Jornada de Registros Extempor\u00e1neos<\/a><\/h2>\n\n\t\t\t\t<div class=\"su-post-meta\">\n\t\t\t\t\tPublicado: 15 octubre, 2024\t\t\t\t<\/div>\n\n\t\t\t\t<div class=\"su-post-excerpt\">\n\t\t\t\t\t<p>La Consejer\u00eda Jur\u00eddica y Asistencia Legal a trav\u00e9s de la Direcci\u00f3n del Registro Civil implementa la Jornada de Registros Extempor\u00e1neos de Ni\u00f1as, Ni\u00f1os, Adolescentes y Adultos Mayores, garantizando en condiciones de igualdad, sin distinci\u00f3n y no discriminaci\u00f3n, este derecho. Para mayor informaci\u00f3n, ingresa a Registro Civil o env\u00eda un WhatsApp al 951 319 3924. Tambi\u00e9n [&hellip;]<\/p>\n\t\t\t\t<\/div>\n\n\t\t\t\t\t\t\t\t\t<a href=\"https:\/\/www.oaxaca.gob.mx\/consejeriajuridica\/jornada-de-registros-extemporaneos\/#respond\" class=\"su-post-comments-link\">0 comentarios<\/a>\n\t\t\t\t\n\t\t\t<\/div>\n\n\t\t\t\t\t\n\t\t\t\n\t\t\t<div id=\"su-post-1475\" class=\"su-post \">\n\n\t\t\t\t\n\t\t\t\t<h2 class=\"su-post-title\"><a href=\"https:\/\/www.oaxaca.gob.mx\/consejeriajuridica\/alfabetizacion-para-el-bienestar\/\">Alfabetizaci\u00f3n para el Bienestar<\/a><\/h2>\n\n\t\t\t\t<div class=\"su-post-meta\">\n\t\t\t\t\tPublicado: 15 octubre, 2024\t\t\t\t<\/div>\n\n\t\t\t\t<div class=\"su-post-excerpt\">\n\t\t\t\t\t<p>Iniciamos el programa \u201cAlfabetizaci\u00f3n para el Bienestar\u201d en el municipio de Santa Luc\u00eda del Camino; leer y escribir es un derecho humano, y constituye la base del aprendizaje, pieza clave para la independencia y autonom\u00eda de las personas. El Programa de Alfabetizaci\u00f3n para el Bienestar impulsado por el Gobernador Salom\u00f3n Jara Cruz es sin duda [&hellip;]<\/p>\n\t\t\t\t<\/div>\n\n\t\t\t\t\t\t\t\t\t<a href=\"https:\/\/www.oaxaca.gob.mx\/consejeriajuridica\/alfabetizacion-para-el-bienestar\/#respond\" class=\"su-post-comments-link\">0 comentarios<\/a>\n\t\t\t\t\n\t\t\t<\/div>\n\n\t\t\t\t\t\n\t\t\t\n\t\t\t<div id=\"su-post-1382\" class=\"su-post \">\n\n\t\t\t\t\n\t\t\t\t<h2 class=\"su-post-title\"><a href=\"https:\/\/www.oaxaca.gob.mx\/consejeriajuridica\/reunion-de-gabinete-legal-y-ampliado\/\">Reuni\u00f3n de Gabinete Legal y Ampliado<\/a><\/h2>\n\n\t\t\t\t<div class=\"su-post-meta\">\n\t\t\t\t\tPublicado: 14 octubre, 2024\t\t\t\t<\/div>\n\n\t\t\t\t<div class=\"su-post-excerpt\">\n\t\t\t\t\t<p>Participa la Consejer\u00eda Jur\u00eddica y Asistencia Legal en reuniones del Gabinete Legal y Ampliado para respaldar al Gobernador Salom\u00f3n Jara Cruz, en las pr\u00f3ximas acciones en favor de la justicia social, el desarrollo y combate a la corrupci\u00f3n. #PrimaveraOaxaque\u00f1a #Consejer\u00edaJur\u00eddica<\/p>\n\t\t\t\t<\/div>\n\n\t\t\t\t\t\t\t\t\t<a href=\"https:\/\/www.oaxaca.gob.mx\/consejeriajuridica\/reunion-de-gabinete-legal-y-ampliado\/#respond\" class=\"su-post-comments-link\">0 comentarios<\/a>\n\t\t\t\t\n\t\t\t<\/div>\n\n\t\t\n\t\n<\/div>\n\n","protected":false},"excerpt":{"rendered":"","protected":false},"author":19,"featured_media":0,"parent":0,"menu_order":0,"comment_status":"closed","ping_status":"closed","template":"","meta":{"episode_type":"","audio_file":"","podmotor_file_id":"","podmotor_episode_id":"","cover_image":"","cover_image_id":"","duration":"","filesize":"","filesize_raw":"","date_recorded":"","explicit":"","block":"","itunes_episode_number":"","itunes_title":"","itunes_season_number":"","itunes_episode_type":"","footnotes":""},"categories":[],"tags":[],"class_list":["post-1499","page","type-page","status-publish","hentry"],"acf":[],"publishpress_future_action":{"enabled":false,"date":"2026-05-14 18:30:22","action":"change-status","newStatus":"draft","terms":[],"taxonomy":"category","extraData":[]},"publishpress_future_workflow_manual_trigger":{"enabledWorkflows":[]},"_links":{"self":[{"href":"https:\/\/www.oaxaca.gob.mx\/consejeriajuridica\/wp-json\/wp\/v2\/pages\/1499","targetHints":{"allow":["GET"]}}],"collection":[{"href":"https:\/\/www.oaxaca.gob.mx\/consejeriajuridica\/wp-json\/wp\/v2\/pages"}],"about":[{"href":"https:\/\/www.oaxaca.gob.mx\/consejeriajuridica\/wp-json\/wp\/v2\/types\/page"}],"author":[{"embeddable":true,"href":"https:\/\/www.oaxaca.gob.mx\/consejeriajuridica\/wp-json\/wp\/v2\/users\/19"}],"replies":[{"embeddable":true,"href":"https:\/\/www.oaxaca.gob.mx\/consejeriajuridica\/wp-json\/wp\/v2\/comments?post=1499"}],"version-history":[{"count":1,"href":"https:\/\/www.oaxaca.gob.mx\/consejeriajuridica\/wp-json\/wp\/v2\/pages\/1499\/revisions"}],"predecessor-version":[{"id":1500,"href":"https:\/\/www.oaxaca.gob.mx\/consejeriajuridica\/wp-json\/wp\/v2\/pages\/1499\/revisions\/1500"}],"wp:attachment":[{"href":"https:\/\/www.oaxaca.gob.mx\/consejeriajuridica\/wp-json\/wp\/v2\/media?parent=1499"}],"wp:term":[{"taxonomy":"category","embeddable":true,"href":"https:\/\/www.oaxaca.gob.mx\/consejeriajuridica\/wp-json\/wp\/v2\/categories?post=1499"},{"taxonomy":"post_tag","embeddable":true,"href":"https:\/\/www.oaxaca.gob.mx\/consejeriajuridica\/wp-json\/wp\/v2\/tags?post=1499"}],"curies":[{"name":"wp","href":"https:\/\/api.w.org\/{rel}","templated":true}]}}