{"id":1306,"date":"2022-11-03T18:04:00","date_gmt":"2022-11-04T00:04:00","guid":{"rendered":"https:\/\/www.oaxaca.gob.mx\/consejeriajuridica\/?page_id=1306"},"modified":"2024-10-15T14:49:54","modified_gmt":"2024-10-15T20:49:54","slug":"registro-de-firmas-y-sellos","status":"publish","type":"page","link":"https:\/\/www.oaxaca.gob.mx\/consejeriajuridica\/tramites-y-servicios-2\/registro-de-firmas-y-sellos\/","title":{"rendered":"Registro de Firmas y Sellos"},"content":{"rendered":"<h1><strong>Registro de firmas y sellos de los Servidores P\u00fablicos y de Notarios P\u00fablicos<\/strong><\/h1>\n<p>Registrar la firma y sello de servidoras y servidores p\u00fablicos de la Administraci\u00f3n P\u00fablica Estatal, as\u00ed como, de Notarias y Notarios P\u00fablicos en ejercicio de la funci\u00f3n notarial.<\/p>\n<h2><strong>Fundamento Jur\u00eddico<\/strong><\/h2>\n<p>&#8211; Art\u00edculo 49 fracci\u00f3n XXXVI de la Ley Org\u00e1nica del Poder Ejecutivo del Estado de Oaxaca.<br \/>\n&#8211; Art\u00edculos 4, 19 y 20 del Acuerdo por el que se establecen los Lineamientos Generales del Procedimiento de Apostilla de Firmas y Legalizaci\u00f3n de Documentos P\u00fablicos del Estado de Oaxaca, publicado en fecha 03 de junio de 2024 en el Peri\u00f3dico Oficial del Gobierno del Estado.<\/p>\n<h2><strong>Documento que se obtiene<\/strong><\/h2>\n<p>Registro de firma de servidoras y servidores p\u00fablicos de la Administraci\u00f3n P\u00fablica Estatal, as\u00ed como, de Notarias y Notarios P\u00fablicos en ejercicio de la funci\u00f3n notarial.<\/p>\n<h2><strong>\u00bfQui\u00e9n puede solicitarlo?<\/strong><\/h2>\n<p>Servidoras y servidores p\u00fablicos de la Administraci\u00f3n P\u00fablica Estatal y Notarias y Notarios P\u00fablicos en ejercicio de la funci\u00f3n notarial.<\/p>\n<h2><strong>Requisitos y Cuota para Registro de firma de servidoras y servidores p\u00fablicos de la Administraci\u00f3n P\u00fablica Estatal<\/strong><\/h2>\n<h2><strong>Documentos requeridos<\/strong><\/h2>\n<ol>\n<li>Formato de Registro de firma y sello por duplicado.<\/li>\n<li>Copia certificada del nombramiento del servidor p\u00fablico, ya sea por quien tenga facultades en su Dependencia o por Notario P\u00fablico.<\/li>\n<li>Copia simple de renuncia del servidor p\u00fablico anterior.<\/li>\n<li>Copia de su Identificaci\u00f3n Oficial.<\/li>\n<li>Copia del Reglamento o normatividad donde se especifiquen las facultades del servidor p\u00fablico que pretende realizar el registro de firma.<\/li>\n<\/ol>\n<p><strong>\u00a0<\/strong><\/p>\n<h2><strong>Cuota<\/strong><\/h2>\n<p>No aplica.<\/p>\n<h2><strong>Hiperv\u00ednculo para descargar formato de Registro de firma de servidoras y servidores p\u00fablicos de la Administraci\u00f3n P\u00fablica Estatal.<\/strong><\/h2>\n<p><a href=\"https:\/\/docs.google.com\/document\/d\/e\/2PACX-1vTDQLjAuHRdwvqWgl7VqAiBPC9edSGlrVe6kqahD8XZwspZmi285zdt7zVi7ZIxEg\/pub\">DESCARGA FORMATO<\/a><\/p>\n<h2><strong>Requisitos y Cuota para Registro de firma de Notarias y Notarios P\u00fablicos en ejercicio de la funci\u00f3n notarial.<\/strong><\/h2>\n<ol>\n<li>Formato de Registro de firma y sello por duplicado.<\/li>\n<li>Copia de su patente o fiat.<\/li>\n<li>Copia de su Identificaci\u00f3n Oficial.<\/li>\n<li>Copia de su Registro ante la Direcci\u00f3n General de Notar\u00edas y del Archivo General de Notar\u00edas del Estado de Oaxaca.<\/li>\n<\/ol>\n<p><strong>\u00a0<\/strong><\/p>\n<h2><strong>Cuota<\/strong><\/h2>\n<p>No aplica.<\/p>\n<h2><strong>Hiperv\u00ednculo para descargar formato de Registro de firma de Notarias y Notarios P\u00fablicos en ejercicio de la funci\u00f3n notarial.<\/strong><\/h2>\n<p><a href=\"https:\/\/docs.google.com\/document\/d\/e\/2PACX-1vTDQLjAuHRdwvqWgl7VqAiBPC9edSGlrVe6kqahD8XZwspZmi285zdt7zVi7ZIxEg\/pub\">DESCARGA FORMATO<\/a><\/p>\n<h2><strong>Procedimiento para Registro de firma de servidoras y servidores p\u00fablicos de la Administraci\u00f3n P\u00fablica Estatal, as\u00ed como, de Notarias y Notarios P\u00fablicos en ejercicio de la funci\u00f3n notarial.<\/strong><\/h2>\n<p>1.- Presentar el documento a revisi\u00f3n en el Departamento de Legalizaciones, Apostillas y Registro de Firmas y Sellos (edificio 4, \u201cRodolfo Morales\u201d, nivel 2, Ciudad Administrativa, \u201cBenem\u00e9rito de las Am\u00e9ricas\u201d, Carretera, Oaxaca-Istmo, km 11.5, Tlalixtac de Cabrera, Oaxaca).<\/p>\n<p>2.- Presentar todos los requisitos en el Departamento de Legalizaciones, Apostillas y Registro de Firmas y Sellos. <\/p>\n<p>3.- Acudir al Departamento de Legalizaciones, Apostillas y Registro de Firmas y Sellos a recoger el Registro de firma en el horario de entrega.<\/p>\n<h2><strong>Horario de Atenci\u00f3n<\/strong><\/h2>\n<p>De 08:00 a 18:00 horas de lunes a viernes.<\/p>\n<h2><strong>Plazo m\u00e1ximo de respuesta<\/strong><\/h2>\n<p>5 d\u00edas h\u00e1biles a partir del d\u00eda siguiente a la recepci\u00f3n del documento.<\/p>\n<h2><strong>Derechos ante una negativa<\/strong><\/h2>\n<p>Las inconformidades por presuntas negativas y\/o falta de respuesta del tr\u00e1mite de apostilla de documentos, se realizar\u00e1n ante la Coordinaci\u00f3n Estatal de Mejora Regulatoria dependiente de la Secretar\u00eda de Desarrollo Econ\u00f3mico mediante la figura de \u201cprotesta ciudadana\u201d de conformidad con el art\u00edculo 54 de la Ley de Mejora Regulatoria para el Estado de Oaxaca y sus Municipios.<br \/>\n&nbsp;<\/p>\n<h2><strong>Contacto<\/strong><\/h2>\n<p>Lic. Diana Yanely Garz\u00f3n Ramos<br \/>\n\u2028Jefa del Departamento de Legalizaciones, Apostillas y Registro de Firmas y Sellos\u2028 de la Consejer\u00eda Jur\u00eddica y Asistencia Legal del Gobierno del Estado. <\/p>\n<p>Tel\u00e9fono: 951 501 5000 Ext. 11630<\/p>\n<p>Edificio 4,\u201cRodolfo Morales\u201d, nivel 2, Ciudad Administrativa, \u201cBenem\u00e9rito de las Am\u00e9ricas\u201d, Carretera, Oaxaca-Istmo, km 11.5, Tlalixtac de Cabrera, Oaxaca.<\/p>\n","protected":false},"excerpt":{"rendered":"<p>Registro de firmas y sellos de los Servidores P\u00fablicos y de Notarios P\u00fablicos Registrar la firma y sello de servidoras y servidores p\u00fablicos de la Administraci\u00f3n P\u00fablica Estatal, as\u00ed como, de Notarias y Notarios P\u00fablicos en ejercicio de la funci\u00f3n notarial. Fundamento Jur\u00eddico &#8211; Art\u00edculo 49 fracci\u00f3n XXXVI de la Ley Org\u00e1nica del Poder Ejecutivo [&hellip;]<\/p>\n","protected":false},"author":19,"featured_media":0,"parent":69,"menu_order":0,"comment_status":"closed","ping_status":"closed","template":"","meta":{"episode_type":"","audio_file":"","podmotor_file_id":"","podmotor_episode_id":"","cover_image":"","cover_image_id":"","duration":"","filesize":"","filesize_raw":"","date_recorded":"","explicit":"","block":"","itunes_episode_number":"","itunes_title":"","itunes_season_number":"","itunes_episode_type":"","footnotes":""},"categories":[],"tags":[],"class_list":["post-1306","page","type-page","status-publish","hentry"],"acf":[],"publishpress_future_action":{"enabled":false,"date":"2026-05-03 11:56:28","action":"change-status","newStatus":"draft","terms":[],"taxonomy":"category","extraData":[]},"publishpress_future_workflow_manual_trigger":{"enabledWorkflows":[]},"_links":{"self":[{"href":"https:\/\/www.oaxaca.gob.mx\/consejeriajuridica\/wp-json\/wp\/v2\/pages\/1306","targetHints":{"allow":["GET"]}}],"collection":[{"href":"https:\/\/www.oaxaca.gob.mx\/consejeriajuridica\/wp-json\/wp\/v2\/pages"}],"about":[{"href":"https:\/\/www.oaxaca.gob.mx\/consejeriajuridica\/wp-json\/wp\/v2\/types\/page"}],"author":[{"embeddable":true,"href":"https:\/\/www.oaxaca.gob.mx\/consejeriajuridica\/wp-json\/wp\/v2\/users\/19"}],"replies":[{"embeddable":true,"href":"https:\/\/www.oaxaca.gob.mx\/consejeriajuridica\/wp-json\/wp\/v2\/comments?post=1306"}],"version-history":[{"count":2,"href":"https:\/\/www.oaxaca.gob.mx\/consejeriajuridica\/wp-json\/wp\/v2\/pages\/1306\/revisions"}],"predecessor-version":[{"id":1467,"href":"https:\/\/www.oaxaca.gob.mx\/consejeriajuridica\/wp-json\/wp\/v2\/pages\/1306\/revisions\/1467"}],"up":[{"embeddable":true,"href":"https:\/\/www.oaxaca.gob.mx\/consejeriajuridica\/wp-json\/wp\/v2\/pages\/69"}],"wp:attachment":[{"href":"https:\/\/www.oaxaca.gob.mx\/consejeriajuridica\/wp-json\/wp\/v2\/media?parent=1306"}],"wp:term":[{"taxonomy":"category","embeddable":true,"href":"https:\/\/www.oaxaca.gob.mx\/consejeriajuridica\/wp-json\/wp\/v2\/categories?post=1306"},{"taxonomy":"post_tag","embeddable":true,"href":"https:\/\/www.oaxaca.gob.mx\/consejeriajuridica\/wp-json\/wp\/v2\/tags?post=1306"}],"curies":[{"name":"wp","href":"https:\/\/api.w.org\/{rel}","templated":true}]}}