{"id":39587,"date":"2019-07-15T13:10:16","date_gmt":"2019-07-15T18:10:16","guid":{"rendered":"https:\/\/www.oaxaca.gob.mx\/comunicacion\/?page_id=39587"},"modified":"2026-04-14T12:11:34","modified_gmt":"2026-04-14T18:11:34","slug":"catalogo-de-disposicion-2","status":"publish","type":"page","link":"https:\/\/www.oaxaca.gob.mx\/comunicacion\/catalogo-de-disposicion-2\/","title":{"rendered":"Administraci\u00f3n Documental"},"content":{"rendered":"<div class=\"su-tabs su-tabs-style-default su-tabs-mobile-stack\" data-active=\"5\" data-scroll-offset=\"0\" data-anchor-in-url=\"no\"><div class=\"su-tabs-nav\"><span class=\"\" data-url=\"\" data-target=\"blank\" tabindex=\"0\" role=\"button\">SIA<\/span><span class=\"\" data-url=\"\" data-target=\"blank\" tabindex=\"0\" role=\"button\">GI<\/span><span class=\"\" data-url=\"\" data-target=\"blank\" tabindex=\"0\" role=\"button\">PADA<\/span><span class=\"\" data-url=\"\" data-target=\"blank\" tabindex=\"0\" role=\"button\">Instrumentos de Control Archiv\u00edstico<\/span><span class=\"\" data-url=\"\" data-target=\"blank\" tabindex=\"0\" role=\"button\">Baja Documental<\/span><span class=\"\" data-url=\"\" data-target=\"blank\" tabindex=\"0\" role=\"button\">Inventarios Documentales<\/span><span class=\"\" data-url=\"\" data-target=\"blank\" tabindex=\"0\" role=\"button\">Lineamientos<\/span><\/div><div class=\"su-tabs-panes\"><div class=\"su-tabs-pane su-u-clearfix su-u-trim\" data-title=\"SIA\">\n<p>EJERCICIO 2023<\/p>\n<p><a href=\"https:\/\/www.oaxaca.gob.mx\/comunicacion\/wp-content\/uploads\/sites\/28\/2024\/01\/Acta-de-Sesion-de-Actualizacion-del-SIA.pdf\">A) Acta de Sesi\u00f3n de Actualizaci\u00f3n del Sistema Institucional de Archivo 2023.<\/a><\/p>\n<p><a href=\"https:\/\/www.oaxaca.gob.mx\/comunicacion\/wp-content\/uploads\/sites\/28\/2024\/01\/Acta-de-la-Primera-Sesion-del-SIA.pdf\">B) Acta de la Primera Sesi\u00f3n Ordinaria del Sistema Institucional de Archivo 2023.<\/a><\/p>\n<p><a href=\"https:\/\/www.oaxaca.gob.mx\/comunicacion\/wp-content\/uploads\/sites\/28\/2024\/01\/Acta-de-la-Primera-Sesion-Extraordinaria-del-SIA.pdf\">C) Acta de la Primera Sesi\u00f3n Extraordinaria del Sistema Institucional de Archivo 2023.<\/a><\/p>\n<p><a href=\"https:\/\/www.oaxaca.gob.mx\/comunicacion\/wp-content\/uploads\/sites\/28\/2024\/01\/Acta-de-la-Segunda-Sesion-del-SIA.pdf\">D) Acta de la Segunda Sesi\u00f3n Ordinaria del Sistema Institucional de Archivo 2023.<\/a><\/p>\n<p>EJERCICIO 2024<\/p>\n<p><a href=\"https:\/\/www.oaxaca.gob.mx\/comunicacion\/wp-content\/uploads\/sites\/28\/2024\/09\/A-Acta-de-Sesion-de-Actualizacion-del-Sistema-Institucional-de-Archivo-2024.pdf\">A) Acta de Sesi\u00f3n de Actualizaci\u00f3n del Sistema Institucional de Archivo 2024.<\/a><\/p>\n<p><a href=\"https:\/\/www.oaxaca.gob.mx\/comunicacion\/wp-content\/uploads\/sites\/28\/2024\/09\/B-Acta-de-la-Primera-Sesion-Ordinaria-del-Sistema-Institucional-de-Archivo-2024.pdf\">B) Acta de la Primera Sesi\u00f3n Ordinaria del Sistema Institucional de Archivo 2024.<\/a><\/p>\n<p><a href=\"https:\/\/www.oaxaca.gob.mx\/comunicacion\/wp-content\/uploads\/sites\/28\/2024\/09\/C-Acta-de-la-Segunda-Sesion-Ordinaria-del-Sistema-Institucional-de-Archivo-2024.pdf\">C) Acta de la Segunda Sesi\u00f3n Ordinaria del Sistema Institucional de Archivo 2024.<\/a><\/p>\n<p><a href=\"https:\/\/www.oaxaca.gob.mx\/comunicacion\/wp-content\/uploads\/sites\/28\/2024\/11\/C-Acta-de-la-Tercera-Sesion-del-Sistema-Institucional-de-Archivo-2024.pdf\">D) Acta de la Tercera Sesi\u00f3n Ordinaria del Sistema Institucional de Archivo 2024.<\/a><\/p>\n<p>EJERCICIO 2025<\/p>\n<p><a href=\"https:\/\/www.oaxaca.gob.mx\/comunicacion\/wp-content\/uploads\/sites\/28\/2025\/03\/Acta-de-la-Primera-Sesion-Ordinaria-del-Sistema-Institucional-de-Archivo-2025.pdf\">A) Acta de la Primera Sesi\u00f3n Ordinaria del Sistema Institucional de Archivo 2025.<\/a><\/p>\n<p><a href=\"https:\/\/www.oaxaca.gob.mx\/comunicacion\/wp-content\/uploads\/sites\/28\/2025\/05\/Acta-de-la-Primera-Sesion-Extraordinaria-del-Sistema-Institucional-de-Archivos-2025-1.pdf\">B)Acta de la Primera Sesi\u00f3n Extraordinaria del Sistema Institucional de Archivos 2025.<\/a><\/p>\n<p><a href=\"https:\/\/www.oaxaca.gob.mx\/comunicacion\/wp-content\/uploads\/sites\/28\/2025\/08\/Segunda-Sesion-Extraordinaria-del-Sistema-Institucional-de-Archivo.pdf\">C)Segunda Sesi\u00f3n Extraordinaria del Sistema Institucional de Archivos 2025.<\/a><\/p>\n<p><a href=\"https:\/\/www.oaxaca.gob.mx\/comunicacion\/wp-content\/uploads\/sites\/28\/2025\/12\/D-Acta-de-la-Tercera-Sesion-Ordinaria-del-Sistema-Institucional-de-Archivos-2025.pdf\">D) Acta de la Tercera Sesi\u00f3n Ordinaria del Sistema Institucional de Archivos 2025<\/a><\/p>\n<p>EJERCICIO 2026<\/p>\n<p><a href=\"https:\/\/www.oaxaca.gob.mx\/comunicacion\/wp-content\/uploads\/sites\/28\/2026\/03\/Acta-de-la-Primera-Sesion-Ordinaria-del-Sistema-Institucional-de-Archivos-2026.pdf\">A) Acta de la Primera Sesi\u00f3n Ordinaria del Sistema Institucional de Archivo 2026.<\/a><\/p>\n<\/div>\n<div class=\"su-tabs-pane su-u-clearfix su-u-trim\" data-title=\"GI\">\n<p>EJERCICIO 2023<\/p>\n<p><a href=\"https:\/\/www.oaxaca.gob.mx\/comunicacion\/wp-content\/uploads\/sites\/28\/2024\/01\/Acta-de-la-Tercera-Sesion-del-Grupo-Interdisciplinario-de-la-Coordinacion-de-Comunicacion-Social.pdf\">A) Acta de Integraci\u00f3n del Grupo Interdisciplinario de la Coordinaci\u00f3n de Comunicaci\u00f3n Social del Gobierno del Estado de Oaxaca 2023.<\/a><\/p>\n<p><a href=\"https:\/\/www.oaxaca.gob.mx\/comunicacion\/wp-content\/uploads\/sites\/28\/2024\/01\/Acta-del-grupo-interdisciplinario-de-la-Coordinacion-de-Comunicacion-Social-del-Gobierno-del-Estado-de-Oaxaca.pdf\">B) Acta de Sesi\u00f3n Ordinaria del Grupo Interdisciplinario de la Coordinaci\u00f3n de Comunicaci\u00f3n Social del Gobierno del Estado de Oaxaca 2023.<\/a><\/p>\n<p><a href=\"https:\/\/www.oaxaca.gob.mx\/comunicacion\/wp-content\/uploads\/sites\/28\/2024\/09\/C-Acta-de-la-Tercera-Sesion-Ordinaria-del-Grupo-Interdisciplinario-2023.pdf\">C) Acta de la Tercera Sesi\u00f3n Ordinaria del Grupo Interdisciplinario 2023.<\/a><\/p>\n<p>EJERCICIO 2024<\/p>\n<p><a href=\"https:\/\/www.oaxaca.gob.mx\/comunicacion\/wp-content\/uploads\/sites\/28\/2024\/09\/A-Acta-de-la-Primera-Sesion-Ordinaria-del-Grupo-Interdisciplinario-2024.pdf\">A) Acta de la Primera Sesi\u00f3n Ordinaria del Grupo Interdisciplinario 2024.<\/a><\/p>\n<p><a href=\"https:\/\/www.oaxaca.gob.mx\/comunicacion\/wp-content\/uploads\/sites\/28\/2024\/09\/B-Acta-de-la-Segunda-Sesion-Ordinaria-del-Grupo-Interdisciplinario-2024.pdf\">B) Acta de la Segunda Sesi\u00f3n Ordinaria del Grupo Interdisciplinario 2024.<\/a><\/p>\n<p><a href=\"https:\/\/www.oaxaca.gob.mx\/comunicacion\/wp-content\/uploads\/sites\/28\/2024\/11\/C-Acta-de-la-Tercera-Sesion-del-Grupo-Interdisciplinario-2024.pdf\">C) Acta de la Tercera Sesi\u00f3n Ordinaria del Grupo Interdisciplinario 2024.<\/a><\/p>\n<p>EJERCICIO 2025<\/p>\n<p><a href=\"https:\/\/www.oaxaca.gob.mx\/comunicacion\/wp-content\/uploads\/sites\/28\/2025\/05\/Acta-de-la-Primera-Sesion-Extraordinaria-del-Grupo-Interdisciplinario-de-Archivos-2025-1.pdf\">Acta de la Primera Sesi\u00f3n Extraordinaria del Grupo Interdisciplinario de Archivos 2025.<\/a><\/p>\n<p><a href=\"https:\/\/www.oaxaca.gob.mx\/comunicacion\/wp-content\/uploads\/sites\/28\/2025\/08\/Segunda-Sesion-Ordinaria-del-Grupo-Interdisciplinario-de-Archivos.pdf\">Acta de la Segunda Sesi\u00f3n Ordinaria del Grupo Interdisciplinario de Archivos 2025.<\/a><\/p>\n<p><a href=\"https:\/\/www.oaxaca.gob.mx\/comunicacion\/wp-content\/uploads\/sites\/28\/2025\/12\/Acta-de-la-Tercera-Sesion-Ordinaria-del-Grupo-Interdisciplinario-de-Archivos-2025.pdf\">Acta de la Tercera Sesi\u00f3n Ordinaria del Grupo Interdisciplinario de Archivos 2025.<\/a><\/p>\n<p>EJERCICIO 2026<\/p>\n<p><a href=\"https:\/\/www.oaxaca.gob.mx\/comunicacion\/wp-content\/uploads\/sites\/28\/2026\/03\/Acta-de-la-Primera-Sesion-Ordinaria-del-Grupo-Interdisciplinario-de-Archivos-2026.pdf\">Acta de la Primera Sesi\u00f3n Ordinaria del Grupo Interdisciplinario de Archivos 2026.<\/a><\/p>\n<\/div>\n<div class=\"su-tabs-pane su-u-clearfix su-u-trim\" data-title=\"PADA\">\n<p><a href=\"https:\/\/www.oaxaca.gob.mx\/comunicacion\/wp-content\/uploads\/sites\/28\/2024\/07\/PROGRAMA-ANUAL-DE-DESARROLLO-ARCHIVISTICO-2023.pdf\">PADA 2023 COORDINACION COMUNICACION SOCIAL.<\/a><\/p>\n<p><a href=\"https:\/\/www.oaxaca.gob.mx\/comunicacion\/wp-content\/uploads\/sites\/28\/2024\/07\/INFORME-ANUAL-2023.pdf\">Informe Anual 2023.<\/a><\/p>\n<p><a href=\"https:\/\/www.oaxaca.gob.mx\/comunicacion\/wp-content\/uploads\/sites\/28\/2024\/01\/PADA-2024-COORDINACION-COMUNICACION-SOCIAL.pdf\">PADA 2024 COORDINACION COMUNICACION SOCIAL.<\/a><\/p>\n<p><a href=\"https:\/\/www.oaxaca.gob.mx\/comunicacion\/wp-content\/uploads\/sites\/28\/2025\/01\/INFORME-ANUAL-2024-.pdf\"> INFORME ANUAL 2024.<\/a><\/p>\n<p><a href=\"https:\/\/www.oaxaca.gob.mx\/comunicacion\/wp-content\/uploads\/sites\/28\/2025\/01\/PADA-2025-COORDINACION-COMUNICACION-SOCIAL.pdf\"> PADA 2025 COORDINACION COMUNICACION SOCIAL.<\/a><\/p>\n<p><a href=\"https:\/\/www.oaxaca.gob.mx\/comunicacion\/wp-content\/uploads\/sites\/28\/2026\/03\/INFORME-ANUAL-2025.pdf\">INFORME ANUAL 2025.<\/a><\/p>\n<p><a href=\"https:\/\/www.oaxaca.gob.mx\/comunicacion\/wp-content\/uploads\/sites\/28\/2026\/03\/PADA-2026-COORDINACION-COMUNICACION-SOCIAL.pdf\">PADA 2026 DE LA COORDINACI\u00d3N DE COMUNICACI\u00d3N SOCIAL.<\/a><\/p>\n<\/div>\n<div class=\"su-tabs-pane su-u-clearfix su-u-trim\" data-title=\"Instrumentos de Control Archiv\u00edstico\">\n<p><a href=\"https:\/\/www.oaxaca.gob.mx\/comunicacion\/wp-content\/uploads\/sites\/28\/2024\/01\/Catalogo-de-Disposicion-Documental-2019.pdf\">A) Cat\u00e1logo de Disposici\u00f3n Documental 2019.<\/a><\/p>\n<p><a href=\"https:\/\/www.oaxaca.gob.mx\/comunicacion\/wp-content\/uploads\/sites\/28\/2024\/01\/CUADRO-GENERAL-DE-CLASIFICACION-ARCHIVISTICA-2019.pdf\">B) Cuadro General de Clasificaci\u00f3n Archiv\u00edstica 2019.<\/a><\/p>\n<p><a href=\"https:\/\/www.oaxaca.gob.mx\/comunicacion\/wp-content\/uploads\/sites\/28\/2024\/01\/Catalogo-de-Disposicion-Documental-2023.pdf\">C) Cat\u00e1logo de Disposici\u00f3n Documental 2023.<\/a><\/p>\n<p><a href=\"https:\/\/www.oaxaca.gob.mx\/comunicacion\/wp-content\/uploads\/sites\/28\/2024\/01\/CUADRO-GENERAL-DE-CLASIFICACION-ARCHIVISTICA-2023.pdf\">D) Cuadro General de Clasificaci\u00f3n Archiv\u00edstica 2023.<\/a><\/p>\n<p><a href=\"https:\/\/www.oaxaca.gob.mx\/comunicacion\/wp-content\/uploads\/sites\/28\/2024\/01\/Guia-de-archivo-documental-2022.pdf\">E) Gu\u00eda de archivo documental 2022.<\/a><\/p>\n<p><a href=\"https:\/\/www.oaxaca.gob.mx\/comunicacion\/wp-content\/uploads\/sites\/28\/2026\/04\/Guia-de-archivo-documental-2023.pdf\">F) Gu\u00eda de archivo documental 2023.<\/a><\/p>\n<p><a href=\"https:\/\/www.oaxaca.gob.mx\/comunicacion\/wp-content\/uploads\/sites\/28\/2025\/04\/F-Catalogo-de-Disposicion-Documental-2024.pdf\">G) Catalogo de Disposici\u00f3n Documental 2024.<\/a><\/p>\n<p><a href=\"https:\/\/www.oaxaca.gob.mx\/comunicacion\/wp-content\/uploads\/sites\/28\/2025\/04\/G-Cuadro-General-de-Clasificacion-Archivistica-2024.pdf\">H) Cuadro General de Clasificaci\u00f3n Archivistica 2024.<\/a><\/p>\n<p><a href=\"https:\/\/www.oaxaca.gob.mx\/comunicacion\/wp-content\/uploads\/sites\/28\/2025\/03\/GUIA-DE-ARCHIVO-DOCUMENTAL-2024.pdf\">I) Gu\u00eda de Archivo Documental 2024.<\/a><\/p>\n<\/div>\n<div class=\"su-tabs-pane su-u-clearfix su-u-trim\" data-title=\"Baja Documental\">\n<p><a href=\"https:\/\/www.oaxaca.gob.mx\/comunicacion\/wp-content\/uploads\/sites\/28\/2024\/05\/ACTA-BAJA-DOCUMENTAL-2024-TESTADA.pdf\">ACTA Y DICTAMEN DE LA BAJA DOCUMENTAL DEL 30 DE ABRIL DEL 2024<\/a><\/p>\n<p><a href=\"https:\/\/www.oaxaca.gob.mx\/comunicacion\/wp-content\/uploads\/sites\/28\/2024\/11\/Acta-de-la-Baja-Documental-del-11-de-noviembre-del-2024.pdf\">ACTA Y DICTAMEN DE LA BAJA DOCUMENTAL DEL 11 DE NOVIEMBRE 2024<\/a><\/p>\n<\/div>\n<div class=\"su-tabs-pane su-u-clearfix su-u-trim\" data-title=\"Inventarios Documentales\">\n<p>INVENTARIOS DEL ARCHIVO DE TRAMITE 2024<\/p>\n<p><a href=\"https:\/\/www.oaxaca.gob.mx\/comunicacion\/wp-content\/uploads\/sites\/28\/2024\/07\/INVENTARIO-DEl-ARCHIVO-DE-TRAMITE-DE-LA-DIRECCION-ADMINISTRATIVA.pdf\">INVENTARIO DEL ARCHIVO DE TR\u00c1MITE DE LA DIRECCI\u00d3N ADMINISTRATIVA<\/a><\/p>\n<p><a href=\"https:\/\/www.oaxaca.gob.mx\/comunicacion\/wp-content\/uploads\/sites\/28\/2024\/07\/INVENTARIO-DEL-ARCHIVO-DE-TRAMITE-DEL-DEPARTAMENTO-DE-PAUTAS-INSTITUCIONES.pdf\">INVENTARIO DEL ARCHIVO DE TR\u00c1MITE DEL DEPARTAMENTO DE PAUTAS INSTITUCIONES<\/a><\/p>\n<p><a href=\"https:\/\/www.oaxaca.gob.mx\/comunicacion\/wp-content\/uploads\/sites\/28\/2024\/07\/INVENTARIO-DEL-ARCHIVO-DE-TRAMITE-DEL-DEPARTAMENTO-DE-RECURSOS-FINANCIEROS.pdf\">INVENTARIO DEL ARCHIVO DE TR\u00c1MITE DEL DEPARTAMENTO DE RECURSOS FINANCIEROS<\/a><\/p>\n<p><a href=\"https:\/\/www.oaxaca.gob.mx\/comunicacion\/wp-content\/uploads\/sites\/28\/2024\/07\/INVENTARIO-DEL-ARCHIVO-DE-TRAMITE-DEL-DEPARTAMENTO-DE-RECURSOS-MATERIALES-Y-SERVICIOS-GENERALES.pdf\">INVENTARIO DEL ARCHIVO DE TR\u00c1MITE DEL DEPARTAMENTO DE RECURSOS MATERIALES Y SERVICIOS GENERALES<\/a><\/p>\n<p><a href=\"https:\/\/www.oaxaca.gob.mx\/comunicacion\/wp-content\/uploads\/sites\/28\/2024\/07\/INVENTARIO-DEL-ARCHIVO-DE-TRAMITE-DEL-DEPARTAMENTO-JURIDICO.pdf\">INVENTARIO DEL ARCHIVO DE TRAMITE DEL DEPARTAMENTO JUR\u00cdDICO<\/a><\/p>\n<p><a href=\"https:\/\/www.oaxaca.gob.mx\/comunicacion\/wp-content\/uploads\/sites\/28\/2024\/07\/INVENTARIO-DE-ARCHIVO-DE-TRAMITE-DEPARTAMENTO-DE-RECURSOS-HUMANOS.pdf\">INVENTARIO DE ARCHIVO DE TRAMITE DEPARTAMENTO DE RECURSOS HUMANOS<\/a><\/p>\n<p>INVENTARIO DE TRANSFERENCIA PRIMARIA 2024<\/p>\n<p><a href=\"https:\/\/www.oaxaca.gob.mx\/comunicacion\/wp-content\/uploads\/sites\/28\/2024\/07\/INVENTARIO-DE-TRANSFERENCIA-PRIMARIA-DEL-DEPARTAMENTO-DE-INFORMATICA-Y-TECNOLOGIA.pdf\">INVENTARIO DE TRANSFERENCIA PRIMARIA DEL DEPARTAMENTO DE INFORM\u00c1TICA Y TECNOLOG\u00cdA<\/a><\/p>\n<p><a href=\"https:\/\/www.oaxaca.gob.mx\/comunicacion\/wp-content\/uploads\/sites\/28\/2025\/04\/INVENTARIO-DE-TRANSFERENCIA-PRIMARIA-DEL-DEPARTAMENTO-DE-RECURSOS-FINANCIEROS-2.pdf\">INVENTARIO DE TRANSFERENCIA PRIMARIA DEL DEPARTAMENTO DE RECURSOS FINANCIEROS<\/a><\/p>\n<p><a href=\"https:\/\/www.oaxaca.gob.mx\/comunicacion\/wp-content\/uploads\/sites\/28\/2025\/04\/INVENTARIO-DE-TRANSFERENCIA-PRIMARIA-DEL-DEPARTAMENTO-DE-RECURSOS-HUMANOS.pdf\">INVENTARIO DE TRANSFERENCIA PRIMARIA DEL DEPARTAMENTO DE RECURSOS HUMANOS<\/a><\/p>\n<p><a href=\"https:\/\/www.oaxaca.gob.mx\/comunicacion\/wp-content\/uploads\/sites\/28\/2025\/04\/INVENTARIO-DE-TRANSFERENCIA-PRIMARIA-DEL-DEPARTAMENTO-DE-RECURSOS-MATERIALES-Y-SERVICIOS-GENERALES.pdf\">INVENTARIO DE TRANSFERENCIA PRIMARIA DEL DEPARTAMENTO DE RECURSOS MATERIALES Y SERVICIOS GENERALES<\/a><\/p>\n<p>INVENTARIO DEL ARCHIVO DE CONCENTRACI\u00d3N 2024<\/p>\n<p><a href=\"https:\/\/www.oaxaca.gob.mx\/comunicacion\/wp-content\/uploads\/sites\/28\/2024\/07\/INVENTARIO-DE-ARCHIVO-DE-CONCENTRACION-DEL-DEPARTAMENTO-DE-INFORMATICA-Y-TECNOLOGIA.pdf\">INVENTARIO DE ARCHIVO DE CONCENTRACI\u00d3N DEL DEPARTAMENTO DE INFORM\u00c1TICA Y TECNOLOG\u00cdA<\/a><\/p>\n<p><a href=\"https:\/\/www.oaxaca.gob.mx\/comunicacion\/wp-content\/uploads\/sites\/28\/2025\/04\/INVENTARIO-DEL-ARCHIVO-DE-CONCENTRACION-DEL-DEPARTAMENTO-DE-RECURSOS-FINANCIEROS.pdf\">INVENTARIO DEL ARCHIVO DE CONCENTRACION DEL DEPARTAMENTO DE RECURSOS FINANCIEROS<\/a><\/p>\n<p><a href=\"https:\/\/www.oaxaca.gob.mx\/comunicacion\/wp-content\/uploads\/sites\/28\/2025\/04\/INVENTARIO-DEL-ARCHIVO-DE-CONCENTRACION-DEL-DEPARTAMENTO-DE-RECURSOS-HUMANOS.pdf\">INVENTARIO DEL ARCHIVO DE CONCENTRACION DEL DEPARTAMENTO DE RECURSOS HUMANOS<\/a><\/p>\n<p><a href=\"https:\/\/www.oaxaca.gob.mx\/comunicacion\/wp-content\/uploads\/sites\/28\/2025\/04\/INVENTARIO-DEL-ARCHIVO-DE-CONCENTRACION-DEL-DEPARTAMENTO-DE-RECURSOS-MATERIALES-Y-SERVICIOS-GENERALES.pdf\">INVENTARIO DEL ARCHIVO DE CONCENTRACION DEL DEPARTAMENTO DE RECURSOS MATERIALES Y SERVICIOS GENERALES<\/a><\/p>\n<p>INVENTARIO DE TRANSFERENCIA PRIMARIA 2025<\/p>\n<p><a href=\"https:\/\/www.oaxaca.gob.mx\/comunicacion\/wp-content\/uploads\/sites\/28\/2025\/06\/INVENTARIO-DE-TRANSFERENCIA-PRIMARIA-DEL-DEPARTAMENTO-DE-RECURSOS-HUMANOS.pdf\">INVENTARIO DE TRANSFERENCIA PRIMARIA DEL DEPARTAMENTO DE RECURSOS HUMANOS<\/a><\/p>\n<p><a href=\"https:\/\/www.oaxaca.gob.mx\/comunicacion\/wp-content\/uploads\/sites\/28\/2025\/06\/INVENTARIO-DE-TRANSFERENCIA-PRIMARIA-DEL-DEPARTAMENTO-DE-PAUTAS-INSTITUCIONALES.pdf\">INVENTARIO DE TRANSFERENCIA PRIMARIA DEL DEPARTAMENTO DE PAUTAS INSTITUCIONALES<\/a><\/p>\n<p><a href=\"https:\/\/www.oaxaca.gob.mx\/comunicacion\/wp-content\/uploads\/sites\/28\/2026\/01\/INVENTARIO-DE-TRANSFERENCIA-PRIMARIA-DEL-DEPARTAMENTO-JURIDICO.pdf\">INVENTARIO DE TRANSFERENCIA PRIMARIA DEL DEPARTAMENTO JURIDICO<\/a><\/p>\n<p><a href=\"https:\/\/www.oaxaca.gob.mx\/comunicacion\/wp-content\/uploads\/sites\/28\/2026\/01\/INVENTARIO-DE-TRANSFERENCIA-PRIMARIA-DE-LA-UNIDAD-DE-TRANSPARENCIA.pdf\">INVENTARIO DE TRANSFERENCIA PRIMARIA DE LA UNIDAD DE TRANSPARENCIA<\/a><\/p>\n<p>INVENTARIO DEL ARCHIVO DE CONCENTRACI\u00d3N 2018<\/p>\n<p><a href=\"https:\/\/www.oaxaca.gob.mx\/comunicacion\/wp-content\/uploads\/sites\/28\/2026\/04\/INVENTARIO-DEL-ARCHIVO-DE-CONCENTRACION-DEL-DEPARTAMENTO-DE-RECURSOS-FINANCIEROS-2018_rotated.pdf\">INVENTARIO DEL ARCHIVO DE CONCENTRACION DEL DEPARTAMENTO DE RECURSOS FINANCIEROS<\/a><\/p>\n<p>INVENTARIO DEL ARCHIVO DE CONCENTRACI\u00d3N 2020<\/p>\n<p><a href=\"https:\/\/www.oaxaca.gob.mx\/comunicacion\/wp-content\/uploads\/sites\/28\/2026\/04\/INVENTARIO-DEL-ARCHIVO-DE-CONCENTRACION-DEL-DEPARTAMENTO-DE-RECURSOS-FINANCIEROS-2020_rotated.pdf\">INVENTARIO DEL ARCHIVO DE CONCENTRACION DEL DEPARTAMENTO DE RECURSOS FINANCIEROS<\/a><\/p>\n<p>INVENTARIO DEL ARCHIVO DE CONCENTRACI\u00d3N 2025<\/p>\n<p><a href=\"https:\/\/www.oaxaca.gob.mx\/comunicacion\/wp-content\/uploads\/sites\/28\/2025\/06\/INVENTARIO-DEL-ARCHIVO-DE-CONCENTRACION-DEL-DEPARTAMENTO-DE-RECURSOS-HUMANOS.pdf\">INVENTARIO DEL ARCHIVO DE CONCENTRACION DEL DEPARTAMENTO DE RECURSOS HUMANOS<\/a><\/p>\n<p><a href=\"https:\/\/www.oaxaca.gob.mx\/comunicacion\/wp-content\/uploads\/sites\/28\/2025\/06\/INVENTARIO-DEL-ARCHIVO-DE-CONCENTRACION-DEL-DEPARTAMENTO-DE-PAUTAS-INSTITUCIONALES.pdf\">INVENTARIO DEL ARCHIVO DE CONCENTRACION DEL DEPARTAMENTO DE PAUTAS INSTITUCIONALES<\/a><\/p>\n<p><a href=\"https:\/\/www.oaxaca.gob.mx\/comunicacion\/wp-content\/uploads\/sites\/28\/2026\/01\/INVENTARIO-DE-ARCHIVO-DE-CONCENTRACION-DEL-DEPARTAMENTO-JURIDICO.pdf\">INVENTARIO DEL ARCHIVO DE CONCENTRACION DEL DEPARTAMENTO JURIDICO<\/a><\/p>\n<p><a href=\"https:\/\/www.oaxaca.gob.mx\/comunicacion\/wp-content\/uploads\/sites\/28\/2026\/01\/INVENTARIO-DE-ARCHIVO-DE-CONCENTRACION-DE-LA-UNIDAD-DE-TRANSPARENCIA.pdf\">INVENTARIO DEL ARCHIVO DE CONCENTRACION DEL DEPARTAMENTO DE LA UNIDAD DE TRANSPARENCIA<\/a><\/p>\n<p>INVENTARIO DE TRANSFERENCIA PRIMARIA 2018<\/p>\n<p><a href=\"https:\/\/www.oaxaca.gob.mx\/comunicacion\/wp-content\/uploads\/sites\/28\/2026\/04\/INVENTARIO-DE-TRANSFERENCIA-PRIMARIA-DEL-DEPARTAMENTO-DE-RECURSOS-FINANCIEROS-2018_rotated.pdf\">INVENTARIO DE TRANSFERENCIA PRIMARIA DEL DEPARTAMENTO DE RECURSOS FINANCIEROS<\/a><\/p>\n<p>INVENTARIO DE TRANSFERENCIA PRIMARIA 2020<\/p>\n<p><a href=\"https:\/\/www.oaxaca.gob.mx\/comunicacion\/wp-content\/uploads\/sites\/28\/2026\/04\/INVENTARIO-DE-TRANSFERENCIA-PRIMARIA-DEL-DEPARTAMENTO-DE-RECURSOS-FINANCIEROS-2020_rotated.pdf\">INVENTARIO DE TRANSFERENCIA PRIMARIA DEL DEPARTAMENTO DE RECURSOS FINANCIEROS<\/a><\/p>\n<p>INVENTARIO DE TRANSFERENCIA PRIMARIA 2026<\/p>\n<p><a href=\"https:\/\/www.oaxaca.gob.mx\/comunicacion\/wp-content\/uploads\/sites\/28\/2026\/04\/INVENTARIO-DE-TRANSFERENCIA-PRIMARIA-DEL-DEPARTAMENTO-DE-RECURSOS-HUMANOS.pdf\">INVENTARIO DE TRANSFERENCIA PRIMARIA DEL DEPARTAMENTO DE RECURSOS HUMANOS<\/a><\/p>\n<p>INVENTARIO DEL ARCHIVO DE CONCENTRACI\u00d3N 2026<\/p>\n<p><a href=\"https:\/\/www.oaxaca.gob.mx\/comunicacion\/wp-content\/uploads\/sites\/28\/2026\/04\/INVENTARIO-DEL-ARCHIVO-DE-CONCENTRACION-DEL-DEPARTAMENTO-DE-RECURSOS-HUMANOS.pdf\">INVENTARIO DEL ARCHIVO DE CONCENTRACION DEL DEPARTAMENTO DE RECURSOS HUMANOS<\/a><\/p>\n<\/div>\n<div class=\"su-tabs-pane su-u-clearfix su-u-trim\" data-title=\"Lineamientos\">\n<p><a href=\"https:\/\/www.oaxaca.gob.mx\/comunicacion\/wp-content\/uploads\/sites\/28\/2026\/03\/Lineamientos-para-la-Organizacion-Conservacion-y-Custodia-de-los-Archivos-de-la-Administracion-Publica-Estatal-de-Oaxaca.pdf\">Lineamientos para la Organizaci\u00f3n Conservaci\u00f3n y Custodia de los Archivos de la Administraci\u00f3n P\u00fablica Estatal de Oaxaca<\/a><\/p>\n<\/div><\/div><\/div>\n","protected":false},"excerpt":{"rendered":"","protected":false},"author":29,"featured_media":0,"parent":0,"menu_order":0,"comment_status":"closed","ping_status":"closed","template":"","meta":{"episode_type":"","audio_file":"","podmotor_file_id":"","podmotor_episode_id":"","cover_image":"","cover_image_id":"","duration":"","filesize":"","filesize_raw":"","date_recorded":"","explicit":"","block":"","itunes_episode_number":"","itunes_title":"","itunes_season_number":"","itunes_episode_type":"","footnotes":""},"categories":[],"tags":[],"class_list":["post-39587","page","type-page","status-publish","hentry"],"acf":[],"publishpress_future_action":{"enabled":false,"date":"2026-05-16 23:50:47","action":"change-status","newStatus":"draft","terms":[],"taxonomy":"category","extraData":[]},"publishpress_future_workflow_manual_trigger":{"enabledWorkflows":[]},"_links":{"self":[{"href":"https:\/\/www.oaxaca.gob.mx\/comunicacion\/wp-json\/wp\/v2\/pages\/39587","targetHints":{"allow":["GET"]}}],"collection":[{"href":"https:\/\/www.oaxaca.gob.mx\/comunicacion\/wp-json\/wp\/v2\/pages"}],"about":[{"href":"https:\/\/www.oaxaca.gob.mx\/comunicacion\/wp-json\/wp\/v2\/types\/page"}],"author":[{"embeddable":true,"href":"https:\/\/www.oaxaca.gob.mx\/comunicacion\/wp-json\/wp\/v2\/users\/29"}],"replies":[{"embeddable":true,"href":"https:\/\/www.oaxaca.gob.mx\/comunicacion\/wp-json\/wp\/v2\/comments?post=39587"}],"version-history":[{"count":2,"href":"https:\/\/www.oaxaca.gob.mx\/comunicacion\/wp-json\/wp\/v2\/pages\/39587\/revisions"}],"predecessor-version":[{"id":175614,"href":"https:\/\/www.oaxaca.gob.mx\/comunicacion\/wp-json\/wp\/v2\/pages\/39587\/revisions\/175614"}],"wp:attachment":[{"href":"https:\/\/www.oaxaca.gob.mx\/comunicacion\/wp-json\/wp\/v2\/media?parent=39587"}],"wp:term":[{"taxonomy":"category","embeddable":true,"href":"https:\/\/www.oaxaca.gob.mx\/comunicacion\/wp-json\/wp\/v2\/categories?post=39587"},{"taxonomy":"post_tag","embeddable":true,"href":"https:\/\/www.oaxaca.gob.mx\/comunicacion\/wp-json\/wp\/v2\/tags?post=39587"}],"curies":[{"name":"wp","href":"https:\/\/api.w.org\/{rel}","templated":true}]}}