{"id":32711,"date":"2019-04-06T00:10:22","date_gmt":"2019-04-05T22:10:22","guid":{"rendered":"https:\/\/www.oaxaca.gob.mx\/comunicacion\/?page_id=32711"},"modified":"2026-03-23T11:00:25","modified_gmt":"2026-03-23T17:00:25","slug":"marco-juridico-2","status":"publish","type":"page","link":"https:\/\/www.oaxaca.gob.mx\/comunicacion\/marco-juridico-2\/","title":{"rendered":"Marco Jur\u00eddico"},"content":{"rendered":"<p><a href=\"https:\/\/www.oaxaca.gob.mx\/comunicacion\/wp-content\/uploads\/sites\/28\/2026\/03\/CONSTITUCION-POLITICA-DE-LOS-ESTADOS-UNIDOS-MEXICANOS-Ultima-reforma-03-03-2025.pdf\">CONSTITUCI\u00d3N POLITICA DE LOS ESTADOS UNIDOS MEXICANOS (\u00daltima reforma 03-03-2026).<\/a><\/p>\n<p><a href=\"https:\/\/www.oaxaca.gob.mx\/comunicacion\/wp-content\/uploads\/sites\/28\/2025\/01\/CONVENCION-AMERICANA-SOBRE-DERECHOS-HUMANOS-PACTO-DE-SAN-JOSE.pdf\">CONVENCI\u00d3N AMERICANA SOBRE DERECHOS HUMANOS (PACTO DE SAN JOS\u00c9)<\/a><\/p>\n<p><a href=\"https:\/\/www.oaxaca.gob.mx\/comunicacion\/wp-content\/uploads\/sites\/28\/2025\/01\/PACTO-INTERNACIONAL-DERECHOS-CIVILES-Y-POLITICOS.pdf\"> PACTO INTERNACIONAL DERECHOS CIVILES Y POLITICOS.<\/a><\/p>\n<p><a href=\"https:\/\/www.oaxaca.gob.mx\/comunicacion\/wp-content\/uploads\/sites\/28\/2026\/01\/PACTO-INTERNACIONAL-DE-DERECHOS-ECONOMICOS-SOCIALES-Y-CULTURALES.pdf\"> PACTO INTERNACIONAL DERECHOS ECONOMICOS, SOCIALES Y CULTURALES.<\/a><\/p>\n<p><a href=\"https:\/\/www.oaxaca.gob.mx\/comunicacion\/wp-content\/uploads\/sites\/28\/2025\/12\/LEY-GENERAL-DE-ARCHIVOS-Ultima-reforma-publicada-el-14-11-2025.pdf\"> LEY GENERAL DE ARCHIVOS (Publicada el 14-11-2025).<\/a><\/p>\n<p><a href=\"https:\/\/www.oaxaca.gob.mx\/comunicacion\/wp-content\/uploads\/sites\/28\/2025\/01\/LEY-GENERAL-DE-COMUNICACION-SOCIAL-Ultima-reforma-publicada-01-04-2024.pdf\"> LEY GENERAL DE COMUNICACION SOCIAL (\u00daltima reforma publicada 01-04-2024).<\/a><\/p>\n<p><a href=\"https:\/\/www.oaxaca.gob.mx\/comunicacion\/wp-content\/uploads\/sites\/28\/2025\/12\/LEY-GENERAL-DE-PROTECCION-DE-DATOS-PERSONALES-EN-POSESION-DE-SUJETOS-OBLIGADOS-Ultima-reforma-publicada-el-14-11-2025.pdf\"> LEY GENERAL DE PROTECCI\u00d3N DE DATOS PERSONALES EN POSESI\u00d3N DE SUJETOS OBLIGADOS (Publicada el 14-11-2025).<\/a><\/p>\n<p><a href=\"https:\/\/www.oaxaca.gob.mx\/comunicacion\/wp-content\/uploads\/sites\/28\/2025\/04\/LEY-GENERAL-DE-TRANSPARENCIA-Y-ACCESO-A-LA-INFORMACION-PUBLICA.-Ultima-reforma-publicada-20-03-2025.pdf\"> LEY GENERAL DE TRANSPARENCIA Y ACCESO A LA INFORMACI\u00d3N P\u00daBLICA. (\u00daltima reforma publicada 20-03-2025).<\/a><\/p>\n<p><a href=\"https:\/\/www.oaxaca.gob.mx\/comunicacion\/wp-content\/uploads\/sites\/28\/2026\/03\/LEY-FEDERAL-DEL-TRABAJO-Ultima-reforma-15-01-2026.pdf\">LEY FEDERAL DEL TRABAJO (\u00daltima reforma 15-01-2026).<\/a><\/p>\n<p><a href=\"https:\/\/www.oaxaca.gob.mx\/comunicacion\/wp-content\/uploads\/sites\/28\/2025\/04\/LEY-FEDERAL-DE-PROTECCION-DE-DATOS-PERSONALES-EN-POSESION-DE-LOS-PARTICULARES-Ultima-reforma-20-03-2025.pdf\"> LEY FEDERAL DE PROTECCION DE DATOS PERSONALES (\u00daltima reforma 20-03-2025).<\/a><\/p>\n<p><a href=\"https:\/\/www.oaxaca.gob.mx\/comunicacion\/wp-content\/uploads\/sites\/28\/2026\/01\/CONSTITUCION-POLITICA-DEL-ESTADO-LIBRE-Y-SOBERANO-DE-OAXACA-Ultima-reforma-publicada-el-25-11-2025.pdf\">CONSTITUCION POLITICA DEL ESTADO LIBRE Y SOBERANO DE OAXACA (Ultima reforma publicada el 25-11-2025).<\/a><\/p>\n<p><a href=\"https:\/\/www.oaxaca.gob.mx\/comunicacion\/wp-content\/uploads\/sites\/28\/2025\/01\/LEY-DE-ARCHIVOS-PARA-EL-ESTADO-DE-OAXACA-Ultima-reforma-publicada-el-10-02-2024.pdf\"> LEY DE ARCHIVOS PARA EL ESTADO DE OAXACA (\u00daltima reforma publicada el 10-02-2024).<\/a><\/p>\n<p><a href=\"https:\/\/www.oaxaca.gob.mx\/comunicacion\/wp-content\/uploads\/sites\/28\/2025\/10\/LEY-DE-FISCALIZACION-SUPERIOR-Y-RENDICION-DE-CUENTAS-DEL-ESTADO-DE-OAXACA-Ultima-reforma-publicada-el-09-07-2025.pdf\"> LEY DE FISCALIZACI\u00d3N SUPERIOR Y RENDICI\u00d3N DE CUENTAS DEL ESTADO DE OAXACA (\u00daltima reforma publicada el 09-07-2025).<\/a><\/p>\n<p><a href=\"https:\/\/www.oaxaca.gob.mx\/comunicacion\/wp-content\/uploads\/sites\/28\/2025\/04\/LEY-DE-IGUALDAD-ENTRE-MUJERES-Y-HOMBRES-PARA-EL-ESTADO-DE-OAXACA-Ulima-reforma-12-10-2024.pdf\"> LEY DE IGUALDAD ENTRE HOMBRES Y MUJERES PARA EL ESTADO DE OAXACA (\u00daltima reforma publicada 12-10-2024).<\/a><\/p>\n<p><a href=\"https:\/\/www.oaxaca.gob.mx\/comunicacion\/wp-content\/uploads\/sites\/28\/2025\/04\/LEY-DE-MEJORA-REGULATORIA-PARA-EL-ESTADO-DE-OAXACA-Y-SUS-MUNICIPIOS-Ultima-reforma-22-11-24.pdf\"> LEY DE MEJORA REGULATORIA PARA EL ESTADO DE OAXACA Y SUS MUNICIPIOS (Ultima reforma publicada 22-11-2024).<\/a><\/p>\n<p><a href=\"https:\/\/www.oaxaca.gob.mx\/comunicacion\/wp-content\/uploads\/sites\/28\/2025\/01\/LEY-DE-PENSIONES-PARA-LOS-TRABAJADORES-DEL-GOBIERNO-DEL-ESTADO-DE-OAXACA-Ultima-reforma-publicada-23-10-2021.pdf\"> LEY DE PENSIONES PARA LOS TRABAJADORES DEL GOBIERNO DEL ESTADO DE OAXACA (Ultima reforma publicada 23-10-2021).<\/a><\/p>\n<p><a href=\"https:\/\/www.oaxaca.gob.mx\/comunicacion\/wp-content\/uploads\/sites\/28\/2025\/12\/LEY-DE-PROCEDIMIENTOS-Y-JUSTICIA-ADMINISTRATIVA-DEL-ESTADO-DE-OAXACA-Ultima-reforma-publicada-06-09-2025.pdf\"> LEY DE PROCEDIMIENTOS Y JUSTICIA ADMINISTRATIVA DEL ESTADO (\u00daltima reforma publicada 06-09-2025).<\/a><\/p>\n<p><a href=\"https:\/\/www.oaxaca.gob.mx\/comunicacion\/wp-content\/uploads\/sites\/28\/2026\/01\/LEY-DE-PROTECCION-DE-DATOS-PERSONALES-EN-POSESION-DE-SUJETOS-OBLIGADOS-DEL-ESTADO-DE-OAXACA-Ultima-reforma-publicada-el-31-12-2025.pdf\"> LEY DE PROTECCI\u00d3N DE DATOS PERSONALES EN POSESI\u00d3N DE SUJETOS OBLIGADOS DEL ESTADO DE OAXACA ( \u00daltima reforma publicada el 31-12-2025).<\/a><\/p>\n<p><a href=\"https:\/\/www.oaxaca.gob.mx\/comunicacion\/wp-content\/uploads\/sites\/28\/2025\/01\/LEY-DE-RESPONSABILIDADES-ADMINISTRATIVAS-DEL-ESTADO-Y-MUNICIPIOS-DE-OAXACA-Ultima-reforma-publicada-el-8-03-2024.pdf\"> LEY DE RESPONSABILIDADES ADMINISTRATIVAS DEL ESTADO Y MUNICIPIOS DE OAXACA (\u00daltima reforma publicada el 8-03-2024).<\/a><\/p>\n<p><a href=\"https:\/\/www.oaxaca.gob.mx\/comunicacion\/wp-content\/uploads\/sites\/28\/2026\/01\/LEY-DE-TRANSPARENCIA-ACCESO-A-LA-INFORMACION-PUBLICA-CON-SENTIDO-SOCIAL-Y-BUEN-GOBIERNO-DEL-ESTADO-DE-OAXACA-Publicada-el-31-12-2025.pdf\"> LEY DE TRANSPARENCIA, ACCESO A LA INFORMACI\u00d3N P\u00daBLICA CON SENTIDO SOCIAL Y BUEN GOBIERNO DEL ESTADO DE OAXACA (\u00daltima reforma publicada el 31-12-2025).<\/a><\/p>\n<p><a href=\"https:\/\/www.oaxaca.gob.mx\/comunicacion\/wp-content\/uploads\/sites\/28\/2025\/06\/LEY-DEL-SERVICIO-CIVIL-PARA-LOS-EMPLEADOS-DEL-GOBIERNO-DEL-ESTADO-Ultima-reforma-publicada-el-04-03-2025.pdf\"> LEY DEL SERVICIO CIVIL PARA LOS EMPLEADOS DEL GOBIERNO DEL ESTADO (\u00daltima reforma publicada el 12-04-2025).<\/a><\/p>\n<p><a href=\"https:\/\/www.oaxaca.gob.mx\/comunicacion\/wp-content\/uploads\/sites\/28\/2025\/04\/LEY-ESTATAL-DE-AUSTERIDAD-RESPUBLICANA-Ultima-reforma-24-08-24.pdf\"> LEY ESTATAL DE AUSTERIDAD REPUBLICANA (Publicada el 24-08-2024).<\/a><\/p>\n<p><a href=\"https:\/\/www.oaxaca.gob.mx\/comunicacion\/wp-content\/uploads\/sites\/28\/2025\/06\/LEY-ESTATAL-DE-PRESUPUESTO-Y-RESPONSABILIDAD-HACENDARIA-Ultima-reforma-publicada-el-15-02-2025.pdf\"> LEY ESTATAL DE PRESUPUESTO Y RESPONSABILIDAD HACENDARIA (\u00daltima reforma publicada el 15-02-2025).<\/a><\/p>\n<p><a href=\"https:\/\/www.oaxaca.gob.mx\/comunicacion\/wp-content\/uploads\/sites\/28\/2026\/03\/LEY-ORGANICA-DEL-PODER-EJECUTIVO-DEL-ESTADO-DE-OAXACA-Ultima-reforma-31-01-2026.pdf\"> LEY ORG\u00c1NICA DEL PODER EJECUTIVO DEL ESTADO DE OAXACA (\u00daltima reforma 31-01-2026).<\/a><\/p>\n<p><a href=\"https:\/\/www.oaxaca.gob.mx\/comunicacion\/wp-content\/uploads\/sites\/28\/2026\/01\/LEY-DE-INGRESOS-DEL-ESTADO-DE-OAXACA-PARA-EL-EJERCICIO-FISCAL-2026.-Publicado-el-10-12-2025-.pdf\"> LEY DE INGRESOS DEL ESTADO DE OAXACA PARA EL EJERCICIO FISCAL 2026.<\/a><\/p>\n<p><a href=\"https:\/\/www.oaxaca.gob.mx\/comunicacion\/wp-content\/uploads\/sites\/28\/2026\/03\/LEY-DE-ADQUISICIONES-ENAJENACIONES-ARRENDAMIENTOS-Ultima-reforma-publicada-31-01-2026.pdf\"> LEY DE ADQUISICIONES, ENAJENACIONES, ARRENDAMIENTOS, PRESTACI\u00d3N DE SERVICIOS Y ADMINISTRACI\u00d3N DE BIENES MUEBLES E INMUEBLES DEL ESTADO DE OAXACA.(Ultima reforma publicada 31-01-2026)<\/a><\/p>\n<p><a href=\"https:\/\/www.oaxaca.gob.mx\/comunicacion\/wp-content\/uploads\/sites\/28\/2026\/01\/CODIGO-FISCAL-PARA-EL-ESTADO-DE-OAXACA-Ultima-reforma-publica-el-10-12-2025.pdf\">CODIGO FISCAL PARA EL ESTADO DE OAXCA (Ultima reforma el 10-12-2025).<\/a><\/p>\n<p><a href=\"https:\/\/www.oaxaca.gob.mx\/comunicacion\/wp-content\/uploads\/sites\/28\/2025\/01\/REGLAMENTO-DE-LA-LEY-FEDERAL-DE-DATOS-PERSONALES-EN-POSESION-DE-PARTICULARES-Publicado-el-21-12-2011.pdf\"> REGLAMENTO DE LA LEY FEDERAL DE DATOS PERSONALES EN POSESION DE PARTICULARES (Publicado el 21-12- 2011).<\/a><\/p>\n<p><a href=\"https:\/\/www.oaxaca.gob.mx\/comunicacion\/wp-content\/uploads\/sites\/28\/2025\/01\/REGLAMENTO-DE-LA-LEY-FEDERAL-DE-TRANSPARENCIA-Y-ACCESO-A-LA-INFORMACION-PUBLICA-GUBERNAMENTAL-Ultima-reforma-publicada-el-11-06-2003.pdf\"> REGLAMENTO DE LA LEY FEDERAL DE TRANSPARENCIA Y ACCESO A LA INFORMACI\u00d3N PUBLICA GUBERNAMENTAL (\u00daltima reforma publicada el 11-06-2003).<\/a><\/p>\n<p><a href=\"https:\/\/www.oaxaca.gob.mx\/comunicacion\/wp-content\/uploads\/sites\/28\/2025\/04\/REGLAMENTO-DE-LA-LEY-ESTATAL-DE-PRESUPUESTO-Y-RESPONSABILIDAD-HACENDARIA-Ultima-reforma-31-01-24.pdf\"> REGLAMENTO DE LA LEY ESTATAL DE PRESUPUESTO Y RESPONSABILIDAD HACENDARIA (Ultima reforma POE 31-01-2024).<\/a><\/p>\n<p><a href=\"https:\/\/www.oaxaca.gob.mx\/comunicacion\/wp-content\/uploads\/sites\/28\/2025\/01\/REGLAMENTO-DE-LOS-ARCHIVOS-DEL-PODER-EJECUTIVO-DEL-ESTADO-DE-OAXACA-Ultima-reforma-publicada-22-04-2009.pdf\"> REGLAMENTO DE LOS ARCHIVOS DEL PODER EJECUTIVO DEL ESTADO DE OAXACA (Ultima reforma publicada 22-04-2009).<\/a><\/p>\n<p><a href=\"https:\/\/www.oaxaca.gob.mx\/comunicacion\/wp-content\/uploads\/sites\/28\/2025\/01\/REGLAMENTO-INTERNO-DE-LA-COOORDINACION-DE-COMUNICACION-SOCIAL-Publicado-el-15-01-2024.pdf\"> REGLAMENTO INTERNO DE LA COOORDINACION DE COMUNICACION SOCIAL (Publicado el 15-01-2024).<\/a><\/p>\n<p><a href=\"https:\/\/www.oaxaca.gob.mx\/comunicacion\/wp-content\/uploads\/sites\/28\/2025\/01\/ReglamentodelaLeydeAdquisiciones.pdf\"> REGLAMENTO DE LA LEY DE ADQUISICIONES, ENAJENACIONES, ARRENDAMIENTOS, PRESTACI\u00d3N DE SERVICIOS Y ADMINISTRACI\u00d3N DE BIENES MUEBLES E INMUEBLES DEL ESTADO DE OAXACA.(Ultima reforma publicada 22-04-2020)<\/a><\/p>\n<p><a href=\"https:\/\/www.oaxaca.gob.mx\/comunicacion\/wp-content\/uploads\/sites\/28\/2025\/07\/DECRETO-DE-CREACION-DE-LA-COORDINACION-DE-COMUNICACION-SOCIAL-Publicado-el-30-11-2022.pdf\">DECRETO DE CREACI\u00d3N DE LA COORDINACI\u00d3N DE COMUNICACI\u00d3N SOCIAL (Publicado el 30-11-2022)<\/a><\/p>\n<p><a href=\"https:\/\/www.oaxaca.gob.mx\/comunicacion\/wp-content\/uploads\/sites\/28\/2025\/01\/ACUERDO-POR-EL-QUE-SE-EXPIDE-EL-CODIGO-DE-ETICA-PARA-LAS-PERSONAS-SERVIDORAS-PUBLICAS-DE-LA-ADMINISTRACION-PUBLICA-ESTATAL.-Publicado-el-06-07-2023.pdf\"> ACUERDO POR EL QUE SE EXPIDE EL C\u00d3DIGO DE \u00c9TICA PARA LAS PERSONAS SERVIDORAS P\u00daBLICAS DE LA ADMINISTRACI\u00d3N P\u00daBLICA ESTATAL. (Publicado el 06-07-2023).<\/a><\/p>\n<p><a href=\"https:\/\/www.oaxaca.gob.mx\/comunicacion\/wp-content\/uploads\/sites\/28\/2025\/01\/NORMATIVIDAD-EN-MATERIA-DE-RECURSOS-HUMANOS-PARA-LAS-DEPENDENCIAS-Y-ENTIDADES-DE-LA-ADMINISTRACION-PUBLICA.pdf\">NORMATIVIDAD EN MATERIA DE RECURSOS HUMANOS PARA LAS DEPENDENCIAS Y ENTIDADES DE LA ADMINISTRACION P\u00daBLICA.<\/a><\/p>\n<p><a href=\"https:\/\/www.oaxaca.gob.mx\/comunicacion\/wp-content\/uploads\/sites\/28\/2025\/01\/PLAN-ESTATAL-DE-DESARROLLO-2022-2028.pdf\"> PLAN ESTATAL DE DESARROLLO 2022-2028.<\/a><\/p>\n","protected":false},"excerpt":{"rendered":"<p>CONSTITUCI\u00d3N POLITICA DE LOS ESTADOS UNIDOS MEXICANOS (\u00daltima reforma 03-03-2026). CONVENCI\u00d3N AMERICANA SOBRE DERECHOS HUMANOS (PACTO DE SAN JOS\u00c9) PACTO INTERNACIONAL DERECHOS CIVILES Y POLITICOS. PACTO INTERNACIONAL DERECHOS ECONOMICOS, SOCIALES Y CULTURALES. LEY GENERAL DE ARCHIVOS (Publicada el 14-11-2025). LEY GENERAL DE COMUNICACION SOCIAL (\u00daltima reforma publicada 01-04-2024). LEY GENERAL DE PROTECCI\u00d3N DE DATOS PERSONALES [&hellip;]<\/p>\n","protected":false},"author":1,"featured_media":0,"parent":0,"menu_order":0,"comment_status":"closed","ping_status":"closed","template":"","meta":{"episode_type":"","audio_file":"","podmotor_file_id":"","podmotor_episode_id":"","cover_image":"","cover_image_id":"","duration":"","filesize":"","filesize_raw":"","date_recorded":"","explicit":"","block":"","itunes_episode_number":"","itunes_title":"","itunes_season_number":"","itunes_episode_type":"","footnotes":""},"categories":[],"tags":[],"class_list":["post-32711","page","type-page","status-publish","hentry"],"acf":[],"publishpress_future_action":{"enabled":false,"date":"2026-04-29 08:59:39","action":"change-status","newStatus":"draft","terms":[],"taxonomy":"category","extraData":[]},"publishpress_future_workflow_manual_trigger":{"enabledWorkflows":[]},"_links":{"self":[{"href":"https:\/\/www.oaxaca.gob.mx\/comunicacion\/wp-json\/wp\/v2\/pages\/32711","targetHints":{"allow":["GET"]}}],"collection":[{"href":"https:\/\/www.oaxaca.gob.mx\/comunicacion\/wp-json\/wp\/v2\/pages"}],"about":[{"href":"https:\/\/www.oaxaca.gob.mx\/comunicacion\/wp-json\/wp\/v2\/types\/page"}],"author":[{"embeddable":true,"href":"https:\/\/www.oaxaca.gob.mx\/comunicacion\/wp-json\/wp\/v2\/users\/1"}],"replies":[{"embeddable":true,"href":"https:\/\/www.oaxaca.gob.mx\/comunicacion\/wp-json\/wp\/v2\/comments?post=32711"}],"version-history":[{"count":2,"href":"https:\/\/www.oaxaca.gob.mx\/comunicacion\/wp-json\/wp\/v2\/pages\/32711\/revisions"}],"predecessor-version":[{"id":175133,"href":"https:\/\/www.oaxaca.gob.mx\/comunicacion\/wp-json\/wp\/v2\/pages\/32711\/revisions\/175133"}],"wp:attachment":[{"href":"https:\/\/www.oaxaca.gob.mx\/comunicacion\/wp-json\/wp\/v2\/media?parent=32711"}],"wp:term":[{"taxonomy":"category","embeddable":true,"href":"https:\/\/www.oaxaca.gob.mx\/comunicacion\/wp-json\/wp\/v2\/categories?post=32711"},{"taxonomy":"post_tag","embeddable":true,"href":"https:\/\/www.oaxaca.gob.mx\/comunicacion\/wp-json\/wp\/v2\/tags?post=32711"}],"curies":[{"name":"wp","href":"https:\/\/api.w.org\/{rel}","templated":true}]}}