{"id":32709,"date":"2019-04-06T00:10:09","date_gmt":"2019-04-05T22:10:09","guid":{"rendered":"https:\/\/www.oaxaca.gob.mx\/comunicacion\/?page_id=32709"},"modified":"2025-02-06T12:07:44","modified_gmt":"2025-02-06T18:07:44","slug":"manual-de-organizacion","status":"publish","type":"page","link":"https:\/\/www.oaxaca.gob.mx\/comunicacion\/manual-de-organizacion\/","title":{"rendered":"Manual de organizaci\u00f3n"},"content":{"rendered":"<p><a href=\"https:\/\/www.oaxaca.gob.mx\/comunicacion\/wp-content\/uploads\/sites\/28\/2025\/02\/MANUAL-DE-ORGANIZACION-DE-LA-COORDINACION-DE-COMUNICACION-SOCIAL-PUBLICADO-EL-25-01-2025.pdf\"> MANUAL DE ORGANIZACION COORDINACI\u00d3N DE COMUNICACI\u00d3N SOCIAL (\u00daltima Reforma 25-01-2025).<\/a><\/p>\n","protected":false},"excerpt":{"rendered":"<p>MANUAL DE ORGANIZACION COORDINACI\u00d3N DE COMUNICACI\u00d3N SOCIAL (\u00daltima Reforma 25-01-2025).<\/p>\n","protected":false},"author":1,"featured_media":0,"parent":0,"menu_order":0,"comment_status":"closed","ping_status":"closed","template":"","meta":{"episode_type":"","audio_file":"","podmotor_file_id":"","podmotor_episode_id":"","cover_image":"","cover_image_id":"","duration":"","filesize":"","filesize_raw":"","date_recorded":"","explicit":"","block":"","itunes_episode_number":"","itunes_title":"","itunes_season_number":"","itunes_episode_type":"","footnotes":""},"categories":[],"tags":[],"class_list":["post-32709","page","type-page","status-publish","hentry"],"acf":[],"publishpress_future_action":{"enabled":false,"date":"2026-04-15 05:38:08","action":"change-status","newStatus":"draft","terms":[],"taxonomy":"category","extraData":[]},"publishpress_future_workflow_manual_trigger":{"enabledWorkflows":[]},"_links":{"self":[{"href":"https:\/\/www.oaxaca.gob.mx\/comunicacion\/wp-json\/wp\/v2\/pages\/32709","targetHints":{"allow":["GET"]}}],"collection":[{"href":"https:\/\/www.oaxaca.gob.mx\/comunicacion\/wp-json\/wp\/v2\/pages"}],"about":[{"href":"https:\/\/www.oaxaca.gob.mx\/comunicacion\/wp-json\/wp\/v2\/types\/page"}],"author":[{"embeddable":true,"href":"https:\/\/www.oaxaca.gob.mx\/comunicacion\/wp-json\/wp\/v2\/users\/1"}],"replies":[{"embeddable":true,"href":"https:\/\/www.oaxaca.gob.mx\/comunicacion\/wp-json\/wp\/v2\/comments?post=32709"}],"version-history":[{"count":3,"href":"https:\/\/www.oaxaca.gob.mx\/comunicacion\/wp-json\/wp\/v2\/pages\/32709\/revisions"}],"predecessor-version":[{"id":145306,"href":"https:\/\/www.oaxaca.gob.mx\/comunicacion\/wp-json\/wp\/v2\/pages\/32709\/revisions\/145306"}],"wp:attachment":[{"href":"https:\/\/www.oaxaca.gob.mx\/comunicacion\/wp-json\/wp\/v2\/media?parent=32709"}],"wp:term":[{"taxonomy":"category","embeddable":true,"href":"https:\/\/www.oaxaca.gob.mx\/comunicacion\/wp-json\/wp\/v2\/categories?post=32709"},{"taxonomy":"post_tag","embeddable":true,"href":"https:\/\/www.oaxaca.gob.mx\/comunicacion\/wp-json\/wp\/v2\/tags?post=32709"}],"curies":[{"name":"wp","href":"https:\/\/api.w.org\/{rel}","templated":true}]}}