{"id":32703,"date":"2019-04-06T00:09:27","date_gmt":"2019-04-05T22:09:27","guid":{"rendered":"https:\/\/www.oaxaca.gob.mx\/comunicacion\/?page_id=32703"},"modified":"2019-04-06T00:09:27","modified_gmt":"2019-04-05T22:09:27","slug":"funciones","status":"publish","type":"page","link":"https:\/\/www.oaxaca.gob.mx\/comunicacion\/funciones\/","title":{"rendered":"Funciones"},"content":{"rendered":"<p>\t\t\t\tI.-Proponer y aplicar los programas de comunicaci\u00f3n social del Gobierno del Estado, de conformidad con las pol\u00edticas, lineamientos y dem\u00e1s disposiciones jur\u00eddicas aplicables; II. Compilar y difundir la informaci\u00f3n sobre las actividades que en ejercicio de sus atribuciones lleven a cabo las distintas dependencias, entidades paraestatales, \u00f3rganos desconcentrados, \u00f3rganos auxiliares y fideicomisos p\u00fablicos del poder ejecutivo del Estado, incluidas las plataformas digitales;<\/p>\n<p>III. Coordinar, supervisar y evaluar las actividades y resultados de los \u00f3rganos sectorizados a la Coordinaci\u00f3n;<\/p>\n<ol>\n<li>Establecer, ejecutar, implementar, supervisar, evaluar y elaborar todas y cada una de las acciones de manera exclusiva, referentes a la comunicaci\u00f3n digital utilizada por Poder Ejecutivo del Estado;<\/li>\n<li>Coordinar, con el apoyo de las \u00e1reas administrativas de comunicaci\u00f3n social de las dependencias y entidades de la Administraci\u00f3n P\u00fablica Estatal, la realizaci\u00f3n de programas o campa\u00f1as espec\u00edficas de comunicaci\u00f3n social, o informaci\u00f3n gubernamental, en t\u00e9rminos de LEY ORG\u00c1NICA DEL PODER EJECUTIVO DEL ESTADO DE OAXACA (Ultima Reforma 28-01-2017). las disposiciones jur\u00eddicas aplicables, as\u00ed como para la emisi\u00f3n de boletines y comunicados a los medios de comunicaci\u00f3n;<\/li>\n<li>Coordinar a las \u00e1reas administrativas de comunicaci\u00f3n social de las dependencias y entidades de la Administraci\u00f3n P\u00fablica Estatal, para dar congruencia a la informaci\u00f3n que el Gobierno del Estado difunda a la poblaci\u00f3n;<\/li>\n<\/ol>\n<p>VII. Convocar a reuniones de trabajo a los titulares de las \u00e1reas administrativas de comunicaci\u00f3n social de las dependencias y entidades de la Administraci\u00f3n P\u00fablica Estatal, con objeto de dise\u00f1ar y coordinar la estrategia de informaci\u00f3n gubernamental;<\/p>\n<p>VIII. Supervisar las acciones para la ejecuci\u00f3n de la estrategia de informaci\u00f3n gubernamental, a que se refiere la fracci\u00f3n anterior;<\/p>\n<ol>\n<li>Informar a la opini\u00f3n p\u00fablica y a los medios de comunicaci\u00f3n acerca de los asuntos competencia del Gobierno del Estado, as\u00ed como difundir sus objetivos, programas y acciones;<\/li>\n<li>Ampliar, en su caso, precisar la informaci\u00f3n relacionada con los posicionamientos del Gobierno Estatal;<\/li>\n<li>Coordinar y atender las relaciones del Gobierno del Estado con los medios de comunicaci\u00f3n;<\/li>\n<\/ol>\n<p>XII. Establecer relaciones interinstitucionales con las \u00e1reas de comunicaci\u00f3n social de los sectores<\/p>\n<p>p\u00fablico, social y privado;<\/p>\n<p>XIII. Participar en la orientaci\u00f3n, supervisi\u00f3n y evaluaci\u00f3n de los programas de comunicaci\u00f3n social de las dependencias y entidades de la Administraci\u00f3n P\u00fablica Estatal;<\/p>\n<p>XIV. Suscribir acuerdos y convenios con los sectores p\u00fablico, social y privado en las materias de su competencia y disponer las acciones para su ejecuci\u00f3n, en coordinaci\u00f3n con las dependencias y entidades de la Administraci\u00f3n P\u00fablica Estatal competentes;<\/p>\n<ol>\n<li>Cubrir los eventos institucionales del Gobierno de Estado, as\u00ed como dise\u00f1ar y producir los materiales informativos y de difusi\u00f3n de dichos eventos para radio, televisi\u00f3n y medios impresos en coordinaci\u00f3n con las instancias competentes;<\/li>\n<\/ol>\n<p>XVI. Enviar, en t\u00e9rminos de las disposiciones jur\u00eddicas aplicables, para su transmisi\u00f3n por radio, televisi\u00f3n y publicaci\u00f3n en medios impresos, los materiales informativos y de difusi\u00f3n de las actividades del Gobierno del Estado, en coordinaci\u00f3n con las instancias competentes;<\/p>\n<p>XVII. Coordinar las entrevistas y conferencias de prensa de los servidores p\u00fablicos de la Administraci\u00f3n P\u00fablica Estatal y los Poderes del Estado;<\/p>\n<p>XVIII. Atender los requerimientos de informaci\u00f3n de las actividades del Gobernador que formulen los medios de comunicaci\u00f3n del pa\u00eds;<\/p>\n<p>XIX. Participar en reuniones de Gabinete y de los gabinetes especializados a los que se le convoque;<\/p>\n<ol>\n<li>Conducir la pol\u00edtica de identidad institucional de la Administraci\u00f3n P\u00fablica Estatal;<\/li>\n<\/ol>\n<p>XXI. Dirigir, coordinar y establecer los lineamientos que rijan el dise\u00f1o y la difusi\u00f3n de informaci\u00f3n, campa\u00f1as y publicaciones sobre las actividades y funciones de dependencias, entidades paraestatales, \u00f3rganos desconcentrados, \u00f3rganos auxiliares y fideicomisos p\u00fablicos del Poder Ejecutivo del Estado para que el contenido de sus campa\u00f1as y publicaciones sea acorde con el mensaje y estrategia de comunicaci\u00f3n social; LEY ORGANICA DEL PODER EJECUTIVO DEL ESTADO DE OAXACA (Ultima Reforma28-01-2017)<\/p>\n<p>XXII. Coordinar las acciones y estrategias para posicionar el mensaje gubernamental, con la participaci\u00f3n que corresponda de las dem\u00e1s \u00e1reas competentes, as\u00ed como de las dependencias y entidades de la Administraci\u00f3n P\u00fablica Estatal;<\/p>\n<p>XXIII. Supervisar el uso de la imagen institucional, as\u00ed como coadyuvar en la producci\u00f3n y transmisi\u00f3n de los actos y eventos en los que participen los servidores p\u00fablicos de la Administraci\u00f3n P\u00fablica Estatal y de los Poderes del Estado;<\/p>\n<p>XXIV. Dirigir estudios de evaluaci\u00f3n de imagen institucional y medici\u00f3n de la opini\u00f3n p\u00fablica para generar estrategias de comunicaci\u00f3n social que permitan difundir de forma eficiente las acciones de la administraci\u00f3n p\u00fablica estatal, y XXV. Las que en el \u00e1mbito de su competencia le confiera directamente el Gobernador del Estado, su reglamento interno y dem\u00e1s normatividad aplicable.<\/p>\n<p>&nbsp;\t\t<\/p>\n","protected":false},"excerpt":{"rendered":"<p>I.-Proponer y aplicar los programas de comunicaci\u00f3n social del Gobierno del Estado, de conformidad con las pol\u00edticas, lineamientos y dem\u00e1s disposiciones jur\u00eddicas aplicables; II. Compilar y difundir la informaci\u00f3n sobre las actividades que en ejercicio de sus atribuciones lleven a cabo las distintas dependencias, entidades paraestatales, \u00f3rganos desconcentrados, \u00f3rganos auxiliares y fideicomisos p\u00fablicos del poder [&hellip;]<\/p>\n","protected":false},"author":1,"featured_media":0,"parent":0,"menu_order":0,"comment_status":"closed","ping_status":"closed","template":"","meta":{"episode_type":"","audio_file":"","podmotor_file_id":"","podmotor_episode_id":"","cover_image":"","cover_image_id":"","duration":"","filesize":"","filesize_raw":"","date_recorded":"","explicit":"","block":"","itunes_episode_number":"","itunes_title":"","itunes_season_number":"","itunes_episode_type":"","footnotes":""},"categories":[],"tags":[],"class_list":["post-32703","page","type-page","status-publish","hentry"],"acf":[],"publishpress_future_action":{"enabled":false,"date":"2026-04-12 18:13:58","action":"change-status","newStatus":"draft","terms":[],"taxonomy":"category","extraData":[]},"publishpress_future_workflow_manual_trigger":{"enabledWorkflows":[]},"_links":{"self":[{"href":"https:\/\/www.oaxaca.gob.mx\/comunicacion\/wp-json\/wp\/v2\/pages\/32703","targetHints":{"allow":["GET"]}}],"collection":[{"href":"https:\/\/www.oaxaca.gob.mx\/comunicacion\/wp-json\/wp\/v2\/pages"}],"about":[{"href":"https:\/\/www.oaxaca.gob.mx\/comunicacion\/wp-json\/wp\/v2\/types\/page"}],"author":[{"embeddable":true,"href":"https:\/\/www.oaxaca.gob.mx\/comunicacion\/wp-json\/wp\/v2\/users\/1"}],"replies":[{"embeddable":true,"href":"https:\/\/www.oaxaca.gob.mx\/comunicacion\/wp-json\/wp\/v2\/comments?post=32703"}],"version-history":[{"count":0,"href":"https:\/\/www.oaxaca.gob.mx\/comunicacion\/wp-json\/wp\/v2\/pages\/32703\/revisions"}],"wp:attachment":[{"href":"https:\/\/www.oaxaca.gob.mx\/comunicacion\/wp-json\/wp\/v2\/media?parent=32703"}],"wp:term":[{"taxonomy":"category","embeddable":true,"href":"https:\/\/www.oaxaca.gob.mx\/comunicacion\/wp-json\/wp\/v2\/categories?post=32703"},{"taxonomy":"post_tag","embeddable":true,"href":"https:\/\/www.oaxaca.gob.mx\/comunicacion\/wp-json\/wp\/v2\/tags?post=32703"}],"curies":[{"name":"wp","href":"https:\/\/api.w.org\/{rel}","templated":true}]}}