{"id":173799,"date":"2026-02-20T13:55:29","date_gmt":"2026-02-20T19:55:29","guid":{"rendered":"https:\/\/www.oaxaca.gob.mx\/comunicacion\/?page_id=173799"},"modified":"2026-02-20T14:27:17","modified_gmt":"2026-02-20T20:27:17","slug":"marco-normativo-2","status":"publish","type":"page","link":"https:\/\/www.oaxaca.gob.mx\/comunicacion\/marco-normativo-2\/","title":{"rendered":"Marco Normativo"},"content":{"rendered":"<p><a href=\"https:\/\/www.oaxaca.gob.mx\/comunicacion\/wp-content\/uploads\/sites\/28\/2026\/02\/LEY-GENERAL-DE-TRANSPARENCIA-Y-ACCESO-A-LA-INFORMACION-PUBLICA.-Ultima-reforma-publicada-20-03-2025.pdf\">Ley General de Transparencia y Acceso a la Informaci\u00f3n P\u00fablica (LGTAIP).<\/a><\/p>\n<p><a href=\"https:\/\/www.oaxaca.gob.mx\/comunicacion\/wp-content\/uploads\/sites\/28\/2026\/02\/LEY-DE-TRANSPARENCIA-ACCESO-A-LA-INFORMACION-PUBLICA-CON-SENTIDO-SOCIAL-Y-BUEN-GOBIERNO-DEL-ESTADO-DE-OAXACA-Publicada-el-31-12-2025.pdf\">Ley de Transparencia Acceso a la Informaci\u00f3n P\u00fablica con Sentido Social y Buen Gobierno del Estado de Oaxaca (LTAIPSSOAX).<\/a><\/p>\n<p><a href=\"https:\/\/www.oaxaca.gob.mx\/comunicacion\/wp-content\/uploads\/sites\/28\/2026\/02\/LEY-GENERAL-DE-PROTECCION-DE-DATOS-PERSONALES-EN-POSESION-DE-SUJETOS-OBLIGADOS-Ultima-reforma-publicada-el-14-11-2025.pdf\">Ley General de Protecci\u00f3n de Datos Personales en Posesi\u00f3n de Sujetos Obligados.<\/a><\/p>\n<p><a href=\"https:\/\/www.oaxaca.gob.mx\/comunicacion\/wp-content\/uploads\/sites\/28\/2026\/02\/LEY-DE-PROTECCION-DE-DATOS-PERSONALES-EN-POSESION-DE-SUJETOS-OBLIGADOS-DEL-ESTADO-DE-OAXACA-Ultima-reforma-publicada-el-31-12-2025.pdf\">Ley de Protecci\u00f3n de Datos Personales en Posesi\u00f3n de Sujetos Obligados del Estado de Oaxaca.<\/a><\/p>\n<p><a href=\"https:\/\/www.oaxaca.gob.mx\/comunicacion\/wp-content\/uploads\/sites\/28\/2026\/02\/Lineamientos-Tecnicos-Generales-Version-final-23.10.25.pdf\">Lineamientos t\u00e9cnicos generales para la publicaci\u00f3n, homologaci\u00f3n y estandarizaci\u00f3n de la informaci\u00f3n de las obligaciones de Transparencia.<\/a><\/p>\n<p><a href=\"https:\/\/www.oaxaca.gob.mx\/comunicacion\/wp-content\/uploads\/sites\/28\/2026\/02\/Lineamientos-de-Clasificacion-y-Desclasificacion-01_14h.pdf\">Lineamientos Generales en Materia de Clasificaci\u00f3n y Desclasificaci\u00f3n de la Informaci\u00f3n, as\u00ed como para la Elaboraci\u00f3n de Versiones P\u00fablicas (LGMCDIVP).<\/a><\/p>\n","protected":false},"excerpt":{"rendered":"<p>Ley General de Transparencia y Acceso a la Informaci\u00f3n P\u00fablica (LGTAIP). Ley de Transparencia Acceso a la Informaci\u00f3n P\u00fablica con Sentido Social y Buen Gobierno del Estado de Oaxaca (LTAIPSSOAX). Ley General de Protecci\u00f3n de Datos Personales en Posesi\u00f3n de Sujetos Obligados. Ley de Protecci\u00f3n de Datos Personales en Posesi\u00f3n de Sujetos Obligados del Estado [&hellip;]<\/p>\n","protected":false},"author":29,"featured_media":0,"parent":0,"menu_order":0,"comment_status":"closed","ping_status":"closed","template":"","meta":{"episode_type":"","audio_file":"","podmotor_file_id":"","podmotor_episode_id":"","cover_image":"","cover_image_id":"","duration":"","filesize":"","filesize_raw":"","date_recorded":"","explicit":"","block":"","itunes_episode_number":"","itunes_title":"","itunes_season_number":"","itunes_episode_type":"","footnotes":""},"categories":[],"tags":[],"class_list":["post-173799","page","type-page","status-publish","hentry"],"acf":[],"publishpress_future_action":{"enabled":false,"date":"2026-04-14 22:30:25","action":"change-status","newStatus":"draft","terms":[],"taxonomy":"category","extraData":[]},"publishpress_future_workflow_manual_trigger":{"enabledWorkflows":[]},"_links":{"self":[{"href":"https:\/\/www.oaxaca.gob.mx\/comunicacion\/wp-json\/wp\/v2\/pages\/173799","targetHints":{"allow":["GET"]}}],"collection":[{"href":"https:\/\/www.oaxaca.gob.mx\/comunicacion\/wp-json\/wp\/v2\/pages"}],"about":[{"href":"https:\/\/www.oaxaca.gob.mx\/comunicacion\/wp-json\/wp\/v2\/types\/page"}],"author":[{"embeddable":true,"href":"https:\/\/www.oaxaca.gob.mx\/comunicacion\/wp-json\/wp\/v2\/users\/29"}],"replies":[{"embeddable":true,"href":"https:\/\/www.oaxaca.gob.mx\/comunicacion\/wp-json\/wp\/v2\/comments?post=173799"}],"version-history":[{"count":3,"href":"https:\/\/www.oaxaca.gob.mx\/comunicacion\/wp-json\/wp\/v2\/pages\/173799\/revisions"}],"predecessor-version":[{"id":173826,"href":"https:\/\/www.oaxaca.gob.mx\/comunicacion\/wp-json\/wp\/v2\/pages\/173799\/revisions\/173826"}],"wp:attachment":[{"href":"https:\/\/www.oaxaca.gob.mx\/comunicacion\/wp-json\/wp\/v2\/media?parent=173799"}],"wp:term":[{"taxonomy":"category","embeddable":true,"href":"https:\/\/www.oaxaca.gob.mx\/comunicacion\/wp-json\/wp\/v2\/categories?post=173799"},{"taxonomy":"post_tag","embeddable":true,"href":"https:\/\/www.oaxaca.gob.mx\/comunicacion\/wp-json\/wp\/v2\/tags?post=173799"}],"curies":[{"name":"wp","href":"https:\/\/api.w.org\/{rel}","templated":true}]}}