{"id":161567,"date":"2025-08-06T15:22:31","date_gmt":"2025-08-06T21:22:31","guid":{"rendered":"https:\/\/www.oaxaca.gob.mx\/comunicacion\/?page_id=161567"},"modified":"2026-04-07T12:46:06","modified_gmt":"2026-04-07T18:46:06","slug":"avance-de-gestion","status":"publish","type":"page","link":"https:\/\/www.oaxaca.gob.mx\/comunicacion\/avance-de-gestion\/","title":{"rendered":"Avance de Gesti\u00f3n"},"content":{"rendered":"<p>REPORTES DE AVANCE DE GESTI\u00d3N 2025<\/p>\n<p><a href=\"https:\/\/www.oaxaca.gob.mx\/comunicacion\/wp-content\/uploads\/sites\/28\/2025\/08\/Reporte-de-avance-de-gestion-del-primer-trimestre-2025.pdf\">1ER REPORTE DE AVANCE DE GESTI\u00d3N TRIMESTRAL 2025.<\/a><\/p>\n<p><a href=\"https:\/\/www.oaxaca.gob.mx\/comunicacion\/wp-content\/uploads\/sites\/28\/2025\/08\/Reporte-de-avance-de-gestion-del-segundo-trimestre-2025.pdf\">2DO REPORTE DE AVANCE DE GESTI\u00d3N TRIMESTRAL 2025.<\/a><\/p>\n<p><a href=\"https:\/\/www.oaxaca.gob.mx\/comunicacion\/wp-content\/uploads\/sites\/28\/2026\/04\/AVANCE-DE-GESTION-3ER-TRIMESTRE.pdf\">3ER REPORTE DE AVANCE DE GESTI\u00d3N TRIMESTRAL 2025.<\/a><\/p>\n<p><a href=\"https:\/\/www.oaxaca.gob.mx\/comunicacion\/wp-content\/uploads\/sites\/28\/2026\/04\/AVANCE-DE-GESTION-4TO-TRIMESTRE.pdf\">4TO REPORTE DE AVANCE DE GESTI\u00d3N TRIMESTRAL 2025.<\/a><\/p>\n<p><a href=\"https:\/\/www.oaxaca.gob.mx\/comunicacion\/wp-content\/uploads\/sites\/28\/2025\/08\/Reporte-de-avance-de-gestion-del-componente.pdf\">1ER REPORTE DE AVANCE DE GESTI\u00d3N DEL COMPONENTE 2025.<\/a><\/p>\n","protected":false},"excerpt":{"rendered":"<p>REPORTES DE AVANCE DE GESTI\u00d3N 2025 1ER REPORTE DE AVANCE DE GESTI\u00d3N TRIMESTRAL 2025. 2DO REPORTE DE AVANCE DE GESTI\u00d3N TRIMESTRAL 2025. 3ER REPORTE DE AVANCE DE GESTI\u00d3N TRIMESTRAL 2025. 4TO REPORTE DE AVANCE DE GESTI\u00d3N TRIMESTRAL 2025. 1ER REPORTE DE AVANCE DE GESTI\u00d3N DEL COMPONENTE 2025.<\/p>\n","protected":false},"author":29,"featured_media":0,"parent":0,"menu_order":0,"comment_status":"closed","ping_status":"closed","template":"","meta":{"episode_type":"","audio_file":"","podmotor_file_id":"","podmotor_episode_id":"","cover_image":"","cover_image_id":"","duration":"","filesize":"","filesize_raw":"","date_recorded":"","explicit":"","block":"","itunes_episode_number":"","itunes_title":"","itunes_season_number":"","itunes_episode_type":"","footnotes":""},"categories":[],"tags":[],"class_list":["post-161567","page","type-page","status-publish","hentry"],"acf":[],"publishpress_future_action":{"enabled":false,"date":"2026-04-21 09:31:33","action":"change-status","newStatus":"draft","terms":[],"taxonomy":"category","extraData":[]},"publishpress_future_workflow_manual_trigger":{"enabledWorkflows":[]},"_links":{"self":[{"href":"https:\/\/www.oaxaca.gob.mx\/comunicacion\/wp-json\/wp\/v2\/pages\/161567","targetHints":{"allow":["GET"]}}],"collection":[{"href":"https:\/\/www.oaxaca.gob.mx\/comunicacion\/wp-json\/wp\/v2\/pages"}],"about":[{"href":"https:\/\/www.oaxaca.gob.mx\/comunicacion\/wp-json\/wp\/v2\/types\/page"}],"author":[{"embeddable":true,"href":"https:\/\/www.oaxaca.gob.mx\/comunicacion\/wp-json\/wp\/v2\/users\/29"}],"replies":[{"embeddable":true,"href":"https:\/\/www.oaxaca.gob.mx\/comunicacion\/wp-json\/wp\/v2\/comments?post=161567"}],"version-history":[{"count":2,"href":"https:\/\/www.oaxaca.gob.mx\/comunicacion\/wp-json\/wp\/v2\/pages\/161567\/revisions"}],"predecessor-version":[{"id":175438,"href":"https:\/\/www.oaxaca.gob.mx\/comunicacion\/wp-json\/wp\/v2\/pages\/161567\/revisions\/175438"}],"wp:attachment":[{"href":"https:\/\/www.oaxaca.gob.mx\/comunicacion\/wp-json\/wp\/v2\/media?parent=161567"}],"wp:term":[{"taxonomy":"category","embeddable":true,"href":"https:\/\/www.oaxaca.gob.mx\/comunicacion\/wp-json\/wp\/v2\/categories?post=161567"},{"taxonomy":"post_tag","embeddable":true,"href":"https:\/\/www.oaxaca.gob.mx\/comunicacion\/wp-json\/wp\/v2\/tags?post=161567"}],"curies":[{"name":"wp","href":"https:\/\/api.w.org\/{rel}","templated":true}]}}