{"id":120405,"date":"2024-02-21T13:46:31","date_gmt":"2024-02-21T19:46:31","guid":{"rendered":"https:\/\/www.oaxaca.gob.mx\/comunicacion\/?page_id=120405"},"modified":"2026-04-21T09:55:35","modified_gmt":"2026-04-21T15:55:35","slug":"comite-de-transparencia","status":"publish","type":"page","link":"https:\/\/www.oaxaca.gob.mx\/comunicacion\/comite-de-transparencia\/","title":{"rendered":"Comit\u00e9 de Transparencia"},"content":{"rendered":"<div class=\"su-tabs su-tabs-style-default su-tabs-mobile-stack\" data-active=\"2\" data-scroll-offset=\"0\" data-anchor-in-url=\"no\"><div class=\"su-tabs-nav\"><span class=\"\" data-url=\"\" data-target=\"blank\" tabindex=\"0\" role=\"button\">Comit\u00e9 de Transparencia 2023<\/span><span class=\"\" data-url=\"\" data-target=\"blank\" tabindex=\"0\" role=\"button\">Comit\u00e9 de Transparencia 2024<\/span><span class=\"\" data-url=\"\" data-target=\"blank\" tabindex=\"0\" role=\"button\">Comit\u00e9 de Transparencia 2025<\/span><span class=\"\" data-url=\"\" data-target=\"blank\" tabindex=\"0\" role=\"button\">Comit\u00e9 de Transparencia 2026<\/span><span class=\"\" data-url=\"\" data-target=\"blank\" tabindex=\"0\" role=\"button\">Resoluciones<\/span><span class=\"\" data-url=\"\" data-target=\"blank\" tabindex=\"0\" role=\"button\">Informes<\/span><span class=\"\" data-url=\"\" data-target=\"blank\" tabindex=\"0\" role=\"button\">Lineamientos T\u00e9cnicos<\/span><\/div><div class=\"su-tabs-panes\"><div class=\"su-tabs-pane su-u-clearfix su-u-trim\" data-title=\"Comit\u00e9 de Transparencia 2023\">\n<p><a href=\"https:\/\/www.oaxaca.gob.mx\/comunicacion\/wp-content\/uploads\/sites\/28\/2024\/02\/ACTA-DE-INSTALACION.pdf\">Acta de Instalaci\u00f3n.<\/a><\/p>\n<p><a href=\"https:\/\/www.oaxaca.gob.mx\/comunicacion\/wp-content\/uploads\/sites\/28\/2024\/02\/PRIMERA-SESION-ORDINARIA.pdf\">Primera Sesi\u00f3n Ordinaria.<\/a><\/p>\n<p><a href=\"https:\/\/www.oaxaca.gob.mx\/comunicacion\/wp-content\/uploads\/sites\/28\/2024\/02\/SEGUNDA-SESION-ORDINARIA.pdf\">Segunda Sesi\u00f3n Ordinaria.<\/a><\/p>\n<p><a href=\"https:\/\/www.oaxaca.gob.mx\/comunicacion\/wp-content\/uploads\/sites\/28\/2024\/02\/PRIMERA-SESION-EXTRAORDINARIA.pdf\">Primera Sesi\u00f3n Extraordinaria.<\/a><\/p>\n<p><a href=\"https:\/\/www.oaxaca.gob.mx\/comunicacion\/wp-content\/uploads\/sites\/28\/2024\/02\/SEGUNDA-SESION-EXTRAORDINARIA.pdf\">Segunda Sesi\u00f3n Extraordinaria.<\/a><\/p>\n<p><a href=\"https:\/\/www.oaxaca.gob.mx\/comunicacion\/wp-content\/uploads\/sites\/28\/2024\/02\/TERCERA-SESION-EXTRAORDINACIA.pdf\">Tercera Sesi\u00f3n Extraordinaria.<\/a><\/p>\n<p><a href=\"https:\/\/www.oaxaca.gob.mx\/comunicacion\/wp-content\/uploads\/sites\/28\/2024\/02\/CUARTA-SESION-EXTRAORDINARIA.pdf\">Cuarta Sesi\u00f3n Extraordinaria.<\/a><\/p>\n<\/div>\n<div class=\"su-tabs-pane su-u-clearfix su-u-trim\" data-title=\"Comit\u00e9 de Transparencia 2024\">\n<p><a href=\"https:\/\/www.oaxaca.gob.mx\/comunicacion\/wp-content\/uploads\/sites\/28\/2024\/02\/INSTALACION-DEL-COMITE-1.pdf\">Instalaci\u00f3n de Comit\u00e9.<\/a><\/p>\n<p><a href=\"https:\/\/www.oaxaca.gob.mx\/comunicacion\/wp-content\/uploads\/sites\/28\/2024\/07\/PRIMERA-SESION-ORDINARIA-2024.pdf\">Primera Sesi\u00f3n Ordinaria 2024<\/a><\/p>\n<p><a href=\"https:\/\/www.oaxaca.gob.mx\/comunicacion\/wp-content\/uploads\/sites\/28\/2025\/04\/Segunda-Sesion-Ordinaria-2024.pdf\">Segunda Sesi\u00f3n Ordinaria 2024.<\/a><\/p>\n<p><a href=\"https:\/\/www.oaxaca.gob.mx\/comunicacion\/wp-content\/uploads\/sites\/28\/2025\/01\/Tercera-Sesion-Ordinaria-2024.pdf\"> Tercera Sesi\u00f3n Ordinaria 2024.<\/a><\/p>\n<p><a href=\"https:\/\/www.oaxaca.gob.mx\/comunicacion\/wp-content\/uploads\/sites\/28\/2024\/10\/PRIMERA-SESION-EXTRAORDINARIA-2024.pdf\">Primera Sesi\u00f3n Extraordinaria 2024.<\/a><\/p>\n<p><a href=\"https:\/\/www.oaxaca.gob.mx\/comunicacion\/wp-content\/uploads\/sites\/28\/2024\/10\/SEGUNDA-SESION-EXTRAORDINARIA-2024.pdf\">Segunda Sesi\u00f3n Extraordinaria 2024.<\/a><\/p>\n<p><a href=\"https:\/\/www.oaxaca.gob.mx\/comunicacion\/wp-content\/uploads\/sites\/28\/2024\/10\/TERCERA-SESION-EXTRAORDINARIA-2024.pdf\">Tercera Sesi\u00f3n Extraordinaria 2024.<\/a><\/p>\n<p><a href=\"https:\/\/www.oaxaca.gob.mx\/comunicacion\/wp-content\/uploads\/sites\/28\/2024\/10\/CUARTA-SESION-EXTRAORDINARIA-2024.pdf\">Cuarta Sesi\u00f3n Extraordinaria 2024.<\/a><\/p>\n<p><a href=\"https:\/\/www.oaxaca.gob.mx\/comunicacion\/wp-content\/uploads\/sites\/28\/2025\/03\/Quinta-Sesion-Extraordinaria-2024.pdf\">Quinta Sesi\u00f3n Extraordinaria 2024.<\/a><\/p>\n<\/div>\n<div class=\"su-tabs-pane su-u-clearfix su-u-trim\" data-title=\"Comit\u00e9 de Transparencia 2025\">\n<p><a href=\"https:\/\/www.oaxaca.gob.mx\/comunicacion\/wp-content\/uploads\/sites\/28\/2025\/03\/Primera-Sesion-Ordinaria-2025.pdf\">PRIMERA SESI\u00d3N ORDINARIA 2025<\/a><\/p>\n<p><a href=\"https:\/\/www.oaxaca.gob.mx\/comunicacion\/wp-content\/uploads\/sites\/28\/2025\/09\/segunda-sesion-ordinaria-2025.pdf\">SEGUNDA SESI\u00d3N ORDINARIA 2025<\/a><\/p>\n<p><a href=\"https:\/\/www.oaxaca.gob.mx\/comunicacion\/wp-content\/uploads\/sites\/28\/2025\/03\/Primera-Sesion-Extraordinaria-2025.pdf\">PRIMERA SESI\u00d3N EXTRAORDINARIA 2025<\/a><\/p>\n<p><a href=\"https:\/\/www.oaxaca.gob.mx\/comunicacion\/wp-content\/uploads\/sites\/28\/2025\/06\/SEGUNDA-SESION-EXTRAORDINARIA-2025.pdf\">SEGUNDA SESI\u00d3N EXTRAORDINARIA 2025<\/a><\/p>\n<p><a href=\"https:\/\/www.oaxaca.gob.mx\/comunicacion\/wp-content\/uploads\/sites\/28\/2025\/09\/tercera-sesion-ordinaria-2025.pdf\">TERCERA SESI\u00d3N ORDINARIA 2025<\/a><\/p>\n<p><a href=\"https:\/\/www.oaxaca.gob.mx\/comunicacion\/wp-content\/uploads\/sites\/28\/2025\/12\/CUARTA-SESION-ORDINARIA-2025.pdf\">CUARTA SESI\u00d3N ORDINARIA 2025<\/a><\/p>\n<\/div>\n<div class=\"su-tabs-pane su-u-clearfix su-u-trim\" data-title=\"Comit\u00e9 de Transparencia 2026\">\n<p><a href=\"https:\/\/www.oaxaca.gob.mx\/comunicacion\/wp-content\/uploads\/sites\/28\/2026\/02\/PRIMERA-SESION-EXTRAORDINARIA-2026.pdf\">PRIMERA SESI\u00d3N EXTRAORDINARIA 2026<\/a><\/p>\n<p><a href=\"https:\/\/www.oaxaca.gob.mx\/comunicacion\/wp-content\/uploads\/sites\/28\/2026\/03\/PRIMERA-SESION-ORDINARIA-2026.pdf\">PRIMERA SESI\u00d3N ORDINARIA 2026<\/a> <\/p>\n<p><a href=\"https:\/\/www.oaxaca.gob.mx\/comunicacion\/wp-content\/uploads\/sites\/28\/2026\/04\/acta-de-instalacion-y-formalizacion_260420_165335.pdf\">ACTA DE INSTALACI\u00d3N Y FORMALIZACI\u00d3N<\/a> <\/p>\n<p>&nbsp;<\/p>\n<\/div>\n<div class=\"su-tabs-pane su-u-clearfix su-u-trim\" data-title=\"Resoluciones\">\n<p><a href=\"https:\/\/www.oaxaca.gob.mx\/comunicacion\/wp-content\/uploads\/sites\/28\/2025\/01\/EXPEDIENTE-OGAIPO-DAJ-QD-061-2024.pdf\">EXPEDIENTE OGAIPO-DAJ-QD-061-2024<\/a><\/p>\n<p><a href=\"https:\/\/www.oaxaca.gob.mx\/comunicacion\/wp-content\/uploads\/sites\/28\/2025\/01\/EXPEDIENTE-OGAIPO-DAJ-QD-074-2024.pdf\">EXPEDIENTE OGAIPO-DAJ-QD-074-2024<\/a><\/p>\n<\/div>\n<div class=\"su-tabs-pane su-u-clearfix su-u-trim\" data-title=\"Informes\">\n<p><a href=\"https:\/\/www.oaxaca.gob.mx\/comunicacion\/wp-content\/uploads\/sites\/28\/2025\/03\/FORMATO_INFORME_ANUAL_2023_OGAIP.xlsx\">FORMATO DE INFORME ANUAL 2023 OGAIPO<\/a><\/p>\n<p><a href=\"https:\/\/www.oaxaca.gob.mx\/comunicacion\/wp-content\/uploads\/sites\/28\/2025\/03\/FORMATO_INFORME_ANUAL_2024_OGAIP.xlsx\">FORMATO DE INFORME ANUAL 2024 OGAIPO<\/a><\/p>\n<\/div>\n<div class=\"su-tabs-pane su-u-clearfix su-u-trim\" data-title=\"Lineamientos T\u00e9cnicos\">\n<p><a href=\"https:\/\/www.oaxaca.gob.mx\/comunicacion\/wp-content\/uploads\/sites\/28\/2026\/01\/LINEAMIENTOS-TECNICOS-GENERALES-PARA-LA-PUBLICACION-HOMOLOGACION-Y-ESTANDARIZACION-DE-LA-INFORMACION-DE-LAS-OBLIGACIONES-DE-TRANSPARENCIA.pdf\">LINEAMIENTOS T\u00c9CNICOS GENERALES PARA LA PUBLICACI\u00d3N, HOMOLOGACI\u00d3N Y ESTANDARIZACI\u00d3N DE LA INFORMACI\u00d3N DE LAS OBLIGACIONES DE TRANSPARENCIA<\/a><\/p>\n<\/div><\/div><\/div>\n","protected":false},"excerpt":{"rendered":"","protected":false},"author":29,"featured_media":0,"parent":0,"menu_order":0,"comment_status":"closed","ping_status":"closed","template":"","meta":{"episode_type":"","audio_file":"","podmotor_file_id":"","podmotor_episode_id":"","cover_image":"","cover_image_id":"","duration":"","filesize":"","filesize_raw":"","date_recorded":"","explicit":"","block":"","itunes_episode_number":"","itunes_title":"","itunes_season_number":"","itunes_episode_type":"","footnotes":""},"categories":[],"tags":[],"class_list":["post-120405","page","type-page","status-publish","hentry"],"acf":[],"publishpress_future_action":{"enabled":false,"date":"2026-05-16 05:59:01","action":"change-status","newStatus":"draft","terms":[],"taxonomy":"category","extraData":[]},"publishpress_future_workflow_manual_trigger":{"enabledWorkflows":[]},"_links":{"self":[{"href":"https:\/\/www.oaxaca.gob.mx\/comunicacion\/wp-json\/wp\/v2\/pages\/120405","targetHints":{"allow":["GET"]}}],"collection":[{"href":"https:\/\/www.oaxaca.gob.mx\/comunicacion\/wp-json\/wp\/v2\/pages"}],"about":[{"href":"https:\/\/www.oaxaca.gob.mx\/comunicacion\/wp-json\/wp\/v2\/types\/page"}],"author":[{"embeddable":true,"href":"https:\/\/www.oaxaca.gob.mx\/comunicacion\/wp-json\/wp\/v2\/users\/29"}],"replies":[{"embeddable":true,"href":"https:\/\/www.oaxaca.gob.mx\/comunicacion\/wp-json\/wp\/v2\/comments?post=120405"}],"version-history":[{"count":2,"href":"https:\/\/www.oaxaca.gob.mx\/comunicacion\/wp-json\/wp\/v2\/pages\/120405\/revisions"}],"predecessor-version":[{"id":175806,"href":"https:\/\/www.oaxaca.gob.mx\/comunicacion\/wp-json\/wp\/v2\/pages\/120405\/revisions\/175806"}],"wp:attachment":[{"href":"https:\/\/www.oaxaca.gob.mx\/comunicacion\/wp-json\/wp\/v2\/media?parent=120405"}],"wp:term":[{"taxonomy":"category","embeddable":true,"href":"https:\/\/www.oaxaca.gob.mx\/comunicacion\/wp-json\/wp\/v2\/categories?post=120405"},{"taxonomy":"post_tag","embeddable":true,"href":"https:\/\/www.oaxaca.gob.mx\/comunicacion\/wp-json\/wp\/v2\/tags?post=120405"}],"curies":[{"name":"wp","href":"https:\/\/api.w.org\/{rel}","templated":true}]}}