{"id":96,"date":"2015-09-09T08:24:15","date_gmt":"2015-09-09T14:24:15","guid":{"rendered":"https:\/\/www.oaxaca.gob.mx\/coesida\/?page_id=96"},"modified":"2023-12-07T13:38:16","modified_gmt":"2023-12-07T19:38:16","slug":"mapa-del-sitio","status":"publish","type":"page","link":"https:\/\/www.oaxaca.gob.mx\/coesida\/mapa-del-sitio\/","title":{"rendered":"Mapa del sitio"},"content":{"rendered":"<div class=\"wsp-container\"><h2 class=\"wsp-pages-title\">P\u00e1ginas<\/h2>\n<ul class=\"wsp-pages-list\">\n<li class=\"page_item page-item-2585\"><a href=\"https:\/\/www.oaxaca.gob.mx\/coesida\/acciones-de-gobierno\/\">Acciones de gobierno<\/a><\/li>\n<li class=\"page_item page-item-2649\"><a href=\"https:\/\/www.oaxaca.gob.mx\/coesida\/acciones-de-sensibilizacion\/\">Acciones de Sensibilizaci\u00f3n<\/a><\/li>\n<li class=\"page_item page-item-1825\"><a href=\"https:\/\/www.oaxaca.gob.mx\/coesida\/acerca-de\/\">Acerca de<\/a><\/li>\n<li class=\"page_item page-item-169\"><a href=\"https:\/\/www.oaxaca.gob.mx\/coesida\/categoria-actividades\/\">Actividades<\/a><\/li>\n<li class=\"page_item page-item-200\"><a href=\"https:\/\/www.oaxaca.gob.mx\/coesida\/actualizacion-a-trabajadores-de-la-salud\/\">Actualizaci\u00f3n a Trabajadores de la Salud<\/a><\/li>\n<li class=\"page_item page-item-1491\"><a href=\"https:\/\/www.oaxaca.gob.mx\/coesida\/adquisiciones\/\">Adquisiciones<\/a><\/li>\n<li class=\"page_item page-item-2063\"><a href=\"https:\/\/www.oaxaca.gob.mx\/coesida\/aviso-de-privacidad-integral\/\">Aviso de Privacidad Integral<\/a><\/li>\n<li class=\"page_item page-item-2061\"><a href=\"https:\/\/www.oaxaca.gob.mx\/coesida\/aviso-de-privacidad-simplificado\/\">Aviso de Privacidad Simplificado<\/a><\/li>\n<li class=\"page_item page-item-38\"><a href=\"https:\/\/www.oaxaca.gob.mx\/coesida\/breve-historia\/\">Breve historia<\/a><\/li>\n<li class=\"page_item page-item-2662\"><a href=\"https:\/\/www.oaxaca.gob.mx\/coesida\/buzon-de-quejas-y-denuncias\/\">Buz\u00f3n de Quejas y Denuncias<\/a><\/li>\n<li class=\"page_item page-item-1953\"><a href=\"https:\/\/www.oaxaca.gob.mx\/coesida\/calendar\/\">Calendar<\/a><\/li>\n<li class=\"page_item page-item-2123\"><a href=\"https:\/\/www.oaxaca.gob.mx\/coesida\/calendar-2\/\">Calendar<\/a><\/li>\n<li class=\"page_item page-item-529\"><a href=\"https:\/\/www.oaxaca.gob.mx\/coesida\/hazlo-seguro\/\">Campa\u00f1a de prevenci\u00f3n del VIH y sida en j\u00f3venes: Hazlo Seguro<\/a><\/li>\n<li class=\"page_item page-item-2383\"><a href=\"https:\/\/www.oaxaca.gob.mx\/coesida\/comite-de-etica\/\">Comit\u00e9 de \u00c9tica<\/a><\/li>\n<li class=\"page_item page-item-100\"><a href=\"https:\/\/www.oaxaca.gob.mx\/coesida\/contacto\/\">Contacto<\/a><\/li>\n<li class=\"page_item page-item-2945\"><a href=\"https:\/\/www.oaxaca.gob.mx\/coesida\/convenio-cefereso\/\">Convenio Cefereso<\/a><\/li>\n<li class=\"page_item page-item-1844\"><a href=\"https:\/\/www.oaxaca.gob.mx\/coesida\/transparencia\/\">CUMPLIMIENTO DE OBLIGACIONES DE TRANSPARENCIA<\/a><\/li>\n<li class=\"page_item page-item-139\"><a href=\"https:\/\/www.oaxaca.gob.mx\/coesida\/directorio\/\">Directorio<\/a><\/li>\n<li class=\"page_item page-item-225\"><a href=\"https:\/\/www.oaxaca.gob.mx\/coesida\/discriminacion\/\">Discriminaci\u00f3n<\/a><\/li>\n<li class=\"page_item page-item-258\"><a href=\"https:\/\/www.oaxaca.gob.mx\/coesida\/normas-y-guias-sobre-vih-y-sida\/\">Documentos de Referencia<\/a><\/li>\n<li class=\"page_item page-item-226\"><a href=\"https:\/\/www.oaxaca.gob.mx\/coesida\/estigma\/\">Estigma<\/a><\/li>\n<li class=\"page_item page-item-137\"><a href=\"https:\/\/www.oaxaca.gob.mx\/coesida\/estructura\/\">Estructura<\/a><\/li>\n<li class=\"page_item page-item-2973 page_item_has_children\"><a href=\"https:\/\/www.oaxaca.gob.mx\/coesida\/eventos\/\">Eventos<\/a>\n<ul class='children'>\n\t<li class=\"page_item page-item-2975\"><a href=\"https:\/\/www.oaxaca.gob.mx\/coesida\/eventos\/categorias\/\">Categor\u00edas<\/a><\/li>\n\t<li class=\"page_item page-item-2976\"><a href=\"https:\/\/www.oaxaca.gob.mx\/coesida\/eventos\/etiquetas\/\">Etiquetas<\/a><\/li>\n\t<li class=\"page_item page-item-2977\"><a href=\"https:\/\/www.oaxaca.gob.mx\/coesida\/eventos\/mis-reservas\/\">Mis Reservas<\/a><\/li>\n\t<li class=\"page_item page-item-2974\"><a href=\"https:\/\/www.oaxaca.gob.mx\/coesida\/eventos\/ubicaciones\/\">Ubicaciones<\/a><\/li>\n<\/ul>\n<\/li>\n<li class=\"page_item page-item-1386\"><a href=\"https:\/\/www.oaxaca.gob.mx\/coesida\/fraccion-i\/\">Fracci\u00f3n I<\/a><\/li>\n<li class=\"page_item page-item-109\"><a href=\"https:\/\/www.oaxaca.gob.mx\/coesida\/funciones-2\/\">Funciones<\/a><\/li>\n<li class=\"page_item page-item-391\"><a href=\"https:\/\/www.oaxaca.gob.mx\/coesida\/consejo-2\/\">Funciones<\/a><\/li>\n<li class=\"page_item page-item-825\"><a href=\"https:\/\/www.oaxaca.gob.mx\/coesida\/gafete\/\">Gafete oficial COESIDA &#8211; CAPASITS Oaxaca<\/a><\/li>\n<li class=\"page_item page-item-165\"><a href=\"https:\/\/www.oaxaca.gob.mx\/coesida\/galeria\/\">Galer\u00eda<\/a><\/li>\n<li class=\"page_item page-item-21\"><a href=\"https:\/\/www.oaxaca.gob.mx\/coesida\/gobierno-de-oaxaca\/\">Gobierno de Oaxaca<\/a><\/li>\n<li class=\"page_item page-item-221\"><a href=\"https:\/\/www.oaxaca.gob.mx\/coesida\/informacion-basica\/\">Informaci\u00f3n b\u00e1sica<\/a><\/li>\n<li class=\"page_item page-item-502\"><a href=\"https:\/\/www.oaxaca.gob.mx\/coesida\/informacion-financiera\/\">Informaci\u00f3n Financiera<\/a><\/li>\n<li class=\"page_item page-item-2736\"><a href=\"https:\/\/www.oaxaca.gob.mx\/coesida\/informacion-sobre-la-hepatitis-c\/\">Informaci\u00f3n sobre la hepatitis C<\/a><\/li>\n<li class=\"page_item page-item-2830\"><a href=\"https:\/\/www.oaxaca.gob.mx\/coesida\/informe-anual-de-trabajo\">Informe Anual de Trabajo<\/a><\/li>\n<li class=\"page_item page-item-1608\"><a href=\"https:\/\/www.oaxaca.gob.mx\/coesida\/\">Inicio<\/a><\/li>\n<li class=\"page_item page-item-2632\"><a href=\"https:\/\/www.oaxaca.gob.mx\/coesida\/integrantes-del-comite-de-etica\/\">Integrantes del Comit\u00e9 de \u00c9tica<\/a><\/li>\n<li class=\"page_item page-item-3074\"><a href=\"https:\/\/www.oaxaca.gob.mx\/coesida\/inventario\/\">Inventario<\/a><\/li>\n<li class=\"page_item page-item-192\"><a href=\"https:\/\/www.oaxaca.gob.mx\/coesida\/jovenes\/\">J\u00f3venes<\/a><\/li>\n<li class=\"page_item page-item-229\"><a href=\"https:\/\/www.oaxaca.gob.mx\/coesida\/la-prueba\/\">La Prueba<\/a><\/li>\n<li class=\"page_item page-item-254\"><a href=\"https:\/\/www.oaxaca.gob.mx\/coesida\/la-prueba-de-deteccion-del-vih\/\">La Prueba de detecci\u00f3n del VIH<\/a><\/li>\n<li class=\"page_item page-item-1218\"><a href=\"https:\/\/www.oaxaca.gob.mx\/coesida\/ley-general-de-transparencia\/\">Ley General de Transparencia 2018<\/a><\/li>\n<li class=\"page_item page-item-1952\"><a href=\"https:\/\/www.oaxaca.gob.mx\/coesida\/loginpress\/\">LoginPress<\/a><\/li>\n<li class=\"page_item page-item-1837\"><a href=\"https:\/\/www.oaxaca.gob.mx\/coesida\/manual-de-organizacion\/\">Manual de organizaci\u00f3n<\/a><\/li>\n<li class=\"page_item page-item-96\"><a href=\"https:\/\/www.oaxaca.gob.mx\/coesida\/mapa-del-sitio\/\">Mapa del sitio<\/a><\/li>\n<li class=\"page_item page-item-2636\"><a href=\"https:\/\/www.oaxaca.gob.mx\/coesida\/marco-juridico-cepci\/\">Marco Jur\u00eddico<\/a><\/li>\n<li class=\"page_item page-item-1839\"><a href=\"https:\/\/www.oaxaca.gob.mx\/coesida\/marco-juridico\/\">Marco Jur\u00eddico<\/a><\/li>\n<li class=\"page_item page-item-704\"><a href=\"https:\/\/www.oaxaca.gob.mx\/coesida\/mir\/\">Matriz de Indicadores para Resultados (MIR)<\/a><\/li>\n<li class=\"page_item page-item-104\"><a href=\"https:\/\/www.oaxaca.gob.mx\/coesida\/mision-vision-y-valores\/\">Misi\u00f3n, Visi\u00f3n y Objetivos<\/a><\/li>\n<li class=\"page_item page-item-196\"><a href=\"https:\/\/www.oaxaca.gob.mx\/coesida\/mujer-y-sida\/\">Mujer y sida<\/a><\/li>\n<li class=\"page_item page-item-92\"><a href=\"https:\/\/www.oaxaca.gob.mx\/coesida\/categoria-noticias\/\">Noticias<\/a><\/li>\n<li class=\"page_item page-item-480\"><a href=\"https:\/\/www.oaxaca.gob.mx\/coesida\/aspectos-clinicos-y-terapeuticos\/\">Objetivo<\/a><\/li>\n<li class=\"page_item page-item-429\"><a href=\"https:\/\/www.oaxaca.gob.mx\/coesida\/farmacia-2\/\">Objetivo<\/a><\/li>\n<li class=\"page_item page-item-432\"><a href=\"https:\/\/www.oaxaca.gob.mx\/coesida\/archivo-clinico\/\">Objetivo<\/a><\/li>\n<li class=\"page_item page-item-436\"><a href=\"https:\/\/www.oaxaca.gob.mx\/coesida\/estadistica-2\/\">Objetivo<\/a><\/li>\n<li class=\"page_item page-item-440\"><a href=\"https:\/\/www.oaxaca.gob.mx\/coesida\/area-de-psicologia\/\">Objetivo<\/a><\/li>\n<li class=\"page_item page-item-444\"><a href=\"https:\/\/www.oaxaca.gob.mx\/coesida\/odontologia-2\/\">Objetivo<\/a><\/li>\n<li class=\"page_item page-item-449\"><a href=\"https:\/\/www.oaxaca.gob.mx\/coesida\/nutricion-2\/\">Objetivo<\/a><\/li>\n<li class=\"page_item page-item-453\"><a href=\"https:\/\/www.oaxaca.gob.mx\/coesida\/area-de-enfermeria\/\">Objetivo<\/a><\/li>\n<li class=\"page_item page-item-457\"><a href=\"https:\/\/www.oaxaca.gob.mx\/coesida\/trabajo-social\/\">Objetivo<\/a><\/li>\n<li class=\"page_item page-item-396\"><a href=\"https:\/\/www.oaxaca.gob.mx\/coesida\/direccion-general\/\">Objetivo<\/a><\/li>\n<li class=\"page_item page-item-461\"><a href=\"https:\/\/www.oaxaca.gob.mx\/coesida\/laboratorio-2\/\">Objetivo<\/a><\/li>\n<li class=\"page_item page-item-424\"><a href=\"https:\/\/www.oaxaca.gob.mx\/coesida\/coordinacion-del-capasits\/\">Objetivo<\/a><\/li>\n<li class=\"page_item page-item-403\"><a href=\"https:\/\/www.oaxaca.gob.mx\/coesida\/departamento-juridico\/\">Objetivo<\/a><\/li>\n<li class=\"page_item page-item-408\"><a href=\"https:\/\/www.oaxaca.gob.mx\/coesida\/departamento-administrativo\/\">Objetivo<\/a><\/li>\n<li class=\"page_item page-item-464\"><a href=\"https:\/\/www.oaxaca.gob.mx\/coesida\/atencion-medica\/\">Objetivo<\/a><\/li>\n<li class=\"page_item page-item-469\"><a href=\"https:\/\/www.oaxaca.gob.mx\/coesida\/epidemiologia-2\/\">Objetivo<\/a><\/li>\n<li class=\"page_item page-item-411\"><a href=\"https:\/\/www.oaxaca.gob.mx\/coesida\/departamento-medico\/\">Objetivo<\/a><\/li>\n<li class=\"page_item page-item-473\"><a href=\"https:\/\/www.oaxaca.gob.mx\/coesida\/asuntos-juridicos-y-eticos\/\">Objetivo<\/a><\/li>\n<li class=\"page_item page-item-416\"><a href=\"https:\/\/www.oaxaca.gob.mx\/coesida\/departamento-de-capacitacion\/\">Objetivo<\/a><\/li>\n<li class=\"page_item page-item-420\"><a href=\"https:\/\/www.oaxaca.gob.mx\/coesida\/departamento-de-difusion\/\">Objetivo<\/a><\/li>\n<li class=\"page_item page-item-497\"><a href=\"https:\/\/www.oaxaca.gob.mx\/coesida\/bioetica-e-investigacion\/\">Objetivo<\/a><\/li>\n<li class=\"page_item page-item-492\"><a href=\"https:\/\/www.oaxaca.gob.mx\/coesida\/participacion-comunitaria\/\">Objetivo<\/a><\/li>\n<li class=\"page_item page-item-489\"><a href=\"https:\/\/www.oaxaca.gob.mx\/coesida\/investigacion\/\">Objetivo<\/a><\/li>\n<li class=\"page_item page-item-485\"><a href=\"https:\/\/www.oaxaca.gob.mx\/coesida\/informacion-y-educacion\/\">Objetivo<\/a><\/li>\n<li class=\"page_item page-item-476\"><a href=\"https:\/\/www.oaxaca.gob.mx\/coesida\/adquisiciones-de-bienes-y-servicios\/\">Objetivo<\/a><\/li>\n<li class=\"page_item page-item-105\"><a href=\"https:\/\/www.oaxaca.gob.mx\/coesida\/objetivo-general\/\">Objetivo General<\/a><\/li>\n<li class=\"page_item page-item-1253\"><a href=\"https:\/\/www.oaxaca.gob.mx\/coesida\/obligaciones-de-transparencia-2015-2017\/\">Obligaciones de Transparencia 2015 &#8211; 2017<\/a><\/li>\n<li class=\"page_item page-item-2005\"><a href=\"https:\/\/www.oaxaca.gob.mx\/coesida\/pagina-ejemplo\/\">P\u00e1gina de ejemplo<\/a><\/li>\n<li class=\"page_item page-item-2646\"><a href=\"https:\/\/www.oaxaca.gob.mx\/coesida\/plan-anual-de-trabajo\/\">Plan Anual de Trabajo<\/a><\/li>\n<li class=\"page_item page-item-188\"><a href=\"https:\/\/www.oaxaca.gob.mx\/coesida\/poblacion-abierta\/\">Poblaci\u00f3n abierta<\/a><\/li>\n<li class=\"page_item page-item-194\"><a href=\"https:\/\/www.oaxaca.gob.mx\/coesida\/poblacion-movil-y-migrante\/\">Poblaci\u00f3n M\u00f3vil y Migrante<\/a><\/li>\n<li class=\"page_item page-item-34\"><a href=\"https:\/\/www.oaxaca.gob.mx\/coesida\/politica-de-privacidad\/\">Pol\u00edtica de privacidad<\/a><\/li>\n<li class=\"page_item page-item-855\"><a href=\"https:\/\/www.oaxaca.gob.mx\/coesida\/carrera\/\">Primera Carrera Atl\u00e9tica de Convivencia Familiar en Respuesta al VIH<\/a><\/li>\n<li class=\"page_item page-item-2666\"><a href=\"https:\/\/www.oaxaca.gob.mx\/coesida\/infosex\/\">Programa radiof\u00f3nico Infosex<\/a><\/li>\n<li class=\"page_item page-item-202\"><a href=\"https:\/\/www.oaxaca.gob.mx\/coesida\/programas-de-capacitacion\/\">Programas de Capacitaci\u00f3n<\/a><\/li>\n<li class=\"page_item page-item-2903\"><a href=\"https:\/\/www.oaxaca.gob.mx\/coesida\/protocolo-has\/\">Protocolo HAS<\/a><\/li>\n<li class=\"page_item page-item-249\"><a href=\"https:\/\/www.oaxaca.gob.mx\/coesida\/proyecto-fomix-193298\/\">Proyecto FOMIX 193298<\/a><\/li>\n<li class=\"page_item page-item-1761\"><a href=\"https:\/\/www.oaxaca.gob.mx\/coesida\/pruebas\/\">pruebas<\/a><\/li>\n<li class=\"page_item page-item-223\"><a href=\"https:\/\/www.oaxaca.gob.mx\/coesida\/sida\/\">sida<\/a><\/li>\n<li class=\"page_item page-item-1964\"><a href=\"https:\/\/www.oaxaca.gob.mx\/coesida\/tramites-y-servicios\/\">Tr\u00e1mites y servicios<\/a><\/li>\n<li class=\"page_item page-item-1028\"><a href=\"https:\/\/www.oaxaca.gob.mx\/coesida\/unidad-movil-de-deteccion-del-vih\/\">Unidad M\u00f3vil de Detecci\u00f3n del VIH<\/a><\/li>\n<li class=\"page_item page-item-190\"><a href=\"https:\/\/www.oaxaca.gob.mx\/coesida\/universida\/\">Universida<\/a><\/li>\n<li class=\"page_item page-item-198\"><a href=\"https:\/\/www.oaxaca.gob.mx\/coesida\/varones-que-tienen-sexo-con-otros-varones\/\">Varones que tienen Sexo con otros Varones<\/a><\/li>\n<li class=\"page_item page-item-220\"><a href=\"https:\/\/www.oaxaca.gob.mx\/coesida\/vih\/\">VIH<\/a><\/li>\n<\/ul>\n<\/div>\n","protected":false},"excerpt":{"rendered":"","protected":false},"author":1,"featured_media":0,"parent":0,"menu_order":0,"comment_status":"closed","ping_status":"closed","template":"","meta":{"episode_type":"","audio_file":"","podmotor_file_id":"","podmotor_episode_id":"","cover_image":"","cover_image_id":"","duration":"","filesize":"","filesize_raw":"","date_recorded":"","explicit":"","block":"","footnotes":""},"categories":[],"tags":[],"class_list":["post-96","page","type-page","status-publish","hentry"],"acf":[],"publishpress_future_action":{"enabled":false,"date":"2026-05-12 10:33:33","action":"change-status","newStatus":"draft","terms":[],"taxonomy":"category","extraData":[]},"publishpress_future_workflow_manual_trigger":{"enabledWorkflows":[]},"_links":{"self":[{"href":"https:\/\/www.oaxaca.gob.mx\/coesida\/wp-json\/wp\/v2\/pages\/96","targetHints":{"allow":["GET"]}}],"collection":[{"href":"https:\/\/www.oaxaca.gob.mx\/coesida\/wp-json\/wp\/v2\/pages"}],"about":[{"href":"https:\/\/www.oaxaca.gob.mx\/coesida\/wp-json\/wp\/v2\/types\/page"}],"author":[{"embeddable":true,"href":"https:\/\/www.oaxaca.gob.mx\/coesida\/wp-json\/wp\/v2\/users\/1"}],"replies":[{"embeddable":true,"href":"https:\/\/www.oaxaca.gob.mx\/coesida\/wp-json\/wp\/v2\/comments?post=96"}],"version-history":[{"count":1,"href":"https:\/\/www.oaxaca.gob.mx\/coesida\/wp-json\/wp\/v2\/pages\/96\/revisions"}],"predecessor-version":[{"id":3036,"href":"https:\/\/www.oaxaca.gob.mx\/coesida\/wp-json\/wp\/v2\/pages\/96\/revisions\/3036"}],"wp:attachment":[{"href":"https:\/\/www.oaxaca.gob.mx\/coesida\/wp-json\/wp\/v2\/media?parent=96"}],"wp:term":[{"taxonomy":"category","embeddable":true,"href":"https:\/\/www.oaxaca.gob.mx\/coesida\/wp-json\/wp\/v2\/categories?post=96"},{"taxonomy":"post_tag","embeddable":true,"href":"https:\/\/www.oaxaca.gob.mx\/coesida\/wp-json\/wp\/v2\/tags?post=96"}],"curies":[{"name":"wp","href":"https:\/\/api.w.org\/{rel}","templated":true}]}}